{"id":9775,"date":"2026-03-01T20:23:26","date_gmt":"2026-03-01T20:23:26","guid":{"rendered":"https:\/\/redsea-dream-tours.net\/?post_type=product&#038;p=9775"},"modified":"2026-03-29T21:45:35","modified_gmt":"2026-03-29T21:45:35","slug":"cairo-bus-tour-pyramids-museum","status":"publish","type":"product","link":"https:\/\/redsea-dream-tours.net\/de\/produkt\/cairo-bus-tour-pyramids-museum\/","title":{"rendered":"Kairo Bus Tour: Pyramiden, Sphinx &amp; Museum Abenteuer"},"content":{"rendered":"<h1 data-path-to-node=\"2\">Kairo Bus Tour: Pyramiden, Sphinx &amp; Museum Abenteuer \ud83c\udfdb\ufe0f\u2728<\/h1>\n<p data-path-to-node=\"3\">Tr\u00e4umen Sie davon, w\u00e4hrend Ihres Urlaubs vor dem letzten verbliebenen Weltwunder der Antike zu stehen? <b data-path-to-node=\"3\" data-index-in-node=\"95\">Urlaub in Hurghada<\/b>? F\u00fcr unsere gesch\u00e4tzten G\u00e4ste, die das Beste suchen <b data-path-to-node=\"3\" data-index-in-node=\"160\">Wycieczka do Kairu z Hurghady<\/b>, haben wir die umfassendste <b data-path-to-node=\"3\" data-index-in-node=\"230\">Kairo Tagesausflug mit dem Bus<\/b>. Dies ist nicht nur eine Sightseeing-Reise; es ist ein tiefes Eintauchen in 5.000 Jahre Zivilisation, das alle wichtigen <b data-path-to-node=\"3\" data-index-in-node=\"360\">Kairoer Sehensw\u00fcrdigkeiten<\/b>. Vom legend\u00e4ren Gizeh-Plateau bis zu den zeitlosen Sch\u00e4tzen der <b data-path-to-node=\"3\" data-index-in-node=\"451\">Muzeum Egipskie w Kairze<\/b>, Erleben Sie den Zauber \u00c4gyptens mit dem Komfort und der Zuverl\u00e4ssigkeit, die Sie verdienen. \ud83c\udf05\ud83c\udffa<\/p>\n<h2 data-path-to-node=\"4\">Der Goldstandard des Reisens: Ihr Komfort an erster Stelle \ud83d\ude90\ud83d\udca8<\/h2>\n<p data-path-to-node=\"5\">Wir verstehen, dass die <b data-path-to-node=\"5\" data-index-in-node=\"23\">Hurghada nach Kairo Entfernung<\/b> (Entfernung) ist eine lange Reise. Deshalb ist <b data-path-to-node=\"5\" data-index-in-node=\"103\">Rotes Meer Traumreisen<\/b> stellt den europ\u00e4ischen Komfortstandard an die erste Stelle.<\/p>\n<h3 data-path-to-node=\"6\">01:00 AM: Der Beginn deines Abenteuers<\/h3>\n<p data-path-to-node=\"7\">Ihr <b data-path-to-node=\"7\" data-index-in-node=\"5\">Kairoer Tagesausflug<\/b> beginnt mit einer p\u00fcnktlichen Abholung von Ihrem Hotel in einem modernen, luxuri\u00f6sen Bus. Unsere Fahrzeuge sind voll klimatisiert und mit ergonomischen, bequemen Sitzen ausgestattet, damit Sie erfrischt in der Hauptstadt ankommen. Ob Sie auf einer <b data-path-to-node=\"7\" data-index-in-node=\"258\">Wakacje w Egipcie 2026<\/b> oder eine kurze Pause, wir sorgen f\u00fcr einen reibungslosen \u00dcbergang. \ud83d\ude34\u2744\ufe0f<\/p>\n<h3 data-path-to-node=\"8\">P\u00fcnktlichkeit &amp; Professionalit\u00e4t<\/h3>\n<p data-path-to-node=\"9\">F\u00fcr den disziplinierten deutschen Reisenden und den familienorientierten polnischen Touristen sind Zeit und Sicherheit unsere obersten Priorit\u00e4ten. Unser professionelles Personal sorgt f\u00fcr eine reibungslose Durchquerung der W\u00fcste, wenn die Sonne \u00fcber dem majest\u00e4tischen Niltal aufzugehen beginnt. Wir halten eine \u201cOrdnung\u201d aufrecht, die eine stressfreie <b data-path-to-node=\"9\" data-index-in-node=\"296\">Kairo Busreise Erfahrung<\/b>. \u23f1\ufe0f\ud83d\udee1\ufe0f<\/p>\n<h2 data-path-to-node=\"10\">Das \u00c4gyptische Museum f\u00fcr Altert\u00fcmer: Ein Verm\u00e4chtnis von Sch\u00e4tzen \ud83c\udffa\ud83d\udc8e<\/h2>\n<p data-path-to-node=\"11\">Der erste gro\u00dfe H\u00f6hepunkt unserer <b data-path-to-node=\"11\" data-index-in-node=\"33\">Tagesausflug nach Kairo mit dem Bus<\/b> ist das weltber\u00fchmte Museum auf dem Tahrir-Platz. W\u00e4hrend neue Museen er\u00f6ffnet werden, bleibt diese legend\u00e4re Institution das Herzst\u00fcck der <b data-path-to-node=\"11\" data-index-in-node=\"179\">Altes \u00c4gypten Geschichte Touren<\/b>.<\/p>\n<h3 data-path-to-node=\"12\">Die Entdeckung von Tutanchamuns Erbe<\/h3>\n<p data-path-to-node=\"13\">Jahrzehntelang hat die <b data-path-to-node=\"13\" data-index-in-node=\"17\">\u00c4gyptisches Museum Kairo Sch\u00e4tze<\/b> war die Heimat des jungen K\u00f6nigs. Sie werden der ber\u00fchmten goldenen Maske des Tutanchamun gegen\u00fcberstehen und seine Streitwagen und Schmuckst\u00fccke bewundern. Unser <b data-path-to-node=\"13\" data-index-in-node=\"200\">\u00c4gyptologische F\u00fchrungen<\/b> bieten eine Erz\u00e4hlung, die diese Steine zum Leben erweckt. \ud83c\udfad\ud83d\udd31<\/p>\n<h3 data-path-to-node=\"14\">Mehrsprachige Kompetenz<\/h3>\n<p data-path-to-node=\"15\">Ob Sie eine <b data-path-to-node=\"15\" data-index-in-node=\"22\">Deutsche Reiseleitung Kairo<\/b> oder eine <b data-path-to-node=\"15\" data-index-in-node=\"55\">Polski przewodnik w Egipcie<\/b>, ist unser Team bereit, die Geheimnisse der Pharaonen in Ihre Muttersprache zu \u00fcbersetzen. Wir bieten das Beste <b data-path-to-node=\"15\" data-index-in-node=\"188\">Egiptologia przewodnik<\/b> um sicherzustellen, dass Sie kein einziges historisches Detail verpassen. \ud83d\udcdc\ud83d\udcdc<\/p>\n<h2 data-path-to-node=\"16\">Das Gizeh-Plateau: Inmitten von Giganten stehen \ud83c\udfdc\ufe0f\ud83d\udcd0<\/h2>\n<p data-path-to-node=\"17\">Nein <b data-path-to-node=\"17\" data-index-in-node=\"3\">Ausflug nach Kairo und zu den Pyramiden<\/b> ist ohne einen Besuch des Gizeh-Plateaus nicht vollst\u00e4ndig. Hier werden Sie auf die <b data-path-to-node=\"17\" data-index-in-node=\"111\">Piramidy w Gizie zwiedzanie<\/b> die man in Dokumentarfilmen gesehen hat, aber nichts ist damit zu vergleichen, sie pers\u00f6nlich zu sehen.<\/p>\n<h3 data-path-to-node=\"18\">Die Gro\u00dfen Pyramiden: Technische Wunderwerke<\/h3>\n<p data-path-to-node=\"19\">Sie stehen am Fu\u00dfe der Cheops-Pyramide und staunen \u00fcber die technische Pr\u00e4zision dieses Bauwerks. <b data-path-to-node=\"19\" data-index-in-node=\"105\">\u00c4gypten Pyramiden Tour<\/b>. Ihr Reiseleiter wird Ihnen erkl\u00e4ren, wie diese massiven Bl\u00f6cke bewegt wurden, und Ihnen Einblicke in die spirituelle Bedeutung dieser ewigen Gr\u00e4ber geben. \ud83e\uddf1\ud83d\udd3a<\/p>\n<h3 data-path-to-node=\"20\">Die Gro\u00dfe Sphinx: Der W\u00e4chter des Sandes<\/h3>\n<p data-path-to-node=\"21\">Nur einen kurzen Spaziergang entfernt erwartet Sie die Gro\u00dfe Sphinx von Gizeh. Dieses mythische Wesen bewacht die Nekropole seit \u00fcber 4.500 Jahren. Sie ist der perfekte Ort f\u00fcr unvergessliche Fotos w\u00e4hrend Ihrer <b data-path-to-node=\"21\" data-index-in-node=\"189\">Hurghada Ausfl\u00fcge 2026<\/b>. \ud83e\udd81\ud83d\udc3e<\/p>\n<h2 data-path-to-node=\"22\">Ein kulinarisches und kulturelles Intermezzo \ud83c\udf7d\ufe0f\ud83c\udf77<\/h2>\n<p data-path-to-node=\"23\">Wir glauben, dass <b data-path-to-node=\"23\" data-index-in-node=\"16\">Tanie wycieczki Egipt<\/b> (erschwingliche Touren) sollten dennoch Premiumqualit\u00e4t bieten.<\/p>\n<ul data-path-to-node=\"24\">\n<li>\n<p data-path-to-node=\"24,0,0\"><b data-path-to-node=\"24,0,0\" data-index-in-node=\"0\">Authentische Geschm\u00e4cker:<\/b> Genie\u00dfen Sie ein leckeres, hochwertiges \u00e4gyptisches Mittagessen in einem ausgew\u00e4hlten, sauberen lokalen Restaurant. \ud83e\udd57\ud83e\udd69<\/p>\n<\/li>\n<li>\n<p data-path-to-node=\"24,1,0\"><b data-path-to-node=\"24,1,0\" data-index-in-node=\"0\">Kulturelle Haltestellen:<\/b> Besuchen Sie authentische Papyrusinstitute und orientalische Parf\u00fcmgalerien, um das Kunsthandwerk zu entdecken, das einst der Stolz von Kleopatra war. \ud83d\udecd\ufe0f\ud83c\udffa<\/p>\n<\/li>\n<\/ul>\n<h2 data-path-to-node=\"25\">Warum entscheiden sich europ\u00e4ische Reisende f\u00fcr Red Sea Dream Tours? \ud83c\udf0d\ud83e\udd1d<\/h2>\n<ul data-path-to-node=\"26\">\n<li>\n<p data-path-to-node=\"26,0,0\"><b data-path-to-node=\"26,0,0\" data-index-in-node=\"0\">Verl\u00e4sslichkeit:<\/b> Wir bieten das Fachwissen und die P\u00fcnktlichkeit, die von deutschen Reisenden erwartet werden. \ud83c\udde9\ud83c\uddea\ud83d\udc4c<\/p>\n<\/li>\n<li>\n<p data-path-to-node=\"26,1,0\"><b data-path-to-node=\"26,1,0\" data-index-in-node=\"0\">Gastfreundschaft:<\/b> Wir bieten unseren polnischen G\u00e4sten eine herzliche Atmosph\u00e4re und das beste Preis-Leistungs-Verh\u00e4ltnis. \ud83c\uddf5\ud83c\uddf1\ud83d\udcb0<\/p>\n<\/li>\n<li>\n<p data-path-to-node=\"26,2,0\"><b data-path-to-node=\"26,2,0\" data-index-in-node=\"0\">Transparenz:<\/b> Keine versteckten Geb\u00fchren. Wir bieten <b data-path-to-node=\"26,2,0\" data-index-in-node=\"41\">Gizeh Pyramiden Eintrittskarten<\/b> und alle Eintrittsgelder in unserer klaren Preisgestaltung. \ud83c\udf9f\ufe0f\ud83d\udeab<\/p>\n<\/li>\n<\/ul>\n<h2 data-path-to-node=\"27\">Detaillierte Reiseroute auf einen Blick \ud83d\udccb\ud83d\udccd<\/h2>\n<ul>\n<li data-start=\"2076\" data-end=\"2129\">\u00a0Hin- und R\u00fcckfahrt im klimatisierten Bus<\/li>\n<li data-start=\"2076\" data-end=\"2129\">\ud83c\udfdb\ufe0f Besuch der Pyramiden von Gizeh, der Sphinx und des \u00c4gyptischen Museums<\/li>\n<li data-start=\"2076\" data-end=\"2129\">\ud83c\udf7d\ufe0f Mittagessen in einem guten lokalen Restaurant<\/li>\n<li data-start=\"2076\" data-end=\"2129\">\ud83d\udcdc Professioneller \u00e4gyptologischer F\u00fchrer<\/li>\n<li data-start=\"2076\" data-end=\"2129\">\ud83d\udecd\ufe0f Einkaufsm\u00f6glichkeiten auf authentischen lokalen Basaren<\/li>\n<\/ul>\n<p>&nbsp;<\/p>\n<p><img fetchpriority=\"high\" decoding=\"async\" class=\"alignnone size-full wp-image-9872\" src=\"https:\/\/redsea-dream-tours.net\/wp-content\/uploads\/2026\/03\/download-3.jpg\" alt=\"Ultimate Cairo Bus Tour: Pyramids &amp; Museum (Best Price 2026)\" width=\"275\" height=\"183\" \/><\/p>\n<h2 data-path-to-node=\"29\">Transparente Preisgestaltung und einfache Buchung \ud83d\udcb6\ud83d\udcb3<\/h2>\n<p data-path-to-node=\"30\">Wir bieten <b data-path-to-node=\"30\" data-index-in-node=\"9\">Erschwingliche Kairo-Touren<\/b> mit einer klaren und ehrlichen Preisstruktur:<\/p>\n<ul data-path-to-node=\"31\">\n<li>\n<p data-path-to-node=\"31,0,0\"><b data-path-to-node=\"31,0,0\" data-index-in-node=\"0\">Erwachsene (ab 12 Jahren):<\/b> 100 \u20ac<\/p>\n<\/li>\n<li>\n<p data-path-to-node=\"31,1,0\"><b data-path-to-node=\"31,1,0\" data-index-in-node=\"0\">Kinder (6-11 Jahre):<\/b> 55 \u20ac<\/p>\n<\/li>\n<li>\n<p data-path-to-node=\"31,2,0\"><b data-path-to-node=\"31,2,0\" data-index-in-node=\"0\">Kleinkinder (unter 6 Jahren):<\/b> 20 \u20ac<\/p>\n<\/li>\n<li>\n<p data-path-to-node=\"31,3,0\"><b data-path-to-node=\"31,3,0\" data-index-in-node=\"0\">Anmerkung:<\/b> Zahlungen in USD ($) werden auf der Grundlage des t\u00e4glichen Bankwechselkurses akzeptiert. Wir bieten eine <b data-path-to-node=\"31,3,0\" data-index-in-node=\"89\">Vorauszahlungsfreie Politik<\/b>-Jetzt buchen und am Tag der Reise bezahlen! \ud83c\udf9f\ufe0f\ud83d\udeab<\/p>\n<\/li>\n<\/ul>\n<h2 data-path-to-node=\"32\">Schlussfolgerung: Ihr Treffen mit der Geschichte \ud83c\uddea\ud83c\uddec\u2764\ufe0f<\/h2>\n<p data-path-to-node=\"33\">Die <b data-path-to-node=\"33\" data-index-in-node=\"4\">Kairo Bus Tour: Pyramiden, Sphinx &amp; Museum Abenteuer<\/b> ist mehr als nur ein Besuch in einer Stadt; es ist eine Br\u00fccke zwischen der antiken Welt und der heutigen Zeit. Ob Sie auf der Suche sind nach <b data-path-to-node=\"33\" data-index-in-node=\"182\">Private Touren \u00c4gypten<\/b> oder ein Gruppenerlebnis, wir sorgen f\u00fcr einen Tag voller \u201cAha\u201d-Momente. \ud83c\udf1f\ud83d\ude4c<\/p>\n<p data-path-to-node=\"34\"><b data-path-to-node=\"34\" data-index-in-node=\"0\">Buchen Sie noch heute Ihren Platz und erleben Sie den Zauber der Pharaonen mit den Experten!<\/b> \ud83d\udcf2\ud83d\udcbb<\/p>\n<h3 data-start=\"493\" data-end=\"529\">\ud83d\udde3\ufe0f <strong data-start=\"501\" data-end=\"527\">Wir sprechen Ihre Sprache<\/strong><\/h3>\n<ul data-start=\"530\" data-end=\"594\">\n<li>Polnisch<\/li>\n<li>Franz\u00f6sisch<\/li>\n<li>Englisch<\/li>\n<li>Deutsch<\/li>\n<li>Portugiesisch<\/li>\n<li>Spanisch<\/li>\n<li>...und mehr!<\/li>\n<\/ul>\n<p data-start=\"596\" data-end=\"678\">Woher Sie auch kommen, wir sorgen f\u00fcr eine reibungslose Kommunikation und eine pers\u00f6nliche Note.<\/p>\n<hr data-start=\"515\" data-end=\"518\" \/>\n<p>&nbsp;<\/p>","protected":false},"excerpt":{"rendered":"<p>Cairo Bus Tour: Pyramids, Sphinx &amp; Museum Adventure \ud83c\udfdb\ufe0f\u2728 Are you dreaming of standing before the last remaining wonder of the ancient world during your Urlaub in Hurghada? For our esteemed guests looking for the best Wycieczka do Kairu z Hurghady, we have crafted the most comprehensive Cairo Day Trip by Bus. This isn&#8217;t just [&hellip;]<\/p>\n","protected":false},"featured_media":9872,"comment_status":"open","ping_status":"closed","template":"","meta":{"_monsterinsights_skip_tracking":false,"_monsterinsights_sitenote_active":false,"_monsterinsights_sitenote_note":"","_monsterinsights_sitenote_category":0,"_mbp_gutenberg_autopost":false},"product_brand":[],"product_cat":[64],"product_tag":[139,134,142,136,135,143,137,140,145,146,141,138,147,148,144],"class_list":{"0":"post-9775","1":"product","2":"type-product","3":"status-publish","4":"has-post-thumbnail","6":"product_cat-marsa-alam","7":"product_tag-ausfluge-hurghada-kairo","8":"product_tag-cairo-bus-tour","9":"product_tag-deutsche-reiseleitung-agypten","10":"product_tag-egyptian-museum-trip","11":"product_tag-giza-pyramids-excursion","12":"product_tag-hurghada-ausfluge-2026","13":"product_tag-hurghada-to-cairo","14":"product_tag-kairo-tagesausflug","15":"product_tag-piramidy-w-gizie","16":"product_tag-polski-przewodnik-egipt","17":"product_tag-pyramiden-von-gizeh","18":"product_tag-red-sea-dream-tours","19":"product_tag-tanie-wycieczki-z-hurghady","20":"product_tag-wakacje-w-egipcie-2026","21":"product_tag-wycieczka-do-kairu","23":"first","24":"instock","25":"shipping-taxable","26":"purchasable","27":"product-type-ovabrw_car_rental"},"_links":{"self":[{"href":"https:\/\/redsea-dream-tours.net\/de\/wp-json\/wp\/v2\/product\/9775","targetHints":{"allow":["GET"]}}],"collection":[{"href":"https:\/\/redsea-dream-tours.net\/de\/wp-json\/wp\/v2\/product"}],"about":[{"href":"https:\/\/redsea-dream-tours.net\/de\/wp-json\/wp\/v2\/types\/product"}],"replies":[{"embeddable":true,"href":"https:\/\/redsea-dream-tours.net\/de\/wp-json\/wp\/v2\/comments?post=9775"}],"wp:featuredmedia":[{"embeddable":true,"href":"https:\/\/redsea-dream-tours.net\/de\/wp-json\/wp\/v2\/media\/9872"}],"wp:attachment":[{"href":"https:\/\/redsea-dream-tours.net\/de\/wp-json\/wp\/v2\/media?parent=9775"}],"wp:term":[{"taxonomy":"product_brand","embeddable":true,"href":"https:\/\/redsea-dream-tours.net\/de\/wp-json\/wp\/v2\/product_brand?post=9775"},{"taxonomy":"product_cat","embeddable":true,"href":"https:\/\/redsea-dream-tours.net\/de\/wp-json\/wp\/v2\/product_cat?post=9775"},{"taxonomy":"product_tag","embeddable":true,"href":"https:\/\/redsea-dream-tours.net\/de\/wp-json\/wp\/v2\/product_tag?post=9775"}],"curies":[{"name":"wp","href":"https:\/\/api.w.org\/{rel}","templated":true}]}}