{"id":9776,"date":"2026-03-01T20:23:26","date_gmt":"2026-03-01T20:23:26","guid":{"rendered":"https:\/\/redsea-dream-tours.net\/?post_type=product&#038;p=9776"},"modified":"2026-03-01T20:24:20","modified_gmt":"2026-03-01T20:24:20","slug":"luxor-bus-tour-temples-nile-crossing-ancient-wonders","status":"publish","type":"product","link":"https:\/\/redsea-dream-tours.net\/de\/produkt\/luxor-bus-tour-temples-nile-crossing-ancient-wonders\/","title":{"rendered":"Luxor Bus Tour: Tempel, Nil\u00fcberquerung &amp; antike Wunder"},"content":{"rendered":"<h3 data-start=\"177\" data-end=\"251\">\ud83d\ude8c <strong data-start=\"184\" data-end=\"249\">Luxor Day Trip \u2013 Journey to the Heart of Ancient Egypt<\/strong><\/h3>\n<p data-start=\"253\" data-end=\"576\">Embark on an unforgettable journey\u00a0the timeless land of the pharaohs \u2013 <strong data-start=\"360\" data-end=\"369\">Luxor<\/strong>, eine Stadt, in der sich fast ein Drittel aller antiken Monumente der Welt befinden. Diese sorgf\u00e4ltig geplante Bustour bietet eine <strong data-start=\"481\" data-end=\"574\">komfortable Fahrt, fachkundige F\u00fchrung und ein Tag voller Geschichte, Kultur und Abenteuer.<\/strong><\/p>\n<hr data-start=\"578\" data-end=\"581\" \/>\n<h3 data-start=\"583\" data-end=\"619\">\ud83c\udf05 <strong data-start=\"590\" data-end=\"617\">Abreise am fr\u00fchen Morgen<\/strong><\/h3>\n<p data-start=\"620\" data-end=\"838\">Ihr Abenteuer beginnt mit einem <strong data-start=\"650\" data-end=\"675\">Abholung am fr\u00fchen Morgen<\/strong> von Ihrem Hotel in einem modernen, klimatisierten Bus. Lehnen Sie sich zur\u00fcck, entspannen Sie sich und genie\u00dfen Sie die malerische Fahrt entlang der W\u00fcstenstra\u00dfen, w\u00e4hrend die Sonne \u00fcber \u00c4gyptens goldenem Sand aufgeht.<\/p>\n<hr data-start=\"840\" data-end=\"843\" \/>\n<h3 data-start=\"845\" data-end=\"892\">\ud83c\udfdc\ufe0f <strong data-start=\"853\" data-end=\"890\">Erkunden Sie das Westufer des Nils<\/strong><\/h3>\n<p data-start=\"893\" data-end=\"1079\">Tauchen Sie ein in die Welt der alten K\u00f6nige und K\u00f6niginnen und besuchen Sie das <strong data-start=\"958\" data-end=\"981\">Tal der K\u00f6nige<\/strong> \ud83c\udfdb\ufe0f - die letzte Ruhest\u00e4tte der legend\u00e4ren Pharaonen \u00c4gyptens, einschlie\u00dflich des Grabes von Tutanchamun.<\/p>\n<ul data-start=\"1080\" data-end=\"1292\">\n<li data-start=\"1080\" data-end=\"1189\">\n<p data-start=\"1082\" data-end=\"1189\">Besuchen Sie <strong data-start=\"1088\" data-end=\"1109\">Hatschepsut-Tempel<\/strong> - ein architektonisches Meisterwerk, das der einzigen weiblichen Pharaonin \u00c4gyptens gewidmet ist.<\/p>\n<\/li>\n<li data-start=\"1190\" data-end=\"1292\">\n<p data-start=\"1192\" data-end=\"1292\">Besuchen Sie das <strong data-start=\"1204\" data-end=\"1225\">Die Kolosse von Memnon<\/strong> - zwei massive Steinstatuen, die seit \u00fcber 3.000 Jahren Wache stehen.<\/p>\n<\/li>\n<\/ul>\n<hr data-start=\"1294\" data-end=\"1297\" \/>\n<h3 data-start=\"1299\" data-end=\"1342\">\ud83c\udffa <strong data-start=\"1306\" data-end=\"1340\">Entdecken Sie die Wunder des Ostufers<\/strong><\/h3>\n<p data-start=\"1343\" data-end=\"1489\">\u00dcberqueren Sie den majest\u00e4tischen Nil und erkunden Sie die <strong data-start=\"1388\" data-end=\"1413\">Karnak-Tempel-Komplex<\/strong> \u26e9\ufe0f - eine der gr\u00f6\u00dften und eindrucksvollsten religi\u00f6sen St\u00e4tten der Welt.<\/p>\n<ul data-start=\"1490\" data-end=\"1612\">\n<li data-start=\"1490\" data-end=\"1541\">\n<p data-start=\"1492\" data-end=\"1541\">Spazieren Sie zwischen hoch aufragenden S\u00e4ulen und heiligen Seen.<\/p>\n<\/li>\n<li data-start=\"1542\" data-end=\"1612\">\n<p data-start=\"1544\" data-end=\"1612\">Lernen Sie die Geschichten hinter den alten Inschriften und Hieroglyphen kennen.<\/p>\n<\/li>\n<\/ul>\n<hr data-start=\"1614\" data-end=\"1617\" \/>\n<h3 data-start=\"1619\" data-end=\"1649\">\ud83c\udf74 <strong data-start=\"1626\" data-end=\"1647\">Mittagessen mit Aussicht<\/strong><\/h3>\n<p data-start=\"1650\" data-end=\"1801\">Genie\u00dfen Sie ein k\u00f6stliches <strong data-start=\"1668\" data-end=\"1686\">\u00c4gyptisches Mittagessen<\/strong> \ud83c\udf7d\ufe0f in einem lokalen Restaurant mit Blick auf den Nil, wo Sie sich entspannen und die magische Atmosph\u00e4re von Luxor genie\u00dfen k\u00f6nnen.<\/p>\n<hr data-start=\"1803\" data-end=\"1806\" \/>\n<h3 data-start=\"1808\" data-end=\"1842\">\ud83d\udecd\ufe0f <strong data-start=\"1816\" data-end=\"1840\">Einkaufen &amp; Souvenirs<\/strong><\/h3>\n<p data-start=\"1843\" data-end=\"1998\">Machen Sie einen Halt auf einem traditionellen Basar \ud83d\udecd\ufe0f, wo Sie einzigartige Souvenirs, handgefertigtes Kunsthandwerk und authentische \u00e4gyptische Produkte als Erinnerung an Ihre Reise kaufen k\u00f6nnen.<\/p>\n<hr data-start=\"2000\" data-end=\"2003\" \/>\n<h3 data-start=\"2005\" data-end=\"2032\">\ud83c\udf07 <strong data-start=\"2012\" data-end=\"2030\">R\u00fcckreise<\/strong><\/h3>\n<p data-start=\"2033\" data-end=\"2214\">Am Ende des Tages steigen Sie in Ihren Bus und fahren zur\u00fcck zu Ihrem Hotel, mit unvergesslichen Erinnerungen an <strong data-start=\"2149\" data-end=\"2211\">antike Wunder, lebendige Kultur und atemberaubende Landschaften<\/strong>.<\/p>\n<hr data-start=\"2216\" data-end=\"2219\" \/>\n<h3 data-start=\"2221\" data-end=\"2247\"><strong data-start=\"2225\" data-end=\"2245\">H\u00f6hepunkte der Tour:<\/strong><\/h3>\n<ul data-start=\"2248\" data-end=\"2500\">\n<li data-start=\"2248\" data-end=\"2309\">\n<p data-start=\"2250\" data-end=\"2309\">\ud83d\ude8c Komfortabler Hin- und R\u00fccktransfer im klimatisierten Bus<\/p>\n<\/li>\n<li data-start=\"2310\" data-end=\"2389\">\n<p data-start=\"2312\" data-end=\"2389\">\ud83c\udfdb\ufe0f Gef\u00fchrte Besuche im Tal der K\u00f6nige oder Tal der K\u00f6niginnen, Hatschepsut-Tempel und Karnak-Tempel<\/p>\n<\/li>\n<li data-start=\"2390\" data-end=\"2425\">\n<p data-start=\"2392\" data-end=\"2425\">\ud83c\udf7d\ufe0f Mittagessen in einem lokalen Restaurant<\/p>\n<\/li>\n<li data-start=\"2426\" data-end=\"2461\">\n<p data-start=\"2428\" data-end=\"2461\">\u26f4\ufe0f Nil\u00fcberquerung inklusive<\/p>\n<\/li>\n<li data-start=\"2462\" data-end=\"2500\">\n<p data-start=\"2464\" data-end=\"2500\">\ud83d\udcdc Professioneller \u00e4gyptologischer F\u00fchrer<\/p>\n<\/li>\n<\/ul>\n<hr data-start=\"2216\" data-end=\"2219\" \/>\n<h3 data-start=\"493\" data-end=\"529\">\ud83d\udde3\ufe0f <strong data-start=\"501\" data-end=\"527\">Wir sprechen Ihre Sprache<\/strong><\/h3>\n<ul data-start=\"530\" data-end=\"594\">\n<li>Polnisch<\/li>\n<li>Franz\u00f6sisch<\/li>\n<li>Englisch<\/li>\n<li>Deutsch<\/li>\n<li>Portugiesisch<\/li>\n<li>Spanisch<\/li>\n<li>...und mehr!<\/li>\n<\/ul>\n<p data-start=\"596\" data-end=\"678\">Woher Sie auch kommen, wir sorgen f\u00fcr eine reibungslose Kommunikation und eine pers\u00f6nliche Note.<\/p>\n<hr data-start=\"2216\" data-end=\"2219\" \/>\n<p data-start=\"54\" data-end=\"117\">\ud83d\udccc <strong data-start=\"57\" data-end=\"73\">Besonderer Hinweis<\/strong><br data-start=\"73\" data-end=\"76\" \/>\u2728 Erleben Sie den Zauber von Luxor mit dem Bus!<\/p>\n<ul data-start=\"118\" data-end=\"278\">\n<li data-start=\"118\" data-end=\"193\">\n<p data-start=\"120\" data-end=\"193\">Nur <strong data-start=\"125\" data-end=\"132\">\u20ac 100<\/strong>\u00a0- Entdecken Sie die faszinierende <strong data-start=\"160\" data-end=\"191\">Tal der K\u00f6niginnen-Tempel<\/strong><\/p>\n<\/li>\n<li data-start=\"194\" data-end=\"278\">\n<p data-start=\"196\" data-end=\"278\">Einfach <strong data-start=\"201\" data-end=\"208\">\u20ac 110<\/strong>\u00a0- Treten Sie ein in die Geschichte im legend\u00e4ren <strong data-start=\"246\" data-end=\"276\">Tempel im Tal der K\u00f6nige<\/strong><\/p>\n<\/li>\n<\/ul>\n<hr data-start=\"2216\" data-end=\"2219\" \/>\n<h3 data-start=\"2198\" data-end=\"2225\"><strong data-start=\"2205\" data-end=\"2223\">\ud83e\udd11 Preis der Exkursion<\/strong><\/h3>\n<p data-start=\"2228\" data-end=\"2260\"><strong data-start=\"2233\" data-end=\"2258\">\u00a0 \u00a0<img decoding=\"async\" class=\"emoji\" role=\"img\" draggable=\"false\" src=\"https:\/\/s.w.org\/images\/core\/emoji\/16.0.1\/svg\/1f64e-1f3fb-200d-2642-fe0f.svg\" alt=\"\ud83d\ude4e\ud83c\udffb\u200d\u2642\ufe0f\" \/> 12 years and over 100 \u20ac<\/strong><\/p>\n<p data-start=\"2228\" data-end=\"2260\"><strong data-start=\"2263\" data-end=\"2280\">\u00a0 \u00a0<img decoding=\"async\" class=\"emoji\" role=\"img\" draggable=\"false\" src=\"https:\/\/s.w.org\/images\/core\/emoji\/16.0.1\/svg\/1f9cd-1f3fb-200d-2640-fe0f.svg\" alt=\"\ud83e\uddcd\ud83c\udffb\u200d\u2640\ufe0f\" \/> 6\/11 years old\u00a0 \u00a0 \u00a0 \u00a0 55 \u20ac<\/strong><\/p>\n<p data-start=\"2228\" data-end=\"2260\"><strong data-start=\"2327\" data-end=\"2355\">\u00a0 \u00a0<img decoding=\"async\" class=\"emoji\" role=\"img\" draggable=\"false\" src=\"https:\/\/s.w.org\/images\/core\/emoji\/16.0.1\/svg\/1f47c-1f3fc.svg\" alt=\"\ud83d\udc7c\ud83c\udffc\" \/> -6 years old\u00a0 \u00a0 \u00a0 \u00a0 \u00a0 \u00a020 \u20ac<\/strong><\/p>\n<h3 data-start=\"2198\" data-end=\"2225\"><strong data-start=\"2205\" data-end=\"2223\">Die Zahlung in USD ($ \ud83c\uddfa\ud83c\uddf8) anstelle von EUR (\ud83c\uddea\ud83c\uddfa) ist je nach Tageskurs der Bank m\u00f6glich.<\/strong><\/h3>","protected":false},"excerpt":{"rendered":"<p>\ud83d\ude8c Luxor Day Trip \u2013 Journey to the Heart of Ancient Egypt Embark on an unforgettable journey\u00a0the timeless land of the pharaohs \u2013 Luxor, a city that holds nearly one-third of the world\u2019s ancient monuments. This carefully planned bus tour offers a comfortable ride, expert guidance, and a day filled with history, culture, and adventure. [&hellip;]<\/p>\n","protected":false},"featured_media":9877,"comment_status":"open","ping_status":"closed","template":"","meta":{"_monsterinsights_skip_tracking":false,"_monsterinsights_sitenote_active":false,"_monsterinsights_sitenote_note":"","_monsterinsights_sitenote_category":0,"_mbp_gutenberg_autopost":false},"product_brand":[],"product_cat":[64],"product_tag":[],"class_list":{"0":"post-9776","1":"product","2":"type-product","3":"status-publish","4":"has-post-thumbnail","6":"product_cat-marsa-alam","8":"first","9":"instock","10":"shipping-taxable","11":"purchasable","12":"product-type-ovabrw_car_rental"},"_links":{"self":[{"href":"https:\/\/redsea-dream-tours.net\/de\/wp-json\/wp\/v2\/product\/9776","targetHints":{"allow":["GET"]}}],"collection":[{"href":"https:\/\/redsea-dream-tours.net\/de\/wp-json\/wp\/v2\/product"}],"about":[{"href":"https:\/\/redsea-dream-tours.net\/de\/wp-json\/wp\/v2\/types\/product"}],"replies":[{"embeddable":true,"href":"https:\/\/redsea-dream-tours.net\/de\/wp-json\/wp\/v2\/comments?post=9776"}],"wp:featuredmedia":[{"embeddable":true,"href":"https:\/\/redsea-dream-tours.net\/de\/wp-json\/wp\/v2\/media\/9877"}],"wp:attachment":[{"href":"https:\/\/redsea-dream-tours.net\/de\/wp-json\/wp\/v2\/media?parent=9776"}],"wp:term":[{"taxonomy":"product_brand","embeddable":true,"href":"https:\/\/redsea-dream-tours.net\/de\/wp-json\/wp\/v2\/product_brand?post=9776"},{"taxonomy":"product_cat","embeddable":true,"href":"https:\/\/redsea-dream-tours.net\/de\/wp-json\/wp\/v2\/product_cat?post=9776"},{"taxonomy":"product_tag","embeddable":true,"href":"https:\/\/redsea-dream-tours.net\/de\/wp-json\/wp\/v2\/product_tag?post=9776"}],"curies":[{"name":"wp","href":"https:\/\/api.w.org\/{rel}","templated":true}]}}