{"id":10268,"date":"2026-03-04T21:35:39","date_gmt":"2026-03-04T21:35:39","guid":{"rendered":"https:\/\/redsea-dream-tours.net\/?page_id=10268"},"modified":"2026-03-07T20:12:37","modified_gmt":"2026-03-07T20:12:37","slug":"luxor","status":"publish","type":"page","link":"https:\/\/redsea-dream-tours.net\/fr\/luxor\/","title":{"rendered":"Louxor"},"content":{"rendered":"<div data-elementor-type=\"wp-page\" data-elementor-id=\"10268\" class=\"elementor elementor-10268\" data-elementor-post-type=\"page\">\n\t\t\t\t<div class=\"elementor-element elementor-element-c0b4603 e-flex e-con-boxed e-con e-parent\" data-id=\"c0b4603\" data-element_type=\"container\" data-e-type=\"container\" data-settings=\"{&quot;ekit_has_onepagescroll_dot&quot;:&quot;yes&quot;}\">\n\t\t\t\t\t<div class=\"e-con-inner\">\n\t\t\t\t<div class=\"elementor-element elementor-element-2e424cb elementor-widget elementor-widget-html\" data-id=\"2e424cb\" data-element_type=\"widget\" data-e-type=\"widget\" data-settings=\"{&quot;ekit_we_effect_on&quot;:&quot;none&quot;}\" data-widget_type=\"html.default\">\n\t\t\t\t\t<style>\r\n\/* ========== PROFESSIONAL HEADING ========== *\/\r\n\r\n.creative-head{\r\n  text-align:center;\r\n  max-width:950px;\r\n  margin:0 auto 10px;\r\n  position:relative;\r\n}\r\n\r\n\/* \u0627\u0644\u0639\u0646\u0648\u0627\u0646 \u0627\u0644\u0623\u0633\u0627\u0633\u064a *\/\r\n.creative-title{\r\n  font-size:54px;\r\n  font-weight:900;\r\n  line-height:1.15;\r\n  margin-bottom:22px;\r\n  color:#FF6E00; \/* \u0627\u0644\u0644\u0648\u0646 \u0627\u0644\u0623\u0633\u0627\u0633\u064a *\/\r\n}\r\n\r\n\/* \u0627\u0644\u0643\u0644\u0645\u0629 \u0627\u0644\u0623\u062e\u064a\u0631\u0629 *\/\r\n.creative-title .highlight{\r\n  color:#006D5E;\r\n  transition:.4s ease;\r\n  cursor:pointer;\r\n}\r\n\r\n\/* \u062a\u063a\u064a\u064a\u0631 \u0627\u0644\u0644\u0648\u0646 \u0639\u0646\u062f \u0627\u0644\u0647\u0648\u0641\u0631 *\/\r\n.creative-title .highlight:hover{\r\n  color:#5BEED2;\r\n}\r\n\r\n\/* \u0627\u0644\u062e\u0637 \u0627\u0644\u0645\u062a\u062d\u0631\u0643 *\/\r\n.creative-line{\r\n  width:100px;\r\n  height:4px;\r\n  background:linear-gradient(90deg,#006D5E,#5BEED2,#FF6E00);\r\n  margin:0 auto 26px;\r\n  border-radius:10px;\r\n  animation:linePulse 2.5s infinite;\r\n}\r\n\r\n@keyframes linePulse{\r\n  0%{width:50px;opacity:.6}\r\n  50%{width:100px;opacity:1}\r\n  100%{width:50px;opacity:.6}\r\n}\r\n\r\n\/* Responsive *\/\r\n@media(max-width:768px){\r\n  .creative-title{\r\n    font-size:36px;\r\n  }\r\n}\r\n<\/style>\r\n\r\n<div class=\"creative-head\">\r\n\r\n  <h2 class=\"creative-title\">\r\n    Louxor\r\n    <span class=\"highlight\">Les visites guid\u00e9es<\/span>\r\n  <\/h2>\r\n\r\n  <div class=\"creative-line\"><\/div>\r\n\r\n<\/div>\t\t\t\t<\/div>\n\t\t\t\t\t<\/div>\n\t\t\t\t<\/div>\n\t\t\t\t<section class=\"elementor-section elementor-top-section elementor-element elementor-element-7360dc0 elementor-section-boxed elementor-section-height-default elementor-section-height-default\" data-id=\"7360dc0\" data-element_type=\"section\" data-e-type=\"section\" data-settings=\"{&quot;ekit_has_onepagescroll_dot&quot;:&quot;yes&quot;}\">\n\t\t\t\t\t\t\t<div class=\"elementor-background-overlay\"><\/div>\n\t\t\t\t\t\t\t<div class=\"elementor-container elementor-column-gap-default\">\n\t\t\t\t\t<div class=\"elementor-column elementor-col-100 elementor-top-column elementor-element elementor-element-2e8ece8\" data-id=\"2e8ece8\" data-element_type=\"column\" data-e-type=\"column\">\n\t\t\t<div class=\"elementor-widget-wrap elementor-element-populated\">\n\t\t\t\t\t\t<div class=\"elementor-element elementor-element-fed1981 elementor-widget elementor-widget-ovabrw_product_list\" data-id=\"fed1981\" data-element_type=\"widget\" data-e-type=\"widget\" data-settings=\"{&quot;ekit_we_effect_on&quot;:&quot;none&quot;}\" data-widget_type=\"ovabrw_product_list.default\">\n\t\t\t\t<div class=\"elementor-widget-container\">\n\t\t\t\t\t\t\t\t\t<div class=\"ova-product-list ova-product-list-template1 column3\">\n\t\t\t\t\t\n<div class=\"ova-product product type-product post-9743 status-publish first instock product_cat-luxor has-post-thumbnail shipping-taxable product-type-ovabrw_car_rental\">\n\t\n<div class=\"ova_head_product\">\n\t\t\t<a href=\"https:\/\/redsea-dream-tours.net\/fr\/produit\/nile-cruise-luxor-aswan-temples-river-magic\/\" class=\"ova-product-thumbnail\">\n\t\t\t<img fetchpriority=\"high\" decoding=\"async\" width=\"400\" height=\"267\" src=\"https:\/\/redsea-dream-tours.net\/wp-content\/uploads\/2026\/03\/\u0645\u0631\u0643\u0628-\u0627\u064a\u0643\u0645\u0627\u0631-400x267-1.jpg\" class=\"attachment-tripgo_product_slider size-tripgo_product_slider\" alt=\"Nile Cruise: Luxor\u2013Aswan Temples &amp; River Magic\" srcset=\"https:\/\/redsea-dream-tours.net\/wp-content\/uploads\/2026\/03\/\u0645\u0631\u0643\u0628-\u0627\u064a\u0643\u0645\u0627\u0631-400x267-1.jpg 400w, https:\/\/redsea-dream-tours.net\/wp-content\/uploads\/2026\/03\/\u0645\u0631\u0643\u0628-\u0627\u064a\u0643\u0645\u0627\u0631-400x267-1-300x200.jpg 300w\" sizes=\"(max-width: 400px) 100vw, 400px\" \/>\t\t<\/a>\n\t<\/div>\n<div class=\"ova_foot_product\">\n\t<div class=\"ova-product-day-title-location\">\n\t\t\t\t\t<h2 class=\"ova-product-title\">\n\t\t\t\t<a href=\"https:\/\/redsea-dream-tours.net\/fr\/produit\/nile-cruise-luxor-aswan-temples-river-magic\/\">\n\t\t\t        Croisi\u00e8re sur le Nil : Temples de Louxor et d'Assouan et magie du fleuve\t\t\t    <\/a>\n\t\t\t<\/h2>\n\t\t\t<\/div>\n    <div class=\"ova-product-review-and-price\">\n    \t\t\t<div class=\"ova-product-wrapper-price\">\n\t\t\t\t\t\t\t<div class=\"ova-product-price\">\n\t\t\t\t\t\t\t\t\t    \t\t\t\t\t    \t\t<span class=\"no-product-price\">\n\t\t\t\t    \t\t\tOption Price\t\t\t\t    \t\t<\/span>\n\t\t\t\t    \t\t\t\t\t<\/div>\n\t\t\t\t\t\t\t<a href=\"https:\/\/redsea-dream-tours.net\/fr\/produit\/nile-cruise-luxor-aswan-temples-river-magic\/\" class=\"btn product-btn-book-now\">\n\t\t\t\t\t<span>Explorer<\/span>\n\t\t\t\t<\/a>\n\t\t\t\t\t<\/div>\n    <\/div>\n<\/div><\/div>\n<div class=\"ova-product product type-product post-9425 status-publish instock product_cat-luxor has-post-thumbnail shipping-taxable purchasable product-type-ovabrw_car_rental\">\n\t\n<div class=\"ova_head_product\">\n\t\t\t<a href=\"https:\/\/redsea-dream-tours.net\/fr\/produit\/luxor-balloon-ride-sunrise-views-west-bank-tour\/\" class=\"ova-product-thumbnail\">\n\t\t\t<img decoding=\"async\" width=\"636\" height=\"426\" src=\"https:\/\/redsea-dream-tours.net\/wp-content\/uploads\/2026\/03\/Luxor-Hot-Air-Balloon-1-636x426.jpeg\" class=\"attachment-tripgo_product_slider size-tripgo_product_slider\" alt=\"Luxor Balloon Ride: Sunrise Views &amp; West Bank Tour\" srcset=\"https:\/\/redsea-dream-tours.net\/wp-content\/uploads\/2026\/03\/Luxor-Hot-Air-Balloon-1-636x426.jpeg 636w, https:\/\/redsea-dream-tours.net\/wp-content\/uploads\/2026\/03\/Luxor-Hot-Air-Balloon-1-600x401.jpeg 600w, https:\/\/redsea-dream-tours.net\/wp-content\/uploads\/2026\/03\/Luxor-Hot-Air-Balloon-1-300x200.jpeg 300w, https:\/\/redsea-dream-tours.net\/wp-content\/uploads\/2026\/03\/Luxor-Hot-Air-Balloon-1-1024x684.jpeg 1024w, https:\/\/redsea-dream-tours.net\/wp-content\/uploads\/2026\/03\/Luxor-Hot-Air-Balloon-1-768x513.jpeg 768w, https:\/\/redsea-dream-tours.net\/wp-content\/uploads\/2026\/03\/Luxor-Hot-Air-Balloon-1-416x280.jpeg 416w, https:\/\/redsea-dream-tours.net\/wp-content\/uploads\/2026\/03\/Luxor-Hot-Air-Balloon-1.jpeg 1080w\" sizes=\"(max-width: 636px) 100vw, 636px\" \/>\t\t<\/a>\n\t<\/div>\n<div class=\"ova_foot_product\">\n\t<div class=\"ova-product-day-title-location\">\n\t\t\t\t\t<h2 class=\"ova-product-title\">\n\t\t\t\t<a href=\"https:\/\/redsea-dream-tours.net\/fr\/produit\/luxor-balloon-ride-sunrise-views-west-bank-tour\/\">\n\t\t\t        Vol en montgolfi\u00e8re \u00e0 Louxor : vue sur le lever du soleil et visite de la Cisjordanie\t\t\t    <\/a>\n\t\t\t<\/h2>\n\t\t\t<\/div>\n    <div class=\"ova-product-review-and-price\">\n    \t\t\t<div class=\"ova-product-wrapper-price\">\n\t\t\t\t\t\t\t<div class=\"ova-product-price\">\n\t\t\t\t\t\t\t\t\t\t\t<span class=\"new-product-price\"><span class=\"woocommerce-Price-amount amount\"><bdi><span class=\"woocommerce-Price-currencySymbol\">\u20ac<\/span>165.00<\/bdi><\/span><\/span>\n\t\t\t\t    \t\t\t\t<\/div>\n\t\t\t\t\t\t\t<a href=\"https:\/\/redsea-dream-tours.net\/fr\/produit\/luxor-balloon-ride-sunrise-views-west-bank-tour\/\" class=\"btn product-btn-book-now\">\n\t\t\t\t\t<span>Explorer<\/span>\n\t\t\t\t<\/a>\n\t\t\t\t\t<\/div>\n    <\/div>\n<\/div><\/div>\n<div class=\"ova-product product type-product post-9422 status-publish instock product_cat-luxor product_cat-red has-post-thumbnail shipping-taxable purchasable product-type-ovabrw_car_rental\">\n\t\n<div class=\"ova_head_product\">\n\t\t\t<a href=\"https:\/\/redsea-dream-tours.net\/fr\/produit\/luxor-bus-tour-kings-valley-karnak-nile-day\/\" class=\"ova-product-thumbnail\">\n\t\t\t<img decoding=\"async\" width=\"636\" height=\"426\" src=\"https:\/\/redsea-dream-tours.net\/wp-content\/uploads\/2026\/03\/Best-Time-to-Visit-Luxor-and-Thebes-636x426.webp\" class=\"attachment-tripgo_product_slider size-tripgo_product_slider\" alt=\"Luxor Bus Tour: Kings\u2019 Valley, Karnak &amp; Nile Day\" srcset=\"https:\/\/redsea-dream-tours.net\/wp-content\/uploads\/2026\/03\/Best-Time-to-Visit-Luxor-and-Thebes-636x426.webp 636w, https:\/\/redsea-dream-tours.net\/wp-content\/uploads\/2026\/03\/Best-Time-to-Visit-Luxor-and-Thebes-416x280.webp 416w\" sizes=\"(max-width: 636px) 100vw, 636px\" \/>\t\t<\/a>\n\t<\/div>\n<div class=\"ova_foot_product\">\n\t<div class=\"ova-product-day-title-location\">\n\t\t\t\t\t<h2 class=\"ova-product-title\">\n\t\t\t\t<a href=\"https:\/\/redsea-dream-tours.net\/fr\/produit\/luxor-bus-tour-kings-valley-karnak-nile-day\/\">\n\t\t\t        Excursion en bus \u00e0 Louxor : Vall\u00e9e des Rois, Karnak et Journ\u00e9e du Nil\t\t\t    <\/a>\n\t\t\t<\/h2>\n\t\t\t<\/div>\n    <div class=\"ova-product-review-and-price\">\n    \t\t\t<div class=\"ova-product-wrapper-price\">\n\t\t\t\t\t\t\t<div class=\"ova-product-price\">\n\t\t\t\t\t\t\t\t\t\t\t<span class=\"new-product-price\"><span class=\"woocommerce-Price-amount amount\"><bdi><span class=\"woocommerce-Price-currencySymbol\">\u20ac<\/span>55.00<\/bdi><\/span><\/span>\n\t\t\t\t    \t\t\t\t<\/div>\n\t\t\t\t\t\t\t<a href=\"https:\/\/redsea-dream-tours.net\/fr\/produit\/luxor-bus-tour-kings-valley-karnak-nile-day\/\" class=\"btn product-btn-book-now\">\n\t\t\t\t\t<span>Explorer<\/span>\n\t\t\t\t<\/a>\n\t\t\t\t\t<\/div>\n    <\/div>\n<\/div><\/div>\n<div class=\"ova-product product type-product post-9424 status-publish last instock product_cat-luxor has-post-thumbnail shipping-taxable purchasable product-type-ovabrw_car_rental\">\n\t\n<div class=\"ova_head_product\">\n\t\t\t<a href=\"https:\/\/redsea-dream-tours.net\/fr\/produit\/luxor-overnight-east-west-bank-highlights\/\" class=\"ova-product-thumbnail\">\n\t\t\t<img loading=\"lazy\" decoding=\"async\" width=\"636\" height=\"426\" src=\"https:\/\/redsea-dream-tours.net\/wp-content\/uploads\/2026\/03\/2222-636x426.png\" class=\"attachment-tripgo_product_slider size-tripgo_product_slider\" alt=\"Luxor Overnight: East &amp; West Bank Highlights\" srcset=\"https:\/\/redsea-dream-tours.net\/wp-content\/uploads\/2026\/03\/2222-636x426.png 636w, https:\/\/redsea-dream-tours.net\/wp-content\/uploads\/2026\/03\/2222-416x280.png 416w\" sizes=\"(max-width: 636px) 100vw, 636px\" \/>\t\t<\/a>\n\t<\/div>\n<div class=\"ova_foot_product\">\n\t<div class=\"ova-product-day-title-location\">\n\t\t\t\t\t<h2 class=\"ova-product-title\">\n\t\t\t\t<a href=\"https:\/\/redsea-dream-tours.net\/fr\/produit\/luxor-overnight-east-west-bank-highlights\/\">\n\t\t\t        Nuit \u00e0 Louxor : Points forts de la Cisjordanie et de la Bande de Gaza\t\t\t    <\/a>\n\t\t\t<\/h2>\n\t\t\t<\/div>\n    <div class=\"ova-product-review-and-price\">\n    \t\t\t<div class=\"ova-product-wrapper-price\">\n\t\t\t\t\t\t\t<div class=\"ova-product-price\">\n\t\t\t\t\t\t\t\t\t\t\t<span class=\"new-product-price\"><span class=\"woocommerce-Price-amount amount\"><bdi><span class=\"woocommerce-Price-currencySymbol\">\u20ac<\/span>260.00<\/bdi><\/span><\/span>\n\t\t\t\t    \t\t\t\t<\/div>\n\t\t\t\t\t\t\t<a href=\"https:\/\/redsea-dream-tours.net\/fr\/produit\/luxor-overnight-east-west-bank-highlights\/\" class=\"btn product-btn-book-now\">\n\t\t\t\t\t<span>Explorer<\/span>\n\t\t\t\t<\/a>\n\t\t\t\t\t<\/div>\n    <\/div>\n<\/div><\/div>\n<div class=\"ova-product product type-product post-9418 status-publish first instock product_cat-luxor has-post-thumbnail shipping-taxable purchasable product-type-ovabrw_car_rental\">\n\t\n<div class=\"ova_head_product\">\n\t\t\t<a href=\"https:\/\/redsea-dream-tours.net\/fr\/produit\/luxor-full-day-private-tour\/\" class=\"ova-product-thumbnail\">\n\t\t\t<img loading=\"lazy\" decoding=\"async\" width=\"636\" height=\"426\" src=\"https:\/\/redsea-dream-tours.net\/wp-content\/uploads\/2026\/03\/luxor_10835-636x426.jpg\" class=\"attachment-tripgo_product_slider size-tripgo_product_slider\" alt=\"Luxor Full-Day Private Tour\" srcset=\"https:\/\/redsea-dream-tours.net\/wp-content\/uploads\/2026\/03\/luxor_10835-636x426.jpg 636w, https:\/\/redsea-dream-tours.net\/wp-content\/uploads\/2026\/03\/luxor_10835-416x280.jpg 416w\" sizes=\"(max-width: 636px) 100vw, 636px\" \/>\t\t<\/a>\n\t<\/div>\n<div class=\"ova_foot_product\">\n\t<div class=\"ova-product-day-title-location\">\n\t\t\t\t\t<h2 class=\"ova-product-title\">\n\t\t\t\t<a href=\"https:\/\/redsea-dream-tours.net\/fr\/produit\/luxor-full-day-private-tour\/\">\n\t\t\t        Visite priv\u00e9e d'une journ\u00e9e \u00e0 Louxor\t\t\t    <\/a>\n\t\t\t<\/h2>\n\t\t\t<\/div>\n    <div class=\"ova-product-review-and-price\">\n    \t\t\t<div class=\"ova-product-wrapper-price\">\n\t\t\t\t\t\t\t<div class=\"ova-product-price\">\n\t\t\t\t\t\t\t\t\t\t\t<span class=\"new-product-price\"><span class=\"woocommerce-Price-amount amount\"><bdi><span class=\"woocommerce-Price-currencySymbol\">\u20ac<\/span>300.00<\/bdi><\/span><\/span>\n\t\t\t\t    \t\t\t\t<\/div>\n\t\t\t\t\t\t\t<a href=\"https:\/\/redsea-dream-tours.net\/fr\/produit\/luxor-full-day-private-tour\/\" class=\"btn product-btn-book-now\">\n\t\t\t\t\t<span>Explorer<\/span>\n\t\t\t\t<\/a>\n\t\t\t\t\t<\/div>\n    <\/div>\n<\/div><\/div>\n<div class=\"ova-product product type-product post-9423 status-publish instock product_cat-luxor has-post-thumbnail shipping-taxable purchasable product-type-ovabrw_car_rental\">\n\t\n<div class=\"ova_head_product\">\n\t\t\t<a href=\"https:\/\/redsea-dream-tours.net\/fr\/produit\/luxor-vip-tour-private-luxury-for-8-guests\/\" class=\"ova-product-thumbnail\">\n\t\t\t<img loading=\"lazy\" decoding=\"async\" width=\"636\" height=\"426\" src=\"https:\/\/redsea-dream-tours.net\/wp-content\/uploads\/2026\/03\/6-2-636x426.jpg\" class=\"attachment-tripgo_product_slider size-tripgo_product_slider\" alt=\"Luxor VIP Tour: Private Luxury for 8 Guests\" srcset=\"https:\/\/redsea-dream-tours.net\/wp-content\/uploads\/2026\/03\/6-2-636x426.jpg 636w, https:\/\/redsea-dream-tours.net\/wp-content\/uploads\/2026\/03\/6-2-300x200.jpg 300w, https:\/\/redsea-dream-tours.net\/wp-content\/uploads\/2026\/03\/6-2-416x280.jpg 416w\" sizes=\"(max-width: 636px) 100vw, 636px\" \/>\t\t<\/a>\n\t<\/div>\n<div class=\"ova_foot_product\">\n\t<div class=\"ova-product-day-title-location\">\n\t\t\t\t\t<h2 class=\"ova-product-title\">\n\t\t\t\t<a href=\"https:\/\/redsea-dream-tours.net\/fr\/produit\/luxor-vip-tour-private-luxury-for-8-guests\/\">\n\t\t\t        Visite VIP de Louxor : Luxe priv\u00e9 pour 8 personnes\t\t\t    <\/a>\n\t\t\t<\/h2>\n\t\t\t<\/div>\n    <div class=\"ova-product-review-and-price\">\n    \t\t\t<div class=\"ova-product-wrapper-price\">\n\t\t\t\t\t\t\t<div class=\"ova-product-price\">\n\t\t\t\t\t\t\t\t\t\t\t<span class=\"new-product-price\"><span class=\"woocommerce-Price-amount amount\"><bdi><span class=\"woocommerce-Price-currencySymbol\">\u20ac<\/span>80.00<\/bdi><\/span><\/span>\n\t\t\t\t    \t\t\t\t<\/div>\n\t\t\t\t\t\t\t<a href=\"https:\/\/redsea-dream-tours.net\/fr\/produit\/luxor-vip-tour-private-luxury-for-8-guests\/\" class=\"btn product-btn-book-now\">\n\t\t\t\t\t<span>Explorer<\/span>\n\t\t\t\t<\/a>\n\t\t\t\t\t<\/div>\n    <\/div>\n<\/div><\/div>\t\t\t\t<\/div>\n\t\t\t\t\t\t\t<\/div>\n\t\t\t\t<\/div>\n\t\t\t\t\t<\/div>\n\t\t<\/div>\n\t\t\t\t\t<\/div>\n\t\t<\/section>\n\t\t\t\t<\/div>","protected":false},"excerpt":{"rendered":"<p>Luxor Tours Nile Cruise: Luxor\u2013Aswan Temples &#038; River Magic Option Price Explore Luxor Balloon Ride: Sunrise Views &#038; West Bank Tour &#36;165.00 Explore Luxor Overnight: East &#038; West Bank Highlights &#36;260.00 Explore Luxor VIP Tour: Private Luxury for 8 Guests &#36;80.00 Explore Luxor Bus Tour: Kings\u2019 Valley, Karnak &#038; Nile Day &#36;55.00 Explore Luxor Full-Day [&hellip;]<\/p>\n","protected":false},"author":1,"featured_media":0,"parent":0,"menu_order":0,"comment_status":"closed","ping_status":"closed","template":"elementor_header_footer","meta":{"_monsterinsights_skip_tracking":false,"_monsterinsights_sitenote_active":false,"_monsterinsights_sitenote_note":"","_monsterinsights_sitenote_category":0,"_mbp_gutenberg_autopost":false,"footnotes":""},"class_list":["post-10268","page","type-page","status-publish","hentry"],"_hostinger_reach_plugin_has_subscription_block":false,"_hostinger_reach_plugin_is_elementor":false,"_links":{"self":[{"href":"https:\/\/redsea-dream-tours.net\/fr\/wp-json\/wp\/v2\/pages\/10268","targetHints":{"allow":["GET"]}}],"collection":[{"href":"https:\/\/redsea-dream-tours.net\/fr\/wp-json\/wp\/v2\/pages"}],"about":[{"href":"https:\/\/redsea-dream-tours.net\/fr\/wp-json\/wp\/v2\/types\/page"}],"author":[{"embeddable":true,"href":"https:\/\/redsea-dream-tours.net\/fr\/wp-json\/wp\/v2\/users\/1"}],"replies":[{"embeddable":true,"href":"https:\/\/redsea-dream-tours.net\/fr\/wp-json\/wp\/v2\/comments?post=10268"}],"version-history":[{"count":7,"href":"https:\/\/redsea-dream-tours.net\/fr\/wp-json\/wp\/v2\/pages\/10268\/revisions"}],"predecessor-version":[{"id":10568,"href":"https:\/\/redsea-dream-tours.net\/fr\/wp-json\/wp\/v2\/pages\/10268\/revisions\/10568"}],"wp:attachment":[{"href":"https:\/\/redsea-dream-tours.net\/fr\/wp-json\/wp\/v2\/media?parent=10268"}],"curies":[{"name":"wp","href":"https:\/\/api.w.org\/{rel}","templated":true}]}}