{"id":10461,"date":"2026-03-07T05:42:37","date_gmt":"2026-03-07T05:42:37","guid":{"rendered":"https:\/\/redsea-dream-tours.net\/?post_type=product&#038;p=10461"},"modified":"2026-03-07T05:42:40","modified_gmt":"2026-03-07T05:42:40","slug":"motocross-desert-ride-speed-sand-adrenaline","status":"publish","type":"product","link":"https:\/\/redsea-dream-tours.net\/fr\/produit\/motocross-desert-ride-speed-sand-adrenaline\/","title":{"rendered":"Motocross Desert Ride : Vitesse, sable et adr\u00e9naline"},"content":{"rendered":"<h3 data-start=\"97\" data-end=\"171\">\ud83c\udfcd\ufe0f Motocross Aventure dans le d\u00e9sert \u00e0 Hurghada - L'adr\u00e9naline \u00e0 l'\u00e9tat pur vous attend !<\/h3>\n<p data-start=\"173\" data-end=\"378\">Faites l'exp\u00e9rience de l'ultime <strong data-start=\"197\" data-end=\"216\">mont\u00e9e d'adr\u00e9naline<\/strong> et vous embarquez pour une passionnante <strong data-start=\"246\" data-end=\"269\">aventure motocross<\/strong> \u00e0 travers les vall\u00e9es montagneuses accident\u00e9es d'Hurghada, avec les majestueuses <strong data-start=\"337\" data-end=\"358\">Montagnes de la mer Rouge<\/strong> comme toile de fond.<\/p>\n<h4 data-start=\"380\" data-end=\"416\">\ud83d\ude90 Facilit\u00e9 d'enl\u00e8vement et de pr\u00e9paration<\/h4>\n<p data-start=\"417\" data-end=\"577\">Votre aventure commence par un <strong data-start=\"446\" data-end=\"485\">transfert pratique depuis votre h\u00f4tel<\/strong> \u00e0 notre base dans le d\u00e9sert. A l'arriv\u00e9e, l'un de nos <strong data-start=\"531\" data-end=\"569\">des instructeurs professionnels de motocross<\/strong> volont\u00e9 :<\/p>\n<ul data-start=\"578\" data-end=\"704\">\n<li data-start=\"578\" data-end=\"634\">\n<p data-start=\"580\" data-end=\"634\">\ud83e\uddd1\u200d\ud83c\udfeb Vous donner <strong data-start=\"595\" data-end=\"632\">des instructions de s\u00e9curit\u00e9 compl\u00e8tes<\/strong><\/p>\n<\/li>\n<li data-start=\"635\" data-end=\"704\">\n<p data-start=\"637\" data-end=\"704\">\ud83e\uddba Vous \u00e9quiper avec des \u00e9l\u00e9ments essentiels <strong data-start=\"665\" data-end=\"702\">\u00e9quipement de protection (casque et veste)<\/strong><\/p>\n<\/li>\n<\/ul>\n<h4 data-start=\"706\" data-end=\"732\">\ud83c\udfdc\ufe0f La chevauch\u00e9e du d\u00e9sert<\/h4>\n<p data-start=\"733\" data-end=\"921\">D\u00e9marrez votre moteur et partez \u00e0 l'aventure. <strong data-start=\"778\" data-end=\"801\">c\u0153ur du d\u00e9sert<\/strong>! Profitez d'une <strong data-start=\"821\" data-end=\"838\">trajet de deux heures<\/strong> \u00e0 travers des sentiers sablonneux et des chemins rocailleux, au milieu d'un paysage naturel \u00e0 couper le souffle.<\/p>\n<h4 data-start=\"923\" data-end=\"947\">\ud83c\udfc1 Retour et d\u00e9tente<\/h4>\n<p data-start=\"948\" data-end=\"1075\">Apr\u00e8s cette exp\u00e9rience passionnante, vous serez confortablement ramen\u00e9 \u00e0 votre h\u00f4tel - avec des souvenirs inoubliables \u00e0 ramener \u00e0 la maison !<\/p>\n<h4 data-start=\"1077\" data-end=\"1104\">\u26a0\ufe0f Ne convient pas :<\/h4>\n<ul data-start=\"1105\" data-end=\"1190\">\n<li data-start=\"1105\" data-end=\"1135\">\n<p data-start=\"1107\" data-end=\"1135\">\ud83d\udc76 Enfants de moins de 16 ans<\/p>\n<\/li>\n<li data-start=\"1136\" data-end=\"1157\">\n<p data-start=\"1138\" data-end=\"1157\">\ud83e\udd30 Femmes enceintes<\/p>\n<\/li>\n<li data-start=\"1158\" data-end=\"1190\">\n<p data-start=\"1160\" data-end=\"1190\">\ud83d\udeab Les personnes souffrant de probl\u00e8mes de dos<\/p>\n<table style=\"height: 68px;\" width=\"714\">\n<tbody>\n<tr>\n<td width=\"126\"><strong>\u00a0\u20ac\u00a0 150.00<\/strong><\/td>\n<td width=\"307\"><strong>Moto Cross KTM 530 CC<\/strong><\/td>\n<\/tr>\n<tr>\n<td><strong>\u00a0\u20ac\u00a0\u00a0\u00a0 90.00<\/strong><\/td>\n<td width=\"307\"><strong>Moto Cross Yamaha 250 CC<\/strong><\/td>\n<\/tr>\n<tr>\n<td><strong>\u00a0\u20ac\u00a0 110.00<\/strong><\/td>\n<td width=\"307\"><strong>Moto Cross KTM 640 CC<\/strong><\/td>\n<\/tr>\n<\/tbody>\n<\/table>\n<\/li>\n<li data-start=\"1158\" data-end=\"1190\">\n<h3 data-start=\"2198\" data-end=\"2225\"><strong data-start=\"2205\" data-end=\"2223\">Le paiement en USD ($ \ud83c\uddfa\ud83c\uddf8) au lieu de l'EUR (\u20ac \ud83c\uddea\ud83c\uddfa) est possible en fonction du taux de change bancaire quotidien.<\/strong><\/h3>\n<\/li>\n<li data-start=\"1158\" data-end=\"1190\"><strong>R\u00e9server par WhatsApp :<\/strong><\/li>\n<li data-start=\"1158\" data-end=\"1190\"><a href=\"https:\/\/wa.me\/201021058859\" target=\"_blank\" rel=\"noopener\">\u00a0<img decoding=\"async\" class=\"alignnone wp-image-2058\" src=\"https:\/\/poehalisnamiegypt.com\/wp-content\/uploads\/2024\/02\/pngwing.com_-300x300.png\" sizes=\"auto, (max-width: 35px) 100vw, 35px\" srcset=\"https:\/\/poehalisnamiegypt.com\/wp-content\/uploads\/2024\/02\/pngwing.com_-300x300.png 300w, https:\/\/poehalisnamiegypt.com\/wp-content\/uploads\/2024\/02\/pngwing.com_-150x150.png 150w, https:\/\/poehalisnamiegypt.com\/wp-content\/uploads\/2024\/02\/pngwing.com_.png 584w\" alt=\"\" width=\"53\" height=\"53\" \/><\/a><\/li>\n<\/ul>","protected":false},"excerpt":{"rendered":"<p>\ud83c\udfcd\ufe0f Motocross Desert Adventure in Hurghada \u2013 Pure Adrenaline Awaits! Experience the ultimate adrenaline rush as you embark on a thrilling motocross adventure through the rugged mountain valleys of Hurghada, with the majestic Red Sea Mountains as your backdrop. \ud83d\ude90 Easy Pick-Up &amp; Preparation Your adventure begins with a convenient transfer from your hotel to [&hellip;]<\/p>\n","protected":false},"featured_media":10462,"comment_status":"open","ping_status":"closed","template":"","meta":{"_monsterinsights_skip_tracking":false,"_monsterinsights_sitenote_active":false,"_monsterinsights_sitenote_note":"","_monsterinsights_sitenote_category":0,"_mbp_gutenberg_autopost":false},"product_brand":[],"product_cat":[62],"product_tag":[],"class_list":{"0":"post-10461","1":"product","2":"type-product","3":"status-publish","4":"has-post-thumbnail","6":"product_cat-safari","8":"first","9":"instock","10":"shipping-taxable","11":"purchasable","12":"product-type-ovabrw_car_rental"},"_links":{"self":[{"href":"https:\/\/redsea-dream-tours.net\/fr\/wp-json\/wp\/v2\/product\/10461","targetHints":{"allow":["GET"]}}],"collection":[{"href":"https:\/\/redsea-dream-tours.net\/fr\/wp-json\/wp\/v2\/product"}],"about":[{"href":"https:\/\/redsea-dream-tours.net\/fr\/wp-json\/wp\/v2\/types\/product"}],"replies":[{"embeddable":true,"href":"https:\/\/redsea-dream-tours.net\/fr\/wp-json\/wp\/v2\/comments?post=10461"}],"wp:featuredmedia":[{"embeddable":true,"href":"https:\/\/redsea-dream-tours.net\/fr\/wp-json\/wp\/v2\/media\/10462"}],"wp:attachment":[{"href":"https:\/\/redsea-dream-tours.net\/fr\/wp-json\/wp\/v2\/media?parent=10461"}],"wp:term":[{"taxonomy":"product_brand","embeddable":true,"href":"https:\/\/redsea-dream-tours.net\/fr\/wp-json\/wp\/v2\/product_brand?post=10461"},{"taxonomy":"product_cat","embeddable":true,"href":"https:\/\/redsea-dream-tours.net\/fr\/wp-json\/wp\/v2\/product_cat?post=10461"},{"taxonomy":"product_tag","embeddable":true,"href":"https:\/\/redsea-dream-tours.net\/fr\/wp-json\/wp\/v2\/product_tag?post=10461"}],"curies":[{"name":"wp","href":"https:\/\/api.w.org\/{rel}","templated":true}]}}