{"id":10708,"date":"2026-03-16T18:22:17","date_gmt":"2026-03-16T18:22:17","guid":{"rendered":"https:\/\/redsea-dream-tours.net\/?post_type=product&#038;p=10708"},"modified":"2026-03-16T18:32:42","modified_gmt":"2026-03-16T18:32:42","slug":"ozaria-island-hurghada-trip","status":"publish","type":"product","link":"https:\/\/redsea-dream-tours.net\/fr\/produit\/ozaria-island-hurghada-trip\/","title":{"rendered":"Voyage sur l'\u00eele d'Ozaria \u00e0 Hurghada"},"content":{"rendered":"<h1 data-section-id=\"4k8hgx\" data-start=\"154\" data-end=\"226\">\ud83c\udfdd\ufe0f Excursion sur l'\u00eele d'Ozaria \u00e0 Hurghada - L'un des meilleurs circuits sur les \u00eeles de la mer Rouge<\/h1>\n<p data-start=\"228\" data-end=\"459\">Si vous pr\u00e9voyez des vacances \u00e0 Hurghada et que vous recherchez une belle aventure en mer qui allie d\u00e9tente, nature et activit\u00e9s ludiques, l'\u00eele de Hurghada est faite pour vous. <strong data-start=\"370\" data-end=\"401\">Voyage sur l'\u00eele d'Ozaria \u00e0 Hurghada<\/strong> est l'une des meilleures excursions en mer Rouge que vous puissiez faire.<\/p>\n<p data-start=\"461\" data-end=\"709\">Ce voyage offre aux visiteurs la possibilit\u00e9 d'explorer la beaut\u00e9 stup\u00e9fiante de l'\u00eele d'Aarhus. <strong data-start=\"536\" data-end=\"547\">Mer Rouge<\/strong>, Les eaux turquoises cristallines, les plages de sable blanc et les r\u00e9cifs coralliens color\u00e9s font d'Hurghada l'une des meilleures destinations au monde pour la plong\u00e9e avec masque et tuba.<\/p>\n<p data-start=\"711\" data-end=\"887\">Que vous voyagiez en famille, avec des amis ou avec votre partenaire, la visite d'un mus\u00e9e est une exp\u00e9rience unique. <strong data-start=\"785\" data-end=\"802\">\u00cele d'Ozaria<\/strong> promet une journ\u00e9e inoubliable sous le signe du soleil, de la baignade et d'une vue imprenable sur la mer.<\/p>\n<hr data-start=\"889\" data-end=\"892\" \/>\n<h1 data-section-id=\"8f2hk1\" data-start=\"894\" data-end=\"933\">\ud83c\udf0a Pourquoi choisir le voyage sur l'\u00eele d'Ozaria ?<\/h1>\n<p data-start=\"935\" data-end=\"1078\">Les \u00eeles proches d'Hurghada comptent parmi les plus belles attractions naturelles d'\u00c9gypte. <strong data-start=\"1024\" data-end=\"1041\">\u00cele d'Ozaria<\/strong> est l'un des plus \u00e9tonnants d'entre eux.<\/p>\n<p data-start=\"1080\" data-end=\"1152\">Au cours de ce voyage, vous pourrez profiter d'une vari\u00e9t\u00e9 d'activit\u00e9s passionnantes telles que :<\/p>\n<p data-start=\"1154\" data-end=\"1393\">Nager dans l'eau cristalline de la mer Rouge<br data-start=\"1195\" data-end=\"1198\" \/>\u2728 Se d\u00e9tendre sur les plages de sable blanc<br data-start=\"1231\" data-end=\"1234\" \/>\u2728 Plong\u00e9e en apn\u00e9e parmi les r\u00e9cifs coralliens color\u00e9s \ud83d\udc20<br data-start=\"1276\" data-end=\"1279\" \/>\u2728 Croisi\u00e8re en bateau sur la mer Rouge \ud83d\udea4<br data-start=\"1332\" data-end=\"1335\" \/>\u2728 Prendre de belles photos de l'\u00eele et de la mer \ud83d\udcf8<\/p>\n<h2 data-start=\"1154\" data-end=\"1393\"><strong data-start=\"0\" data-end=\"45\">\ud83c\udfca\u200d\u2642\ufe0fThe seule \u00eele qui dispose d'une piscine.<\/strong><\/h2>\n<p data-start=\"1395\" data-end=\"1517\">Ces exp\u00e9riences font de la <strong data-start=\"1422\" data-end=\"1458\">Excursion sur l'\u00eele d'Ozaria \u00e0 Hurghada<\/strong> l'une des excursions les plus populaires pour les visiteurs de la mer Rouge.<\/p>\n<hr data-start=\"1519\" data-end=\"1522\" \/>\n<h1 data-section-id=\"1pysgjn\" data-start=\"1524\" data-end=\"1564\">\ud83d\udea4 Programme d'excursion sur l'\u00eele d'Ozaria \u00e0 Hurghada<\/h1>\n<h2 data-section-id=\"pi31kx\" data-start=\"1566\" data-end=\"1595\">Transfert \u00e0 l'h\u00f4tel inclus<\/h2>\n<p data-start=\"1597\" data-end=\"1703\">Votre journ\u00e9e commence par <strong data-start=\"1618\" data-end=\"1672\">prise en charge \u00e0 votre h\u00f4tel \u00e0 Hurghada ou dans les environs<\/strong> dans un v\u00e9hicule climatis\u00e9.<\/p>\n<p data-start=\"1705\" data-end=\"1827\">Le prix du voyage <strong data-start=\"1720\" data-end=\"1775\">comprend le transfert aller-retour \u00e0 l'h\u00f4tel<\/strong>, Le personnel de l'administration centrale et de l'administration centrale de l'Union europ\u00e9enne (UE) est charg\u00e9 de la mise en \u0153uvre du programme, ce qui garantit une exp\u00e9rience confortable et sans stress.<\/p>\n<p data-start=\"1829\" data-end=\"1931\">Apr\u00e8s la prise en charge, les clients seront transf\u00e9r\u00e9s \u00e0 la marina pour embarquer sur le bateau en direction de l'\u00eele d'Ozaria.<\/p>\n<hr data-start=\"1933\" data-end=\"1936\" \/>\n<h2 data-section-id=\"ndy8gy\" data-start=\"1938\" data-end=\"1959\">\ud83d\udc20 Arr\u00eat pour la plong\u00e9e en apn\u00e9e<\/h2>\n<p data-start=\"1961\" data-end=\"2063\">Au cours du voyage, le bateau s'arr\u00eatera \u00e0 l'un des endroits suivants <strong data-start=\"2011\" data-end=\"2062\">Les meilleurs sites de plong\u00e9e avec masque et tuba sur les r\u00e9cifs coralliens de la mer Rouge<\/strong>.<\/p>\n<p data-start=\"2065\" data-end=\"2151\">Vous aurez l'occasion d'explorer l'incroyable monde sous-marin et de le voir :<\/p>\n<p data-start=\"2153\" data-end=\"2247\">\ud83d\udc1f Poissons tropicaux color\u00e9s<br data-start=\"2178\" data-end=\"2181\" \/>\ud83e\udeb8 Beautiful coral reefs (r\u00e9cifs coralliens)<br data-start=\"2205\" data-end=\"2208\" \/>\u00c9toiles de mer et autres cr\u00e9atures marines<\/p>\n<p data-start=\"2249\" data-end=\"2368\">La mer Rouge est c\u00e9l\u00e8bre dans le monde entier pour sa biodiversit\u00e9 marine, ce qui fait de la plong\u00e9e avec masque et tuba l'un des points forts de cette excursion.<\/p>\n<hr data-start=\"2370\" data-end=\"2373\" \/>\n<h2 data-section-id=\"180l3zy\" data-start=\"2375\" data-end=\"2406\">\ud83c\udfdd\ufe0f Arriv\u00e9e \u00e0 l'\u00eele d'Ozaria<\/h2>\n<p data-start=\"2408\" data-end=\"2498\">\u00c0 l'arriv\u00e9e \u00e0 <strong data-start=\"2424\" data-end=\"2441\">\u00cele d'Ozaria<\/strong>, Vous d\u00e9couvrirez un paradis naturel \u00e0 couper le souffle :<\/p>\n<p data-start=\"2500\" data-end=\"2610\">\ud83c\udfd6\ufe0f Plages de sable blanc et doux<br data-start=\"2528\" data-end=\"2531\" \/>\ud83c\udf0a Eau turquoise cristalline<br data-start=\"2563\" data-end=\"2566\" \/>\ud83c\udf34 Une atmosph\u00e8re insulaire paisible et relaxante<\/p>\n<p data-start=\"2612\" data-end=\"2740\">Les h\u00f4tes auront du temps libre pour se baigner, se d\u00e9tendre sur la plage, se promener le long du rivage ou prendre de superbes photos du paysage de l'\u00eele.<\/p>\n<hr data-start=\"2742\" data-end=\"2745\" \/>\n<h1 data-section-id=\"8kgmtd\" data-start=\"2747\" data-end=\"2782\">\ud83c\udf7d\ufe0f Options de d\u00e9jeuner pendant le voyage<\/h1>\n<p data-start=\"2784\" data-end=\"2870\">Le <strong data-start=\"2788\" data-end=\"2840\">L'excursion sur l'\u00eele d'Ozaria propose deux programmes diff\u00e9rents<\/strong> selon votre pr\u00e9f\u00e9rence :<\/p>\n<h3 data-section-id=\"30auh\" data-start=\"2872\" data-end=\"2907\">Programme 1 - D\u00e9jeuner sur l'\u00eele<\/h3>\n<p data-start=\"2909\" data-end=\"3089\">\u2714\ufe0f Passer plus de temps \u00e0 se d\u00e9tendre sur l'\u00eele<br data-start=\"2950\" data-end=\"2953\" \/>\u2714\ufe0f Appr\u00e9ciez <strong data-start=\"2962\" data-end=\"2996\">d\u00e9jeuner au restaurant de l'\u00eele<\/strong><br data-start=\"2996\" data-end=\"2999\" \/>\u2714\ufe0f Belle vue sur la mer pendant le repas<br data-start=\"3034\" data-end=\"3037\" \/>\u2714\ufe0f Temps suppl\u00e9mentaire pour nager et se d\u00e9tendre sur la plage<\/p>\n<hr data-start=\"3091\" data-end=\"3094\" \/>\n<h3 data-section-id=\"reevlb\" data-start=\"3096\" data-end=\"3129\">Programme 2 - D\u00e9jeuner sur le bateau<\/h3>\n<p data-start=\"3131\" data-end=\"3264\">\u2714\ufe0f Appr\u00e9ciez <strong data-start=\"3140\" data-end=\"3168\">d\u00e9jeuner servi sur le bateau<\/strong> pendant le voyage<br data-start=\"3184\" data-end=\"3187\" \/>\u2714\ufe0f Une vue imprenable sur la mer tout en mangeant<br data-start=\"3221\" data-end=\"3224\" \/>\u2714\ufe0f Plus de temps pour la plong\u00e9e et la natation<\/p>\n<p data-start=\"3266\" data-end=\"3369\">Les deux programmes comprennent <strong data-start=\"3288\" data-end=\"3325\">des boissons rafra\u00eechissantes pendant le voyage<\/strong> pour vous permettre de rester \u00e0 l'aise tout au long de la journ\u00e9e.<\/p>\n<hr data-start=\"3371\" data-end=\"3374\" \/>\n<h1 data-section-id=\"s80b21\" data-start=\"3376\" data-end=\"3409\">\u2b50 Les points forts du voyage sur l'\u00eele d'Ozaria<\/h1>\n<p data-start=\"3411\" data-end=\"3720\">\u2714 Visite de l'une des plus belles \u00eeles de la mer Rouge<br data-start=\"3467\" data-end=\"3470\" \/>\u2714 Plong\u00e9e avec masque et tuba dans des r\u00e9cifs coralliens \u00e9tonnants<br data-start=\"3514\" data-end=\"3517\" \/>Bateau touristique confortable<br data-start=\"3543\" data-end=\"3546\" \/>\u2714 \u00c9quipement de plong\u00e9e avec tuba disponible<br data-start=\"3578\" data-end=\"3581\" \/>\u2714 D\u00e9jeuner d\u00e9licieux et boissons inclus<br data-start=\"3618\" data-end=\"3621\" \/>\u2714 <strong data-start=\"3623\" data-end=\"3673\">Transfert de et vers l'h\u00f4tel inclus<\/strong><br data-start=\"3673\" data-end=\"3676\" \/>Parfait pour les familles, les couples et les amis<\/p>\n<hr data-start=\"3722\" data-end=\"3725\" \/>\n<h1 data-section-id=\"1bjsf96\" data-start=\"3727\" data-end=\"3764\">\ud83d\udcf8 Meilleures activit\u00e9s sur l'\u00eele d'Ozaria<\/h1>\n<p data-start=\"3766\" data-end=\"3840\">Lors de votre visite sur l'\u00eele d'Ozaria, vous pourrez profiter de nombreuses activit\u00e9s telles que<\/p>\n<p data-start=\"3842\" data-end=\"4005\">\ud83c\udfca Nager dans des eaux cristallines<br data-start=\"3877\" data-end=\"3880\" \/>\ud83d\udc20 Plong\u00e9e en apn\u00e9e parmi les r\u00e9cifs coralliens<br data-start=\"3911\" data-end=\"3914\" \/>\ud83d\udcf7 Photographie de voyage<br data-start=\"3935\" data-end=\"3938\" \/>\ud83c\udf1e Bain de soleil sur la plage<br data-start=\"3964\" data-end=\"3967\" \/>\ud83c\udfd6\ufe0f Promenades relaxantes le long du littoral<\/p>\n<p data-start=\"4007\" data-end=\"4126\">Ces activit\u00e9s font de la <strong data-start=\"4033\" data-end=\"4064\">Voyage \u00e0 Hurghada sur l'\u00eele d'Ozaria<\/strong> une exp\u00e9rience parfaite pour tous les amoureux de la mer et de la nature.<\/p>\n<hr data-start=\"4128\" data-end=\"4131\" \/>\n<h1 data-section-id=\"aqclcl\" data-start=\"4133\" data-end=\"4175\">\ud83d\udcde R\u00e9servez votre voyage sur l'\u00eele d'Ozaria \u00e0 Hurghada<\/h1>\n<p data-start=\"4177\" data-end=\"4288\">D\u00e9couvrez l'une des plus belles <strong data-start=\"4214\" data-end=\"4250\">Excursions sur les \u00eeles de la mer Rouge \u00e0 Hurghada<\/strong> et profiter d'une journ\u00e9e de d\u00e9tente au paradis.<\/p>\n<p data-start=\"4290\" data-end=\"4399\">Avec <strong data-start=\"4295\" data-end=\"4318\">Red Sea Dream Tours<\/strong>, Les meilleures excursions en mer et des aventures inoubliables \u00e0 Hurghada.<\/p>\n<hr data-start=\"2895\" data-end=\"2898\" \/>\n<h3 data-path-to-node=\"15\" data-rm-block-id=\"block-15\"><b data-path-to-node=\"15\" data-index-in-node=\"0\">\ud83e\udd11 Prix et r\u00e9servation de l'excursion<\/b><\/h3>\n<h3 data-section-id=\"30auh\" data-start=\"2872\" data-end=\"2907\">Programme 1 - D\u00e9jeuner sur l'\u00eele<\/h3>\n<ul data-path-to-node=\"17\">\n<li>\n<p data-path-to-node=\"17,0,0\" data-rm-block-id=\"block-17\"><b data-path-to-node=\"17,0,0\" data-index-in-node=\"0\">Adultes (11 ans et plus) :<\/b> 60 \u20ac<\/p>\n<\/li>\n<li>\n<p data-path-to-node=\"17,1,0\" data-rm-block-id=\"block-18\"><b data-path-to-node=\"17,1,0\" data-index-in-node=\"0\">Enfants (5-11 ans) :<\/b> 30 \u20ac<\/p>\n<\/li>\n<li>\n<p data-path-to-node=\"17,2,0\" data-rm-block-id=\"block-19\"><b data-path-to-node=\"17,2,0\" data-index-in-node=\"0\">Enfants en bas \u00e2ge (moins de 5 ans) :<\/b> <b data-path-to-node=\"17,2,0\" data-index-in-node=\"19\">Gratuit<\/b><\/p>\n<h3 data-section-id=\"30auh\" data-start=\"2872\" data-end=\"2907\">Programme 2 - D\u00e9jeuner sur le bateau<\/h3>\n<\/li>\n<li>\n<p data-path-to-node=\"17,0,0\" data-rm-block-id=\"block-17\"><b data-path-to-node=\"17,0,0\" data-index-in-node=\"0\">Adultes (11 ans et plus) :<\/b> 35 \u20ac<\/p>\n<\/li>\n<li>\n<p data-path-to-node=\"17,1,0\" data-rm-block-id=\"block-18\"><b data-path-to-node=\"17,1,0\" data-index-in-node=\"0\">Enfants (5-11 ans) :<\/b> 20 \u20ac<\/p>\n<\/li>\n<li>\n<p data-path-to-node=\"17,2,0\" data-rm-block-id=\"block-19\"><b data-path-to-node=\"17,2,0\" data-index-in-node=\"0\">Enfants en bas \u00e2ge (moins de 5 ans) :<\/b> <b data-path-to-node=\"17,2,0\" data-index-in-node=\"19\">Gratuit<\/b><\/p>\n<\/li>\n<\/ul>\n<p data-path-to-node=\"18\" data-rm-block-id=\"block-20\"><i data-path-to-node=\"18\" data-index-in-node=\"0\">\u2728 Note : La location de masques et de palmes est disponible pour un suppl\u00e9ment de 5 \u20ac par personne pour votre aventure sous-marine !<\/i><\/p>\n<p data-path-to-node=\"19\" data-rm-block-id=\"block-21\"><i data-path-to-node=\"19\" data-index-in-node=\"0\">Le paiement peut \u00eatre effectu\u00e9 en USD ($ \ud83c\uddfa\ud83c\uddf8) ou en EUR (\u20ac \ud83c\uddea\ud83c\uddfa) selon le taux de change bancaire du jour.<\/i><\/p>","protected":false},"excerpt":{"rendered":"<p>\ud83c\udfdd\ufe0f Ozaria Island Hurghada Trip \u2013 One of the Best Red Sea Island Tours If you are planning a holiday in Hurghada and looking for a beautiful sea adventure that combines relaxation, nature, and fun activities, the Ozaria Island Hurghada Trip is one of the best Red Sea excursions you can experience. This trip offers [&hellip;]<\/p>\n","protected":false},"featured_media":10721,"comment_status":"open","ping_status":"closed","template":"","meta":{"_monsterinsights_skip_tracking":false,"_monsterinsights_sitenote_active":false,"_monsterinsights_sitenote_note":"","_monsterinsights_sitenote_category":0,"_mbp_gutenberg_autopost":false},"product_brand":[],"product_cat":[60],"product_tag":[],"class_list":{"0":"post-10708","1":"product","2":"type-product","3":"status-publish","4":"has-post-thumbnail","6":"product_cat-sea","8":"first","9":"instock","10":"shipping-taxable","11":"purchasable","12":"product-type-ovabrw_car_rental"},"_links":{"self":[{"href":"https:\/\/redsea-dream-tours.net\/fr\/wp-json\/wp\/v2\/product\/10708","targetHints":{"allow":["GET"]}}],"collection":[{"href":"https:\/\/redsea-dream-tours.net\/fr\/wp-json\/wp\/v2\/product"}],"about":[{"href":"https:\/\/redsea-dream-tours.net\/fr\/wp-json\/wp\/v2\/types\/product"}],"replies":[{"embeddable":true,"href":"https:\/\/redsea-dream-tours.net\/fr\/wp-json\/wp\/v2\/comments?post=10708"}],"wp:featuredmedia":[{"embeddable":true,"href":"https:\/\/redsea-dream-tours.net\/fr\/wp-json\/wp\/v2\/media\/10721"}],"wp:attachment":[{"href":"https:\/\/redsea-dream-tours.net\/fr\/wp-json\/wp\/v2\/media?parent=10708"}],"wp:term":[{"taxonomy":"product_brand","embeddable":true,"href":"https:\/\/redsea-dream-tours.net\/fr\/wp-json\/wp\/v2\/product_brand?post=10708"},{"taxonomy":"product_cat","embeddable":true,"href":"https:\/\/redsea-dream-tours.net\/fr\/wp-json\/wp\/v2\/product_cat?post=10708"},{"taxonomy":"product_tag","embeddable":true,"href":"https:\/\/redsea-dream-tours.net\/fr\/wp-json\/wp\/v2\/product_tag?post=10708"}],"curies":[{"name":"wp","href":"https:\/\/api.w.org\/{rel}","templated":true}]}}