{"id":9417,"date":"2026-03-01T20:19:58","date_gmt":"2026-03-01T20:19:58","guid":{"rendered":"https:\/\/redsea-dream-tours.net\/?post_type=product&#038;p=9417"},"modified":"2026-03-22T18:43:00","modified_gmt":"2026-03-22T18:43:00","slug":"cairo-private-tour-pyramids-museum","status":"publish","type":"product","link":"https:\/\/redsea-dream-tours.net\/fr\/produit\/cairo-private-tour-pyramids-museum\/","title":{"rendered":"Visite priv\u00e9e du Caire - Pyramides et mus\u00e9e"},"content":{"rendered":"<h3 data-start=\"116\" data-end=\"187\">\u2728 <strong data-start=\"122\" data-end=\"185\">Tours priv\u00e9s au Caire - Votre porte d'entr\u00e9e vers les merveilles de l'\u00c9gypte !<\/strong><\/h3>\n<p data-start=\"189\" data-end=\"326\">Embarquez pour un voyage inoubliable avec <strong data-start=\"229\" data-end=\"252\">Le Caire - Visites priv\u00e9es<\/strong>, Le choix ultime pour la cr\u00e9ation de votre <strong data-start=\"292\" data-end=\"319\">vacances de r\u00eave en \u00c9gypte<\/strong>! \ud83c\udf0d\u2728<\/p>\n<h3 data-start=\"520\" data-end=\"556\">\ud83c\udf05 <strong data-start=\"527\" data-end=\"554\">D\u00e9part t\u00f4t le matin<\/strong><\/h3>\n<ul data-start=\"557\" data-end=\"808\">\n<li data-start=\"557\" data-end=\"675\">\n<p data-start=\"559\" data-end=\"675\"><strong data-start=\"559\" data-end=\"576\">Prise en charge \u00e0 l'h\u00f4tel<\/strong> \ud83d\ude90 : Commencez votre aventure par un ramassage matinal \u00e0 votre h\u00f4tel dans un bus moderne et climatis\u00e9.<\/p>\n<\/li>\n<li data-start=\"676\" data-end=\"808\">\n<p data-start=\"678\" data-end=\"808\"><strong data-start=\"678\" data-end=\"701\">Route panoramique du d\u00e9sert <\/strong>\ud83c\udfdc\ufe0f : D\u00e9tendez-vous et profitez des paysages changeants en traversant les d\u00e9serts dor\u00e9s de l'\u00c9gypte en direction du Caire.<\/p>\n<\/li>\n<\/ul>\n<h3 data-start=\"815\" data-end=\"857\">\ud83c\udfdb\ufe0f <strong data-start=\"823\" data-end=\"855\">Pyramides de Gizeh et Grand Sphinx<\/strong><\/h3>\n<ul data-start=\"858\" data-end=\"1187\">\n<li data-start=\"858\" data-end=\"968\">\n<p data-start=\"860\" data-end=\"968\">Restez en admiration devant le l\u00e9gendaire <strong data-start=\"894\" data-end=\"914\">Pyramides de Gizeh<\/strong>, l'un des <strong data-start=\"927\" data-end=\"965\">Les sept merveilles du monde antique<\/strong>.<\/p>\n<\/li>\n<li data-start=\"969\" data-end=\"1079\">\n<p data-start=\"971\" data-end=\"1079\">Explorer le <strong data-start=\"983\" data-end=\"999\">Grand Sphinx<\/strong> \ud83e\udd81, le myst\u00e9rieux gardien du plateau, et prendre des photos inoubliables.<\/p>\n<\/li>\n<li data-start=\"1080\" data-end=\"1187\">\n<p data-start=\"1082\" data-end=\"1187\">En option : Entrez dans l'une des pyramides pour approfondir votre connaissance de l'ing\u00e9nierie ancienne (billet suppl\u00e9mentaire requis).<\/p>\n<\/li>\n<\/ul>\n<h3 data-start=\"1194\" data-end=\"1237\">\ud83c\udffa <strong data-start=\"1201\" data-end=\"1235\">Mus\u00e9e \u00e9gyptien des antiquit\u00e9s<\/strong><\/h3>\n<ul data-start=\"1238\" data-end=\"1473\">\n<li data-start=\"1238\" data-end=\"1372\">\n<p data-start=\"1240\" data-end=\"1372\">D\u00e9couvrez plus de <strong data-start=\"1254\" data-end=\"1275\">120 000 objets<\/strong> au mus\u00e9e de renomm\u00e9e mondiale, y compris des tr\u00e9sors de <strong data-start=\"1327\" data-end=\"1349\">Le tombeau de Toutankhamon<\/strong> et des momies anciennes.<\/p>\n<\/li>\n<li data-start=\"1373\" data-end=\"1473\">\n<p data-start=\"1375\" data-end=\"1473\">Votre guide \u00e9gyptologue vous r\u00e9v\u00e9lera les secrets des reliques inestimables et des tr\u00e9sors royaux.<\/p>\n<\/li>\n<\/ul>\n<h3 data-start=\"1480\" data-end=\"1515\">\ud83c\udf74\u00a0<strong data-start=\"1480\" data-end=\"1504\">D\u00e9jeuner VIP<\/strong><\/h3>\n<ul data-start=\"1516\" data-end=\"1669\">\n<li data-start=\"1516\" data-end=\"1610\">\n<p data-start=\"1518\" data-end=\"1610\">Profitez d'un <strong data-start=\"1526\" data-end=\"1554\">d\u00e9licieux d\u00e9jeuner \u00e9gyptien<\/strong> \ud83c\udf7d\ufe0f .<\/p>\n<\/li>\n<li data-start=\"1611\" data-end=\"1669\">\n<p data-start=\"1613\" data-end=\"1669\">Se rafra\u00eechir et se ressourcer avant de poursuivre l'aventure<\/p>\n<\/li>\n<\/ul>\n<h3 data-start=\"1676\" data-end=\"1718\">\ud83d\udecd\ufe0f <strong data-start=\"1684\" data-end=\"1716\">Shopping et exp\u00e9riences locales<\/strong><\/h3>\n<ul data-start=\"1719\" data-end=\"1863\">\n<li data-start=\"1719\" data-end=\"1863\">\n<p data-start=\"1721\" data-end=\"1863\">Promenade dans une maison traditionnelle <strong data-start=\"1750\" data-end=\"1779\">bazar ou galerie de papyrus<\/strong> \ud83d\udecd\ufe0f o\u00f9 vous trouverez des souvenirs uniques, des parfums et de l'artisanat \u00e9gyptien authentique.<\/p>\n<\/li>\n<\/ul>\n<h3 data-start=\"1870\" data-end=\"1897\">\ud83c\udf07 <strong data-start=\"1877\" data-end=\"1895\">Voyage de retour<\/strong><\/h3>\n<ul data-start=\"1898\" data-end=\"2041\">\n<li data-start=\"1898\" data-end=\"2041\">\n<p data-start=\"1900\" data-end=\"2041\">Apr\u00e8s une journ\u00e9e d'exploration, montez \u00e0 bord de votre bus pour un voyage d'une journ\u00e9e. <strong data-start=\"1954\" data-end=\"1981\">voyage de retour confortable<\/strong> \u00e0 votre h\u00f4tel avec des souvenirs magiques des tr\u00e9sors du Caire.<\/p>\n<\/li>\n<\/ul>\n<h4 data-start=\"328\" data-end=\"356\">\ud83c\udf1f <strong data-start=\"336\" data-end=\"354\">Pourquoi nous choisir ?<\/strong><\/h4>\n<ul data-start=\"357\" data-end=\"728\">\n<li data-start=\"357\" data-end=\"482\">\n<p data-start=\"359\" data-end=\"482\"><strong data-start=\"359\" data-end=\"385\">Aventures sur mesure<\/strong>: Personnalisez votre itin\u00e9raire en fonction de vos passions - histoire, culture, d\u00e9tente ou aventure.<\/p>\n<\/li>\n<li data-start=\"483\" data-end=\"597\">\n<p data-start=\"485\" data-end=\"597\"><strong data-start=\"485\" data-end=\"512\">Offres de voyage imbattables<\/strong>: Profitez d'offres exclusives sur <strong data-start=\"540\" data-end=\"565\">Forfaits de voyage en \u00c9gypte<\/strong> con\u00e7us pour s'adapter \u00e0 tous les budgets.<\/p>\n<\/li>\n<li data-start=\"598\" data-end=\"728\">\n<p data-start=\"600\" data-end=\"728\"><strong data-start=\"600\" data-end=\"619\">Conseils d'experts<\/strong>: Notre \u00e9quipe de <strong data-start=\"633\" data-end=\"682\">op\u00e9rateurs touristiques professionnels et guides agr\u00e9\u00e9s<\/strong> pour que l'exp\u00e9rience soit transparente et enrichissante.<\/p>\n<\/li>\n<\/ul>\n<h4 data-start=\"730\" data-end=\"778\">\ud83c\udfc6 <strong data-start=\"738\" data-end=\"776\">Nos exp\u00e9riences exclusives comprennent<\/strong><\/h4>\n<ul data-start=\"779\" data-end=\"1178\">\n<li data-start=\"779\" data-end=\"886\">\n<p data-start=\"781\" data-end=\"886\"><strong data-start=\"781\" data-end=\"805\">Visites guid\u00e9es priv\u00e9es<\/strong> \ud83d\uddfa\ufe0f : Explorez les majestueuses pyramides, les temples anciens et les joyaux cach\u00e9s de l'\u00c9gypte.<\/p>\n<\/li>\n<li data-start=\"887\" data-end=\"973\"><strong data-start=\"976\" data-end=\"1001\">Croisi\u00e8res sur le Nil Dahabiya<\/strong> \u26f5 : Vivez l'exp\u00e9rience du luxe sur un voilier traditionnel avec un service personnalis\u00e9.<\/li>\n<li data-start=\"1078\" data-end=\"1178\">\n<p data-start=\"1080\" data-end=\"1178\"><strong data-start=\"1080\" data-end=\"1104\">Safaris dans le d\u00e9sert d'\u00c9gypte<\/strong> \ud83c\udfdc\ufe0f : D\u00e9couvrez la magie du Sahara gr\u00e2ce \u00e0 des aventures palpitantes dans le d\u00e9sert.<\/p>\n<\/li>\n<\/ul>\n<h4 data-start=\"1180\" data-end=\"1221\">\ud83c\udf0d <strong data-start=\"1188\" data-end=\"1219\">Votre aventure commence ici !<\/strong><\/h4>\n<p data-start=\"1222\" data-end=\"1413\">Avec Cairo Private Tours, chaque voyage est con\u00e7u de mani\u00e8re \u00e0 cr\u00e9er un sentiment d'appartenance. <strong data-start=\"1283\" data-end=\"1309\">des souvenirs inoubliables<\/strong>. Que vous recherchiez l'histoire, le luxe ou l'aventure, nous veillons \u00e0 ce que votre voyage ne soit rien de moins qu'une exp\u00e9rience inoubliable. <strong data-start=\"1399\" data-end=\"1410\">\u00e9tonnant<\/strong>.<\/p>\n<p data-start=\"1415\" data-end=\"1467\"><strong data-start=\"1415\" data-end=\"1461\">Pr\u00e9parez-vous \u00e0 vivre l'aventure de votre vie !<\/strong> \ud83e\uddf3\u2728<\/p>\n<table style=\"height: 140px;\" width=\"770\">\n<tbody>\n<tr>\n<td width=\"126\"><strong>\u00a0\u20ac\u00a0 300.00<\/strong><\/td>\n<td width=\"307\"><strong>Le Caire Priv\u00e9 2 pax<\/strong><\/td>\n<\/tr>\n<tr>\n<td><strong>\u00a0\u20ac\u00a0 450.00<\/strong><\/td>\n<td><strong>Le Caire Priv\u00e9 3 \u00e0 4 pax<\/strong><\/td>\n<\/tr>\n<tr>\n<td><strong>\u00a0\u20ac\u00a0 510.00<\/strong><\/td>\n<td><strong>Le Caire Priv\u00e9 5 pax<\/strong><\/td>\n<\/tr>\n<tr>\n<td><strong>\u00a0\u20ac\u00a0 560.00<\/strong><\/td>\n<td><strong>Le Caire Priv\u00e9 6 pax<\/strong><\/td>\n<\/tr>\n<\/tbody>\n<\/table>\n<h3 data-start=\"2198\" data-end=\"2225\"><strong data-start=\"2205\" data-end=\"2223\">Le paiement en USD ($ \ud83c\uddfa\ud83c\uddf8) au lieu de l'EUR (\u20ac \ud83c\uddea\ud83c\uddfa) est possible en fonction du taux de change bancaire quotidien.<\/strong><\/h3>\n<p><strong>R\u00e9server par WhatsApp :<\/strong><\/p>\n<p><a href=\"https:\/\/api.whatsapp.com\/send\/?phone=01021058859\" target=\"_blank\" rel=\"noopener\">\u00a0<img decoding=\"async\" class=\"alignnone wp-image-2058\" src=\"https:\/\/poehalisnamiegypt.com\/wp-content\/uploads\/2024\/02\/pngwing.com_-300x300.png\" sizes=\"auto, (max-width: 35px) 100vw, 35px\" srcset=\"https:\/\/poehalisnamiegypt.com\/wp-content\/uploads\/2024\/02\/pngwing.com_-300x300.png 300w, https:\/\/poehalisnamiegypt.com\/wp-content\/uploads\/2024\/02\/pngwing.com_-150x150.png 150w, https:\/\/poehalisnamiegypt.com\/wp-content\/uploads\/2024\/02\/pngwing.com_.png 584w\" alt=\"\" width=\"53\" height=\"53\" \/><\/a><\/p>\n<div id=\"gtx-trans\" style=\"position: absolute; left: 76px; top: 3.375px;\">\n<div class=\"gtx-trans-icon\"><\/div>\n<\/div>","protected":false},"excerpt":{"rendered":"<p>\u2728 Cairo Private Tours \u2013 Your Gateway to the Wonders of Egypt! Embark on an unforgettable journey with Cairo Private Tours, the ultimate choice for creating your dream vacation in Egypt! \ud83c\udf0d\u2728 \ud83c\udf05 Early Morning Departure Hotel Pick-up \ud83d\ude90: Start your adventure with an early pick-up from your hotel in a modern, air-conditioned bus. Scenic [&hellip;]<\/p>\n","protected":false},"featured_media":9447,"comment_status":"open","ping_status":"closed","template":"","meta":{"_monsterinsights_skip_tracking":false,"_monsterinsights_sitenote_active":false,"_monsterinsights_sitenote_note":"","_monsterinsights_sitenote_category":0,"_mbp_gutenberg_autopost":false},"product_brand":[],"product_cat":[58],"product_tag":[],"class_list":{"0":"post-9417","1":"product","2":"type-product","3":"status-publish","4":"has-post-thumbnail","6":"product_cat-cairo","8":"first","9":"instock","10":"shipping-taxable","11":"purchasable","12":"product-type-ovabrw_car_rental"},"_links":{"self":[{"href":"https:\/\/redsea-dream-tours.net\/fr\/wp-json\/wp\/v2\/product\/9417","targetHints":{"allow":["GET"]}}],"collection":[{"href":"https:\/\/redsea-dream-tours.net\/fr\/wp-json\/wp\/v2\/product"}],"about":[{"href":"https:\/\/redsea-dream-tours.net\/fr\/wp-json\/wp\/v2\/types\/product"}],"replies":[{"embeddable":true,"href":"https:\/\/redsea-dream-tours.net\/fr\/wp-json\/wp\/v2\/comments?post=9417"}],"wp:featuredmedia":[{"embeddable":true,"href":"https:\/\/redsea-dream-tours.net\/fr\/wp-json\/wp\/v2\/media\/9447"}],"wp:attachment":[{"href":"https:\/\/redsea-dream-tours.net\/fr\/wp-json\/wp\/v2\/media?parent=9417"}],"wp:term":[{"taxonomy":"product_brand","embeddable":true,"href":"https:\/\/redsea-dream-tours.net\/fr\/wp-json\/wp\/v2\/product_brand?post=9417"},{"taxonomy":"product_cat","embeddable":true,"href":"https:\/\/redsea-dream-tours.net\/fr\/wp-json\/wp\/v2\/product_cat?post=9417"},{"taxonomy":"product_tag","embeddable":true,"href":"https:\/\/redsea-dream-tours.net\/fr\/wp-json\/wp\/v2\/product_tag?post=9417"}],"curies":[{"name":"wp","href":"https:\/\/api.w.org\/{rel}","templated":true}]}}