{"id":9419,"date":"2026-03-01T20:19:58","date_gmt":"2026-03-01T20:19:58","guid":{"rendered":"https:\/\/redsea-dream-tours.net\/?post_type=product&#038;p=9419"},"modified":"2026-03-22T18:43:00","modified_gmt":"2026-03-22T18:43:00","slug":"diving-adventure-in-hurghada","status":"publish","type":"product","link":"https:\/\/redsea-dream-tours.net\/fr\/produit\/diving-adventure-in-hurghada\/","title":{"rendered":"Aventure de plong\u00e9e \u00e0 Hurghada"},"content":{"rendered":"<h2 data-start=\"105\" data-end=\"172\">\ud83c\udf0a <strong data-start=\"111\" data-end=\"172\">Aventure quotidienne de plong\u00e9e \u00e0 Hurghada - Explorez la mer Rouge !<\/strong><\/h2>\n<p data-start=\"174\" data-end=\"413\">Plongez dans la <strong data-start=\"188\" data-end=\"227\">les eaux cristallines de la mer Rouge<\/strong> \u00e0 Hurghada et d\u00e9couvrez un monde de r\u00e9cifs color\u00e9s et de vie marine fascinante ! \ud83d\udc20 Notre \u00e9quipe d'instructeurs professionnels est pr\u00eate \u00e0 vous donner un aper\u00e7u de la vie marine. <strong data-start=\"374\" data-end=\"412\">Une aventure sous-marine inoubliable<\/strong>.<\/p>\n<hr data-start=\"415\" data-end=\"418\" \/>\n<h3 data-start=\"420\" data-end=\"444\">\ud83d\udd57 <strong data-start=\"427\" data-end=\"444\">Calendrier du voyage<\/strong><\/h3>\n<ul data-start=\"445\" data-end=\"596\">\n<li data-start=\"445\" data-end=\"472\">\n<p data-start=\"447\" data-end=\"472\"><strong data-start=\"447\" data-end=\"462\">Heure de d\u00e9but :<\/strong> 8:30 AM<\/p>\n<\/li>\n<li data-start=\"473\" data-end=\"498\">\n<p data-start=\"475\" data-end=\"498\"><strong data-start=\"475\" data-end=\"488\">Heure de fin :<\/strong> 16:00 HEURES<\/p>\n<\/li>\n<li data-start=\"499\" data-end=\"596\">\n<p data-start=\"501\" data-end=\"596\"><strong data-start=\"501\" data-end=\"519\">Point de rencontre :<\/strong> Notre centre de plong\u00e9e \u00e0 <strong data-start=\"541\" data-end=\"552\">8:00 AM<\/strong> pour la pr\u00e9paration et l'enregistrement des \u00e9quipements.<\/p>\n<\/li>\n<\/ul>\n<hr data-start=\"598\" data-end=\"601\" \/>\n<h3 data-start=\"603\" data-end=\"638\">\ud83d\uddfa\ufe0f <strong data-start=\"611\" data-end=\"638\">Sites de plong\u00e9e et exp\u00e9rience<\/strong><\/h3>\n<ul data-start=\"639\" data-end=\"890\">\n<li data-start=\"639\" data-end=\"719\">\n<p data-start=\"641\" data-end=\"719\">Appr\u00e9ciez <strong data-start=\"647\" data-end=\"675\">deux sites de plong\u00e9e diff\u00e9rents<\/strong> par sortie (si les conditions m\u00e9t\u00e9orologiques et les courants le permettent).<\/p>\n<\/li>\n<li data-start=\"720\" data-end=\"824\">\n<p data-start=\"722\" data-end=\"824\">Temps de navigation jusqu'\u00e0 la premi\u00e8re \u00e9tape : <strong data-start=\"754\" data-end=\"771\">35-45 minutes<\/strong> ou jusqu'\u00e0 <strong data-start=\"781\" data-end=\"798\">60-90 minutes<\/strong>, en fonction du lieu.<\/p>\n<\/li>\n<li data-start=\"825\" data-end=\"890\">\n<p data-start=\"827\" data-end=\"890\">\u00c0 bord, votre <strong data-start=\"841\" data-end=\"856\">ma\u00eetre de plong\u00e9e<\/strong> fournira un briefing d\u00e9taill\u00e9.<\/p>\n<\/li>\n<\/ul>\n<hr data-start=\"892\" data-end=\"895\" \/>\n<h3 data-start=\"897\" data-end=\"936\">\ud83e\udd3f <strong data-start=\"904\" data-end=\"936\">Points forts de l'exp\u00e9rience de plong\u00e9e<\/strong><\/h3>\n<ul data-start=\"937\" data-end=\"1228\">\n<li data-start=\"937\" data-end=\"990\">\n<p data-start=\"939\" data-end=\"990\"><strong data-start=\"939\" data-end=\"960\">Deux plong\u00e9es par jour<\/strong> avec l'aide d'un professionnel.<\/p>\n<\/li>\n<li data-start=\"991\" data-end=\"1073\">\n<p data-start=\"993\" data-end=\"1073\">En option <strong data-start=\"1002\" data-end=\"1045\">debriefing et identification de la faune et de la flore marines<\/strong> apr\u00e8s chaque plong\u00e9e.<\/p>\n<\/li>\n<li data-start=\"1074\" data-end=\"1148\">\n<p data-start=\"1076\" data-end=\"1148\">La dur\u00e9e de la plong\u00e9e d\u00e9pend <strong data-start=\"1101\" data-end=\"1145\">la consommation d'air, les courants et la taille du site<\/strong>.<\/p>\n<\/li>\n<li data-start=\"1149\" data-end=\"1228\">\n<p data-start=\"1151\" data-end=\"1228\">Nous souhaitons visiter le plus grand nombre possible de <strong data-start=\"1175\" data-end=\"1191\">sites uniques<\/strong> le plus possible pour une exp\u00e9rience vari\u00e9e !<\/p>\n<\/li>\n<\/ul>\n<hr data-start=\"1230\" data-end=\"1233\" \/>\n<h3 data-start=\"1235\" data-end=\"1261\">\ud83c\udf7d\ufe0f <strong data-start=\"1243\" data-end=\"1261\">D\u00e9jeuner \u00e0 bord<\/strong><\/h3>\n<ul data-start=\"1262\" data-end=\"1478\">\n<li data-start=\"1262\" data-end=\"1397\">\n<p data-start=\"1264\" data-end=\"1305\">Fra\u00eechement pr\u00e9par\u00e9s <strong data-start=\"1281\" data-end=\"1297\">buffet de d\u00e9jeuner<\/strong> avec :<\/p>\n<ul data-start=\"1308\" data-end=\"1397\">\n<li data-start=\"1308\" data-end=\"1325\">\n<p data-start=\"1310\" data-end=\"1325\">Poisson local \ud83d\udc1f<\/p>\n<\/li>\n<li data-start=\"1328\" data-end=\"1349\">\n<p data-start=\"1330\" data-end=\"1349\">P\u00e2tes et riz \ud83c\udf5d\ud83c\udf5a\ud83c\udf5a<\/p>\n<\/li>\n<li data-start=\"1352\" data-end=\"1375\">\n<p data-start=\"1354\" data-end=\"1375\">Poulet et viande \ud83c\udf57\ud83e\udd69<\/p>\n<\/li>\n<li data-start=\"1378\" data-end=\"1397\">\n<p data-start=\"1380\" data-end=\"1397\">Salades fra\u00eeches \ud83e\udd57<\/p>\n<\/li>\n<\/ul>\n<\/li>\n<li data-start=\"1398\" data-end=\"1478\">\n<p data-start=\"1400\" data-end=\"1478\">Comprend <strong data-start=\"1409\" data-end=\"1452\">boissons non alcoolis\u00e9es (eau, jus, th\u00e9, caf\u00e9)<\/strong> - limit\u00e9 mais rafra\u00eechissant !<\/p>\n<\/li>\n<\/ul>\n<hr data-start=\"1480\" data-end=\"1483\" \/>\n<h3 data-start=\"1485\" data-end=\"1516\">\ud83d\udee5\ufe0f <strong data-start=\"1493\" data-end=\"1516\">Nos installations nautiques<\/strong><\/h3>\n<ul data-start=\"1517\" data-end=\"1636\">\n<li data-start=\"1517\" data-end=\"1560\">\n<p data-start=\"1519\" data-end=\"1560\">Spacieux <strong data-start=\"1528\" data-end=\"1540\">terrasse ensoleill\u00e9e<\/strong> pour la d\u00e9tente \u2600\ufe0f<\/p>\n<\/li>\n<li data-start=\"1561\" data-end=\"1586\">\n<p data-start=\"1563\" data-end=\"1586\">A bord <strong data-start=\"1571\" data-end=\"1581\">douche<\/strong> \ud83d\udebf<\/p>\n<\/li>\n<li data-start=\"1587\" data-end=\"1636\">\n<p data-start=\"1589\" data-end=\"1636\">Confortable <strong data-start=\"1601\" data-end=\"1631\">salon pour les repas et les boissons<\/strong> \ud83c\udf79<\/p>\n<\/li>\n<\/ul>\n<hr data-start=\"1638\" data-end=\"1641\" \/>\n<h3 data-start=\"1643\" data-end=\"1679\">\ud83c\udf0d <strong data-start=\"1650\" data-end=\"1679\">L'engagement pour la conservation<\/strong><\/h3>\n<p data-start=\"1680\" data-end=\"1876\">Nous sommes fiers de soutenir <strong data-start=\"1699\" data-end=\"1771\">HEPCA (Hurghada Environmental Protection &amp; Conservation Association)<\/strong> et le <strong data-start=\"1780\" data-end=\"1821\">Agence \u00e9gyptienne des affaires environnementales<\/strong> pour prot\u00e9ger les <strong data-start=\"1837\" data-end=\"1872\">R\u00e9cifs et vie marine de la mer Rouge<\/strong>. \ud83d\udc22<\/p>\n<p data-start=\"1878\" data-end=\"2011\">Chaque plongeur et snorkeler, qu'il soit d\u00e9butant ou confirm\u00e9, a la responsabilit\u00e9 de <strong data-start=\"1953\" data-end=\"1987\">prot\u00e9ger cet \u00e9cosyst\u00e8me fragile<\/strong> pour les g\u00e9n\u00e9rations futures.<\/p>\n<hr data-start=\"2013\" data-end=\"2016\" \/>\n<h3 data-start=\"2018\" data-end=\"2044\"><strong data-start=\"2022\" data-end=\"2042\">Le programme comprend<\/strong><\/h3>\n<ul data-start=\"2045\" data-end=\"2167\">\n<li data-start=\"2045\" data-end=\"2069\">\n<p data-start=\"2047\" data-end=\"2069\">\ud83d\udc68\u200d\ud83c\udfeb <strong data-start=\"2053\" data-end=\"2067\">Guide de plong\u00e9e<\/strong><\/p>\n<\/li>\n<li data-start=\"2070\" data-end=\"2090\">\n<p data-start=\"2072\" data-end=\"2090\">\ud83d\udee2\ufe0f <strong data-start=\"2076\" data-end=\"2088\">R\u00e9servoir 12L<\/strong><\/p>\n<\/li>\n<li data-start=\"2091\" data-end=\"2109\">\n<p data-start=\"2093\" data-end=\"2109\">\u2696\ufe0f <strong data-start=\"2096\" data-end=\"2107\">Poids<\/strong><\/p>\n<\/li>\n<li data-start=\"2110\" data-end=\"2167\">\n<p data-start=\"2112\" data-end=\"2167\">\ud83d\ude90 <strong data-start=\"2115\" data-end=\"2167\">Transferts \u00e0 Hurghada, Makadi et Sahl Hashish<\/strong><\/p>\n<\/li>\n<\/ul>\n<p>\ud83d\udcdd Notes<\/p>\n<p>Nous proposons \u00e9galement des certifications de plong\u00e9e (d\u00e9butant et avanc\u00e9) sur demande.<\/p>\n<p>Possibilit\u00e9 de plong\u00e9e en apn\u00e9e uniquement : \u20ac20<\/p>\n<p>Les photos ne sont pas incluses dans le paquet.<\/p>\n<p>\ud83e\udd11 Prix du voyage<\/p>\n<p>\ud83d\ude4e\ud83c\udffb\u200d\u2642\ufe0f 10 ans et plus : \u20ac 30<\/p>\n<p>\ud83e\uddcd\ud83c\udffb\u200d\u2640\ufe0f Moins de 10 ans : \ud83d\udeab Interdit<\/p>\n<p>\ud83d\udc64 Invit\u00e9s accompagnants (pas de plong\u00e9e) : \u20ac 20<\/p>\n<table style=\"height: 115px;\" width=\"790\">\n<tbody>\n<tr>\n<td width=\"126\"><strong>\u00a0\u20ac\u00a0\u00a0\u00a045.00<\/strong><\/td>\n<td width=\"307\"><strong>Professionnel de la plong\u00e9e<\/strong><\/td>\n<\/tr>\n<tr>\n<td><strong>\u00a0\u20ac\u00a0\u00a0\u00a0 30.00<\/strong><\/td>\n<td><strong>Plong\u00e9e<\/strong><\/td>\n<\/tr>\n<tr>\n<td><strong>\u00a0\u20ac\u00a0\u00a0\u00a0 20.00<\/strong><\/td>\n<td><strong>Plong\u00e9e en apn\u00e9e<\/strong><\/td>\n<\/tr>\n<\/tbody>\n<\/table>\n<h3 data-start=\"2198\" data-end=\"2225\"><strong data-start=\"2205\" data-end=\"2223\">Le paiement en USD ($ \ud83c\uddfa\ud83c\uddf8) au lieu de l'EUR (\u20ac \ud83c\uddea\ud83c\uddfa) est possible en fonction du taux de change bancaire quotidien.<\/strong><\/h3>\n<p><strong>R\u00e9server par WhatsApp :<\/strong><\/p>\n<p><a href=\"https:\/\/api.whatsapp.com\/send\/?phone=01021058859\" target=\"_blank\" rel=\"noopener\">\u00a0<img decoding=\"async\" class=\"alignnone wp-image-2058\" src=\"https:\/\/poehalisnamiegypt.com\/wp-content\/uploads\/2024\/02\/pngwing.com_-300x300.png\" sizes=\"auto, (max-width: 35px) 100vw, 35px\" srcset=\"https:\/\/poehalisnamiegypt.com\/wp-content\/uploads\/2024\/02\/pngwing.com_-300x300.png 300w, https:\/\/poehalisnamiegypt.com\/wp-content\/uploads\/2024\/02\/pngwing.com_-150x150.png 150w, https:\/\/poehalisnamiegypt.com\/wp-content\/uploads\/2024\/02\/pngwing.com_.png 584w\" alt=\"\" width=\"53\" height=\"53\" \/><\/a><\/p>\n<div id=\"gtx-trans\" style=\"position: absolute; left: 488px; top: 62.0278px;\">\n<div class=\"gtx-trans-icon\"><\/div>\n<\/div>","protected":false},"excerpt":{"rendered":"<p>\ud83c\udf0a Daily Diving Adventure in Hurghada \u2013 Explore the Red Sea! Dive into the crystal-clear waters of the Red Sea in Hurghada and experience a world of colorful reefs and fascinating marine life! \ud83d\udc20 Our professional team of instructors is ready to give you an unforgettable underwater adventure. \ud83d\udd57 Trip Schedule Start Time: 8:30 AM [&hellip;]<\/p>\n","protected":false},"featured_media":9459,"comment_status":"open","ping_status":"closed","template":"","meta":{"_monsterinsights_skip_tracking":false,"_monsterinsights_sitenote_active":false,"_monsterinsights_sitenote_note":"","_monsterinsights_sitenote_category":0,"_mbp_gutenberg_autopost":false},"product_brand":[],"product_cat":[78,60],"product_tag":[],"class_list":{"0":"post-9419","1":"product","2":"type-product","3":"status-publish","4":"has-post-thumbnail","6":"product_cat-red","7":"product_cat-sea","9":"first","10":"instock","11":"shipping-taxable","12":"purchasable","13":"product-type-ovabrw_car_rental"},"_links":{"self":[{"href":"https:\/\/redsea-dream-tours.net\/fr\/wp-json\/wp\/v2\/product\/9419","targetHints":{"allow":["GET"]}}],"collection":[{"href":"https:\/\/redsea-dream-tours.net\/fr\/wp-json\/wp\/v2\/product"}],"about":[{"href":"https:\/\/redsea-dream-tours.net\/fr\/wp-json\/wp\/v2\/types\/product"}],"replies":[{"embeddable":true,"href":"https:\/\/redsea-dream-tours.net\/fr\/wp-json\/wp\/v2\/comments?post=9419"}],"wp:featuredmedia":[{"embeddable":true,"href":"https:\/\/redsea-dream-tours.net\/fr\/wp-json\/wp\/v2\/media\/9459"}],"wp:attachment":[{"href":"https:\/\/redsea-dream-tours.net\/fr\/wp-json\/wp\/v2\/media?parent=9419"}],"wp:term":[{"taxonomy":"product_brand","embeddable":true,"href":"https:\/\/redsea-dream-tours.net\/fr\/wp-json\/wp\/v2\/product_brand?post=9419"},{"taxonomy":"product_cat","embeddable":true,"href":"https:\/\/redsea-dream-tours.net\/fr\/wp-json\/wp\/v2\/product_cat?post=9419"},{"taxonomy":"product_tag","embeddable":true,"href":"https:\/\/redsea-dream-tours.net\/fr\/wp-json\/wp\/v2\/product_tag?post=9419"}],"curies":[{"name":"wp","href":"https:\/\/api.w.org\/{rel}","templated":true}]}}