{"id":9422,"date":"2026-03-01T20:19:58","date_gmt":"2026-03-01T20:19:58","guid":{"rendered":"https:\/\/redsea-dream-tours.net\/?post_type=product&#038;p=9422"},"modified":"2026-03-09T20:15:34","modified_gmt":"2026-03-09T20:15:34","slug":"luxor-bus-tour-kings-valley-karnak-nile-day","status":"publish","type":"product","link":"https:\/\/redsea-dream-tours.net\/fr\/produit\/luxor-bus-tour-kings-valley-karnak-nile-day\/","title":{"rendered":"Excursion en bus \u00e0 Louxor : Vall\u00e9e des Rois, Karnak et Journ\u00e9e du Nil"},"content":{"rendered":"<h3 data-start=\"177\" data-end=\"251\">\ud83d\ude8c <strong data-start=\"184\" data-end=\"249\">Excursion d'une journ\u00e9e en bus \u00e0 Louxor - Voyage au c\u0153ur de l'\u00c9gypte ancienne<\/strong><\/h3>\n<p data-start=\"253\" data-end=\"576\">Embarquez pour un voyage inoubliable de <strong data-start=\"293\" data-end=\"320\">Hurghada (ou votre ville)<\/strong> vers la terre intemporelle des pharaons - <strong data-start=\"360\" data-end=\"369\">Louxor<\/strong>, Cette ville abrite pr\u00e8s d'un tiers des monuments anciens du monde. Cette visite en bus, soigneusement pr\u00e9par\u00e9e, offre une vue d'ensemble de la ville et de ses monuments. <strong data-start=\"481\" data-end=\"574\">Le voyage se d\u00e9roule dans un cadre confortable, avec des conseils d'experts et une journ\u00e9e remplie d'histoire, de culture et d'aventure.<\/strong><\/p>\n<hr data-start=\"578\" data-end=\"581\" \/>\n<h3 data-start=\"583\" data-end=\"619\">\ud83c\udf05 <strong data-start=\"590\" data-end=\"617\">D\u00e9part t\u00f4t le matin<\/strong><\/h3>\n<p data-start=\"620\" data-end=\"838\">Votre aventure commence par un <strong data-start=\"650\" data-end=\"675\">prise en charge t\u00f4t le matin<\/strong> de votre h\u00f4tel dans un bus moderne et climatis\u00e9. Asseyez-vous, d\u00e9tendez-vous et profitez du trajet pittoresque sur les routes du d\u00e9sert alors que le soleil se l\u00e8ve sur les sables dor\u00e9s de l'\u00c9gypte.<\/p>\n<hr data-start=\"840\" data-end=\"843\" \/>\n<h3 data-start=\"845\" data-end=\"892\">\ud83c\udfdc\ufe0f <strong data-start=\"853\" data-end=\"890\">Explorer la rive ouest du Nil<\/strong><\/h3>\n<p data-start=\"893\" data-end=\"1079\">Entrez dans le monde des rois et des reines de l'Antiquit\u00e9 en visitant les <strong data-start=\"958\" data-end=\"981\">Vall\u00e9e des rois<\/strong> \ud83c\udfdb\ufe0f - le dernier lieu de repos des pharaons l\u00e9gendaires d'\u00c9gypte, y compris la tombe de Toutankhamon.<\/p>\n<ul data-start=\"1080\" data-end=\"1292\">\n<li data-start=\"1080\" data-end=\"1189\">\n<p data-start=\"1082\" data-end=\"1189\">Visiter <strong data-start=\"1088\" data-end=\"1109\">Temple d'Hatchepsout<\/strong> - un chef-d'\u0153uvre architectural d\u00e9di\u00e9 \u00e0 la seule femme pharaon de l'\u00c9gypte.<\/p>\n<\/li>\n<li data-start=\"1190\" data-end=\"1292\">\n<p data-start=\"1192\" data-end=\"1292\">Arr\u00eatez-vous \u00e0 la <strong data-start=\"1204\" data-end=\"1225\">Colosses de Memnon<\/strong> - deux statues de pierre massives qui montent la garde depuis plus de 3 000 ans.<\/p>\n<\/li>\n<\/ul>\n<hr data-start=\"1294\" data-end=\"1297\" \/>\n<h3 data-start=\"1299\" data-end=\"1342\">\ud83c\udffa <strong data-start=\"1306\" data-end=\"1340\">D\u00e9couvrir les merveilles de la rive orientale<\/strong><\/h3>\n<p data-start=\"1343\" data-end=\"1489\">Traversez le majestueux fleuve Nil pour explorer les <strong data-start=\"1388\" data-end=\"1413\">Complexe du temple de Karnak<\/strong> \u26e9\ufe0f - l'un des sites religieux les plus grands et les plus impressionnants du monde.<\/p>\n<ul data-start=\"1490\" data-end=\"1612\">\n<li data-start=\"1490\" data-end=\"1541\">\n<p data-start=\"1492\" data-end=\"1541\">Promenez-vous parmi les colonnes imposantes et les lacs sacr\u00e9s.<\/p>\n<\/li>\n<li data-start=\"1542\" data-end=\"1612\">\n<p data-start=\"1544\" data-end=\"1612\">Apprenez les histoires qui se cachent derri\u00e8re les anciennes inscriptions et les hi\u00e9roglyphes.<\/p>\n<\/li>\n<\/ul>\n<hr data-start=\"1614\" data-end=\"1617\" \/>\n<h3 data-start=\"1619\" data-end=\"1649\">\ud83c\udf74 <strong data-start=\"1626\" data-end=\"1647\">D\u00e9jeuner avec vue<\/strong><\/h3>\n<p data-start=\"1650\" data-end=\"1801\">Savourez un d\u00e9licieux <strong data-start=\"1668\" data-end=\"1686\">D\u00e9jeuner \u00e9gyptien<\/strong> \ud83c\udf7d\ufe0f dans un restaurant local surplombant le Nil, o\u00f9 vous pourrez vous d\u00e9tendre et vous impr\u00e9gner de l'atmosph\u00e8re magique de Louxor.<\/p>\n<hr data-start=\"1803\" data-end=\"1806\" \/>\n<h3 data-start=\"1808\" data-end=\"1842\">\ud83d\udecd\ufe0f <strong data-start=\"1816\" data-end=\"1840\">Shopping et souvenirs<\/strong><\/h3>\n<p data-start=\"1843\" data-end=\"1998\">Faites une halte dans un bazar traditionnel \ud83d\udecd\ufe0f o\u00f9 vous pourrez acheter des souvenirs uniques, de l'artisanat fait \u00e0 la main et des produits \u00e9gyptiens authentiques pour vous souvenir de votre voyage.<\/p>\n<hr data-start=\"2000\" data-end=\"2003\" \/>\n<h3 data-start=\"2005\" data-end=\"2032\">\ud83c\udf07 <strong data-start=\"2012\" data-end=\"2030\">Voyage de retour<\/strong><\/h3>\n<p data-start=\"2033\" data-end=\"2214\">\u00c0 la fin de la journ\u00e9e, vous monterez dans votre bus et retournerez \u00e0 votre h\u00f4tel, emportant avec vous des souvenirs inoubliables. <strong data-start=\"2149\" data-end=\"2211\">des merveilles anciennes, une culture dynamique et des paysages \u00e0 couper le souffle<\/strong>.<\/p>\n<hr data-start=\"2216\" data-end=\"2219\" \/>\n<h3 data-start=\"2221\" data-end=\"2247\"><strong data-start=\"2225\" data-end=\"2245\">Points forts de la visite :<\/strong><\/h3>\n<ul data-start=\"2248\" data-end=\"2500\">\n<li data-start=\"2248\" data-end=\"2309\">\n<p data-start=\"2250\" data-end=\"2309\">\ud83d\ude8c Transfert aller-retour confortable en bus climatis\u00e9<\/p>\n<\/li>\n<li data-start=\"2310\" data-end=\"2389\">\n<p data-start=\"2312\" data-end=\"2389\">\ud83c\udfdb\ufe0f Visites guid\u00e9es de la Vall\u00e9e des Rois, ou de la Vall\u00e9e des Reines, du Temple d'Hatchepsout et du Temple de Karnak<\/p>\n<\/li>\n<li data-start=\"2390\" data-end=\"2425\">\n<p data-start=\"2392\" data-end=\"2425\">\ud83c\udf7d\ufe0f D\u00e9jeuner dans un restaurant local<\/p>\n<\/li>\n<li data-start=\"2426\" data-end=\"2461\">\n<p data-start=\"2428\" data-end=\"2461\">\u26f4\ufe0f Travers\u00e9e du Nil incluse<\/p>\n<\/li>\n<li data-start=\"2462\" data-end=\"2500\">\n<p data-start=\"2464\" data-end=\"2500\">\ud83d\udcdc Guide \u00e9gyptologue professionnel<\/p>\n<\/li>\n<\/ul>\n<hr data-start=\"2216\" data-end=\"2219\" \/>\n<h3 data-start=\"493\" data-end=\"529\">\ud83d\udde3\ufe0f <strong data-start=\"501\" data-end=\"527\">Nous parlons votre langue<\/strong><\/h3>\n<ul data-start=\"530\" data-end=\"594\">\n<li>Polonais<\/li>\n<li>Fran\u00e7ais<\/li>\n<li>Anglais<\/li>\n<li>Allemand<\/li>\n<li>Portugais<\/li>\n<li>Espagnol<\/li>\n<li>...et plus encore !<\/li>\n<\/ul>\n<p data-start=\"596\" data-end=\"678\">D'o\u00f9 que vous veniez, nous assurons une communication fluide et une touche personnalis\u00e9e.<\/p>\n<hr data-start=\"2216\" data-end=\"2219\" \/>\n<p data-start=\"54\" data-end=\"117\">\ud83d\udccc <strong data-start=\"57\" data-end=\"73\">Note sp\u00e9ciale<\/strong><br data-start=\"73\" data-end=\"76\" \/>\u2728 D\u00e9couvrez la magie de Louxor en bus !<\/p>\n<ul data-start=\"118\" data-end=\"278\">\n<li data-start=\"118\" data-end=\"193\">\n<p data-start=\"120\" data-end=\"193\">Seulement <strong data-start=\"125\" data-end=\"132\">\u20ac55<\/strong> - D\u00e9couvrez la fascinante <strong data-start=\"160\" data-end=\"191\">Temple de la Vall\u00e9e des Reines<\/strong><\/p>\n<\/li>\n<li data-start=\"194\" data-end=\"278\">\n<p data-start=\"196\" data-end=\"278\">Juste <strong data-start=\"201\" data-end=\"208\">\u20ac65<\/strong> - Entrez dans l'histoire en visitant le l\u00e9gendaire <strong data-start=\"246\" data-end=\"276\">Temple de la Vall\u00e9e des Rois<\/strong><\/p>\n<\/li>\n<\/ul>\n<hr data-start=\"2216\" data-end=\"2219\" \/>\n<h3 data-start=\"2198\" data-end=\"2225\"><strong data-start=\"2205\" data-end=\"2223\">\ud83e\udd11 Prix de l'excursion<\/strong><\/h3>\n<p data-start=\"2228\" data-end=\"2260\"><strong data-start=\"2233\" data-end=\"2258\">\u00a0 \u00a0<img decoding=\"async\" class=\"emoji\" role=\"img\" draggable=\"false\" src=\"https:\/\/s.w.org\/images\/core\/emoji\/16.0.1\/svg\/1f64e-1f3fb-200d-2642-fe0f.svg\" alt=\"\ud83d\ude4e\ud83c\udffb\u200d\u2642\ufe0f\" \/> 12 ans et plus 55 euros<\/strong><\/p>\n<p data-start=\"2228\" data-end=\"2260\"><strong data-start=\"2263\" data-end=\"2280\">\u00a0 \u00a0<img decoding=\"async\" class=\"emoji\" role=\"img\" draggable=\"false\" src=\"https:\/\/s.w.org\/images\/core\/emoji\/16.0.1\/svg\/1f9cd-1f3fb-200d-2640-fe0f.svg\" alt=\"\ud83e\uddcd\ud83c\udffb\u200d\u2640\ufe0f\" \/> 6\/11 ans 30 \u20ac<\/strong><\/p>\n<p data-start=\"2228\" data-end=\"2260\"><strong data-start=\"2327\" data-end=\"2355\">\u00a0 \u00a0<img decoding=\"async\" class=\"emoji\" role=\"img\" draggable=\"false\" src=\"https:\/\/s.w.org\/images\/core\/emoji\/16.0.1\/svg\/1f47c-1f3fc.svg\" alt=\"\ud83d\udc7c\ud83c\udffc\" \/> -6 ans 15 \u20ac<\/strong><\/p>\n<h3 data-start=\"2198\" data-end=\"2225\"><strong data-start=\"2205\" data-end=\"2223\">Le paiement en USD ($ \ud83c\uddfa\ud83c\uddf8) au lieu de l'EUR (\u20ac \ud83c\uddea\ud83c\uddfa) est possible en fonction du taux de change bancaire quotidien.<\/strong><\/h3>\n<p><strong>R\u00e9server par WhatsApp :<\/strong><\/p>\n<p><a href=\"https:\/\/api.whatsapp.com\/send\/?phone=01021058859\" target=\"_blank\" rel=\"noopener\">\u00a0<img decoding=\"async\" class=\"alignnone wp-image-2058\" src=\"https:\/\/poehalisnamiegypt.com\/wp-content\/uploads\/2024\/02\/pngwing.com_-300x300.png\" sizes=\"auto, (max-width: 35px) 100vw, 35px\" srcset=\"https:\/\/poehalisnamiegypt.com\/wp-content\/uploads\/2024\/02\/pngwing.com_-300x300.png 300w, https:\/\/poehalisnamiegypt.com\/wp-content\/uploads\/2024\/02\/pngwing.com_-150x150.png 150w, https:\/\/poehalisnamiegypt.com\/wp-content\/uploads\/2024\/02\/pngwing.com_.png 584w\" alt=\"\" width=\"53\" height=\"53\" \/><\/a><\/p>\n<div id=\"gtx-trans\" style=\"position: absolute; left: 80px; top: 53.7083px;\">\n<div class=\"gtx-trans-icon\"><\/div>\n<\/div>\n<div id=\"gtx-trans\" style=\"position: absolute; left: 79px; top: 53.7083px;\">\n<div class=\"gtx-trans-icon\"><\/div>\n<\/div>","protected":false},"excerpt":{"rendered":"<p>\ud83d\ude8c Luxor Day Trip by Bus \u2013 Journey to the Heart of Ancient Egypt Embark on an unforgettable journey from Hurghada (or your city) to the timeless land of the pharaohs \u2013 Luxor, a city that holds nearly one-third of the world\u2019s ancient monuments. This carefully planned bus tour offers a comfortable ride, expert guidance, [&hellip;]<\/p>\n","protected":false},"featured_media":9456,"comment_status":"open","ping_status":"closed","template":"","meta":{"_monsterinsights_skip_tracking":false,"_monsterinsights_sitenote_active":false,"_monsterinsights_sitenote_note":"","_monsterinsights_sitenote_category":0,"_mbp_gutenberg_autopost":false},"product_brand":[],"product_cat":[59,78],"product_tag":[],"class_list":{"0":"post-9422","1":"product","2":"type-product","3":"status-publish","4":"has-post-thumbnail","6":"product_cat-luxor","7":"product_cat-red","9":"first","10":"instock","11":"shipping-taxable","12":"purchasable","13":"product-type-ovabrw_car_rental"},"_links":{"self":[{"href":"https:\/\/redsea-dream-tours.net\/fr\/wp-json\/wp\/v2\/product\/9422","targetHints":{"allow":["GET"]}}],"collection":[{"href":"https:\/\/redsea-dream-tours.net\/fr\/wp-json\/wp\/v2\/product"}],"about":[{"href":"https:\/\/redsea-dream-tours.net\/fr\/wp-json\/wp\/v2\/types\/product"}],"replies":[{"embeddable":true,"href":"https:\/\/redsea-dream-tours.net\/fr\/wp-json\/wp\/v2\/comments?post=9422"}],"wp:featuredmedia":[{"embeddable":true,"href":"https:\/\/redsea-dream-tours.net\/fr\/wp-json\/wp\/v2\/media\/9456"}],"wp:attachment":[{"href":"https:\/\/redsea-dream-tours.net\/fr\/wp-json\/wp\/v2\/media?parent=9422"}],"wp:term":[{"taxonomy":"product_brand","embeddable":true,"href":"https:\/\/redsea-dream-tours.net\/fr\/wp-json\/wp\/v2\/product_brand?post=9422"},{"taxonomy":"product_cat","embeddable":true,"href":"https:\/\/redsea-dream-tours.net\/fr\/wp-json\/wp\/v2\/product_cat?post=9422"},{"taxonomy":"product_tag","embeddable":true,"href":"https:\/\/redsea-dream-tours.net\/fr\/wp-json\/wp\/v2\/product_tag?post=9422"}],"curies":[{"name":"wp","href":"https:\/\/api.w.org\/{rel}","templated":true}]}}