{"id":9426,"date":"2026-03-01T20:19:58","date_gmt":"2026-03-01T20:19:58","guid":{"rendered":"https:\/\/redsea-dream-tours.net\/?post_type=product&#038;p=9426"},"modified":"2026-03-09T20:14:49","modified_gmt":"2026-03-09T20:14:49","slug":"cairo-bus-tour-pyramids-sphinx-museum-day","status":"publish","type":"product","link":"https:\/\/redsea-dream-tours.net\/fr\/produit\/cairo-bus-tour-pyramids-sphinx-museum-day\/","title":{"rendered":"Excursion en bus au Caire : Journ\u00e9e Pyramides, Sphinx et Mus\u00e9es"},"content":{"rendered":"<h3 data-start=\"187\" data-end=\"250\">\ud83d\ude8c <strong data-start=\"194\" data-end=\"248\">Excursion d'une journ\u00e9e au Caire en bus - Explorez le c\u0153ur de l'\u00c9gypte<\/strong><\/h3>\n<p data-start=\"252\" data-end=\"513\">Embarquez pour un voyage inoubliable vers <strong data-start=\"290\" data-end=\"299\">Le Caire<\/strong>, La ville est une capitale anim\u00e9e o\u00f9 les merveilles de l'Antiquit\u00e9 c\u00f4toient la vie moderne. Cette excursion en bus d'une journ\u00e9e compl\u00e8te est con\u00e7ue pour les voyageurs qui souhaitent explorer <strong data-start=\"431\" data-end=\"464\">Les sites les plus embl\u00e9matiques d'\u00c9gypte<\/strong> tout en b\u00e9n\u00e9ficiant du confort, de l'encadrement et de la culture.<\/p>\n<hr data-start=\"515\" data-end=\"518\" \/>\n<h3 data-start=\"493\" data-end=\"529\">\ud83d\udde3\ufe0f <strong data-start=\"501\" data-end=\"527\">Nous parlons votre langue<\/strong><\/h3>\n<ul data-start=\"530\" data-end=\"594\">\n<li>Polonais<\/li>\n<li>Fran\u00e7ais<\/li>\n<li>Anglais<\/li>\n<li>Allemand<\/li>\n<li>Portugais<\/li>\n<li>Espagnol<\/li>\n<li>...et plus encore !<\/li>\n<\/ul>\n<p data-start=\"596\" data-end=\"678\">D'o\u00f9 que vous veniez, nous assurons une communication fluide et une touche personnalis\u00e9e.<\/p>\n<hr data-start=\"515\" data-end=\"518\" \/>\n<h3 data-start=\"520\" data-end=\"556\">\ud83c\udf05 <strong data-start=\"527\" data-end=\"554\">D\u00e9part t\u00f4t le matin<\/strong><\/h3>\n<ul data-start=\"557\" data-end=\"808\">\n<li data-start=\"557\" data-end=\"675\">\n<p data-start=\"559\" data-end=\"675\"><strong data-start=\"559\" data-end=\"576\">Prise en charge \u00e0 l'h\u00f4tel<\/strong> \ud83d\ude90 : Commencez votre aventure par un ramassage matinal \u00e0 votre h\u00f4tel dans un bus moderne et climatis\u00e9.<\/p>\n<\/li>\n<li data-start=\"676\" data-end=\"808\">\n<p data-start=\"678\" data-end=\"808\"><strong data-start=\"678\" data-end=\"701\">Bus panoramique du d\u00e9sert <\/strong>\ud83c\udfdc\ufe0f : D\u00e9tendez-vous et profitez des paysages changeants en traversant les d\u00e9serts dor\u00e9s de l'\u00c9gypte en direction du Caire.<\/p>\n<\/li>\n<\/ul>\n<hr data-start=\"810\" data-end=\"813\" \/>\n<h3 data-start=\"815\" data-end=\"857\">\ud83c\udfdb\ufe0f <strong data-start=\"823\" data-end=\"855\">Pyramides de Gizeh et Grand Sphinx<\/strong><\/h3>\n<ul data-start=\"858\" data-end=\"1187\">\n<li data-start=\"858\" data-end=\"968\">\n<p data-start=\"860\" data-end=\"968\">Restez en admiration devant le l\u00e9gendaire <strong data-start=\"894\" data-end=\"914\">Pyramides de Gizeh<\/strong>, l'un des <strong data-start=\"927\" data-end=\"965\">Les sept merveilles du monde antique<\/strong>.<\/p>\n<\/li>\n<li data-start=\"969\" data-end=\"1079\">\n<p data-start=\"971\" data-end=\"1079\">Explorer le <strong data-start=\"983\" data-end=\"999\">Grand Sphinx<\/strong> \ud83e\udd81, le myst\u00e9rieux gardien du plateau, et prendre des photos inoubliables.<\/p>\n<\/li>\n<li data-start=\"1080\" data-end=\"1187\">\n<p data-start=\"1082\" data-end=\"1187\">En option : Entrez dans l'une des pyramides pour approfondir votre connaissance de l'ing\u00e9nierie ancienne (billet suppl\u00e9mentaire requis).<\/p>\n<\/li>\n<\/ul>\n<hr data-start=\"1189\" data-end=\"1192\" \/>\n<h3 data-start=\"1194\" data-end=\"1237\">\ud83c\udffa <strong data-start=\"1201\" data-end=\"1235\">Mus\u00e9e \u00e9gyptien des antiquit\u00e9s<\/strong><\/h3>\n<ul data-start=\"1238\" data-end=\"1473\">\n<li data-start=\"1238\" data-end=\"1372\">\n<p data-start=\"1240\" data-end=\"1372\">D\u00e9couvrez plus de <strong data-start=\"1254\" data-end=\"1275\">120 000 objets<\/strong> au mus\u00e9e de renomm\u00e9e mondiale, y compris des tr\u00e9sors de <strong data-start=\"1327\" data-end=\"1349\">Le tombeau de Toutankhamon<\/strong> et des momies anciennes.<\/p>\n<\/li>\n<li data-start=\"1373\" data-end=\"1473\">\n<p data-start=\"1375\" data-end=\"1473\">Votre guide \u00e9gyptologue vous r\u00e9v\u00e9lera les secrets des reliques inestimables et des tr\u00e9sors royaux.<\/p>\n<\/li>\n<\/ul>\n<hr data-start=\"1475\" data-end=\"1478\" \/>\n<h3 data-start=\"1480\" data-end=\"1515\">\ud83c\udf74 <strong data-start=\"1487\" data-end=\"1513\">D\u00e9jeuner dans un restaurant local de qualit\u00e9<\/strong><\/h3>\n<ul data-start=\"1516\" data-end=\"1669\">\n<li data-start=\"1516\" data-end=\"1610\">\n<p data-start=\"1518\" data-end=\"1610\">Profitez d'un <strong data-start=\"1526\" data-end=\"1554\">d\u00e9licieux d\u00e9jeuner \u00e9gyptien<\/strong> \ud83c\udf7d\ufe0f .<\/p>\n<\/li>\n<li data-start=\"1611\" data-end=\"1669\">\n<p data-start=\"1613\" data-end=\"1669\">Rafra\u00eechissez-vous et rechargez-vous avant de poursuivre votre aventure.<\/p>\n<\/li>\n<\/ul>\n<hr data-start=\"1671\" data-end=\"1674\" \/>\n<h3 data-start=\"1676\" data-end=\"1718\">\ud83d\udecd\ufe0f <strong data-start=\"1684\" data-end=\"1716\">Shopping et exp\u00e9riences locales<\/strong><\/h3>\n<ul data-start=\"1719\" data-end=\"1863\">\n<li data-start=\"1719\" data-end=\"1863\">\n<p data-start=\"1721\" data-end=\"1863\">Promenade dans une maison traditionnelle <strong data-start=\"1750\" data-end=\"1779\">bazar ou galerie de papyrus<\/strong> \ud83d\udecd\ufe0f o\u00f9 vous trouverez des souvenirs uniques, des parfums et de l'artisanat \u00e9gyptien authentique.<\/p>\n<\/li>\n<\/ul>\n<hr data-start=\"1865\" data-end=\"1868\" \/>\n<h3 data-start=\"1870\" data-end=\"1897\">\ud83c\udf07 <strong data-start=\"1877\" data-end=\"1895\">Voyage de retour<\/strong><\/h3>\n<ul data-start=\"1898\" data-end=\"2041\">\n<li data-start=\"1898\" data-end=\"2041\">\n<p data-start=\"1900\" data-end=\"2041\">Apr\u00e8s une journ\u00e9e d'exploration, montez \u00e0 bord de votre bus pour un voyage d'une journ\u00e9e. <strong data-start=\"1954\" data-end=\"1981\">voyage de retour confortable<\/strong> \u00e0 votre h\u00f4tel avec des souvenirs magiques des tr\u00e9sors du Caire.<\/p>\n<\/li>\n<\/ul>\n<hr data-start=\"2043\" data-end=\"2046\" \/>\n<h3 data-start=\"2048\" data-end=\"2073\"><strong data-start=\"2052\" data-end=\"2071\">Points forts de la visite<\/strong><\/h3>\n<ul data-start=\"2074\" data-end=\"2327\">\n<li data-start=\"2074\" data-end=\"2129\">\n<p data-start=\"2076\" data-end=\"2129\">\ud83d\ude8c Transport aller-retour en bus climatis\u00e9<\/p>\n<\/li>\n<li data-start=\"2130\" data-end=\"2186\">\n<p data-start=\"2132\" data-end=\"2186\">\ud83c\udfdb\ufe0f Visite des pyramides de Gizeh, du Sphinx et du mus\u00e9e \u00e9gyptien<\/p>\n<\/li>\n<li data-start=\"2187\" data-end=\"2230\">\n<p data-start=\"2189\" data-end=\"2230\">\ud83c\udf7d\ufe0f D\u00e9jeuner dans un restaurant local de qualit\u00e9<\/p>\n<\/li>\n<li data-start=\"2231\" data-end=\"2269\">\n<p data-start=\"2233\" data-end=\"2269\">\ud83d\udcdc Guide \u00e9gyptologue professionnel<\/p>\n<\/li>\n<li data-start=\"2270\" data-end=\"2327\">\n<p data-start=\"2272\" data-end=\"2327\">\ud83d\udecd\ufe0f Possibilit\u00e9s d'achats dans des bazars locaux authentiques<\/p>\n<\/li>\n<\/ul>\n<h3 data-start=\"2198\" data-end=\"2225\"><strong data-start=\"2205\" data-end=\"2223\">\ud83e\udd11 Prix de l'excursion<\/strong><\/h3>\n<ul data-start=\"2226\" data-end=\"2413\">\n<li data-start=\"2226\" data-end=\"2260\">\n<p data-start=\"2228\" data-end=\"2260\"><strong data-start=\"2233\" data-end=\"2258\"><img decoding=\"async\" class=\"emoji\" role=\"img\" draggable=\"false\" src=\"https:\/\/s.w.org\/images\/core\/emoji\/16.0.1\/svg\/1f64e-1f3fb-200d-2642-fe0f.svg\" alt=\"\ud83d\ude4e\ud83c\udffb\u200d\u2642\ufe0f\" \/> 12 ans et plus 55 euros<\/strong><\/p>\n<\/li>\n<li data-start=\"2261\" data-end=\"2309\">\n<p data-start=\"2263\" data-end=\"2309\"><strong data-start=\"2263\" data-end=\"2280\"><img decoding=\"async\" class=\"emoji\" role=\"img\" draggable=\"false\" src=\"https:\/\/s.w.org\/images\/core\/emoji\/16.0.1\/svg\/1f9cd-1f3fb-200d-2640-fe0f.svg\" alt=\"\ud83e\uddcd\ud83c\udffb\u200d\u2640\ufe0f\" \/> 6\/11 ans 30 \u20ac<\/strong><\/p>\n<\/li>\n<li data-start=\"2310\" data-end=\"2357\">\n<p data-start=\"2312\" data-end=\"2357\"><strong data-start=\"2327\" data-end=\"2355\"><img decoding=\"async\" class=\"emoji\" role=\"img\" draggable=\"false\" src=\"https:\/\/s.w.org\/images\/core\/emoji\/16.0.1\/svg\/1f47c-1f3fc.svg\" alt=\"\ud83d\udc7c\ud83c\udffc\" \/> -6 ans 15 \u20ac<\/strong><\/p>\n<\/li>\n<\/ul>\n<h3 data-start=\"2198\" data-end=\"2225\"><strong data-start=\"2205\" data-end=\"2223\">Le paiement en USD ($ \ud83c\uddfa\ud83c\uddf8) au lieu de l'EUR (\u20ac \ud83c\uddea\ud83c\uddfa) est possible en fonction du taux de change bancaire quotidien.<\/strong><\/h3>","protected":false},"excerpt":{"rendered":"<p>\ud83d\ude8c Cairo Day Trip by Bus \u2013 Explore the Heart of Egypt Embark on an unforgettable journey to Cairo, the bustling capital where ancient wonders meet modern life. This full-day bus tour is designed for travelers who want to explore Egypt\u2019s most iconic landmarks while enjoying comfort, guidance, and culture. \ud83d\udde3\ufe0f We Speak Your Language [&hellip;]<\/p>\n","protected":false},"featured_media":9497,"comment_status":"open","ping_status":"closed","template":"","meta":{"_monsterinsights_skip_tracking":false,"_monsterinsights_sitenote_active":false,"_monsterinsights_sitenote_note":"","_monsterinsights_sitenote_category":0,"_mbp_gutenberg_autopost":false},"product_brand":[],"product_cat":[58,78],"product_tag":[],"class_list":{"0":"post-9426","1":"product","2":"type-product","3":"status-publish","4":"has-post-thumbnail","6":"product_cat-cairo","7":"product_cat-red","9":"first","10":"instock","11":"shipping-taxable","12":"purchasable","13":"product-type-ovabrw_car_rental"},"_links":{"self":[{"href":"https:\/\/redsea-dream-tours.net\/fr\/wp-json\/wp\/v2\/product\/9426","targetHints":{"allow":["GET"]}}],"collection":[{"href":"https:\/\/redsea-dream-tours.net\/fr\/wp-json\/wp\/v2\/product"}],"about":[{"href":"https:\/\/redsea-dream-tours.net\/fr\/wp-json\/wp\/v2\/types\/product"}],"replies":[{"embeddable":true,"href":"https:\/\/redsea-dream-tours.net\/fr\/wp-json\/wp\/v2\/comments?post=9426"}],"wp:featuredmedia":[{"embeddable":true,"href":"https:\/\/redsea-dream-tours.net\/fr\/wp-json\/wp\/v2\/media\/9497"}],"wp:attachment":[{"href":"https:\/\/redsea-dream-tours.net\/fr\/wp-json\/wp\/v2\/media?parent=9426"}],"wp:term":[{"taxonomy":"product_brand","embeddable":true,"href":"https:\/\/redsea-dream-tours.net\/fr\/wp-json\/wp\/v2\/product_brand?post=9426"},{"taxonomy":"product_cat","embeddable":true,"href":"https:\/\/redsea-dream-tours.net\/fr\/wp-json\/wp\/v2\/product_cat?post=9426"},{"taxonomy":"product_tag","embeddable":true,"href":"https:\/\/redsea-dream-tours.net\/fr\/wp-json\/wp\/v2\/product_tag?post=9426"}],"curies":[{"name":"wp","href":"https:\/\/api.w.org\/{rel}","templated":true}]}}