{"id":9429,"date":"2026-03-01T20:19:58","date_gmt":"2026-03-01T20:19:58","guid":{"rendered":"https:\/\/redsea-dream-tours.net\/?post_type=product&#038;p=9429"},"modified":"2026-03-01T20:20:42","modified_gmt":"2026-03-01T20:20:42","slug":"cairo-overnight-pyramids-museum-old-cairo","status":"publish","type":"product","link":"https:\/\/redsea-dream-tours.net\/fr\/produit\/cairo-overnight-pyramids-museum-old-cairo\/","title":{"rendered":"Nuit au Caire : Pyramides, Mus\u00e9e et Vieux Caire"},"content":{"rendered":"<h3 data-start=\"149\" data-end=\"222\">\ud83c\udf0d <strong data-start=\"156\" data-end=\"220\">D\u00e9couvrir l'\u00c9gypte avec une qualit\u00e9 in\u00e9gal\u00e9e et un service personnalis\u00e9<\/strong><\/h3>\n<p data-start=\"224\" data-end=\"486\">Au <strong data-start=\"227\" data-end=\"252\">Le Caire - Excursions avec nuit\u00e9e<\/strong>, nous pensons que <strong data-start=\"270\" data-end=\"319\">l'excellence de la qualit\u00e9 ne doit jamais faire l'objet d'un compromis<\/strong>. Avec plus de <strong data-start=\"331\" data-end=\"381\">20 ans d'exp\u00e9rience dans l'industrie du tourisme<\/strong>, Notre mission est de vous fournir <strong data-start=\"418\" data-end=\"483\">des exp\u00e9riences uniques, authentiques et inoubliables \u00e0 travers l'\u00c9gypte<\/strong>.<\/p>\n<p data-start=\"224\" data-end=\"486\">\u2728 Le premier jour,<\/p>\n<p data-start=\"224\" data-end=\"486\">Restez bouche b\u00e9e devant les l\u00e9gendaires pyramides de Gizeh et l'intemporel Sphinx, puis d\u00e9couvrez des tr\u00e9sors inestimables au mus\u00e9e \u00e9gyptien. Au coucher du soleil, profitez d'une promenade paisible sur le Nil avant de vous rendre \u00e0 votre h\u00f4tel. La soir\u00e9e se termine par un d\u00e9licieux d\u00eener traditionnel et le charme vibrant du bazar Khan El Khalili.<\/p>\n<p data-start=\"224\" data-end=\"486\">Le lendemain matin,<\/p>\n<p data-start=\"224\" data-end=\"486\">Apr\u00e8s un petit d\u00e9jeuner copieux, explorez la majestueuse citadelle de Salah El-Din avant de poursuivre votre aventure vers les rivages \u00e9tincelants d'Hurghada.<\/p>\n<hr data-start=\"488\" data-end=\"491\" \/>\n<h3 data-start=\"493\" data-end=\"529\">\ud83d\udde3\ufe0f <strong data-start=\"501\" data-end=\"527\">Nous parlons votre langue<\/strong><\/h3>\n<ul data-start=\"530\" data-end=\"594\">\n<li>Polonais<\/li>\n<li>Fran\u00e7ais<\/li>\n<li>Anglais<\/li>\n<li>Allemand<\/li>\n<li>Portugais<\/li>\n<li>Espagnol<\/li>\n<li>...et plus encore !<\/li>\n<\/ul>\n<p data-start=\"596\" data-end=\"678\">D'o\u00f9 que vous veniez, nous assurons une communication fluide et une touche personnalis\u00e9e.<\/p>\n<hr data-start=\"680\" data-end=\"683\" \/>\n<h3 data-start=\"685\" data-end=\"719\">\ud83c\udfdb\ufe0f <strong data-start=\"693\" data-end=\"717\">Nos circuits et forfaits<\/strong><\/h3>\n<ul data-start=\"720\" data-end=\"1005\">\n<li data-start=\"720\" data-end=\"797\">\n<p data-start=\"722\" data-end=\"797\"><strong data-start=\"722\" data-end=\"747\">Escale et visites quotidiennes<\/strong>: Des excursions de 5 heures aux aventures d'une journ\u00e9e enti\u00e8re.<\/p>\n<\/li>\n<li data-start=\"798\" data-end=\"903\">\n<p data-start=\"800\" data-end=\"903\"><strong data-start=\"800\" data-end=\"822\">Forfaits de plusieurs jours<\/strong>: D\u00e9couvrez les tr\u00e9sors de l'\u00c9gypte en quelques jours gr\u00e2ce \u00e0 des itin\u00e9raires soigneusement \u00e9labor\u00e9s.<\/p>\n<\/li>\n<li data-start=\"904\" data-end=\"1005\">\n<p data-start=\"906\" data-end=\"1005\"><strong data-start=\"906\" data-end=\"932\">Exp\u00e9riences personnalis\u00e9es<\/strong>: Affaires, assistance m\u00e9dicale ou visites priv\u00e9es con\u00e7ues pour vous.<\/p>\n<\/li>\n<\/ul>\n<hr data-start=\"1007\" data-end=\"1010\" \/>\n<h3 data-start=\"1012\" data-end=\"1057\">\ud83d\udd0e <strong data-start=\"1019\" data-end=\"1055\">D\u00e9couvrez les joyaux cach\u00e9s de l'\u00c9gypte<\/strong><\/h3>\n<ul data-start=\"1058\" data-end=\"1248\">\n<li data-start=\"1058\" data-end=\"1122\">\n<p data-start=\"1060\" data-end=\"1122\">Fl\u00e2nerie dans les <strong data-start=\"1071\" data-end=\"1087\">rues secondaires<\/strong> et d\u00e9couvrir des sites fascinants.<\/p>\n<\/li>\n<li data-start=\"1123\" data-end=\"1175\">\n<p data-start=\"1125\" data-end=\"1175\">Exp\u00e9rience <strong data-start=\"1136\" data-end=\"1172\">alimentation, culture et traditions locales<\/strong>.<\/p>\n<\/li>\n<li data-start=\"1176\" data-end=\"1248\">\n<p data-start=\"1178\" data-end=\"1248\">S'engager avec <strong data-start=\"1190\" data-end=\"1204\">vie locale<\/strong> d'une mani\u00e8re que seuls les vrais initi\u00e9s peuvent vous montrer.<\/p>\n<\/li>\n<\/ul>\n<hr data-start=\"1250\" data-end=\"1253\" \/>\n<h3 data-start=\"1255\" data-end=\"1292\">\ud83e\udd1d <strong data-start=\"1262\" data-end=\"1290\">Du sur-mesure pour vous<\/strong><\/h3>\n<p data-start=\"1293\" data-end=\"1486\">Vous n'avez pas trouv\u00e9 le circuit exact que vous recherchiez ? <strong data-start=\"1344\" data-end=\"1367\">Contactez-nous \u00e0 tout moment !<\/strong><br data-start=\"1367\" data-end=\"1370\" \/>Nos sp\u00e9cialistes travailleront en \u00e9troite collaboration avec vous pour <strong data-start=\"1426\" data-end=\"1469\">d'ajuster, d'ajouter ou de modifier votre itin\u00e9raire<\/strong> pour correspondre \u00e0 votre :<\/p>\n<ul data-start=\"1487\" data-end=\"1554\">\n<li data-start=\"1487\" data-end=\"1508\">\n<p data-start=\"1489\" data-end=\"1508\"><strong data-start=\"1489\" data-end=\"1503\">D\u00e9lai<\/strong> \u23f1\ufe0f<\/p>\n<\/li>\n<li data-start=\"1509\" data-end=\"1526\">\n<p data-start=\"1511\" data-end=\"1526\"><strong data-start=\"1511\" data-end=\"1521\">Budget<\/strong> \ud83d\udcb0<\/p>\n<\/li>\n<li data-start=\"1527\" data-end=\"1554\">\n<p data-start=\"1529\" data-end=\"1554\"><strong data-start=\"1529\" data-end=\"1549\">Demandes sp\u00e9ciales<\/strong> \ud83d\udcdd<\/p>\n<\/li>\n<\/ul>\n<p data-start=\"1556\" data-end=\"1649\">Nous garantissons une r\u00e9ponse dans un d\u00e9lai de <strong data-start=\"1587\" data-end=\"1599\">24 heures<\/strong> pour que vos vacances ou votre voyage d'affaires se d\u00e9roulent sans encombre.<\/p>\n<hr data-start=\"1651\" data-end=\"1654\" \/>\n<h3 data-start=\"1656\" data-end=\"1682\">\ud83d\ude90 <strong data-start=\"1663\" data-end=\"1680\">Ce que nous offrons<\/strong><\/h3>\n<ul data-start=\"1683\" data-end=\"1886\">\n<li data-start=\"1683\" data-end=\"1716\">\n<p data-start=\"1685\" data-end=\"1716\">Excursions priv\u00e9es d'une demi-journ\u00e9e ou d'une journ\u00e9e<\/p>\n<\/li>\n<li data-start=\"1717\" data-end=\"1750\">\n<p data-start=\"1719\" data-end=\"1750\">Assistance aux entreprises et assistance m\u00e9dicale<\/p>\n<\/li>\n<li data-start=\"1751\" data-end=\"1818\">\n<p data-start=\"1753\" data-end=\"1818\">Qualifi\u00e9, honn\u00eate et informatif <strong data-start=\"1788\" data-end=\"1816\">guides et chauffeurs priv\u00e9s<\/strong><\/p>\n<\/li>\n<li data-start=\"1819\" data-end=\"1886\">\n<p data-start=\"1821\" data-end=\"1886\">Itin\u00e9raires flexibles - m\u00eame <strong data-start=\"1849\" data-end=\"1884\">les changements de derni\u00e8re minute sont les bienvenus<\/strong><\/p>\n<\/li>\n<\/ul>\n<hr data-start=\"1888\" data-end=\"1891\" \/>\n<h3 data-start=\"1893\" data-end=\"1917\">\u2764\ufe0f <strong data-start=\"1900\" data-end=\"1915\">Notre promesse<\/strong><\/h3>\n<p data-start=\"1918\" data-end=\"2065\">Vous avez travaill\u00e9 dur et r\u00eav\u00e9 de visiter l'\u00c9gypte - nous sommes l\u00e0 pour vous aider. <strong data-start=\"1986\" data-end=\"2015\">Faites de votre r\u00eave une r\u00e9alit\u00e9<\/strong>. Que ce soit pour les loisirs ou pour les affaires, nous :<\/p>\n<ul data-start=\"2066\" data-end=\"2191\">\n<li data-start=\"2066\" data-end=\"2083\">\n<p data-start=\"2068\" data-end=\"2083\">Vous accompagner<\/p>\n<\/li>\n<li data-start=\"2084\" data-end=\"2108\">\n<p data-start=\"2086\" data-end=\"2108\">Naviguer et traduire<\/p>\n<\/li>\n<li data-start=\"2109\" data-end=\"2191\">\n<p data-start=\"2111\" data-end=\"2191\">Veillez \u00e0 ce que votre exp\u00e9rience soit <strong data-start=\"2137\" data-end=\"2189\">sans probl\u00e8me, privil\u00e9gi\u00e9e et vraiment personnalis\u00e9e<\/strong><\/p>\n<\/li>\n<\/ul>\n<hr data-start=\"2193\" data-end=\"2196\" \/>\n<h3 data-start=\"2198\" data-end=\"2225\">\ud83c\udf1f <strong data-start=\"2205\" data-end=\"2223\">Pourquoi nous choisir ?<\/strong><\/h3>\n<ul data-start=\"2226\" data-end=\"2413\">\n<li data-start=\"2226\" data-end=\"2260\">\n<p data-start=\"2228\" data-end=\"2260\">Plus de <strong data-start=\"2233\" data-end=\"2258\">20 ans d'expertise<\/strong><\/p>\n<\/li>\n<li data-start=\"2261\" data-end=\"2309\">\n<p data-start=\"2263\" data-end=\"2309\"><strong data-start=\"2263\" data-end=\"2280\">Aper\u00e7u de la situation locale<\/strong> par des professionnels de confiance<\/p>\n<\/li>\n<li data-start=\"2310\" data-end=\"2357\">\n<p data-start=\"2312\" data-end=\"2357\">Des circuits qui s'adaptent <strong data-start=\"2327\" data-end=\"2355\">votre calendrier et votre budget<\/strong><\/p>\n<\/li>\n<li data-start=\"2358\" data-end=\"2413\">\n<p data-start=\"2360\" data-end=\"2413\">Engagement \u00e0 faire de votre <strong data-start=\"2386\" data-end=\"2411\">des vacances inoubliables<\/strong><\/p>\n<\/li>\n<\/ul>\n<hr data-start=\"2193\" data-end=\"2196\" \/>\n<h3 data-start=\"2198\" data-end=\"2225\"><strong data-start=\"2205\" data-end=\"2223\">\ud83e\udd11 Prix de l'excursion<\/strong><\/h3>\n<ul data-start=\"2226\" data-end=\"2413\">\n<li data-start=\"2226\" data-end=\"2260\">\n<p data-start=\"2228\" data-end=\"2260\"><strong data-start=\"2233\" data-end=\"2258\"><img decoding=\"async\" class=\"emoji\" role=\"img\" draggable=\"false\" src=\"https:\/\/s.w.org\/images\/core\/emoji\/16.0.1\/svg\/1f64e-1f3fb-200d-2642-fe0f.svg\" alt=\"\ud83d\ude4e\ud83c\udffb\u200d\u2642\ufe0f\" \/> 12 ans et plus 240 euros<\/strong><\/p>\n<\/li>\n<li data-start=\"2261\" data-end=\"2309\">\n<p data-start=\"2263\" data-end=\"2309\"><strong data-start=\"2263\" data-end=\"2280\"><img decoding=\"async\" class=\"emoji\" role=\"img\" draggable=\"false\" src=\"https:\/\/s.w.org\/images\/core\/emoji\/16.0.1\/svg\/1f9cd-1f3fb-200d-2640-fe0f.svg\" alt=\"\ud83e\uddcd\ud83c\udffb\u200d\u2640\ufe0f\" \/> 6\/11 ans 120 \u20ac<\/strong><\/p>\n<\/li>\n<li data-start=\"2310\" data-end=\"2357\">\n<p data-start=\"2312\" data-end=\"2357\"><strong data-start=\"2327\" data-end=\"2355\"><img decoding=\"async\" class=\"emoji\" role=\"img\" draggable=\"false\" src=\"https:\/\/s.w.org\/images\/core\/emoji\/16.0.1\/svg\/1f47c-1f3fc.svg\" alt=\"\ud83d\udc7c\ud83c\udffc\" \/> - 6 ans 20 \u20ac<\/strong><\/p>\n<\/li>\n<\/ul>\n<h3 data-start=\"2198\" data-end=\"2225\"><strong data-start=\"2205\" data-end=\"2223\">Le paiement en USD ($ \ud83c\uddfa\ud83c\uddf8) au lieu de l'EUR (\u20ac \ud83c\uddea\ud83c\uddfa) est possible en fonction du taux de change bancaire quotidien.<\/strong><\/h3>\n<p>\u00c9gypte - <strong data-start=\"2423\" data-end=\"2446\">Le c\u0153ur de l'Afrique<\/strong> - appelle. <strong data-start=\"2461\" data-end=\"2489\">\u00cates-vous pr\u00eat \u00e0 r\u00e9pondre ?<\/strong><\/p>\n<p><strong>R\u00e9server par WhatsApp :<\/strong><\/p>\n<p><a href=\"https:\/\/wa.me\/201021058859\" target=\"_blank\" rel=\"noopener\">\u00a0<img decoding=\"async\" class=\"alignnone wp-image-2058\" src=\"https:\/\/poehalisnamiegypt.com\/wp-content\/uploads\/2024\/02\/pngwing.com_-300x300.png\" sizes=\"auto, (max-width: 35px) 100vw, 35px\" srcset=\"https:\/\/poehalisnamiegypt.com\/wp-content\/uploads\/2024\/02\/pngwing.com_-300x300.png 300w, https:\/\/poehalisnamiegypt.com\/wp-content\/uploads\/2024\/02\/pngwing.com_-150x150.png 150w, https:\/\/poehalisnamiegypt.com\/wp-content\/uploads\/2024\/02\/pngwing.com_.png 584w\" alt=\"\" width=\"53\" height=\"53\" \/><\/a><\/p>\n<div id=\"gtx-trans\" style=\"position: absolute; left: 243px; top: 3.9125px;\">\n<div class=\"gtx-trans-icon\"><\/div>\n<\/div>\n<div id=\"gtx-trans\" style=\"position: absolute; left: 243px; top: 3.9125px;\">\n<div class=\"gtx-trans-icon\"><\/div>\n<\/div>","protected":false},"excerpt":{"rendered":"<p>\ud83c\udf0d Discover Egypt with Unmatched Quality &amp; Personalized Service At Cairo-Overnight Tours, we believe that excellent quality should never be compromised. With over 20 years of experience in the tourism industry, our mission is to provide you with unique, authentic, and unforgettable experiences across Egypt. \u2728 On your first day, stand in awe before the [&hellip;]<\/p>\n","protected":false},"featured_media":9511,"comment_status":"open","ping_status":"closed","template":"","meta":{"_monsterinsights_skip_tracking":false,"_monsterinsights_sitenote_active":false,"_monsterinsights_sitenote_note":"","_monsterinsights_sitenote_category":0,"_mbp_gutenberg_autopost":false},"product_brand":[],"product_cat":[58],"product_tag":[],"class_list":{"0":"post-9429","1":"product","2":"type-product","3":"status-publish","4":"has-post-thumbnail","6":"product_cat-cairo","8":"first","9":"instock","10":"shipping-taxable","11":"purchasable","12":"product-type-ovabrw_car_rental"},"_links":{"self":[{"href":"https:\/\/redsea-dream-tours.net\/fr\/wp-json\/wp\/v2\/product\/9429","targetHints":{"allow":["GET"]}}],"collection":[{"href":"https:\/\/redsea-dream-tours.net\/fr\/wp-json\/wp\/v2\/product"}],"about":[{"href":"https:\/\/redsea-dream-tours.net\/fr\/wp-json\/wp\/v2\/types\/product"}],"replies":[{"embeddable":true,"href":"https:\/\/redsea-dream-tours.net\/fr\/wp-json\/wp\/v2\/comments?post=9429"}],"wp:featuredmedia":[{"embeddable":true,"href":"https:\/\/redsea-dream-tours.net\/fr\/wp-json\/wp\/v2\/media\/9511"}],"wp:attachment":[{"href":"https:\/\/redsea-dream-tours.net\/fr\/wp-json\/wp\/v2\/media?parent=9429"}],"wp:term":[{"taxonomy":"product_brand","embeddable":true,"href":"https:\/\/redsea-dream-tours.net\/fr\/wp-json\/wp\/v2\/product_brand?post=9429"},{"taxonomy":"product_cat","embeddable":true,"href":"https:\/\/redsea-dream-tours.net\/fr\/wp-json\/wp\/v2\/product_cat?post=9429"},{"taxonomy":"product_tag","embeddable":true,"href":"https:\/\/redsea-dream-tours.net\/fr\/wp-json\/wp\/v2\/product_tag?post=9429"}],"curies":[{"name":"wp","href":"https:\/\/api.w.org\/{rel}","templated":true}]}}