{"id":9433,"date":"2026-03-01T20:19:58","date_gmt":"2026-03-01T20:19:58","guid":{"rendered":"https:\/\/redsea-dream-tours.net\/?post_type=product&#038;p=9433"},"modified":"2026-03-22T18:43:00","modified_gmt":"2026-03-22T18:43:00","slug":"dolphin-house-snorkeling-dolphins-sea-fun","status":"publish","type":"product","link":"https:\/\/redsea-dream-tours.net\/fr\/produit\/dolphin-house-snorkeling-dolphins-sea-fun\/","title":{"rendered":"Maison des dauphins : Plong\u00e9e en apn\u00e9e, dauphins et plaisirs de la mer"},"content":{"rendered":"<h3 data-start=\"89\" data-end=\"172\"><strong data-start=\"93\" data-end=\"170\">\ud83d\udc2c Dolphin House Hurghada Boat Trip - Nagez, faites de la plong\u00e9e en apn\u00e9e et profitez d'une journ\u00e9e en mer !<\/strong><\/h3>\n<p data-start=\"174\" data-end=\"428\">\u00c9chappez \u00e0 la routine et embarquez pour une <strong data-start=\"209\" data-end=\"248\">journ\u00e9e de d\u00e9tente et d'aventure en mer<\/strong> avec le c\u00e9l\u00e8bre <strong data-start=\"265\" data-end=\"297\">Voyage au Dolphin House Hurghada !<\/strong> Faites une croisi\u00e8re le long de la mer Rouge \u00e9tincelante, profitez du soleil et vivez des moments inoubliables avec les dauphins et la faune marine.<\/p>\n<h4 data-start=\"430\" data-end=\"460\"><strong data-start=\"435\" data-end=\"458\">\ud83c\udf0a Points forts du voyage :<\/strong><\/h4>\n<ul data-start=\"461\" data-end=\"1260\">\n<li data-start=\"461\" data-end=\"642\">\n<p data-start=\"463\" data-end=\"642\"><strong data-start=\"463\" data-end=\"491\">\ud83e\udd3f Aventure de plong\u00e9e en apn\u00e9e :<\/strong> Explorez l'\u00e9tonnante <strong data-start=\"513\" data-end=\"535\">R\u00e9cif de la maison des dauphins<\/strong> avec <strong data-start=\"541\" data-end=\"566\">\u00e9quipement de plong\u00e9e avec tuba fourni<\/strong>, Vous pourrez nager dans des jardins de coraux color\u00e9s et d\u00e9couvrir une multitude de poissons exotiques.<\/p>\n<\/li>\n<li data-start=\"643\" data-end=\"774\">\n<p data-start=\"645\" data-end=\"774\"><strong data-start=\"645\" data-end=\"669\">\ud83d\udc2c Dolphin Spotting (rep\u00e9rage des dauphins) :<\/strong> Sautez dans l'eau pour vous rafra\u00eechir et ouvrez l'\u0153il pour apercevoir des dauphins enjou\u00e9s dans leur habitat naturel.<\/p>\n<\/li>\n<li data-start=\"775\" data-end=\"885\">\n<p data-start=\"777\" data-end=\"885\"><strong data-start=\"777\" data-end=\"799\">\ud83c\udfb6 Cruise &amp; Chill :<\/strong> Profitez de la musique et d'une atmosph\u00e8re d\u00e9contract\u00e9e pendant que vous naviguez d'un endroit pittoresque \u00e0 l'autre.<\/p>\n<\/li>\n<li data-start=\"886\" data-end=\"1043\">\n<p data-start=\"888\" data-end=\"1043\"><strong data-start=\"888\" data-end=\"919\">\ud83c\udf74 D\u00e9jeuner d\u00e9licieux \u00e0 bord :<\/strong> Se r\u00e9galer d'un <strong data-start=\"931\" data-end=\"1011\">repas fra\u00eechement pr\u00e9par\u00e9 compos\u00e9 de b\u0153uf, de calamars, de riz aux crevettes et de salades croquantes<\/strong>, Tous les repas sont servis sur le pont \u00e0 mi-parcours.<\/p>\n<\/li>\n<li data-start=\"1044\" data-end=\"1150\">\n<p data-start=\"1046\" data-end=\"1150\"><strong data-start=\"1046\" data-end=\"1075\">\ud83e\udd64 Rafra\u00eechissements inclus :<\/strong> Restez hydrat\u00e9 avec <strong data-start=\"1095\" data-end=\"1148\">des boissons non alcoolis\u00e9es gratuites pendant toute la dur\u00e9e du voyage.<\/strong><\/p>\n<\/li>\n<li data-start=\"1151\" data-end=\"1260\">\n<p data-start=\"1153\" data-end=\"1260\"><strong data-start=\"1153\" data-end=\"1177\">\ud83c\udf4c Sports nautiques amusants :<\/strong> Faites monter l'adr\u00e9naline avec <strong data-start=\"1211\" data-end=\"1258\">des promenades en bateau banane et des jeux d'eau passionnants !<\/strong><\/p>\n<\/li>\n<\/ul>\n<h4 data-start=\"1262\" data-end=\"1309\"><strong data-start=\"1267\" data-end=\"1307\">\u2728 Pourquoi choisir le voyage \u00e0 la Maison des dauphins ?<\/strong><\/h4>\n<ul data-start=\"1310\" data-end=\"1555\">\n<li data-start=\"1310\" data-end=\"1382\">\n<p data-start=\"1312\" data-end=\"1382\">Un m\u00e9lange parfait de <strong data-start=\"1329\" data-end=\"1379\">d\u00e9tente, aventure et rencontres avec la faune et la flore<\/strong>.<\/p>\n<\/li>\n<li data-start=\"1383\" data-end=\"1474\">\n<p data-start=\"1385\" data-end=\"1474\">Id\u00e9al pour les familles, les couples et les groupes \u00e0 la recherche d'un lieu de d\u00e9tente. <strong data-start=\"1439\" data-end=\"1471\">excursion m\u00e9morable d'une journ\u00e9e<\/strong>.<\/p>\n<\/li>\n<li data-start=\"1475\" data-end=\"1555\">\n<p data-start=\"1477\" data-end=\"1555\">Tout est organis\u00e9 pour vous - apportez votre maillot de bain et profitez de la balade !<\/p>\n<\/li>\n<\/ul>\n<p data-start=\"1557\" data-end=\"1655\"><strong data-start=\"1557\" data-end=\"1653\">Mettez le cap sur Dolphin House Hurghada et cr\u00e9ez des souvenirs magiques au c\u0153ur de la mer Rouge !<\/strong><\/p>\n<h3 data-start=\"2198\" data-end=\"2225\"><strong data-start=\"2205\" data-end=\"2223\">\ud83e\udd11 Prix de l'excursion<\/strong><\/h3>\n<p data-start=\"2228\" data-end=\"2260\"><strong data-start=\"2233\" data-end=\"2258\">\u00a0 \u00a0<img decoding=\"async\" class=\"emoji\" role=\"img\" draggable=\"false\" src=\"https:\/\/s.w.org\/images\/core\/emoji\/16.0.1\/svg\/1f64e-1f3fb-200d-2642-fe0f.svg\" alt=\"\ud83d\ude4e\ud83c\udffb\u200d\u2642\ufe0f\" \/> 11 ans et plus 25 euros<\/strong><\/p>\n<p data-start=\"2228\" data-end=\"2260\"><strong data-start=\"2263\" data-end=\"2280\">\u00a0 \u00a0<img decoding=\"async\" class=\"emoji\" role=\"img\" draggable=\"false\" src=\"https:\/\/s.w.org\/images\/core\/emoji\/16.0.1\/svg\/1f9cd-1f3fb-200d-2640-fe0f.svg\" alt=\"\ud83e\uddcd\ud83c\udffb\u200d\u2640\ufe0f\" \/> 6\/10 ans 15 \u20ac<\/strong><\/p>\n<p data-start=\"2228\" data-end=\"2260\"><strong data-start=\"2327\" data-end=\"2355\">\u00a0 \u00a0<img decoding=\"async\" class=\"emoji\" role=\"img\" draggable=\"false\" src=\"https:\/\/s.w.org\/images\/core\/emoji\/16.0.1\/svg\/1f47c-1f3fc.svg\" alt=\"\ud83d\udc7c\ud83c\udffc\" \/> -6 ans Gratuit<\/strong><\/p>\n<p><strong>R\u00e9server par WhatsApp :<\/strong><\/p>\n<p><a href=\"https:\/\/api.whatsapp.com\/send\/?phone=01021058859\" target=\"_blank\" rel=\"noopener\">\u00a0<img decoding=\"async\" class=\"alignnone wp-image-2058\" src=\"https:\/\/poehalisnamiegypt.com\/wp-content\/uploads\/2024\/02\/pngwing.com_-300x300.png\" sizes=\"auto, (max-width: 35px) 100vw, 35px\" srcset=\"https:\/\/poehalisnamiegypt.com\/wp-content\/uploads\/2024\/02\/pngwing.com_-300x300.png 300w, https:\/\/poehalisnamiegypt.com\/wp-content\/uploads\/2024\/02\/pngwing.com_-150x150.png 150w, https:\/\/poehalisnamiegypt.com\/wp-content\/uploads\/2024\/02\/pngwing.com_.png 584w\" alt=\"\" width=\"53\" height=\"53\" \/><\/a><\/p>","protected":false},"excerpt":{"rendered":"<p>\ud83d\udc2c Dolphin House Hurghada Boat Trip \u2013 Swim, Snorkel &amp; Enjoy a Day at Sea! Escape the routine and embark on a relaxing and adventurous day at sea with the famous Dolphin House Hurghada trip! Cruise along the sparkling Red Sea, soak up the sun, and experience unforgettable moments with dolphins and vibrant marine life. [&hellip;]<\/p>\n","protected":false},"featured_media":9553,"comment_status":"open","ping_status":"closed","template":"","meta":{"_monsterinsights_skip_tracking":false,"_monsterinsights_sitenote_active":false,"_monsterinsights_sitenote_note":"","_monsterinsights_sitenote_category":0,"_mbp_gutenberg_autopost":false},"product_brand":[],"product_cat":[78,60],"product_tag":[],"class_list":{"0":"post-9433","1":"product","2":"type-product","3":"status-publish","4":"has-post-thumbnail","6":"product_cat-red","7":"product_cat-sea","9":"first","10":"instock","11":"shipping-taxable","12":"purchasable","13":"product-type-ovabrw_car_rental"},"_links":{"self":[{"href":"https:\/\/redsea-dream-tours.net\/fr\/wp-json\/wp\/v2\/product\/9433","targetHints":{"allow":["GET"]}}],"collection":[{"href":"https:\/\/redsea-dream-tours.net\/fr\/wp-json\/wp\/v2\/product"}],"about":[{"href":"https:\/\/redsea-dream-tours.net\/fr\/wp-json\/wp\/v2\/types\/product"}],"replies":[{"embeddable":true,"href":"https:\/\/redsea-dream-tours.net\/fr\/wp-json\/wp\/v2\/comments?post=9433"}],"wp:featuredmedia":[{"embeddable":true,"href":"https:\/\/redsea-dream-tours.net\/fr\/wp-json\/wp\/v2\/media\/9553"}],"wp:attachment":[{"href":"https:\/\/redsea-dream-tours.net\/fr\/wp-json\/wp\/v2\/media?parent=9433"}],"wp:term":[{"taxonomy":"product_brand","embeddable":true,"href":"https:\/\/redsea-dream-tours.net\/fr\/wp-json\/wp\/v2\/product_brand?post=9433"},{"taxonomy":"product_cat","embeddable":true,"href":"https:\/\/redsea-dream-tours.net\/fr\/wp-json\/wp\/v2\/product_cat?post=9433"},{"taxonomy":"product_tag","embeddable":true,"href":"https:\/\/redsea-dream-tours.net\/fr\/wp-json\/wp\/v2\/product_tag?post=9433"}],"curies":[{"name":"wp","href":"https:\/\/api.w.org\/{rel}","templated":true}]}}