{"id":9434,"date":"2026-03-01T20:19:58","date_gmt":"2026-03-01T20:19:58","guid":{"rendered":"https:\/\/redsea-dream-tours.net\/?post_type=product&#038;p=9434"},"modified":"2026-03-01T20:21:11","modified_gmt":"2026-03-01T20:21:11","slug":"sharm-el-naga-snorkeling-beaches-relaxation","status":"publish","type":"product","link":"https:\/\/redsea-dream-tours.net\/fr\/produit\/sharm-el-naga-snorkeling-beaches-relaxation\/","title":{"rendered":"Sharm El Naga : plong\u00e9e en apn\u00e9e, plages et d\u00e9tente"},"content":{"rendered":"<h2 data-start=\"123\" data-end=\"191\">\ud83c\udf0a <strong data-start=\"129\" data-end=\"189\">Excursion inoubliable \u00e0 Sharm El Naga pour la plong\u00e9e en apn\u00e9e et la relaxation<\/strong><\/h2>\n<p data-start=\"193\" data-end=\"377\">Embarquez pour un voyage \u00e0 <strong data-start=\"216\" data-end=\"233\">Sharm El Naga<\/strong>, L'un des tr\u00e9sors c\u00f4tiers les plus \u00e9poustouflants de l'\u00c9gypte, o\u00f9 l'on peut admirer des paysages de toute beaut\u00e9. <strong data-start=\"293\" data-end=\"364\">des eaux cristallines, des r\u00e9cifs coralliens \u00e9clatants et des plages de sable dor\u00e9<\/strong> vous attendent !<\/p>\n<h3 data-start=\"379\" data-end=\"420\">\ud83c\udfdd <strong data-start=\"386\" data-end=\"418\">Un paradis de beaut\u00e9 naturelle<\/strong><\/h3>\n<p data-start=\"421\" data-end=\"673\">Sharm El Naga est r\u00e9put\u00e9e pour ses <strong data-start=\"455\" data-end=\"487\">un environnement naturel intact<\/strong>, Loin des sites touristiques bond\u00e9s. Avec sa mer calme et turquoise et ses jardins de corail intacts, il offre une chance unique de se reconnecter \u00e0 la nature et de profiter du charme serein de la mer Rouge.<\/p>\n<h3 data-start=\"675\" data-end=\"719\">\ud83e\udd3f <strong data-start=\"682\" data-end=\"717\">Plong\u00e9e en apn\u00e9e et merveilles sous-marines<\/strong><\/h3>\n<p data-start=\"720\" data-end=\"767\">Plongez dans un paradis sous-marin rempli de :<\/p>\n<ul data-start=\"768\" data-end=\"870\">\n<li data-start=\"768\" data-end=\"797\">\n<p data-start=\"770\" data-end=\"797\">\ud83d\udc20 Poissons tropicaux color\u00e9s<\/p>\n<\/li>\n<li data-start=\"798\" data-end=\"828\">\n<p data-start=\"800\" data-end=\"828\">R\u00e9cifs coralliens spectaculaires<\/p>\n<\/li>\n<\/ul>\n<p data-start=\"872\" data-end=\"1011\">Que vous soyez d\u00e9butant ou exp\u00e9riment\u00e9 en mati\u00e8re de plong\u00e9e avec tuba, <strong data-start=\"928\" data-end=\"951\">guides professionnels<\/strong> vous permettra de vivre une exp\u00e9rience s\u00fbre et inoubliable.<\/p>\n<h3 data-start=\"1013\" data-end=\"1046\">\ud83c\udf1e <strong data-start=\"1020\" data-end=\"1044\">D\u00e9tente et confort<\/strong><\/h3>\n<p data-start=\"1047\" data-end=\"1152\">Apr\u00e8s votre aventure de plong\u00e9e avec masque et tuba, d\u00e9tendez-vous sur le <strong data-start=\"1094\" data-end=\"1114\">plage de sable fin<\/strong> sous le chaud soleil \u00e9gyptien. Profitez-en :<\/p>\n<ul data-start=\"1153\" data-end=\"1269\">\n<li data-start=\"1153\" data-end=\"1191\">\n<p data-start=\"1155\" data-end=\"1191\">Des chaises longues et des parasols confortables<\/p>\n<\/li>\n<li data-start=\"1192\" data-end=\"1216\">\n<p data-start=\"1194\" data-end=\"1216\">\ud83c\udf79 Boissons rafra\u00eechissantes<\/p>\n<\/li>\n<li data-start=\"1217\" data-end=\"1269\">\n<p data-start=\"1219\" data-end=\"1269\">D\u00e9jeuner buffet d\u00e9licieux avec des sp\u00e9cialit\u00e9s locales<\/p>\n<\/li>\n<\/ul>\n<h3 data-start=\"1271\" data-end=\"1300\">\ud83d\udea4 <strong data-start=\"1278\" data-end=\"1298\">Un voyage sans souci<\/strong><\/h3>\n<p data-start=\"1301\" data-end=\"1325\">Votre voyage comprend :<\/p>\n<ul data-start=\"1326\" data-end=\"1439\">\n<li data-start=\"1326\" data-end=\"1367\">\n<p data-start=\"1328\" data-end=\"1367\">\ud83d\ude8c Prise en charge et retour \u00e0 l'h\u00f4tel<\/p>\n<\/li>\n<li data-start=\"1368\" data-end=\"1398\">\n<p data-start=\"1370\" data-end=\"1398\">\ud83e\udded Guides touristiques exp\u00e9riment\u00e9s<\/p>\n<\/li>\n<li data-start=\"1399\" data-end=\"1439\">\n<p data-start=\"1401\" data-end=\"1439\">\ud83e\udd64 Boissons non alcoolis\u00e9es et eau gratuites<\/p>\n<\/li>\n<\/ul>\n<h3 data-start=\"1441\" data-end=\"1480\">\ud83c\udfb5 <strong data-start=\"1448\" data-end=\"1478\">Une journ\u00e9e de plaisir et de tranquillit\u00e9<\/strong><\/h3>\n<p data-start=\"1481\" data-end=\"1645\">En vous relaxant au bord de la mer ou en explorant le monde sous-marin, profitez d'une journ\u00e9e remplie d'activit\u00e9s. <strong data-start=\"1570\" data-end=\"1609\">plaisir, d\u00e9tente et vue imprenable<\/strong> qui laisseront des souvenirs imp\u00e9rissables.<\/p>\n<h3 data-start=\"2198\" data-end=\"2225\"><strong data-start=\"2205\" data-end=\"2223\">\ud83e\udd11 Prix de l'excursion<\/strong><\/h3>\n<p data-start=\"2228\" data-end=\"2260\"><strong data-start=\"2233\" data-end=\"2258\">\u00a0 \u00a0<img decoding=\"async\" class=\"emoji\" role=\"img\" draggable=\"false\" src=\"https:\/\/s.w.org\/images\/core\/emoji\/16.0.1\/svg\/1f64e-1f3fb-200d-2642-fe0f.svg\" alt=\"\ud83d\ude4e\ud83c\udffb\u200d\u2642\ufe0f\" \/> 10 ans et plus 50 euros<\/strong><\/p>\n<p data-start=\"2228\" data-end=\"2260\"><strong data-start=\"2263\" data-end=\"2280\">\u00a0 \u00a0<img decoding=\"async\" class=\"emoji\" role=\"img\" draggable=\"false\" src=\"https:\/\/s.w.org\/images\/core\/emoji\/16.0.1\/svg\/1f9cd-1f3fb-200d-2640-fe0f.svg\" alt=\"\ud83e\uddcd\ud83c\udffb\u200d\u2640\ufe0f\" \/> 6\/9 ans 25 \u20ac<\/strong><\/p>\n<p data-start=\"2228\" data-end=\"2260\"><strong data-start=\"2327\" data-end=\"2355\">\u00a0 \u00a0<img decoding=\"async\" class=\"emoji\" role=\"img\" draggable=\"false\" src=\"https:\/\/s.w.org\/images\/core\/emoji\/16.0.1\/svg\/1f47c-1f3fc.svg\" alt=\"\ud83d\udc7c\ud83c\udffc\" \/> -5 ans Gratuit\u00a0<\/strong><\/p>\n<h3 data-start=\"2198\" data-end=\"2225\"><strong data-start=\"2205\" data-end=\"2223\">Le paiement en USD ($ \ud83c\uddfa\ud83c\uddf8) au lieu de l'EUR (\u20ac \ud83c\uddea\ud83c\uddfa) est possible en fonction du taux de change bancaire quotidien.<\/strong><\/h3>\n<p><strong>R\u00e9server par WhatsApp :<\/strong><\/p>\n<p><a href=\"https:\/\/api.whatsapp.com\/send\/?phone=01021058859\" target=\"_blank\" rel=\"noopener\">\u00a0<img decoding=\"async\" class=\"alignnone wp-image-2058\" src=\"https:\/\/poehalisnamiegypt.com\/wp-content\/uploads\/2024\/02\/pngwing.com_-300x300.png\" sizes=\"auto, (max-width: 35px) 100vw, 35px\" srcset=\"https:\/\/poehalisnamiegypt.com\/wp-content\/uploads\/2024\/02\/pngwing.com_-300x300.png 300w, https:\/\/poehalisnamiegypt.com\/wp-content\/uploads\/2024\/02\/pngwing.com_-150x150.png 150w, https:\/\/poehalisnamiegypt.com\/wp-content\/uploads\/2024\/02\/pngwing.com_.png 584w\" alt=\"\" width=\"53\" height=\"53\" \/><\/a><\/p>","protected":false},"excerpt":{"rendered":"<p>\ud83c\udf0a Unforgettable Sharm El Naga Snorkeling &amp; Relaxation Trip Embark on a journey to Sharm El Naga, one of Egypt\u2019s most breathtaking coastal treasures, where crystal-clear waters, vibrant coral reefs, and golden sandy beaches await you! \ud83c\udfdd A Paradise of Natural Beauty Sharm El Naga is renowned for its pristine natural environment, far from the [&hellip;]<\/p>\n","protected":false},"featured_media":9561,"comment_status":"open","ping_status":"closed","template":"","meta":{"_monsterinsights_skip_tracking":false,"_monsterinsights_sitenote_active":false,"_monsterinsights_sitenote_note":"","_monsterinsights_sitenote_category":0,"_mbp_gutenberg_autopost":false},"product_brand":[],"product_cat":[60],"product_tag":[],"class_list":{"0":"post-9434","1":"product","2":"type-product","3":"status-publish","4":"has-post-thumbnail","6":"product_cat-sea","8":"first","9":"instock","10":"shipping-taxable","11":"purchasable","12":"product-type-ovabrw_car_rental"},"_links":{"self":[{"href":"https:\/\/redsea-dream-tours.net\/fr\/wp-json\/wp\/v2\/product\/9434","targetHints":{"allow":["GET"]}}],"collection":[{"href":"https:\/\/redsea-dream-tours.net\/fr\/wp-json\/wp\/v2\/product"}],"about":[{"href":"https:\/\/redsea-dream-tours.net\/fr\/wp-json\/wp\/v2\/types\/product"}],"replies":[{"embeddable":true,"href":"https:\/\/redsea-dream-tours.net\/fr\/wp-json\/wp\/v2\/comments?post=9434"}],"wp:featuredmedia":[{"embeddable":true,"href":"https:\/\/redsea-dream-tours.net\/fr\/wp-json\/wp\/v2\/media\/9561"}],"wp:attachment":[{"href":"https:\/\/redsea-dream-tours.net\/fr\/wp-json\/wp\/v2\/media?parent=9434"}],"wp:term":[{"taxonomy":"product_brand","embeddable":true,"href":"https:\/\/redsea-dream-tours.net\/fr\/wp-json\/wp\/v2\/product_brand?post=9434"},{"taxonomy":"product_cat","embeddable":true,"href":"https:\/\/redsea-dream-tours.net\/fr\/wp-json\/wp\/v2\/product_cat?post=9434"},{"taxonomy":"product_tag","embeddable":true,"href":"https:\/\/redsea-dream-tours.net\/fr\/wp-json\/wp\/v2\/product_tag?post=9434"}],"curies":[{"name":"wp","href":"https:\/\/api.w.org\/{rel}","templated":true}]}}