{"id":9435,"date":"2026-03-01T20:19:58","date_gmt":"2026-03-01T20:19:58","guid":{"rendered":"https:\/\/redsea-dream-tours.net\/?post_type=product&#038;p=9435"},"modified":"2026-03-01T20:21:18","modified_gmt":"2026-03-01T20:21:18","slug":"mahmya-island-snorkeling-beaches-relaxation","status":"publish","type":"product","link":"https:\/\/redsea-dream-tours.net\/fr\/produit\/mahmya-island-snorkeling-beaches-relaxation\/","title":{"rendered":"L'\u00eele de Mahmya : Plong\u00e9e en apn\u00e9e, plages et d\u00e9tente"},"content":{"rendered":"<h3 data-start=\"78\" data-end=\"139\">\ud83c\udf34 <strong data-start=\"85\" data-end=\"137\">L'\u00eele de Mahmya - Un paradis cach\u00e9 sur la mer Rouge<\/strong><\/h3>\n<p data-start=\"141\" data-end=\"338\">Malgr\u00e9 son nom, <strong data-start=\"159\" data-end=\"201\">L'\u00eele de Mahmya n'est pas une \u00eele s\u00e9par\u00e9e<\/strong>, mais une section vierge de la <strong data-start=\"229\" data-end=\"250\">\u00cele de Big Giftun<\/strong> dans le c\u00e9l\u00e8bre <strong data-start=\"265\" data-end=\"295\">Archipel des \u00eeles Giftun<\/strong> de l'\u00e9poustouflant <strong data-start=\"313\" data-end=\"335\">C\u00f4te d'Hurghada<\/strong>.<\/p>\n<p data-start=\"340\" data-end=\"488\">\ud83c\udfd6\ufe0f <strong data-start=\"344\" data-end=\"375\">Se d\u00e9tendre sur des plages de sable fin<\/strong><br data-start=\"375\" data-end=\"378\" \/>D\u00e9tendez-vous sur les rivages ensoleill\u00e9s, sentez le sable dor\u00e9 sous vos pieds et profitez du chaud soleil \u00e9gyptien.<\/p>\n<p data-start=\"490\" data-end=\"673\">\ud83e\udd3f <strong data-start=\"493\" data-end=\"517\">Aventure de plong\u00e9e en apn\u00e9e<\/strong><br data-start=\"517\" data-end=\"520\" \/>D\u00e9couvrez le dynamisme <strong data-start=\"537\" data-end=\"552\">r\u00e9cifs coralliens<\/strong> et de la vie marine color\u00e9e soit <strong data-start=\"585\" data-end=\"609\">\u00e0 proximit\u00e9 imm\u00e9diate de la plage<\/strong> ou en rejoignant un <strong data-start=\"626\" data-end=\"650\">excursion en bateau avec masque et tuba<\/strong> aux r\u00e9cifs voisins.<\/p>\n<p data-start=\"675\" data-end=\"848\">\ud83d\udea4 <strong data-start=\"678\" data-end=\"712\">Une exp\u00e9rience unique \u00e0 fond de verre<\/strong><br data-start=\"712\" data-end=\"715\" \/>Louez un produit amusant et innovant <strong data-start=\"741\" data-end=\"778\">\u201cBateau \u00e0 fond de verre \u201dSea-Spi<\/strong>, Vous pouvez ainsi explorer le monde sous-marin sans m\u00eame vous mouiller !<\/p>\n<p data-start=\"850\" data-end=\"995\">\ud83c\udf79 <strong data-start=\"853\" data-end=\"871\">D\u00eener et rafra\u00eechissement<\/strong><br data-start=\"871\" data-end=\"874\" \/>Savourez de d\u00e9licieux repas et des boissons rafra\u00eechissantes dans les restaurants et les bars de l'\u00eele, tout en profitant d'une vue imprenable sur la mer.<\/p>\n<p data-start=\"997\" data-end=\"1148\">\u2728 <strong data-start=\"999\" data-end=\"1023\">Parfait pour tous les \u00e2ges<\/strong><br data-start=\"1023\" data-end=\"1026\" \/>Que vous soyez \u00e0 la recherche d'une escapade romantique, d'une journ\u00e9e en famille ou d'une excursion aventureuse avec masque et tuba, Mahmya vous offre tout ce dont vous avez besoin.<\/p>\n<p data-start=\"73\" data-end=\"94\"><strong data-start=\"73\" data-end=\"92\">\ud83d\uddd3\ufe0f Programme de jour<\/strong><\/p>\n<ul data-start=\"95\" data-end=\"346\">\n<li data-start=\"95\" data-end=\"143\">\n<p data-start=\"97\" data-end=\"143\"><strong data-start=\"97\" data-end=\"111\">D\u00e9part :<\/strong> 8:30 AM | <strong data-start=\"122\" data-end=\"133\">Retourner :<\/strong> 4:30 PM<\/p>\n<\/li>\n<li data-start=\"144\" data-end=\"238\">\n<p data-start=\"146\" data-end=\"238\"><strong data-start=\"146\" data-end=\"163\">D\u00e9tente et baignade :<\/strong> D\u00e9tendez-vous sur les plages immacul\u00e9es et rafra\u00eechissez-vous dans la mer Rouge.<\/p>\n<\/li>\n<li data-start=\"239\" data-end=\"346\">\n<p data-start=\"241\" data-end=\"346\"><strong data-start=\"241\" data-end=\"266\">Aventure de plong\u00e9e en apn\u00e9e :<\/strong> Explorez les r\u00e9cifs coralliens et la vie marine color\u00e9e dans des eaux cristallines.<\/p>\n<\/li>\n<\/ul>\n<p data-start=\"348\" data-end=\"372\"><strong data-start=\"348\" data-end=\"370\">\u2728 Options incluses<\/strong><\/p>\n<ul data-start=\"373\" data-end=\"546\">\n<li data-start=\"373\" data-end=\"402\">\n<p data-start=\"375\" data-end=\"402\">Transfert aller-retour \u00e0 l'h\u00f4tel<\/p>\n<\/li>\n<li data-start=\"403\" data-end=\"427\">\n<p data-start=\"405\" data-end=\"427\">Droits d'entr\u00e9e sur les \u00eeles<\/p>\n<\/li>\n<li data-start=\"428\" data-end=\"451\">\n<p data-start=\"430\" data-end=\"451\">Transport par bateau<\/p>\n<\/li>\n<li data-start=\"452\" data-end=\"476\">\n<p data-start=\"454\" data-end=\"476\">\u00c9quipement de plong\u00e9e avec tuba<\/p>\n<\/li>\n<li data-start=\"477\" data-end=\"514\">\n<p data-start=\"479\" data-end=\"514\">Buffet \u00e0 volont\u00e9 pendant 1 heure<\/p>\n<\/li>\n<li data-start=\"515\" data-end=\"546\">\n<p data-start=\"517\" data-end=\"546\">Boissons illimit\u00e9es pendant 1 heure<\/p>\n<\/li>\n<\/ul>\n<h3 data-start=\"2198\" data-end=\"2225\"><strong data-start=\"2205\" data-end=\"2223\">\ud83e\udd11 Prix de l'excursion<\/strong><\/h3>\n<p data-start=\"2228\" data-end=\"2260\"><strong data-start=\"2233\" data-end=\"2258\">\u00a0 \u00a0<img decoding=\"async\" class=\"emoji\" role=\"img\" draggable=\"false\" src=\"https:\/\/s.w.org\/images\/core\/emoji\/16.0.1\/svg\/1f64e-1f3fb-200d-2642-fe0f.svg\" alt=\"\ud83d\ude4e\ud83c\udffb\u200d\u2642\ufe0f\" \/> 12 ans et plus 85 \u20ac<\/strong><\/p>\n<p data-start=\"2228\" data-end=\"2260\"><strong data-start=\"2263\" data-end=\"2280\">\u00a0 \u00a0<img decoding=\"async\" class=\"emoji\" role=\"img\" draggable=\"false\" src=\"https:\/\/s.w.org\/images\/core\/emoji\/16.0.1\/svg\/1f9cd-1f3fb-200d-2640-fe0f.svg\" alt=\"\ud83e\uddcd\ud83c\udffb\u200d\u2640\ufe0f\" \/> 3\/11 ans 45 \u20ac<\/strong><\/p>\n<p data-start=\"2228\" data-end=\"2260\"><strong data-start=\"2327\" data-end=\"2355\">\u00a0 \u00a0<img decoding=\"async\" class=\"emoji\" role=\"img\" draggable=\"false\" src=\"https:\/\/s.w.org\/images\/core\/emoji\/16.0.1\/svg\/1f47c-1f3fc.svg\" alt=\"\ud83d\udc7c\ud83c\udffc\" \/> -3 ans Gratuit<\/strong><\/p>\n<h3 data-start=\"2198\" data-end=\"2225\"><strong data-start=\"2205\" data-end=\"2223\">Le paiement en USD ($ \ud83c\uddfa\ud83c\uddf8) au lieu de l'EUR (\u20ac \ud83c\uddea\ud83c\uddfa) est possible en fonction du taux de change bancaire quotidien.<\/strong><\/h3>\n<p><strong>R\u00e9server par WhatsApp :<\/strong><\/p>\n<p><a href=\"https:\/\/api.whatsapp.com\/send\/?phone=01024021616\" target=\"_blank\" rel=\"noopener\">\u00a0<img decoding=\"async\" class=\"alignnone wp-image-2058\" src=\"https:\/\/poehalisnamiegypt.com\/wp-content\/uploads\/2024\/02\/pngwing.com_-300x300.png\" sizes=\"auto, (max-width: 35px) 100vw, 35px\" srcset=\"https:\/\/poehalisnamiegypt.com\/wp-content\/uploads\/2024\/02\/pngwing.com_-300x300.png 300w, https:\/\/poehalisnamiegypt.com\/wp-content\/uploads\/2024\/02\/pngwing.com_-150x150.png 150w, https:\/\/poehalisnamiegypt.com\/wp-content\/uploads\/2024\/02\/pngwing.com_.png 584w\" alt=\"\" width=\"53\" height=\"53\" \/><\/a><\/p>","protected":false},"excerpt":{"rendered":"<p>\ud83c\udf34 Mahmya Island \u2013 A Hidden Paradise on the Red Sea Despite its name, Mahmya Island is not a separate island, but a pristine section of Big Giftun Island in the famous Giftun Islands archipelago off the stunning Hurghada coastline. \ud83c\udfd6\ufe0f Relax on Soft Sandy BeachesUnwind on the sun-kissed shores, feel the golden sands beneath [&hellip;]<\/p>\n","protected":false},"featured_media":9573,"comment_status":"open","ping_status":"closed","template":"","meta":{"_monsterinsights_skip_tracking":false,"_monsterinsights_sitenote_active":false,"_monsterinsights_sitenote_note":"","_monsterinsights_sitenote_category":0,"_mbp_gutenberg_autopost":false},"product_brand":[],"product_cat":[60],"product_tag":[],"class_list":{"0":"post-9435","1":"product","2":"type-product","3":"status-publish","4":"has-post-thumbnail","6":"product_cat-sea","8":"first","9":"instock","10":"shipping-taxable","11":"purchasable","12":"product-type-ovabrw_car_rental"},"_links":{"self":[{"href":"https:\/\/redsea-dream-tours.net\/fr\/wp-json\/wp\/v2\/product\/9435","targetHints":{"allow":["GET"]}}],"collection":[{"href":"https:\/\/redsea-dream-tours.net\/fr\/wp-json\/wp\/v2\/product"}],"about":[{"href":"https:\/\/redsea-dream-tours.net\/fr\/wp-json\/wp\/v2\/types\/product"}],"replies":[{"embeddable":true,"href":"https:\/\/redsea-dream-tours.net\/fr\/wp-json\/wp\/v2\/comments?post=9435"}],"wp:featuredmedia":[{"embeddable":true,"href":"https:\/\/redsea-dream-tours.net\/fr\/wp-json\/wp\/v2\/media\/9573"}],"wp:attachment":[{"href":"https:\/\/redsea-dream-tours.net\/fr\/wp-json\/wp\/v2\/media?parent=9435"}],"wp:term":[{"taxonomy":"product_brand","embeddable":true,"href":"https:\/\/redsea-dream-tours.net\/fr\/wp-json\/wp\/v2\/product_brand?post=9435"},{"taxonomy":"product_cat","embeddable":true,"href":"https:\/\/redsea-dream-tours.net\/fr\/wp-json\/wp\/v2\/product_cat?post=9435"},{"taxonomy":"product_tag","embeddable":true,"href":"https:\/\/redsea-dream-tours.net\/fr\/wp-json\/wp\/v2\/product_tag?post=9435"}],"curies":[{"name":"wp","href":"https:\/\/api.w.org\/{rel}","templated":true}]}}