{"id":9436,"date":"2026-03-01T20:19:58","date_gmt":"2026-03-01T20:19:58","guid":{"rendered":"https:\/\/redsea-dream-tours.net\/?post_type=product&#038;p=9436"},"modified":"2026-03-01T20:21:18","modified_gmt":"2026-03-01T20:21:18","slug":"eden-island-snorkeling-relaxation-all-inclusive","status":"publish","type":"product","link":"https:\/\/redsea-dream-tours.net\/fr\/produit\/eden-island-snorkeling-relaxation-all-inclusive\/","title":{"rendered":"L'\u00eele d'Eden : Plong\u00e9e avec masque et tuba, d\u00e9tente et tout compris"},"content":{"rendered":"<p data-start=\"93\" data-end=\"373\">\ud83c\udfdd\ufe0f <strong data-start=\"97\" data-end=\"144\">\u00c9vadez-vous sur l'\u00eele d'Eden - un paradis de la mer Rouge !<\/strong><br data-start=\"144\" data-end=\"147\" \/>Situ\u00e9 dans le magnifique quartier de <strong data-start=\"175\" data-end=\"207\">R\u00e9serve marine de l'\u00eele Giftun<\/strong>, L'h\u00f4tel est situ\u00e9 \u00e0 proximit\u00e9 de la c\u00f4te d'Hurghada, <strong data-start=\"241\" data-end=\"256\">L'\u00eele d'Eden<\/strong> est votre ultime escapade pour <strong data-start=\"286\" data-end=\"370\">soleil \u2600\ufe0f, eaux cristallines \ud83c\udf0a, et aventures inoubliables de plong\u00e9e avec masque et tuba \ud83e\udd3f<\/strong>.<\/p>\n<p data-start=\"375\" data-end=\"525\">L'\u00eele d'Eden offre <strong data-start=\"394\" data-end=\"472\">des paysages naturels \u00e0 couper le souffle et une journ\u00e9e de d\u00e9tente sur cette \u00eele paisible<\/strong>, avec un <strong data-start=\"482\" data-end=\"507\">programme tout compris<\/strong>, o\u00f9 vous le pouvez :<\/p>\n<ul data-start=\"526\" data-end=\"754\">\n<li data-start=\"526\" data-end=\"567\">\n<p data-start=\"528\" data-end=\"567\"><strong data-start=\"528\" data-end=\"562\">Boissons \u00e0 volont\u00e9 toute la journ\u00e9e<\/strong> \ud83c\udf79<\/p>\n<\/li>\n<li data-start=\"568\" data-end=\"611\">\n<p data-start=\"570\" data-end=\"611\"><strong data-start=\"570\" data-end=\"606\">Prendre une collation et un petit-d\u00e9jeuner le matin<\/strong> \ud83e\udd50<\/p>\n<\/li>\n<li data-start=\"612\" data-end=\"667\">\n<p data-start=\"614\" data-end=\"667\"><strong data-start=\"614\" data-end=\"661\">D\u00e9jeuner buffet \u00e0 volont\u00e9 de 2 heures<\/strong> \ud83c\udf7d\ufe0f<\/p>\n<\/li>\n<li data-start=\"668\" data-end=\"754\">\n<p data-start=\"670\" data-end=\"754\"><strong data-start=\"670\" data-end=\"749\">Participez \u00e0 une s\u00e9ance de plong\u00e9e avec masque et tuba pour explorer les magnifiques fonds marins de la mer Rouge.<\/strong> \ud83d\udc20<\/p>\n<\/li>\n<\/ul>\n<p data-start=\"756\" data-end=\"772\">\ud83d\udd57 <strong data-start=\"759\" data-end=\"770\">Programme<\/strong><\/p>\n<ul data-start=\"773\" data-end=\"901\">\n<li data-start=\"773\" data-end=\"829\">\n<p data-start=\"775\" data-end=\"829\">D\u00e9part vers 8h30 - Retour vers 16h30.<\/p>\n<\/li>\n<li data-start=\"830\" data-end=\"871\">\n<p data-start=\"832\" data-end=\"871\">D\u00e9tente et baignade sur l'\u00eele<\/p>\n<\/li>\n<li data-start=\"872\" data-end=\"901\">\n<p data-start=\"874\" data-end=\"901\">Plong\u00e9e en apn\u00e9e dans la mer Rouge<\/p>\n<\/li>\n<\/ul>\n<p data-start=\"903\" data-end=\"927\">\u2693 <strong data-start=\"905\" data-end=\"925\">Options incluses<\/strong><\/p>\n<ul data-start=\"928\" data-end=\"1125\">\n<li data-start=\"928\" data-end=\"957\">\n<p data-start=\"930\" data-end=\"957\">Transfert aller-retour \u00e0 l'h\u00f4tel<\/p>\n<\/li>\n<li data-start=\"958\" data-end=\"989\">\n<p data-start=\"960\" data-end=\"989\">Frais d'entr\u00e9e sur l'\u00eele<\/p>\n<\/li>\n<li data-start=\"990\" data-end=\"1008\">\n<p data-start=\"992\" data-end=\"1008\">Transport de bateaux<\/p>\n<\/li>\n<li data-start=\"1009\" data-end=\"1044\">\n<p data-start=\"1011\" data-end=\"1044\">\u00c9quipement de plong\u00e9e avec tuba<\/p>\n<\/li>\n<li data-start=\"1045\" data-end=\"1062\">\n<p data-start=\"1047\" data-end=\"1062\">Collation du matin<\/p>\n<\/li>\n<li data-start=\"1063\" data-end=\"1096\">\n<p data-start=\"1065\" data-end=\"1096\">2 heures de buffet \u00e0 volont\u00e9<\/p>\n<\/li>\n<li data-start=\"1097\" data-end=\"1125\">\n<p data-start=\"1099\" data-end=\"1125\">Boissons illimit\u00e9es toute la journ\u00e9e<\/p>\n<\/li>\n<\/ul>\n<p data-start=\"1127\" data-end=\"1186\"><strong data-start=\"1127\" data-end=\"1184\">Plongez au paradis et cr\u00e9ez des souvenirs inoubliables !<\/strong><\/p>\n<h3 data-start=\"2198\" data-end=\"2225\"><strong data-start=\"2205\" data-end=\"2223\">\ud83e\udd11 Prix de l'excursion<\/strong><\/h3>\n<p data-start=\"2228\" data-end=\"2260\"><strong data-start=\"2233\" data-end=\"2258\">\u00a0 \u00a0<img decoding=\"async\" class=\"emoji\" role=\"img\" draggable=\"false\" src=\"https:\/\/s.w.org\/images\/core\/emoji\/16.0.1\/svg\/1f64e-1f3fb-200d-2642-fe0f.svg\" alt=\"\ud83d\ude4e\ud83c\udffb\u200d\u2642\ufe0f\" \/> 12 ans et plus 65 euros<\/strong><\/p>\n<p data-start=\"2228\" data-end=\"2260\"><strong data-start=\"2263\" data-end=\"2280\">\u00a0 \u00a0<img decoding=\"async\" class=\"emoji\" role=\"img\" draggable=\"false\" src=\"https:\/\/s.w.org\/images\/core\/emoji\/16.0.1\/svg\/1f9cd-1f3fb-200d-2640-fe0f.svg\" alt=\"\ud83e\uddcd\ud83c\udffb\u200d\u2640\ufe0f\" \/> 6\/11 ans 35 \u20ac<\/strong><\/p>\n<p data-start=\"2228\" data-end=\"2260\"><strong data-start=\"2327\" data-end=\"2355\">\u00a0 \u00a0<img decoding=\"async\" class=\"emoji\" role=\"img\" draggable=\"false\" src=\"https:\/\/s.w.org\/images\/core\/emoji\/16.0.1\/svg\/1f47c-1f3fc.svg\" alt=\"\ud83d\udc7c\ud83c\udffc\" \/> - 6 ans Gratuit \u20ac<\/strong><\/p>\n<h3 data-start=\"2198\" data-end=\"2225\"><strong data-start=\"2205\" data-end=\"2223\">Le paiement en USD ($ \ud83c\uddfa\ud83c\uddf8) au lieu de l'EUR (\u20ac \ud83c\uddea\ud83c\uddfa) est possible en fonction du taux de change bancaire quotidien.<\/strong><\/h3>\n<p><strong>R\u00e9server par WhatsApp :<\/strong><\/p>\n<p><a href=\"https:\/\/api.whatsapp.com\/send\/?phone=01024021616\" target=\"_blank\" rel=\"noopener\">\u00a0<img decoding=\"async\" class=\"alignnone wp-image-2058\" src=\"https:\/\/poehalisnamiegypt.com\/wp-content\/uploads\/2024\/02\/pngwing.com_-300x300.png\" sizes=\"auto, (max-width: 35px) 100vw, 35px\" srcset=\"https:\/\/poehalisnamiegypt.com\/wp-content\/uploads\/2024\/02\/pngwing.com_-300x300.png 300w, https:\/\/poehalisnamiegypt.com\/wp-content\/uploads\/2024\/02\/pngwing.com_-150x150.png 150w, https:\/\/poehalisnamiegypt.com\/wp-content\/uploads\/2024\/02\/pngwing.com_.png 584w\" alt=\"\" width=\"53\" height=\"53\" \/><\/a><\/p>\n<div id=\"gtx-trans\" style=\"position: absolute; left: 303px; top: 1.2px;\">\n<div class=\"gtx-trans-icon\"><\/div>\n<\/div>","protected":false},"excerpt":{"rendered":"<p>\ud83c\udfdd\ufe0f Escape to Eden Island \u2013 A Red Sea Paradise!Located within the stunning Giftun Island Marine Reserve, just off the coast of Hurghada, Eden Island is your ultimate getaway for sunshine \u2600\ufe0f, crystal-clear waters \ud83c\udf0a, and unforgettable snorkeling adventures \ud83e\udd3f. Eden Island offers breathtaking natural landscapes and a relaxing day on this peaceful island, with [&hellip;]<\/p>\n","protected":false},"featured_media":9580,"comment_status":"open","ping_status":"closed","template":"","meta":{"_monsterinsights_skip_tracking":false,"_monsterinsights_sitenote_active":false,"_monsterinsights_sitenote_note":"","_monsterinsights_sitenote_category":0,"_mbp_gutenberg_autopost":false},"product_brand":[],"product_cat":[60],"product_tag":[],"class_list":{"0":"post-9436","1":"product","2":"type-product","3":"status-publish","4":"has-post-thumbnail","6":"product_cat-sea","8":"first","9":"instock","10":"shipping-taxable","11":"purchasable","12":"product-type-ovabrw_car_rental"},"_links":{"self":[{"href":"https:\/\/redsea-dream-tours.net\/fr\/wp-json\/wp\/v2\/product\/9436","targetHints":{"allow":["GET"]}}],"collection":[{"href":"https:\/\/redsea-dream-tours.net\/fr\/wp-json\/wp\/v2\/product"}],"about":[{"href":"https:\/\/redsea-dream-tours.net\/fr\/wp-json\/wp\/v2\/types\/product"}],"replies":[{"embeddable":true,"href":"https:\/\/redsea-dream-tours.net\/fr\/wp-json\/wp\/v2\/comments?post=9436"}],"wp:featuredmedia":[{"embeddable":true,"href":"https:\/\/redsea-dream-tours.net\/fr\/wp-json\/wp\/v2\/media\/9580"}],"wp:attachment":[{"href":"https:\/\/redsea-dream-tours.net\/fr\/wp-json\/wp\/v2\/media?parent=9436"}],"wp:term":[{"taxonomy":"product_brand","embeddable":true,"href":"https:\/\/redsea-dream-tours.net\/fr\/wp-json\/wp\/v2\/product_brand?post=9436"},{"taxonomy":"product_cat","embeddable":true,"href":"https:\/\/redsea-dream-tours.net\/fr\/wp-json\/wp\/v2\/product_cat?post=9436"},{"taxonomy":"product_tag","embeddable":true,"href":"https:\/\/redsea-dream-tours.net\/fr\/wp-json\/wp\/v2\/product_tag?post=9436"}],"curies":[{"name":"wp","href":"https:\/\/api.w.org\/{rel}","templated":true}]}}