{"id":9442,"date":"2026-03-01T20:19:59","date_gmt":"2026-03-01T20:19:59","guid":{"rendered":"https:\/\/redsea-dream-tours.net\/?post_type=product&#038;p=9442"},"modified":"2026-03-22T18:43:00","modified_gmt":"2026-03-22T18:43:00","slug":"city-tour-landmarks-culture-local-life","status":"publish","type":"product","link":"https:\/\/redsea-dream-tours.net\/fr\/produit\/city-tour-landmarks-culture-local-life\/","title":{"rendered":"Visite de la ville : Sites d'int\u00e9r\u00eat, culture et vie locale"},"content":{"rendered":"<p data-start=\"99\" data-end=\"169\"><strong data-start=\"99\" data-end=\"167\">\ud83c\udfd9\ufe0f D\u00e9couvrez le c\u0153ur de la ville avec nos passionnantes visites guid\u00e9es !<\/strong><\/p>\n<p data-start=\"171\" data-end=\"492\">Pr\u00e9parez-vous \u00e0 <strong data-start=\"184\" data-end=\"240\">d\u00e9couvrir les secrets, la culture et la beaut\u00e9 de la ville<\/strong> avec nos guides experts <strong data-start=\"266\" data-end=\"280\">Visites de la ville<\/strong>. Que vous soyez un passionn\u00e9 d'histoire, un amoureux de la culture ou que vous cherchiez simplement \u00e0 d\u00e9couvrir ce que la ville a de mieux \u00e0 offrir, ce voyage est con\u00e7u pour vous donner un aper\u00e7u de ce que la ville a \u00e0 offrir. <strong data-start=\"437\" data-end=\"489\">un voyage inoubliable \u00e0 travers le temps et les traditions<\/strong>.<\/p>\n<p data-start=\"494\" data-end=\"536\"><strong data-start=\"494\" data-end=\"534\">\u2728 Qu'est-ce qui rend nos visites guid\u00e9es sp\u00e9ciales ?<\/strong><\/p>\n<ul data-start=\"537\" data-end=\"1101\">\n<li data-start=\"537\" data-end=\"667\">\n<p data-start=\"539\" data-end=\"667\"><strong data-start=\"539\" data-end=\"575\">Sites et monuments embl\u00e9matiques \ud83c\udfdb\ufe0f<\/strong> - Explorez les sites les plus c\u00e9l\u00e8bres de la ville, des b\u00e2timents historiques aux merveilles architecturales.<\/p>\n<\/li>\n<li data-start=\"668\" data-end=\"794\">\n<p data-start=\"670\" data-end=\"794\"><strong data-start=\"670\" data-end=\"699\">Un riche patrimoine culturel \ud83c\udfad<\/strong> - Plongez dans les traditions locales, les histoires fascinantes et les joyaux cach\u00e9s qui \u00e9chappent \u00e0 de nombreux voyageurs.<\/p>\n<\/li>\n<li data-start=\"795\" data-end=\"917\">\n<p data-start=\"797\" data-end=\"917\"><strong data-start=\"797\" data-end=\"826\">Guides locaux experts \ud83d\udc68\u200d\ud83c\udfeb<\/strong> - Nos guides comp\u00e9tents donnent vie \u00e0 l'histoire et \u00e0 la culture en racontant des histoires captivantes.<\/p>\n<\/li>\n<li data-start=\"918\" data-end=\"1009\">\n<p data-start=\"920\" data-end=\"1009\"><strong data-start=\"920\" data-end=\"953\">Transport confortable \ud83d\ude90<\/strong> - Profitez d'un trajet fluide et relaxant entre chaque arr\u00eat.<\/p>\n<\/li>\n<li data-start=\"1010\" data-end=\"1101\">\n<p data-start=\"1012\" data-end=\"1101\"><strong data-start=\"1012\" data-end=\"1048\">De nombreuses possibilit\u00e9s de photos \ud83d\udcf8<\/strong> - Capturez des moments inoubliables \u00e0 chaque point de rep\u00e8re.<\/p>\n<\/li>\n<\/ul>\n<p data-start=\"1103\" data-end=\"1128\"><strong data-start=\"1103\" data-end=\"1126\">\ud83d\udd52 Points forts du voyage :<\/strong><\/p>\n<ul data-start=\"1129\" data-end=\"1330\">\n<li data-start=\"1129\" data-end=\"1176\">\n<p data-start=\"1131\" data-end=\"1176\">D\u00e9parts possibles le matin et l'apr\u00e8s-midi.<\/p>\n<\/li>\n<li data-start=\"1177\" data-end=\"1265\">\n<p data-start=\"1179\" data-end=\"1265\">Arr\u00eats dans les mus\u00e9es, les vieux march\u00e9s \ud83d\udecd\ufe0f, les sites religieux \u26ea, et les attractions modernes \ud83c\udf07.<\/p>\n<\/li>\n<li data-start=\"1266\" data-end=\"1330\">\n<p data-start=\"1268\" data-end=\"1330\">Temps libre pour fl\u00e2ner, faire du shopping ou siroter un caf\u00e9 \u2615 dans les caf\u00e9s locaux.<\/p>\n<\/li>\n<\/ul>\n<p data-start=\"1332\" data-end=\"1353\"><strong data-start=\"1332\" data-end=\"1351\">\ud83d\udcbc Parfait pour :<\/strong><\/p>\n<ul data-start=\"1354\" data-end=\"1438\">\n<li data-start=\"1354\" data-end=\"1378\">\n<p data-start=\"1356\" data-end=\"1378\">Familles \ud83d\udc68\u200d\ud83d\udc69\u200d\ud83d\udc67\u200d\ud83d\udc66<\/p>\n<\/li>\n<li data-start=\"1379\" data-end=\"1393\">\n<p data-start=\"1381\" data-end=\"1393\">Couples \u2764\ufe0f<\/p>\n<\/li>\n<li data-start=\"1394\" data-end=\"1415\">\n<p data-start=\"1396\" data-end=\"1415\">Voyageurs solitaires \ud83c\udf0d<\/p>\n<\/li>\n<li data-start=\"1416\" data-end=\"1438\">\n<p data-start=\"1418\" data-end=\"1438\">Groupes d'amis \ud83c\udf89<\/p>\n<\/li>\n<\/ul>\n<p data-start=\"1440\" data-end=\"1711\"><strong data-start=\"1440\" data-end=\"1468\">\ud83c\udf1f Pourquoi choisir ce voyage ?<\/strong><br data-start=\"1468\" data-end=\"1471\" \/>Parce qu'une ville, ce n'est pas seulement des rues et des b\u00e2timents, c'est une histoire vivante qui ne demande qu'\u00e0 \u00eatre explor\u00e9e. A partir de <strong data-start=\"1577\" data-end=\"1597\">patrimoine ancien<\/strong> \u00e0 <strong data-start=\"1601\" data-end=\"1621\">des vibrations modernes<\/strong>, Cette visite combine l'\u00e9ducation, le divertissement et l'exploration en une seule et m\u00eame exp\u00e9rience.<\/p>\n<p data-start=\"1713\" data-end=\"1790\">Rejoignez-nous pour une <strong data-start=\"1727\" data-end=\"1788\">Une journ\u00e9e remplie de culture, de plaisir et de souvenirs inoubliables !<\/strong><\/p>\n<table style=\"height: 79px;\" width=\"758\">\n<tbody>\n<tr>\n<td width=\"126\"><strong>\u00a0\u20ac\u00a0\u00a0\u00a0 25.00<\/strong><\/td>\n<td width=\"307\"><strong>Tour de ville 2 pax<\/strong><\/td>\n<\/tr>\n<tr>\n<td><strong>\u00a0\u20ac\u00a0\u00a0\u00a0 20.00<\/strong><\/td>\n<td width=\"307\"><strong>Tour de ville 3 pax<\/strong><\/td>\n<\/tr>\n<\/tbody>\n<\/table>\n<h3 data-start=\"2198\" data-end=\"2225\"><strong data-start=\"2205\" data-end=\"2223\">Le paiement en USD ($ \ud83c\uddfa\ud83c\uddf8) au lieu de l'EUR (\u20ac \ud83c\uddea\ud83c\uddfa) est possible en fonction du taux de change bancaire quotidien.<\/strong><\/h3>\n<p><strong>R\u00e9server par WhatsApp :<\/strong><\/p>\n<p><a href=\"https:\/\/wa.me\/201021058859\" target=\"_blank\" rel=\"noopener\">\u00a0<img decoding=\"async\" class=\"alignnone wp-image-2058\" src=\"https:\/\/poehalisnamiegypt.com\/wp-content\/uploads\/2024\/02\/pngwing.com_-300x300.png\" sizes=\"auto, (max-width: 35px) 100vw, 35px\" srcset=\"https:\/\/poehalisnamiegypt.com\/wp-content\/uploads\/2024\/02\/pngwing.com_-300x300.png 300w, https:\/\/poehalisnamiegypt.com\/wp-content\/uploads\/2024\/02\/pngwing.com_-150x150.png 150w, https:\/\/poehalisnamiegypt.com\/wp-content\/uploads\/2024\/02\/pngwing.com_.png 584w\" alt=\"\" width=\"53\" height=\"53\" \/><\/a><\/p>\n<p>&nbsp;<\/p>\n<div id=\"gtx-trans\" style=\"position: absolute; left: 244px; top: 1.2px;\">\n<div class=\"gtx-trans-icon\"><\/div>\n<\/div>","protected":false},"excerpt":{"rendered":"<p>\ud83c\udfd9\ufe0f Discover the Heart of the City with Our Exciting City Tours! Get ready to uncover the secrets, culture, and beauty of the city with our expertly guided City Tours. Whether you&#8217;re a history enthusiast, a culture lover, or simply looking to experience the best the city has to offer, this trip is designed to [&hellip;]<\/p>\n","protected":false},"featured_media":9627,"comment_status":"open","ping_status":"closed","template":"","meta":{"_monsterinsights_skip_tracking":false,"_monsterinsights_sitenote_active":false,"_monsterinsights_sitenote_note":"","_monsterinsights_sitenote_category":0,"_mbp_gutenberg_autopost":false},"product_brand":[],"product_cat":[61],"product_tag":[],"class_list":{"0":"post-9442","1":"product","2":"type-product","3":"status-publish","4":"has-post-thumbnail","6":"product_cat-entertaining","8":"first","9":"instock","10":"shipping-taxable","11":"purchasable","12":"product-type-ovabrw_car_rental"},"_links":{"self":[{"href":"https:\/\/redsea-dream-tours.net\/fr\/wp-json\/wp\/v2\/product\/9442","targetHints":{"allow":["GET"]}}],"collection":[{"href":"https:\/\/redsea-dream-tours.net\/fr\/wp-json\/wp\/v2\/product"}],"about":[{"href":"https:\/\/redsea-dream-tours.net\/fr\/wp-json\/wp\/v2\/types\/product"}],"replies":[{"embeddable":true,"href":"https:\/\/redsea-dream-tours.net\/fr\/wp-json\/wp\/v2\/comments?post=9442"}],"wp:featuredmedia":[{"embeddable":true,"href":"https:\/\/redsea-dream-tours.net\/fr\/wp-json\/wp\/v2\/media\/9627"}],"wp:attachment":[{"href":"https:\/\/redsea-dream-tours.net\/fr\/wp-json\/wp\/v2\/media?parent=9442"}],"wp:term":[{"taxonomy":"product_brand","embeddable":true,"href":"https:\/\/redsea-dream-tours.net\/fr\/wp-json\/wp\/v2\/product_brand?post=9442"},{"taxonomy":"product_cat","embeddable":true,"href":"https:\/\/redsea-dream-tours.net\/fr\/wp-json\/wp\/v2\/product_cat?post=9442"},{"taxonomy":"product_tag","embeddable":true,"href":"https:\/\/redsea-dream-tours.net\/fr\/wp-json\/wp\/v2\/product_tag?post=9442"}],"curies":[{"name":"wp","href":"https:\/\/api.w.org\/{rel}","templated":true}]}}