{"id":9443,"date":"2026-03-01T20:19:59","date_gmt":"2026-03-01T20:19:59","guid":{"rendered":"https:\/\/redsea-dream-tours.net\/?post_type=product&#038;p=9443"},"modified":"2026-03-01T20:21:53","modified_gmt":"2026-03-01T20:21:53","slug":"el-gouna-tour-lagoons-beaches-marina-magic","status":"publish","type":"product","link":"https:\/\/redsea-dream-tours.net\/fr\/produit\/el-gouna-tour-lagoons-beaches-marina-magic\/","title":{"rendered":"Excursion \u00e0 El Gouna : Lagons, plages et magie de la marina"},"content":{"rendered":"<p data-start=\"104\" data-end=\"179\"><strong data-start=\"104\" data-end=\"177\">\ud83c\udf34 Explorez la beaut\u00e9 d'El Gouna avec nos inoubliables visites de Gouna !<\/strong><\/p>\n<p data-start=\"181\" data-end=\"532\">\u00c9chappez \u00e0 l'ordinaire et partez en voyage pour <strong data-start=\"229\" data-end=\"241\">El Gouna<\/strong>, L'un des sites baln\u00e9aires les plus luxueux et les plus pittoresques d'\u00c9gypte, le long de la c\u00f4te de l'oc\u00e9an Indien. <strong data-start=\"320\" data-end=\"340\">C\u00f4te de la mer Rouge \ud83c\udf0a<\/strong>. Connu pour ses <strong data-start=\"356\" data-end=\"426\">lagons turquoise, plages de sable dor\u00e9 \ud83c\udfd6\ufe0f, et un mode de vie dynamique<\/strong>, El Gouna est un v\u00e9ritable paradis pour les voyageurs en qu\u00eate de d\u00e9tente, d'aventure et de culture.<\/p>\n<p data-start=\"534\" data-end=\"574\"><strong data-start=\"534\" data-end=\"572\">\u2728 Qu'est-ce qui vous attend lors d'un voyage \u00e0 Gouna ?<\/strong><\/p>\n<ul data-start=\"575\" data-end=\"1117\">\n<li data-start=\"575\" data-end=\"701\">\n<p data-start=\"577\" data-end=\"701\"><strong data-start=\"577\" data-end=\"607\">Croisi\u00e8re sur la lagune \u26f5<\/strong> - Glissez dans les lagons sereins et profitez d'une vue imprenable sur la ville depuis l'eau.<\/p>\n<\/li>\n<li data-start=\"702\" data-end=\"790\">\n<p data-start=\"704\" data-end=\"790\"><strong data-start=\"704\" data-end=\"736\">Se d\u00e9tendre sur des plages immacul\u00e9es \ud83c\udf1e<\/strong> - Profitez du soleil et d\u00e9tendez-vous dans un cadre tropical.<\/p>\n<\/li>\n<li data-start=\"791\" data-end=\"903\">\n<p data-start=\"793\" data-end=\"903\"><strong data-start=\"793\" data-end=\"822\">La vibrante Marina Walk \ud83d\udeb6\u200d\u2640\ufe0f<\/strong> - Fl\u00e2nez dans la marina d'Abu Tig avec ses superbes yachts, ses caf\u00e9s et ses boutiques.<\/p>\n<\/li>\n<li data-start=\"904\" data-end=\"1013\">\n<p data-start=\"906\" data-end=\"1013\"><strong data-start=\"906\" data-end=\"932\">Culture et art locaux \ud83c\udfa8<\/strong> - Explorez les rues charmantes d'El Gouna, ses galeries d'art et son architecture unique.<\/p>\n<\/li>\n<li data-start=\"1014\" data-end=\"1117\">\n<p data-start=\"1016\" data-end=\"1117\"><strong data-start=\"1016\" data-end=\"1048\">Activit\u00e9s nautiques en option \ud83e\udd3f<\/strong> - Plong\u00e9e en apn\u00e9e, plong\u00e9e sous-marine ou kitesurf pour les aventuriers dans l'\u00e2me.<\/p>\n<\/li>\n<\/ul>\n<p data-start=\"1119\" data-end=\"1144\"><strong data-start=\"1119\" data-end=\"1142\">\ud83d\udd52 Points forts du voyage :<\/strong><\/p>\n<ul data-start=\"1145\" data-end=\"1331\">\n<li data-start=\"1145\" data-end=\"1198\">\n<p data-start=\"1147\" data-end=\"1198\">Excursions d'une journ\u00e9e compl\u00e8te avec prise en charge et retour \u00e0 l'h\u00f4tel \ud83d\ude90.<\/p>\n<\/li>\n<li data-start=\"1199\" data-end=\"1247\">\n<p data-start=\"1201\" data-end=\"1247\">D\u00e9jeuner d\u00e9licieux dans un restaurant en bord de mer Non inclus \ud83c\udf7d\ufe0f.<\/p>\n<\/li>\n<li data-start=\"1248\" data-end=\"1331\">\n<p data-start=\"1250\" data-end=\"1331\">Temps libre pour faire du shopping, de la photographie \ud83d\udcf8, ou simplement pour profiter de l'ambiance d\u00e9contract\u00e9e.<\/p>\n<\/li>\n<\/ul>\n<p data-start=\"1333\" data-end=\"1354\"><strong data-start=\"1333\" data-end=\"1352\">\ud83d\udcbc Parfait pour :<\/strong><\/p>\n<ul data-start=\"1355\" data-end=\"1502\">\n<li data-start=\"1355\" data-end=\"1405\">\n<p data-start=\"1357\" data-end=\"1405\">Familles \u00e0 la recherche d'une escapade amusante \ud83d\udc68\u200d\ud83d\udc69\u200d\ud83d\udc67\u200d\ud83d\udc66<\/p>\n<\/li>\n<li data-start=\"1406\" data-end=\"1452\">\n<p data-start=\"1408\" data-end=\"1452\">Couples \u00e0 la recherche d'une escapade romantique \u2764\ufe0f<\/p>\n<\/li>\n<li data-start=\"1453\" data-end=\"1502\">\n<p data-start=\"1455\" data-end=\"1502\">Les amateurs d'aventure et de sports nautiques \ud83c\udfc4\u200d\u2642\ufe0f<\/p>\n<\/li>\n<\/ul>\n<p data-start=\"1504\" data-end=\"1753\"><strong data-start=\"1504\" data-end=\"1534\">\ud83c\udf1f Pourquoi choisir Gouna Tours ?<\/strong><br data-start=\"1534\" data-end=\"1537\" \/>Parce qu'El Gouna offre <strong data-start=\"1561\" data-end=\"1587\">Chacun y trouve son compte<\/strong> - des lagons tranquilles \u00e0 la vie nocturne tr\u00e9pidante \ud83c\udf19, de la culture riche \u00e0 la relaxation de luxe. Chaque instant est con\u00e7u pour cr\u00e9er <strong data-start=\"1717\" data-end=\"1750\">des souvenirs qui durent toute une vie<\/strong>.<\/p>\n<p data-start=\"1253\" data-end=\"1278\"><strong data-start=\"1253\" data-end=\"1276\">\ud83e\udd11 Prix des activit\u00e9s :<\/strong><\/p>\n<table style=\"height: 54px;\" width=\"701\">\n<tbody>\n<tr>\n<td width=\"126\"><strong>\u00a0\u20ac\u00a0\u00a0\u00a0 35.00<\/strong><\/td>\n<td width=\"307\"><strong>Excursions \u00e0 Gouna 1 Pax<\/strong><\/td>\n<\/tr>\n<tr>\n<td><strong>\u00a0\u20ac\u00a0\u00a0\u00a0 30.00<\/strong><\/td>\n<td width=\"307\"><strong>Visites de Gouna2:9 Pax<\/strong><\/td>\n<\/tr>\n<\/tbody>\n<\/table>\n<h3 data-start=\"2198\" data-end=\"2225\"><strong data-start=\"2205\" data-end=\"2223\">Le paiement en USD ($ \ud83c\uddfa\ud83c\uddf8) au lieu de l'EUR (\u20ac \ud83c\uddea\ud83c\uddfa) est possible en fonction du taux de change bancaire quotidien.<\/strong><\/h3>\n<p><strong>R\u00e9server par WhatsApp :<\/strong><\/p>\n<p><a href=\"https:\/\/wa.me\/201021058859\" target=\"_blank\" rel=\"noopener\">\u00a0<img decoding=\"async\" class=\"alignnone wp-image-2058\" src=\"https:\/\/poehalisnamiegypt.com\/wp-content\/uploads\/2024\/02\/pngwing.com_-300x300.png\" sizes=\"auto, (max-width: 35px) 100vw, 35px\" srcset=\"https:\/\/poehalisnamiegypt.com\/wp-content\/uploads\/2024\/02\/pngwing.com_-300x300.png 300w, https:\/\/poehalisnamiegypt.com\/wp-content\/uploads\/2024\/02\/pngwing.com_-150x150.png 150w, https:\/\/poehalisnamiegypt.com\/wp-content\/uploads\/2024\/02\/pngwing.com_.png 584w\" alt=\"\" width=\"53\" height=\"53\" \/><\/a><\/p>\n<p>&nbsp;<\/p>\n<div id=\"gtx-trans\" style=\"position: absolute; left: 261px; top: 1.2px;\">\n<div class=\"gtx-trans-icon\"><\/div>\n<\/div>\n<div id=\"gtx-trans\" style=\"position: absolute; left: 261px; top: 1.2px;\">\n<div class=\"gtx-trans-icon\"><\/div>\n<\/div>","protected":false},"excerpt":{"rendered":"<p>\ud83c\udf34 Explore the Beauty of El Gouna with Our Unforgettable Gouna Tours! Escape the ordinary and set off on a journey to El Gouna, one of Egypt\u2019s most luxurious and picturesque seaside destinations along the Red Sea coast \ud83c\udf0a. Known for its turquoise lagoons, golden sandy beaches \ud83c\udfd6\ufe0f, and vibrant lifestyle, El Gouna is a [&hellip;]<\/p>\n","protected":false},"featured_media":9629,"comment_status":"open","ping_status":"closed","template":"","meta":{"_monsterinsights_skip_tracking":false,"_monsterinsights_sitenote_active":false,"_monsterinsights_sitenote_note":"","_monsterinsights_sitenote_category":0,"_mbp_gutenberg_autopost":false},"product_brand":[],"product_cat":[61],"product_tag":[],"class_list":{"0":"post-9443","1":"product","2":"type-product","3":"status-publish","4":"has-post-thumbnail","6":"product_cat-entertaining","8":"first","9":"instock","10":"shipping-taxable","11":"purchasable","12":"product-type-ovabrw_car_rental"},"_links":{"self":[{"href":"https:\/\/redsea-dream-tours.net\/fr\/wp-json\/wp\/v2\/product\/9443","targetHints":{"allow":["GET"]}}],"collection":[{"href":"https:\/\/redsea-dream-tours.net\/fr\/wp-json\/wp\/v2\/product"}],"about":[{"href":"https:\/\/redsea-dream-tours.net\/fr\/wp-json\/wp\/v2\/types\/product"}],"replies":[{"embeddable":true,"href":"https:\/\/redsea-dream-tours.net\/fr\/wp-json\/wp\/v2\/comments?post=9443"}],"wp:featuredmedia":[{"embeddable":true,"href":"https:\/\/redsea-dream-tours.net\/fr\/wp-json\/wp\/v2\/media\/9629"}],"wp:attachment":[{"href":"https:\/\/redsea-dream-tours.net\/fr\/wp-json\/wp\/v2\/media?parent=9443"}],"wp:term":[{"taxonomy":"product_brand","embeddable":true,"href":"https:\/\/redsea-dream-tours.net\/fr\/wp-json\/wp\/v2\/product_brand?post=9443"},{"taxonomy":"product_cat","embeddable":true,"href":"https:\/\/redsea-dream-tours.net\/fr\/wp-json\/wp\/v2\/product_cat?post=9443"},{"taxonomy":"product_tag","embeddable":true,"href":"https:\/\/redsea-dream-tours.net\/fr\/wp-json\/wp\/v2\/product_tag?post=9443"}],"curies":[{"name":"wp","href":"https:\/\/api.w.org\/{rel}","templated":true}]}}