{"id":9445,"date":"2026-03-01T20:19:59","date_gmt":"2026-03-01T20:19:59","guid":{"rendered":"https:\/\/redsea-dream-tours.net\/?post_type=product&#038;p=9445"},"modified":"2026-03-01T20:22:09","modified_gmt":"2026-03-01T20:22:09","slug":"spa-red-sea-relaxation-wellness-luxury","status":"publish","type":"product","link":"https:\/\/redsea-dream-tours.net\/fr\/produit\/spa-red-sea-relaxation-wellness-luxury\/","title":{"rendered":"Spa Red Sea : D\u00e9tente, bien-\u00eatre et luxe"},"content":{"rendered":"<p data-start=\"94\" data-end=\"149\"><strong data-start=\"94\" data-end=\"147\">\ud83d\udc86\u200d\u2640\ufe0f D\u00e9tendez-vous, rafra\u00eechissez-vous et rajeunissez au Spa Red Sea !<\/strong><\/p>\n<p data-start=\"151\" data-end=\"472\">Evadez-vous dans un monde de <strong data-start=\"174\" data-end=\"203\">tranquillit\u00e9 et luxe \ud83c\udf34<\/strong> avec notre service exclusif de <strong data-start=\"223\" data-end=\"249\">Spa de la mer Rouge<\/strong> - la retraite parfaite pour d\u00e9tendre votre corps, votre esprit et votre \u00e2me. Nich\u00e9 le long de la magnifique <strong data-start=\"336\" data-end=\"356\">C\u00f4te de la mer Rouge \ud83c\udf0a<\/strong>, Ce spa associe le pouvoir apaisant de la nature \u00e0 des traitements experts pour vous offrir un voyage de bien-\u00eatre ultime.<\/p>\n<p data-start=\"474\" data-end=\"513\"><strong data-start=\"474\" data-end=\"511\">\u2728 Qu'est-ce qui vous attend au Spa Red Sea ?<\/strong><\/p>\n<ul data-start=\"514\" data-end=\"892\">\n<li data-start=\"514\" data-end=\"588\">\n<p data-start=\"516\" data-end=\"588\"><strong data-start=\"516\" data-end=\"541\">Massages du corps entier \ud83d\udc50<\/strong> - des tissus profonds \u00e0 l'aromath\u00e9rapie relaxante.<\/p>\n<\/li>\n<li data-start=\"589\" data-end=\"652\">\n<p data-start=\"591\" data-end=\"652\"><strong data-start=\"591\" data-end=\"618\">Soins du visage revitalisants \ud83c\udf38<\/strong> - pour retrouver votre \u00e9clat naturel.<\/p>\n<\/li>\n<li data-start=\"653\" data-end=\"723\">\n<p data-start=\"655\" data-end=\"723\"><strong data-start=\"655\" data-end=\"682\">Salles de vapeur et saunas \u2668\ufe0f<\/strong> - se d\u00e9sintoxiquer et se d\u00e9tendre dans le plus grand confort.<\/p>\n<\/li>\n<li data-start=\"724\" data-end=\"804\">\n<p data-start=\"726\" data-end=\"804\"><strong data-start=\"726\" data-end=\"756\">Bains \u00e0 remous et piscines de luxe \ud83d\udec1<\/strong> - faire fondre le stress tout en s'impr\u00e9gnant de s\u00e9r\u00e9nit\u00e9.<\/p>\n<\/li>\n<li data-start=\"805\" data-end=\"892\">\n<p data-start=\"807\" data-end=\"892\"><strong data-start=\"807\" data-end=\"850\">Forfaits pour couples et familles \u2764\ufe0f\ud83d\udc68\u200d\ud83d\udc69\u200d\ud83d\udc67\u200d\ud83d\udc66<\/strong> - parfait pour une escapade de bien-\u00eatre partag\u00e9e.<\/p>\n<\/li>\n<\/ul>\n<p data-start=\"894\" data-end=\"926\"><strong data-start=\"894\" data-end=\"924\">\ud83c\udf1f Pourquoi choisir Spa Red Sea ?<\/strong><\/p>\n<ul data-start=\"927\" data-end=\"1143\">\n<li data-start=\"927\" data-end=\"977\">\n<p data-start=\"929\" data-end=\"977\">Des th\u00e9rapeutes experts avec des soins professionnels \ud83e\uddd6\u200d\u2640\ufe0f<\/p>\n<\/li>\n<li data-start=\"978\" data-end=\"1016\">\n<p data-start=\"980\" data-end=\"1016\">Huiles et produits naturels de qualit\u00e9 sup\u00e9rieure \ud83c\udf3f<\/p>\n<\/li>\n<li data-start=\"1017\" data-end=\"1067\">\n<p data-start=\"1019\" data-end=\"1067\">Une ambiance apaisante con\u00e7ue pour la d\u00e9tente \ud83d\udd6f\ufe0f<\/p>\n<\/li>\n<li data-start=\"1068\" data-end=\"1143\">\n<p data-start=\"1070\" data-end=\"1143\">Des traitements sur mesure pour tous les besoins - du soulagement du stress au renouvellement de la peau<\/p>\n<\/li>\n<\/ul>\n<p data-start=\"1145\" data-end=\"1231\"><strong data-start=\"1145\" data-end=\"1168\">\ud83d\udd52 Disponible tous les jours :<\/strong> Du matin au soir, choisissez l'heure qui convient \u00e0 votre rythme !<\/p>\n<p data-start=\"1233\" data-end=\"1339\">Laissez-vous tenter par la <strong data-start=\"1248\" data-end=\"1280\">Le toucher curatif de la mer Rouge<\/strong> et repartir en se sentant <strong data-start=\"1299\" data-end=\"1336\">recharg\u00e9e, rayonnante et renouvel\u00e9e \u2728<\/strong>.<\/p>\n<p data-start=\"1233\" data-end=\"1339\"><strong data-start=\"1253\" data-end=\"1276\">\ud83e\udd11 Prix des activit\u00e9s :<\/strong><\/p>\n<p data-start=\"1233\" data-end=\"1339\"><strong data-start=\"1253\" data-end=\"1276\">\u00a0 .\u00a0 \u00a0 \u00a0 \u00a0 \u00a0 \u00a0 \u00a0 23 \u20ac\u00a0<\/strong><\/p>\n<h3 data-start=\"2198\" data-end=\"2225\"><strong data-start=\"2205\" data-end=\"2223\">Le paiement en USD ($ \ud83c\uddfa\ud83c\uddf8) au lieu de l'EUR (\u20ac \ud83c\uddea\ud83c\uddfa) est possible en fonction du taux de change bancaire quotidien.<\/strong><\/h3>\n<p><strong>R\u00e9server par WhatsApp :<\/strong><\/p>\n<p><a href=\"https:\/\/wa.me\/201021058859\" target=\"_blank\" rel=\"noopener\">\u00a0<img decoding=\"async\" class=\"alignnone wp-image-2058\" src=\"https:\/\/poehalisnamiegypt.com\/wp-content\/uploads\/2024\/02\/pngwing.com_-300x300.png\" sizes=\"auto, (max-width: 35px) 100vw, 35px\" srcset=\"https:\/\/poehalisnamiegypt.com\/wp-content\/uploads\/2024\/02\/pngwing.com_-300x300.png 300w, https:\/\/poehalisnamiegypt.com\/wp-content\/uploads\/2024\/02\/pngwing.com_-150x150.png 150w, https:\/\/poehalisnamiegypt.com\/wp-content\/uploads\/2024\/02\/pngwing.com_.png 584w\" alt=\"\" width=\"53\" height=\"53\" \/><\/a><\/p>\n<p>&nbsp;<\/p>","protected":false},"excerpt":{"rendered":"<p>\ud83d\udc86\u200d\u2640\ufe0f Relax, Refresh &amp; Rejuvenate at Spa Red Sea! Escape into a world of tranquility and luxury \ud83c\udf34 with our exclusive Spa Red Sea experience \u2013 the perfect retreat to relax your body, mind, and soul. Nestled along the beautiful Red Sea coast \ud83c\udf0a, this spa combines the soothing power of nature with expert treatments [&hellip;]<\/p>\n","protected":false},"featured_media":9647,"comment_status":"open","ping_status":"closed","template":"","meta":{"_monsterinsights_skip_tracking":false,"_monsterinsights_sitenote_active":false,"_monsterinsights_sitenote_note":"","_monsterinsights_sitenote_category":0,"_mbp_gutenberg_autopost":false},"product_brand":[],"product_cat":[61],"product_tag":[],"class_list":{"0":"post-9445","1":"product","2":"type-product","3":"status-publish","4":"has-post-thumbnail","6":"product_cat-entertaining","8":"first","9":"instock","10":"shipping-taxable","11":"purchasable","12":"product-type-ovabrw_car_rental"},"_links":{"self":[{"href":"https:\/\/redsea-dream-tours.net\/fr\/wp-json\/wp\/v2\/product\/9445","targetHints":{"allow":["GET"]}}],"collection":[{"href":"https:\/\/redsea-dream-tours.net\/fr\/wp-json\/wp\/v2\/product"}],"about":[{"href":"https:\/\/redsea-dream-tours.net\/fr\/wp-json\/wp\/v2\/types\/product"}],"replies":[{"embeddable":true,"href":"https:\/\/redsea-dream-tours.net\/fr\/wp-json\/wp\/v2\/comments?post=9445"}],"wp:featuredmedia":[{"embeddable":true,"href":"https:\/\/redsea-dream-tours.net\/fr\/wp-json\/wp\/v2\/media\/9647"}],"wp:attachment":[{"href":"https:\/\/redsea-dream-tours.net\/fr\/wp-json\/wp\/v2\/media?parent=9445"}],"wp:term":[{"taxonomy":"product_brand","embeddable":true,"href":"https:\/\/redsea-dream-tours.net\/fr\/wp-json\/wp\/v2\/product_brand?post=9445"},{"taxonomy":"product_cat","embeddable":true,"href":"https:\/\/redsea-dream-tours.net\/fr\/wp-json\/wp\/v2\/product_cat?post=9445"},{"taxonomy":"product_tag","embeddable":true,"href":"https:\/\/redsea-dream-tours.net\/fr\/wp-json\/wp\/v2\/product_tag?post=9445"}],"curies":[{"name":"wp","href":"https:\/\/api.w.org\/{rel}","templated":true}]}}