{"id":9568,"date":"2026-03-01T20:21:13","date_gmt":"2026-03-01T20:21:13","guid":{"rendered":"https:\/\/redsea-dream-tours.net\/?post_type=product&#038;p=9568"},"modified":"2026-03-01T20:23:01","modified_gmt":"2026-03-01T20:23:01","slug":"transfer-hurghada-to-cairo-hiace-car","status":"publish","type":"product","link":"https:\/\/redsea-dream-tours.net\/fr\/produit\/transfer-hurghada-to-cairo-hiace-car\/","title":{"rendered":"Transfert Hurghada - Le Caire Voiture Hiace"},"content":{"rendered":"<h3 data-start=\"139\" data-end=\"200\">Transfert priv\u00e9 de Hurghada au Caire en voiture Hiace<\/h3>\n<p data-start=\"202\" data-end=\"480\">Voyager dans le confort et la facilit\u00e9 \u00e0 partir de <strong data-start=\"234\" data-end=\"255\">De Hurghada au Caire<\/strong> avec notre service priv\u00e9 <strong data-start=\"273\" data-end=\"306\">Service de transfert de la Toyota Hiace<\/strong>. Que vous vous rendiez \u00e0 <strong data-start=\"334\" data-end=\"358\">explorer les pyramides<\/strong>, Nous vous assurons un s\u00e9jour agr\u00e9able dans la capitale \u00e9gyptienne, que ce soit pour rendre visite \u00e0 votre famille ou pour poursuivre votre voyage. <strong data-start=\"440\" data-end=\"477\">une conduite souple, s\u00fbre et pratique<\/strong>.<\/p>\n<h4 data-start=\"482\" data-end=\"511\">\ud83c\udfc1 Enl\u00e8vement sans souci<\/h4>\n<ul data-start=\"512\" data-end=\"645\">\n<li data-start=\"512\" data-end=\"584\">\n<p data-start=\"514\" data-end=\"584\">\ud83c\udfe8 <strong data-start=\"517\" data-end=\"541\">Service de porte \u00e0 porte<\/strong> depuis votre h\u00f4tel ou r\u00e9sidence \u00e0 Hurghada<\/p>\n<\/li>\n<li data-start=\"585\" data-end=\"645\">\n<p data-start=\"587\" data-end=\"645\">\u23f0 <strong data-start=\"589\" data-end=\"617\">Horaires de d\u00e9part flexibles<\/strong> adapt\u00e9 \u00e0 votre emploi du temps<\/p>\n<\/li>\n<\/ul>\n<h4 data-start=\"647\" data-end=\"687\">\ud83d\ude98 V\u00e9hicule spacieux et confortable<\/h4>\n<p data-start=\"688\" data-end=\"734\">Notre fourgon Hiace est con\u00e7u pour les longs trajets :<\/p>\n<ul data-start=\"735\" data-end=\"911\">\n<li data-start=\"735\" data-end=\"786\">\n<p data-start=\"737\" data-end=\"786\">\ud83e\ude91 <strong data-start=\"740\" data-end=\"784\">Des si\u00e8ges spacieux pouvant accueillir jusqu'\u00e0 10 passagers<\/strong><\/p>\n<\/li>\n<li data-start=\"787\" data-end=\"848\">\n<p data-start=\"789\" data-end=\"848\">\u2744\ufe0f <strong data-start=\"792\" data-end=\"826\">Int\u00e9rieur enti\u00e8rement climatis\u00e9<\/strong> pour un confort maximal<\/p>\n<\/li>\n<li data-start=\"849\" data-end=\"911\">\n<p data-start=\"851\" data-end=\"911\">\ud83d\udcbc <strong data-start=\"854\" data-end=\"880\">Grande capacit\u00e9 de chargement<\/strong> pour vos sacs et effets personnels<\/p>\n<\/li>\n<\/ul>\n<h4 data-start=\"913\" data-end=\"943\">\ud83d\udee3\ufe0f Voyage sur une route panoramique<\/h4>\n<p data-start=\"944\" data-end=\"1068\">Appr\u00e9ciez les vues changeantes au fur et \u00e0 mesure que vous traversez <strong data-start=\"990\" data-end=\"1039\">Les autoroutes du d\u00e9sert et les routes de la vall\u00e9e du Nil en \u00c9gypte<\/strong>, avec des arr\u00eats possibles pour :<\/p>\n<ul data-start=\"1069\" data-end=\"1137\">\n<li data-start=\"1069\" data-end=\"1104\">\n<p data-start=\"1071\" data-end=\"1104\">\u2615 Petites pauses et rafra\u00eechissements<\/p>\n<\/li>\n<li data-start=\"1105\" data-end=\"1137\">\n<p data-start=\"1107\" data-end=\"1137\">\ud83d\udcf8 Opportunit\u00e9s de photos rapides<\/p>\n<\/li>\n<\/ul>\n<h4 data-start=\"1139\" data-end=\"1172\">\ud83e\uddd1\u200d\u2708\ufe0f Service professionnel<\/h4>\n<ul data-start=\"1173\" data-end=\"1275\">\n<li data-start=\"1173\" data-end=\"1219\">\n<p data-start=\"1175\" data-end=\"1219\">\ud83d\udc68\u200d\u2708\ufe0f Exp\u00e9riment\u00e9 et <strong data-start=\"1197\" data-end=\"1217\">conducteurs titulaires d'un permis de conduire<\/strong><\/p>\n<\/li>\n<li data-start=\"1220\" data-end=\"1275\">\n<p data-start=\"1222\" data-end=\"1275\">\ud83d\udee1\ufe0f Ax\u00e9 sur <strong data-start=\"1237\" data-end=\"1273\">la s\u00e9curit\u00e9, la ponctualit\u00e9 et le confort<\/strong><\/p>\n<\/li>\n<\/ul>\n<h4 data-start=\"1277\" data-end=\"1310\">\ud83c\udfc1 Arriv\u00e9e en douceur au Caire<\/h4>\n<p data-start=\"1311\" data-end=\"1435\">Nous vous d\u00e9posons directement \u00e0 votre <strong data-start=\"1344\" data-end=\"1401\">h\u00f4tel, a\u00e9roport ou toute autre destination pr\u00e9f\u00e9r\u00e9e au Caire<\/strong>, La voiture est pr\u00eate \u00e0 partir \u00e0 l'aventure en ville.<\/p>\n<h3 data-start=\"2198\" data-end=\"2225\"><strong data-start=\"2205\" data-end=\"2223\">Le paiement en USD ($ \ud83c\uddfa\ud83c\uddf8) au lieu de l'EUR (\u20ac \ud83c\uddea\ud83c\uddfa) est possible en fonction du taux de change bancaire quotidien.<\/strong><\/h3>\n<p><strong>R\u00e9server par WhatsApp :<\/strong><\/p>\n<p><a href=\"https:\/\/wa.me\/201021058859\" target=\"_blank\" rel=\"noopener\">\u00a0<img decoding=\"async\" class=\"alignnone wp-image-2058\" src=\"https:\/\/poehalisnamiegypt.com\/wp-content\/uploads\/2024\/02\/pngwing.com_-300x300.png\" sizes=\"auto, (max-width: 35px) 100vw, 35px\" srcset=\"https:\/\/poehalisnamiegypt.com\/wp-content\/uploads\/2024\/02\/pngwing.com_-300x300.png 300w, https:\/\/poehalisnamiegypt.com\/wp-content\/uploads\/2024\/02\/pngwing.com_-150x150.png 150w, https:\/\/poehalisnamiegypt.com\/wp-content\/uploads\/2024\/02\/pngwing.com_.png 584w\" alt=\"\" width=\"53\" height=\"53\" \/><\/a><\/p>\n<p>&nbsp;<\/p>","protected":false},"excerpt":{"rendered":"<p>\ud83d\ude90 Private Transfer from Hurghada to Cairo by Hiace Car Travel in comfort and ease from Hurghada to Cairo with our private Toyota Hiace transfer service. Whether you\u2019re heading to explore the Pyramids, visit family, or continue your journey in Egypt\u2019s bustling capital, we ensure a smooth, safe, and convenient ride. \ud83c\udfc1 Hassle-Free Pick-Up \ud83c\udfe8 [&hellip;]<\/p>\n","protected":false},"featured_media":9731,"comment_status":"open","ping_status":"closed","template":"","meta":{"_monsterinsights_skip_tracking":false,"_monsterinsights_sitenote_active":false,"_monsterinsights_sitenote_note":"","_monsterinsights_sitenote_category":0,"_mbp_gutenberg_autopost":false},"product_brand":[],"product_cat":[63],"product_tag":[],"class_list":{"0":"post-9568","1":"product","2":"type-product","3":"status-publish","4":"has-post-thumbnail","6":"product_cat-transfer","8":"first","9":"instock","10":"shipping-taxable","11":"purchasable","12":"product-type-ovabrw_car_rental"},"_links":{"self":[{"href":"https:\/\/redsea-dream-tours.net\/fr\/wp-json\/wp\/v2\/product\/9568","targetHints":{"allow":["GET"]}}],"collection":[{"href":"https:\/\/redsea-dream-tours.net\/fr\/wp-json\/wp\/v2\/product"}],"about":[{"href":"https:\/\/redsea-dream-tours.net\/fr\/wp-json\/wp\/v2\/types\/product"}],"replies":[{"embeddable":true,"href":"https:\/\/redsea-dream-tours.net\/fr\/wp-json\/wp\/v2\/comments?post=9568"}],"wp:featuredmedia":[{"embeddable":true,"href":"https:\/\/redsea-dream-tours.net\/fr\/wp-json\/wp\/v2\/media\/9731"}],"wp:attachment":[{"href":"https:\/\/redsea-dream-tours.net\/fr\/wp-json\/wp\/v2\/media?parent=9568"}],"wp:term":[{"taxonomy":"product_brand","embeddable":true,"href":"https:\/\/redsea-dream-tours.net\/fr\/wp-json\/wp\/v2\/product_brand?post=9568"},{"taxonomy":"product_cat","embeddable":true,"href":"https:\/\/redsea-dream-tours.net\/fr\/wp-json\/wp\/v2\/product_cat?post=9568"},{"taxonomy":"product_tag","embeddable":true,"href":"https:\/\/redsea-dream-tours.net\/fr\/wp-json\/wp\/v2\/product_tag?post=9568"}],"curies":[{"name":"wp","href":"https:\/\/api.w.org\/{rel}","templated":true}]}}