{"id":9569,"date":"2026-03-01T20:21:13","date_gmt":"2026-03-01T20:21:13","guid":{"rendered":"https:\/\/redsea-dream-tours.net\/?post_type=product&#038;p=9569"},"modified":"2026-03-22T18:43:00","modified_gmt":"2026-03-22T18:43:00","slug":"cairo-to-sharm-el-sheikh-transfer-hiace-car","status":"publish","type":"product","link":"https:\/\/redsea-dream-tours.net\/fr\/produit\/cairo-to-sharm-el-sheikh-transfer-hiace-car\/","title":{"rendered":"Transfert du Caire \u00e0 Sharm El Sheikh en voiture Hiace"},"content":{"rendered":"<h3 data-start=\"144\" data-end=\"212\">Transfert priv\u00e9 du Caire \u00e0 Sharm El Sheikh en voiture Hiace<\/h3>\n<p data-start=\"214\" data-end=\"511\">Profitez d'un <strong data-start=\"222\" data-end=\"264\">un voyage s\u00fbr, confortable et priv\u00e9<\/strong> de <strong data-start=\"270\" data-end=\"298\">Du Caire \u00e0 Sharm El Sheikh<\/strong> avec notre syst\u00e8me moderne <strong data-start=\"315\" data-end=\"348\">Service de transfert de la Toyota Hiace<\/strong>. Parfait pour les familles, les groupes ou les voyageurs d'affaires, ce service garantit un service de qualit\u00e9. <strong data-start=\"426\" data-end=\"472\">Un voyage en douceur sur les autoroutes pittoresques d'\u00c9gypte<\/strong> au c\u0153ur de la Riviera de la mer Rouge.<\/p>\n<h4 data-start=\"513\" data-end=\"541\">\ud83c\udfc1 Enl\u00e8vement pratique<\/h4>\n<ul data-start=\"542\" data-end=\"679\">\n<li data-start=\"542\" data-end=\"621\">\n<p data-start=\"544\" data-end=\"621\">\ud83c\udfe8 <strong data-start=\"547\" data-end=\"571\">Service de porte \u00e0 porte<\/strong> depuis votre h\u00f4tel, a\u00e9roport ou r\u00e9sidence au Caire<\/p>\n<\/li>\n<li data-start=\"622\" data-end=\"679\">\n<p data-start=\"624\" data-end=\"679\">\u23f0 <strong data-start=\"626\" data-end=\"654\">Horaires de d\u00e9part flexibles<\/strong> pour s'adapter \u00e0 votre emploi du temps<\/p>\n<\/li>\n<\/ul>\n<h4 data-start=\"681\" data-end=\"718\">\ud83d\ude98 Spacieux et confortable<\/h4>\n<p data-start=\"719\" data-end=\"773\">Voyagez dans le confort avec notre fourgon Hiace enti\u00e8rement \u00e9quip\u00e9 :<\/p>\n<ul data-start=\"774\" data-end=\"951\">\n<li data-start=\"774\" data-end=\"825\">\n<p data-start=\"776\" data-end=\"825\">\ud83e\ude91 <strong data-start=\"779\" data-end=\"823\">Des si\u00e8ges spacieux pouvant accueillir jusqu'\u00e0 10 passagers<\/strong><\/p>\n<\/li>\n<li data-start=\"826\" data-end=\"893\">\n<p data-start=\"828\" data-end=\"893\">\u2744\ufe0f <strong data-start=\"831\" data-end=\"859\">Int\u00e9rieur climatis\u00e9<\/strong> pour un voyage frais et agr\u00e9able<\/p>\n<\/li>\n<li data-start=\"894\" data-end=\"951\">\n<p data-start=\"896\" data-end=\"951\">\ud83d\udcbc <strong data-start=\"899\" data-end=\"925\">Espace g\u00e9n\u00e9reux pour les bagages<\/strong> pour tous vos biens<\/p>\n<\/li>\n<\/ul>\n<h4 data-start=\"953\" data-end=\"989\">\ud83d\udee3\ufe0f Voyage pittoresque et relaxant<\/h4>\n<p data-start=\"990\" data-end=\"1069\">Voyager \u00e0 travers <strong data-start=\"1005\" data-end=\"1041\">Le d\u00e9sert et les routes c\u00f4ti\u00e8res d'\u00c9gypte<\/strong>, avec des arr\u00eats optionnels pour :<\/p>\n<ul data-start=\"1070\" data-end=\"1145\">\n<li data-start=\"1070\" data-end=\"1104\">\n<p data-start=\"1072\" data-end=\"1104\">\u2615 Rafra\u00eechissements et pauses<\/p>\n<\/li>\n<li data-start=\"1105\" data-end=\"1145\">\n<p data-start=\"1107\" data-end=\"1145\">\ud83d\udcf8 Opportunit\u00e9s de photos en cours de route<\/p>\n<\/li>\n<\/ul>\n<h4 data-start=\"1147\" data-end=\"1191\">\ud83e\uddd1\u200d\u2708\ufe0f Service professionnel et fiable<\/h4>\n<ul data-start=\"1192\" data-end=\"1344\">\n<li data-start=\"1192\" data-end=\"1267\">\n<p data-start=\"1194\" data-end=\"1267\">\ud83d\udc68\u200d\u2708\ufe0f <strong data-start=\"1200\" data-end=\"1233\">Chauffeurs exp\u00e9riment\u00e9s et titulaires d'un permis de conduire<\/strong> assurer la s\u00e9curit\u00e9 et la ponctualit\u00e9<\/p>\n<\/li>\n<li data-start=\"1268\" data-end=\"1344\">\n<p data-start=\"1270\" data-end=\"1344\">\ud83d\udee1\ufe0f Voyage confortable sur de longues distances avec <strong data-start=\"1312\" data-end=\"1342\">un service client\u00e8le d\u00e9di\u00e9<\/strong><\/p>\n<\/li>\n<\/ul>\n<h4 data-start=\"1346\" data-end=\"1389\">\ud83c\udfc1 Arriv\u00e9e en douceur \u00e0 Sharm El Sheikh<\/h4>\n<p data-start=\"1390\" data-end=\"1520\">Arriv\u00e9e directe \u00e0 votre <strong data-start=\"1414\" data-end=\"1462\">h\u00f4tel, centre de vill\u00e9giature ou a\u00e9roport \u00e0 Sharm El Sheikh<\/strong>, L'h\u00f4tel est pr\u00eat \u00e0 profiter de vos vacances ou \u00e0 poursuivre votre voyage.<\/p>\n<h3 data-start=\"2198\" data-end=\"2225\"><strong data-start=\"2205\" data-end=\"2223\">Le paiement en USD ($ \ud83c\uddfa\ud83c\uddf8) au lieu de l'EUR (\u20ac \ud83c\uddea\ud83c\uddfa) est possible en fonction du taux de change bancaire quotidien.<\/strong><\/h3>\n<p><strong>R\u00e9server par WhatsApp :<\/strong><\/p>\n<p><a href=\"https:\/\/wa.me\/201021058859\" target=\"_blank\" rel=\"noopener\">\u00a0<img decoding=\"async\" class=\"alignnone wp-image-2058\" src=\"https:\/\/poehalisnamiegypt.com\/wp-content\/uploads\/2024\/02\/pngwing.com_-300x300.png\" sizes=\"auto, (max-width: 35px) 100vw, 35px\" srcset=\"https:\/\/poehalisnamiegypt.com\/wp-content\/uploads\/2024\/02\/pngwing.com_-300x300.png 300w, https:\/\/poehalisnamiegypt.com\/wp-content\/uploads\/2024\/02\/pngwing.com_-150x150.png 150w, https:\/\/poehalisnamiegypt.com\/wp-content\/uploads\/2024\/02\/pngwing.com_.png 584w\" alt=\"\" width=\"53\" height=\"53\" \/><\/a><\/p>\n<p>&nbsp;<\/p>","protected":false},"excerpt":{"rendered":"<p>\ud83d\ude90 Private Transfer from Cairo to Sharm El Sheikh by Hiace Car Enjoy a safe, comfortable, and private journey from Cairo to Sharm El Sheikh with our modern Toyota Hiace transfer service. Perfect for families, groups, or business travelers, this service ensures a smooth ride across Egypt\u2019s scenic highways to the heart of the Red [&hellip;]<\/p>\n","protected":false},"featured_media":9732,"comment_status":"open","ping_status":"closed","template":"","meta":{"_monsterinsights_skip_tracking":false,"_monsterinsights_sitenote_active":false,"_monsterinsights_sitenote_note":"","_monsterinsights_sitenote_category":0,"_mbp_gutenberg_autopost":false},"product_brand":[],"product_cat":[63],"product_tag":[],"class_list":{"0":"post-9569","1":"product","2":"type-product","3":"status-publish","4":"has-post-thumbnail","6":"product_cat-transfer","8":"first","9":"instock","10":"shipping-taxable","11":"purchasable","12":"product-type-ovabrw_car_rental"},"_links":{"self":[{"href":"https:\/\/redsea-dream-tours.net\/fr\/wp-json\/wp\/v2\/product\/9569","targetHints":{"allow":["GET"]}}],"collection":[{"href":"https:\/\/redsea-dream-tours.net\/fr\/wp-json\/wp\/v2\/product"}],"about":[{"href":"https:\/\/redsea-dream-tours.net\/fr\/wp-json\/wp\/v2\/types\/product"}],"replies":[{"embeddable":true,"href":"https:\/\/redsea-dream-tours.net\/fr\/wp-json\/wp\/v2\/comments?post=9569"}],"wp:featuredmedia":[{"embeddable":true,"href":"https:\/\/redsea-dream-tours.net\/fr\/wp-json\/wp\/v2\/media\/9732"}],"wp:attachment":[{"href":"https:\/\/redsea-dream-tours.net\/fr\/wp-json\/wp\/v2\/media?parent=9569"}],"wp:term":[{"taxonomy":"product_brand","embeddable":true,"href":"https:\/\/redsea-dream-tours.net\/fr\/wp-json\/wp\/v2\/product_brand?post=9569"},{"taxonomy":"product_cat","embeddable":true,"href":"https:\/\/redsea-dream-tours.net\/fr\/wp-json\/wp\/v2\/product_cat?post=9569"},{"taxonomy":"product_tag","embeddable":true,"href":"https:\/\/redsea-dream-tours.net\/fr\/wp-json\/wp\/v2\/product_tag?post=9569"}],"curies":[{"name":"wp","href":"https:\/\/api.w.org\/{rel}","templated":true}]}}