{"id":9570,"date":"2026-03-01T20:21:13","date_gmt":"2026-03-01T20:21:13","guid":{"rendered":"https:\/\/redsea-dream-tours.net\/?post_type=product&#038;p=9570"},"modified":"2026-03-01T20:23:03","modified_gmt":"2026-03-01T20:23:03","slug":"transfer-to-hurghada-luxor-hiace-car","status":"publish","type":"product","link":"https:\/\/redsea-dream-tours.net\/fr\/produit\/transfer-to-hurghada-luxor-hiace-car\/","title":{"rendered":"Transfert \u00e0 Hurghada Luxor Hiace car"},"content":{"rendered":"<h3 data-start=\"151\" data-end=\"212\">Transfert priv\u00e9 de Hurghada \u00e0 Louxor en voiture Hiace<\/h3>\n<p data-start=\"214\" data-end=\"518\">Voyage en <strong data-start=\"224\" data-end=\"260\">confort, s\u00e9curit\u00e9 et commodit\u00e9<\/strong> de <strong data-start=\"266\" data-end=\"287\">De Hurghada \u00e0 Louxor<\/strong> avec notre service priv\u00e9 <strong data-start=\"305\" data-end=\"338\">Service de transfert de la Toyota Hiace<\/strong>. Que vous partiez \u00e0 la d\u00e9couverte de la <strong data-start=\"378\" data-end=\"401\">Vall\u00e9e des rois<\/strong>, s'embarquer pour un <strong data-start=\"415\" data-end=\"430\">Croisi\u00e8re sur le Nil<\/strong>, ou de visiter les temples mondialement connus de Louxor, nous vous assurons un service de qualit\u00e9. <strong data-start=\"483\" data-end=\"515\">voyage agr\u00e9able et sans encombre<\/strong>.<\/p>\n<h4 data-start=\"520\" data-end=\"553\">\ud83c\udfc1 Enl\u00e8vement facile et flexible<\/h4>\n<ul data-start=\"554\" data-end=\"701\">\n<li data-start=\"554\" data-end=\"635\">\n<p data-start=\"556\" data-end=\"635\">\ud83c\udfe8 <strong data-start=\"559\" data-end=\"583\">Service de porte \u00e0 porte<\/strong> \u00e0 partir de votre h\u00f4tel, centre de vill\u00e9giature ou r\u00e9sidence \u00e0 Hurghada<\/p>\n<\/li>\n<li data-start=\"636\" data-end=\"701\">\n<p data-start=\"638\" data-end=\"701\">\u23f0 <strong data-start=\"640\" data-end=\"668\">Horaires de d\u00e9part flexibles<\/strong> en fonction de vos projets de voyage<\/p>\n<\/li>\n<\/ul>\n<h4 data-start=\"703\" data-end=\"740\">\ud83d\ude98 Conduite confortable et spacieuse<\/h4>\n<p data-start=\"741\" data-end=\"807\">Notre fourgon Hiace est parfait pour les familles, les groupes ou les petites f\u00eates :<\/p>\n<ul data-start=\"808\" data-end=\"978\">\n<li data-start=\"808\" data-end=\"859\">\n<p data-start=\"810\" data-end=\"859\">\ud83e\ude91 <strong data-start=\"813\" data-end=\"857\">Des si\u00e8ges spacieux pouvant accueillir jusqu'\u00e0 10 passagers<\/strong><\/p>\n<\/li>\n<li data-start=\"860\" data-end=\"924\">\n<p data-start=\"862\" data-end=\"924\">\u2744\ufe0f <strong data-start=\"865\" data-end=\"893\">Int\u00e9rieur climatis\u00e9<\/strong> pour un voyage frais et agr\u00e9able<\/p>\n<\/li>\n<li data-start=\"925\" data-end=\"978\">\n<p data-start=\"927\" data-end=\"978\">\ud83d\udcbc <strong data-start=\"930\" data-end=\"956\">Grande capacit\u00e9 de bagages<\/strong> pour vos biens<\/p>\n<\/li>\n<\/ul>\n<h4 data-start=\"980\" data-end=\"1018\">\ud83d\udee3\ufe0f Exp\u00e9rience d'un voyage panoramique sur la route<\/h4>\n<p data-start=\"1019\" data-end=\"1119\">Voyager \u00e0 travers <strong data-start=\"1034\" data-end=\"1087\">Les paysages du d\u00e9sert oriental et de la vall\u00e9e du Nil en \u00c9gypte<\/strong>, avec la possibilit\u00e9 de s'arr\u00eater pour :<\/p>\n<ul data-start=\"1120\" data-end=\"1205\">\n<li data-start=\"1120\" data-end=\"1155\">\n<p data-start=\"1122\" data-end=\"1155\">\u2615 Rafra\u00eechissements et courtes pauses<\/p>\n<\/li>\n<li data-start=\"1156\" data-end=\"1205\">\n<p data-start=\"1158\" data-end=\"1205\">\ud83d\udcf8 Possibilit\u00e9s de photos panoramiques le long de l'itin\u00e9raire<\/p>\n<\/li>\n<\/ul>\n<h4 data-start=\"1207\" data-end=\"1251\">\ud83e\uddd1\u200d\u2708\ufe0f Service fiable et professionnel<\/h4>\n<ul data-start=\"1252\" data-end=\"1369\">\n<li data-start=\"1252\" data-end=\"1316\">\n<p data-start=\"1254\" data-end=\"1316\">\ud83d\udc68\u200d\u2708\ufe0f <strong data-start=\"1260\" data-end=\"1293\">Chauffeurs exp\u00e9riment\u00e9s et titulaires d'un permis de conduire<\/strong> assurer la s\u00e9curit\u00e9 des voyages<\/p>\n<\/li>\n<li data-start=\"1317\" data-end=\"1369\">\n<p data-start=\"1319\" data-end=\"1369\">\ud83d\udee1\ufe0f Transferts ponctuels, priv\u00e9s et sans tracas<\/p>\n<\/li>\n<\/ul>\n<h4 data-start=\"1371\" data-end=\"1404\">\ud83c\udfc1 Arriv\u00e9e en douceur \u00e0 Louxor<\/h4>\n<p data-start=\"1405\" data-end=\"1529\">Arriv\u00e9e directe \u00e0 votre <strong data-start=\"1429\" data-end=\"1486\">h\u00f4tel, bateau de croisi\u00e8re ou destination pr\u00e9f\u00e9r\u00e9e \u00e0 Louxor<\/strong>, L'\u00e9quipe de l'h\u00f4tel est compos\u00e9e de trois personnes, d\u00e9tendues et pr\u00eates \u00e0 partir \u00e0 l'aventure.<\/p>\n<h3 data-start=\"2198\" data-end=\"2225\"><strong data-start=\"2205\" data-end=\"2223\">Le paiement en USD ($ \ud83c\uddfa\ud83c\uddf8) au lieu de l'EUR (\u20ac \ud83c\uddea\ud83c\uddfa) est possible en fonction du taux de change bancaire quotidien.<\/strong><\/h3>\n<p><strong>R\u00e9server par WhatsApp :<\/strong><\/p>\n<p><a href=\"https:\/\/wa.me\/201021058859\" target=\"_blank\" rel=\"noopener\">\u00a0<img decoding=\"async\" class=\"alignnone wp-image-2058\" src=\"https:\/\/poehalisnamiegypt.com\/wp-content\/uploads\/2024\/02\/pngwing.com_-300x300.png\" sizes=\"auto, (max-width: 35px) 100vw, 35px\" srcset=\"https:\/\/poehalisnamiegypt.com\/wp-content\/uploads\/2024\/02\/pngwing.com_-300x300.png 300w, https:\/\/poehalisnamiegypt.com\/wp-content\/uploads\/2024\/02\/pngwing.com_-150x150.png 150w, https:\/\/poehalisnamiegypt.com\/wp-content\/uploads\/2024\/02\/pngwing.com_.png 584w\" alt=\"\" width=\"53\" height=\"53\" \/><\/a><\/p>\n<p>&nbsp;<\/p>","protected":false},"excerpt":{"rendered":"<p>\ud83d\ude90 Private Transfer from Hurghada to Luxor by Hiace Car Travel in comfort, safety, and convenience from Hurghada to Luxor with our private Toyota Hiace transfer service. Whether you\u2019re heading to explore the Valley of the Kings, embark on a Nile cruise, or visit Luxor\u2019s world-famous temples, we ensure a smooth and enjoyable journey. \ud83c\udfc1 [&hellip;]<\/p>\n","protected":false},"featured_media":9733,"comment_status":"open","ping_status":"closed","template":"","meta":{"_monsterinsights_skip_tracking":false,"_monsterinsights_sitenote_active":false,"_monsterinsights_sitenote_note":"","_monsterinsights_sitenote_category":0,"_mbp_gutenberg_autopost":false},"product_brand":[],"product_cat":[63],"product_tag":[],"class_list":{"0":"post-9570","1":"product","2":"type-product","3":"status-publish","4":"has-post-thumbnail","6":"product_cat-transfer","8":"first","9":"instock","10":"shipping-taxable","11":"purchasable","12":"product-type-ovabrw_car_rental"},"_links":{"self":[{"href":"https:\/\/redsea-dream-tours.net\/fr\/wp-json\/wp\/v2\/product\/9570","targetHints":{"allow":["GET"]}}],"collection":[{"href":"https:\/\/redsea-dream-tours.net\/fr\/wp-json\/wp\/v2\/product"}],"about":[{"href":"https:\/\/redsea-dream-tours.net\/fr\/wp-json\/wp\/v2\/types\/product"}],"replies":[{"embeddable":true,"href":"https:\/\/redsea-dream-tours.net\/fr\/wp-json\/wp\/v2\/comments?post=9570"}],"wp:featuredmedia":[{"embeddable":true,"href":"https:\/\/redsea-dream-tours.net\/fr\/wp-json\/wp\/v2\/media\/9733"}],"wp:attachment":[{"href":"https:\/\/redsea-dream-tours.net\/fr\/wp-json\/wp\/v2\/media?parent=9570"}],"wp:term":[{"taxonomy":"product_brand","embeddable":true,"href":"https:\/\/redsea-dream-tours.net\/fr\/wp-json\/wp\/v2\/product_brand?post=9570"},{"taxonomy":"product_cat","embeddable":true,"href":"https:\/\/redsea-dream-tours.net\/fr\/wp-json\/wp\/v2\/product_cat?post=9570"},{"taxonomy":"product_tag","embeddable":true,"href":"https:\/\/redsea-dream-tours.net\/fr\/wp-json\/wp\/v2\/product_tag?post=9570"}],"curies":[{"name":"wp","href":"https:\/\/api.w.org\/{rel}","templated":true}]}}