{"id":9572,"date":"2026-03-01T20:21:13","date_gmt":"2026-03-01T20:21:13","guid":{"rendered":"https:\/\/redsea-dream-tours.net\/?post_type=product&#038;p=9572"},"modified":"2026-03-01T20:23:04","modified_gmt":"2026-03-01T20:23:04","slug":"marsa-alam-internal-transfer-by-limousine-car","status":"publish","type":"product","link":"https:\/\/redsea-dream-tours.net\/fr\/produit\/marsa-alam-internal-transfer-by-limousine-car\/","title":{"rendered":"Transfert interne \u00e0 Marsa Alam en voiture limousine"},"content":{"rendered":"<h3 data-start=\"133\" data-end=\"183\">\ud83d\ude96 Marsa Alam Internal Transfer by Limousine<\/h3>\n<p data-start=\"185\" data-end=\"462\">Voyage en <strong data-start=\"195\" data-end=\"225\">style, comfort, and luxury<\/strong> avec notre service exclusif de <strong data-start=\"245\" data-end=\"293\">limousine transfer service within Marsa Alam<\/strong>. Whether you need a smooth ride between <strong data-start=\"334\" data-end=\"385\">hotels, resorts, airports, or local attractions<\/strong>, we provide a <strong data-start=\"400\" data-end=\"429\">premium travel experience<\/strong> designed for your convenience.<\/p>\n<h4 data-start=\"464\" data-end=\"490\">\ud83c\udfc1 Seamless Pick-Up<\/h4>\n<ul data-start=\"491\" data-end=\"627\">\n<li data-start=\"491\" data-end=\"569\">\n<p data-start=\"493\" data-end=\"569\">\ud83c\udfe8 <strong data-start=\"496\" data-end=\"520\">Service de porte \u00e0 porte<\/strong> depuis votre h\u00f4tel, votre centre de vill\u00e9giature ou l'a\u00e9roport de Marsa Alam<\/p>\n<\/li>\n<li data-start=\"570\" data-end=\"627\">\n<p data-start=\"572\" data-end=\"627\">\u23f0 <strong data-start=\"574\" data-end=\"602\">Horaires de d\u00e9part flexibles<\/strong> to suit your itinerary<\/p>\n<\/li>\n<\/ul>\n<h4 data-start=\"629\" data-end=\"667\">\ud83d\ude98 Luxurious &amp; Comfortable Ride<\/h4>\n<p data-start=\"668\" data-end=\"719\">Experience the elegance of our limousine service:<\/p>\n<ul data-start=\"720\" data-end=\"862\">\n<li data-start=\"720\" data-end=\"775\">\n<p data-start=\"722\" data-end=\"775\">\ud83e\ude91 <strong data-start=\"725\" data-end=\"752\">Premium leather seating<\/strong> pour un confort ultime<\/p>\n<\/li>\n<li data-start=\"776\" data-end=\"814\">\n<p data-start=\"778\" data-end=\"814\">\u2744\ufe0f <strong data-start=\"781\" data-end=\"812\">Cabine enti\u00e8rement climatis\u00e9e<\/strong><\/p>\n<\/li>\n<li data-start=\"815\" data-end=\"862\">\n<p data-start=\"817\" data-end=\"862\">\ud83d\udcbc <strong data-start=\"820\" data-end=\"846\">Espace g\u00e9n\u00e9reux pour les bagages<\/strong> for your bags<\/p>\n<\/li>\n<\/ul>\n<h4 data-start=\"864\" data-end=\"909\">\ud83d\udee3\ufe0f Perfect for All Internal Transfers<\/h4>\n<p data-start=\"910\" data-end=\"922\">Ideal for:<\/p>\n<ul data-start=\"923\" data-end=\"1059\">\n<li data-start=\"923\" data-end=\"959\">\n<p data-start=\"925\" data-end=\"959\">\ud83c\udfd6\ufe0f <strong data-start=\"929\" data-end=\"957\">Hotel-to-hotel transfers<\/strong><\/p>\n<\/li>\n<li data-start=\"960\" data-end=\"1001\">\n<p data-start=\"962\" data-end=\"1001\">\u2708\ufe0f <strong data-start=\"965\" data-end=\"999\">Airport pick-ups and drop-offs<\/strong><\/p>\n<\/li>\n<li data-start=\"1002\" data-end=\"1059\">\n<p data-start=\"1004\" data-end=\"1059\">\ud83c\udfdd\ufe0f <strong data-start=\"1008\" data-end=\"1057\">Private rides to local attractions or beaches<\/strong><\/p>\n<\/li>\n<\/ul>\n<h4 data-start=\"1061\" data-end=\"1104\">\ud83e\uddd1\u200d\u2708\ufe0f Service de chauffeur professionnel<\/h4>\n<ul data-start=\"1105\" data-end=\"1225\">\n<li data-start=\"1105\" data-end=\"1166\">\n<p data-start=\"1107\" data-end=\"1166\">\ud83d\udc68\u200d\u2708\ufe0f <strong data-start=\"1113\" data-end=\"1164\">Experienced, courteous, and licensed chauffeurs<\/strong><\/p>\n<\/li>\n<li data-start=\"1167\" data-end=\"1225\">\n<p data-start=\"1169\" data-end=\"1225\">\ud83d\udee1\ufe0f Ax\u00e9 sur <strong data-start=\"1184\" data-end=\"1223\">ponctualit\u00e9, s\u00e9curit\u00e9 et discr\u00e9tion<\/strong><\/p>\n<\/li>\n<\/ul>\n<h4 data-start=\"1227\" data-end=\"1251\">\ud83c\udfc1 Smooth Arrival<\/h4>\n<p data-start=\"1252\" data-end=\"1362\">Arrive at your destination in <strong data-start=\"1282\" data-end=\"1303\">comfort and style<\/strong>, ready to enjoy your plans in Marsa Alam without stress.<\/p>\n<h3 data-start=\"2198\" data-end=\"2225\"><strong data-start=\"2205\" data-end=\"2223\">Le paiement en USD ($ \ud83c\uddfa\ud83c\uddf8) au lieu de l'EUR (\u20ac \ud83c\uddea\ud83c\uddfa) est possible en fonction du taux de change bancaire quotidien.<\/strong><\/h3>\n<p><strong>R\u00e9server par WhatsApp :<\/strong><\/p>\n<p><a href=\"https:\/\/wa.me\/201021058859\" target=\"_blank\" rel=\"noopener\">\u00a0<img decoding=\"async\" class=\"alignnone wp-image-2058\" src=\"https:\/\/poehalisnamiegypt.com\/wp-content\/uploads\/2024\/02\/pngwing.com_-300x300.png\" sizes=\"auto, (max-width: 35px) 100vw, 35px\" srcset=\"https:\/\/poehalisnamiegypt.com\/wp-content\/uploads\/2024\/02\/pngwing.com_-300x300.png 300w, https:\/\/poehalisnamiegypt.com\/wp-content\/uploads\/2024\/02\/pngwing.com_-150x150.png 150w, https:\/\/poehalisnamiegypt.com\/wp-content\/uploads\/2024\/02\/pngwing.com_.png 584w\" alt=\"\" width=\"53\" height=\"53\" \/><\/a><\/p>\n<p>&nbsp;<\/p>","protected":false},"excerpt":{"rendered":"<p>\ud83d\ude96 Marsa Alam Internal Transfer by Limousine Travel in style, comfort, and luxury with our exclusive limousine transfer service within Marsa Alam. Whether you need a smooth ride between hotels, resorts, airports, or local attractions, we provide a premium travel experience designed for your convenience. \ud83c\udfc1 Seamless Pick-Up \ud83c\udfe8 Door-to-door service from your hotel, resort, [&hellip;]<\/p>\n","protected":false},"featured_media":9734,"comment_status":"open","ping_status":"closed","template":"","meta":{"_monsterinsights_skip_tracking":false,"_monsterinsights_sitenote_active":false,"_monsterinsights_sitenote_note":"","_monsterinsights_sitenote_category":0,"_mbp_gutenberg_autopost":false},"product_brand":[],"product_cat":[63],"product_tag":[],"class_list":{"0":"post-9572","1":"product","2":"type-product","3":"status-publish","4":"has-post-thumbnail","6":"product_cat-transfer","8":"first","9":"instock","10":"shipping-taxable","11":"purchasable","12":"product-type-ovabrw_car_rental"},"_links":{"self":[{"href":"https:\/\/redsea-dream-tours.net\/fr\/wp-json\/wp\/v2\/product\/9572","targetHints":{"allow":["GET"]}}],"collection":[{"href":"https:\/\/redsea-dream-tours.net\/fr\/wp-json\/wp\/v2\/product"}],"about":[{"href":"https:\/\/redsea-dream-tours.net\/fr\/wp-json\/wp\/v2\/types\/product"}],"replies":[{"embeddable":true,"href":"https:\/\/redsea-dream-tours.net\/fr\/wp-json\/wp\/v2\/comments?post=9572"}],"wp:featuredmedia":[{"embeddable":true,"href":"https:\/\/redsea-dream-tours.net\/fr\/wp-json\/wp\/v2\/media\/9734"}],"wp:attachment":[{"href":"https:\/\/redsea-dream-tours.net\/fr\/wp-json\/wp\/v2\/media?parent=9572"}],"wp:term":[{"taxonomy":"product_brand","embeddable":true,"href":"https:\/\/redsea-dream-tours.net\/fr\/wp-json\/wp\/v2\/product_brand?post=9572"},{"taxonomy":"product_cat","embeddable":true,"href":"https:\/\/redsea-dream-tours.net\/fr\/wp-json\/wp\/v2\/product_cat?post=9572"},{"taxonomy":"product_tag","embeddable":true,"href":"https:\/\/redsea-dream-tours.net\/fr\/wp-json\/wp\/v2\/product_tag?post=9572"}],"curies":[{"name":"wp","href":"https:\/\/api.w.org\/{rel}","templated":true}]}}