{"id":9603,"date":"2026-03-01T20:21:37","date_gmt":"2026-03-01T20:21:37","guid":{"rendered":"https:\/\/redsea-dream-tours.net\/?post_type=product&#038;p=9603"},"modified":"2026-03-01T20:23:05","modified_gmt":"2026-03-01T20:23:05","slug":"transfer-from-marsa-alam-to-another-country-by-hiace-car","status":"publish","type":"product","link":"https:\/\/redsea-dream-tours.net\/fr\/produit\/transfer-from-marsa-alam-to-another-country-by-hiace-car\/","title":{"rendered":"Transfert de Marsa Alam \u00e0 l'\u00e9tranger en voiture Hiace"},"content":{"rendered":"<h3 data-start=\"139\" data-end=\"199\">Transfert international de Marsa Alam en voiture Hiace<\/h3>\n<p data-start=\"201\" data-end=\"483\">Profitez d'un <strong data-start=\"209\" data-end=\"255\">des transferts internationaux fluides et fiables<\/strong> de Marsa Alam vers les pays voisins gr\u00e2ce \u00e0 notre <strong data-start=\"306\" data-end=\"347\">Service de transfert priv\u00e9 Toyota Hiace<\/strong>. Que vous voyagiez pour affaires, pour le tourisme ou pour des visites familiales, nous vous assurons un service de qualit\u00e9. <strong data-start=\"428\" data-end=\"480\">un voyage transfrontalier confortable et sans tracas<\/strong>.<\/p>\n<h4 data-start=\"485\" data-end=\"518\">\ud83c\udfc1 Enl\u00e8vement facile et flexible<\/h4>\n<ul data-start=\"519\" data-end=\"665\">\n<li data-start=\"519\" data-end=\"597\">\n<p data-start=\"521\" data-end=\"597\">\ud83c\udfe8 <strong data-start=\"524\" data-end=\"548\">Service de porte \u00e0 porte<\/strong> depuis votre h\u00f4tel, votre centre de vill\u00e9giature ou l'a\u00e9roport de Marsa Alam<\/p>\n<\/li>\n<li data-start=\"598\" data-end=\"665\">\n<p data-start=\"600\" data-end=\"665\">\u23f0 <strong data-start=\"602\" data-end=\"630\">Horaires de d\u00e9part flexibles<\/strong> adapt\u00e9 \u00e0 votre calendrier de voyage<\/p>\n<\/li>\n<\/ul>\n<h4 data-start=\"667\" data-end=\"707\">\ud83d\ude98 V\u00e9hicule spacieux et confortable<\/h4>\n<p data-start=\"708\" data-end=\"777\">Notre fourgon Hiace est parfait pour les transferts internationaux sur de longues distances :<\/p>\n<ul data-start=\"778\" data-end=\"939\">\n<li data-start=\"778\" data-end=\"820\">\n<p data-start=\"780\" data-end=\"820\">\ud83e\ude91 <strong data-start=\"783\" data-end=\"818\">Jusqu'\u00e0 10 places assises<\/strong><\/p>\n<\/li>\n<li data-start=\"821\" data-end=\"879\">\n<p data-start=\"823\" data-end=\"879\">\u2744\ufe0f <strong data-start=\"826\" data-end=\"857\">Cabine enti\u00e8rement climatis\u00e9e<\/strong> pour une promenade relaxante<\/p>\n<\/li>\n<li data-start=\"880\" data-end=\"939\">\n<p data-start=\"882\" data-end=\"939\">\ud83d\udcbc <strong data-start=\"885\" data-end=\"911\">Grande capacit\u00e9 de chargement<\/strong> pour tous vos besoins de voyage<\/p>\n<\/li>\n<\/ul>\n<h4 data-start=\"941\" data-end=\"983\">\ud83d\udee3\ufe0f Les voyages transfrontaliers en toute simplicit\u00e9<\/h4>\n<ul data-start=\"984\" data-end=\"1174\">\n<li data-start=\"984\" data-end=\"1032\">\n<p data-start=\"986\" data-end=\"1032\">\ud83c\udf10 <strong data-start=\"989\" data-end=\"1030\">Des transferts internationaux s\u00fbrs et l\u00e9gaux<\/strong><\/p>\n<\/li>\n<li data-start=\"1033\" data-end=\"1090\">\n<p data-start=\"1035\" data-end=\"1090\">\ud83d\udec2 Assistance pour <strong data-start=\"1054\" data-end=\"1088\">les formalit\u00e9s frontali\u00e8res, le cas \u00e9ch\u00e9ant<\/strong><\/p>\n<\/li>\n<li data-start=\"1091\" data-end=\"1174\">\n<p data-start=\"1093\" data-end=\"1174\">\ud83d\uddfa\ufe0f Routes vers <strong data-start=\"1107\" data-end=\"1132\">pays voisins<\/strong> (en fonction des exigences de la destination)<\/p>\n<\/li>\n<\/ul>\n<h4 data-start=\"1176\" data-end=\"1209\">\ud83e\uddd1\u200d\u2708\ufe0f Service professionnel<\/h4>\n<ul data-start=\"1210\" data-end=\"1347\">\n<li data-start=\"1210\" data-end=\"1291\">\n<p data-start=\"1212\" data-end=\"1291\">\ud83d\udc68\u200d\u2708\ufe0f <strong data-start=\"1218\" data-end=\"1254\">Conducteurs exp\u00e9riment\u00e9s et titulaires d'un permis de conduire<\/strong> conna\u00eetre les itin\u00e9raires internationaux<\/p>\n<\/li>\n<li data-start=\"1292\" data-end=\"1347\">\n<p data-start=\"1294\" data-end=\"1347\">\ud83d\udee1\ufe0f Ax\u00e9 sur <strong data-start=\"1309\" data-end=\"1345\">la s\u00e9curit\u00e9, la ponctualit\u00e9 et le confort<\/strong><\/p>\n<\/li>\n<\/ul>\n<h4 data-start=\"1349\" data-end=\"1378\">\ud83c\udfc1 Arriv\u00e9e sans probl\u00e8me<\/h4>\n<p data-start=\"1379\" data-end=\"1503\">Arriv\u00e9e directe \u00e0 votre <strong data-start=\"1403\" data-end=\"1448\">h\u00f4tel, a\u00e9roport ou toute autre destination choisie<\/strong> dans le pays voisin sans stress ni retard.<\/p>\n<p><strong>R\u00e9server par WhatsApp :<\/strong><\/p>\n<p><a href=\"https:\/\/wa.me\/201021058859\" target=\"_blank\" rel=\"noopener\">\u00a0<img decoding=\"async\" class=\"alignnone wp-image-2058\" src=\"https:\/\/poehalisnamiegypt.com\/wp-content\/uploads\/2024\/02\/pngwing.com_-300x300.png\" sizes=\"auto, (max-width: 35px) 100vw, 35px\" srcset=\"https:\/\/poehalisnamiegypt.com\/wp-content\/uploads\/2024\/02\/pngwing.com_-300x300.png 300w, https:\/\/poehalisnamiegypt.com\/wp-content\/uploads\/2024\/02\/pngwing.com_-150x150.png 150w, https:\/\/poehalisnamiegypt.com\/wp-content\/uploads\/2024\/02\/pngwing.com_.png 584w\" alt=\"\" width=\"53\" height=\"53\" \/><\/a><\/p>\n<p>&nbsp;<\/p>","protected":false},"excerpt":{"rendered":"<p>\ud83c\udf0d International Transfer from Marsa Alam by Hiace Car Enjoy a smooth and reliable international transfer from Marsa Alam to neighboring countries with our Toyota Hiace private transfer service. Whether you are traveling for business, tourism, or family visits, we ensure a comfortable and hassle-free cross-border journey. \ud83c\udfc1 Easy &amp; Flexible Pick-Up \ud83c\udfe8 Door-to-door service [&hellip;]<\/p>\n","protected":false},"featured_media":9729,"comment_status":"open","ping_status":"closed","template":"","meta":{"_monsterinsights_skip_tracking":false,"_monsterinsights_sitenote_active":false,"_monsterinsights_sitenote_note":"","_monsterinsights_sitenote_category":0,"_mbp_gutenberg_autopost":false},"product_brand":[],"product_cat":[63],"product_tag":[],"class_list":{"0":"post-9603","1":"product","2":"type-product","3":"status-publish","4":"has-post-thumbnail","6":"product_cat-transfer","8":"first","9":"instock","10":"shipping-taxable","11":"purchasable","12":"product-type-ovabrw_car_rental"},"_links":{"self":[{"href":"https:\/\/redsea-dream-tours.net\/fr\/wp-json\/wp\/v2\/product\/9603","targetHints":{"allow":["GET"]}}],"collection":[{"href":"https:\/\/redsea-dream-tours.net\/fr\/wp-json\/wp\/v2\/product"}],"about":[{"href":"https:\/\/redsea-dream-tours.net\/fr\/wp-json\/wp\/v2\/types\/product"}],"replies":[{"embeddable":true,"href":"https:\/\/redsea-dream-tours.net\/fr\/wp-json\/wp\/v2\/comments?post=9603"}],"wp:featuredmedia":[{"embeddable":true,"href":"https:\/\/redsea-dream-tours.net\/fr\/wp-json\/wp\/v2\/media\/9729"}],"wp:attachment":[{"href":"https:\/\/redsea-dream-tours.net\/fr\/wp-json\/wp\/v2\/media?parent=9603"}],"wp:term":[{"taxonomy":"product_brand","embeddable":true,"href":"https:\/\/redsea-dream-tours.net\/fr\/wp-json\/wp\/v2\/product_brand?post=9603"},{"taxonomy":"product_cat","embeddable":true,"href":"https:\/\/redsea-dream-tours.net\/fr\/wp-json\/wp\/v2\/product_cat?post=9603"},{"taxonomy":"product_tag","embeddable":true,"href":"https:\/\/redsea-dream-tours.net\/fr\/wp-json\/wp\/v2\/product_tag?post=9603"}],"curies":[{"name":"wp","href":"https:\/\/api.w.org\/{rel}","templated":true}]}}