{"id":9606,"date":"2026-03-01T20:21:37","date_gmt":"2026-03-01T20:21:37","guid":{"rendered":"https:\/\/redsea-dream-tours.net\/?post_type=product&#038;p=9606"},"modified":"2026-03-01T20:23:06","modified_gmt":"2026-03-01T20:23:06","slug":"marsa-alam-transfer-overnight-limousine","status":"publish","type":"product","link":"https:\/\/redsea-dream-tours.net\/fr\/produit\/marsa-alam-transfer-overnight-limousine\/","title":{"rendered":"Transfert Marsa Alam, limousine de nuit"},"content":{"rendered":"<h3 data-start=\"129\" data-end=\"190\">\ud83d\ude96 Transfert Marsa Alam avec nuit\u00e9e en limousine<\/h3>\n<p data-start=\"192\" data-end=\"503\">Voyage \u00e0 Marsa Alam en <strong data-start=\"216\" data-end=\"246\">luxe, confort et style<\/strong> avec notre service exclusif de <strong data-start=\"266\" data-end=\"296\">service de transfert en limousine<\/strong>, Le syst\u00e8me d'alarme, sp\u00e9cialement con\u00e7u pour les longs trajets qui incluent un voyage en voiture, a \u00e9t\u00e9 mis au point par la Commission europ\u00e9enne. <strong data-start=\"351\" data-end=\"369\">nuit\u00e9e<\/strong>. Que vous veniez de <strong data-start=\"398\" data-end=\"441\">Le Caire, Louxor, Hurghada ou une autre ville<\/strong>, nous assurons une <strong data-start=\"455\" data-end=\"500\">une exp\u00e9rience de voyage \u00e9l\u00e9gante et sans stress<\/strong>.<\/p>\n<h4 data-start=\"505\" data-end=\"538\">\ud83c\udfc1 Service de ramassage Premium<\/h4>\n<ul data-start=\"539\" data-end=\"668\">\n<li data-start=\"539\" data-end=\"607\">\n<p data-start=\"541\" data-end=\"607\">\ud83c\udfe8 <strong data-start=\"544\" data-end=\"571\">Collecte en porte-\u00e0-porte<\/strong> depuis votre ville, votre h\u00f4tel ou votre a\u00e9roport<\/p>\n<\/li>\n<li data-start=\"608\" data-end=\"668\">\n<p data-start=\"610\" data-end=\"668\">\u23f0 <strong data-start=\"612\" data-end=\"640\">Horaires de d\u00e9part flexibles<\/strong> en fonction de vos projets de voyage<\/p>\n<\/li>\n<\/ul>\n<h4 data-start=\"670\" data-end=\"708\">\ud83d\ude98 Caract\u00e9ristiques de la limousine de luxe<\/h4>\n<p data-start=\"709\" data-end=\"741\">Profitez d'un trajet de premi\u00e8re classe avec :<\/p>\n<ul data-start=\"742\" data-end=\"911\">\n<li data-start=\"742\" data-end=\"796\">\n<p data-start=\"744\" data-end=\"796\">\ud83e\ude91 <strong data-start=\"747\" data-end=\"794\">Si\u00e8ges en cuir de premi\u00e8re qualit\u00e9 et int\u00e9rieur spacieux<\/strong><\/p>\n<\/li>\n<li data-start=\"797\" data-end=\"854\">\n<p data-start=\"799\" data-end=\"854\">\u2744\ufe0f <strong data-start=\"802\" data-end=\"831\">Climatisation avanc\u00e9e<\/strong> pour un confort ultime<\/p>\n<\/li>\n<li data-start=\"855\" data-end=\"911\">\n<p data-start=\"857\" data-end=\"911\">\ud83d\udcbc <strong data-start=\"860\" data-end=\"889\">Grande capacit\u00e9 de chargement<\/strong> pour vos biens<\/p>\n<\/li>\n<\/ul>\n<h4 data-start=\"913\" data-end=\"947\">\ud83d\udee3\ufe0f Nuit\u00e9e incluse<\/h4>\n<ul data-start=\"948\" data-end=\"1124\">\n<li data-start=\"948\" data-end=\"1011\">\n<p data-start=\"950\" data-end=\"1011\">\ud83c\udfe8 <strong data-start=\"953\" data-end=\"993\">H\u00e9bergement pr\u00e9\u00e9tabli pour la nuit<\/strong> le long de l'itin\u00e9raire<\/p>\n<\/li>\n<li data-start=\"1012\" data-end=\"1060\">\n<p data-start=\"1014\" data-end=\"1060\">\ud83c\udf7d\ufe0f <strong data-start=\"1018\" data-end=\"1058\">D\u00eener et petit-d\u00e9jeuner en option<\/strong><\/p>\n<\/li>\n<li data-start=\"1061\" data-end=\"1124\">\n<p data-start=\"1063\" data-end=\"1124\">\u23f3 Id\u00e9al pour <strong data-start=\"1075\" data-end=\"1122\">les voyageurs de longue distance qui ont besoin de pauses<\/strong><\/p>\n<\/li>\n<\/ul>\n<h4 data-start=\"1126\" data-end=\"1163\">\ud83e\uddd1\u200d\u2708\ufe0f Service de chauffeur<\/h4>\n<ul data-start=\"1164\" data-end=\"1290\">\n<li data-start=\"1164\" data-end=\"1226\">\n<p data-start=\"1166\" data-end=\"1226\">\ud83d\udc68\u200d\u2708\ufe0f <strong data-start=\"1172\" data-end=\"1224\">Chauffeurs professionnels, agr\u00e9\u00e9s et courtois<\/strong><\/p>\n<\/li>\n<li data-start=\"1227\" data-end=\"1290\">\n<p data-start=\"1229\" data-end=\"1290\">\ud83d\udee1\ufe0f Ax\u00e9 sur <strong data-start=\"1244\" data-end=\"1288\">la s\u00e9curit\u00e9, la ponctualit\u00e9 et un service de qualit\u00e9<\/strong><\/p>\n<\/li>\n<\/ul>\n<h4 data-start=\"1292\" data-end=\"1331\">\ud83c\udfc1 Arriv\u00e9e \u00e9l\u00e9gante \u00e0 Marsa Alam<\/h4>\n<p data-start=\"1332\" data-end=\"1491\">R\u00e9veillez-vous en pleine forme et poursuivez votre voyage jusqu'\u00e0 Marsa Alam, o\u00f9 vous serez <strong data-start=\"1409\" data-end=\"1471\">d\u00e9p\u00f4t \u00e0 l'h\u00f4tel, au centre de vill\u00e9giature ou \u00e0 tout autre endroit souhait\u00e9<\/strong> dans un confort total.<\/p>\n<h3 data-start=\"2198\" data-end=\"2225\"><strong data-start=\"2205\" data-end=\"2223\">Le paiement en USD ($ \ud83c\uddfa\ud83c\uddf8) au lieu de l'EUR (\u20ac \ud83c\uddea\ud83c\uddfa) est possible en fonction du taux de change bancaire quotidien.<\/strong><\/h3>\n<p><strong>R\u00e9server par WhatsApp :<\/strong><\/p>\n<p><a href=\"https:\/\/wa.me\/201021058859\" target=\"_blank\" rel=\"noopener\">\u00a0<img decoding=\"async\" class=\"alignnone wp-image-2058\" src=\"https:\/\/poehalisnamiegypt.com\/wp-content\/uploads\/2024\/02\/pngwing.com_-300x300.png\" sizes=\"auto, (max-width: 35px) 100vw, 35px\" srcset=\"https:\/\/poehalisnamiegypt.com\/wp-content\/uploads\/2024\/02\/pngwing.com_-300x300.png 300w, https:\/\/poehalisnamiegypt.com\/wp-content\/uploads\/2024\/02\/pngwing.com_-150x150.png 150w, https:\/\/poehalisnamiegypt.com\/wp-content\/uploads\/2024\/02\/pngwing.com_.png 584w\" alt=\"\" width=\"53\" height=\"53\" \/><\/a><\/p>\n<p>&nbsp;<\/p>","protected":false},"excerpt":{"rendered":"<p>\ud83d\ude96 Marsa Alam Transfer with Overnight Stay by Limousine Travel to Marsa Alam in luxury, comfort, and style with our exclusive limousine transfer service, specially designed for long journeys that include an overnight stop. Whether you&#8217;re coming from Cairo, Luxor, Hurghada, or another city, we ensure a stress-free and elegant travel experience. \ud83c\udfc1 Premium Pick-Up [&hellip;]<\/p>\n","protected":false},"featured_media":9746,"comment_status":"open","ping_status":"closed","template":"","meta":{"_monsterinsights_skip_tracking":false,"_monsterinsights_sitenote_active":false,"_monsterinsights_sitenote_note":"","_monsterinsights_sitenote_category":0,"_mbp_gutenberg_autopost":false},"product_brand":[],"product_cat":[63],"product_tag":[],"class_list":{"0":"post-9606","1":"product","2":"type-product","3":"status-publish","4":"has-post-thumbnail","6":"product_cat-transfer","8":"first","9":"instock","10":"shipping-taxable","11":"purchasable","12":"product-type-ovabrw_car_rental"},"_links":{"self":[{"href":"https:\/\/redsea-dream-tours.net\/fr\/wp-json\/wp\/v2\/product\/9606","targetHints":{"allow":["GET"]}}],"collection":[{"href":"https:\/\/redsea-dream-tours.net\/fr\/wp-json\/wp\/v2\/product"}],"about":[{"href":"https:\/\/redsea-dream-tours.net\/fr\/wp-json\/wp\/v2\/types\/product"}],"replies":[{"embeddable":true,"href":"https:\/\/redsea-dream-tours.net\/fr\/wp-json\/wp\/v2\/comments?post=9606"}],"wp:featuredmedia":[{"embeddable":true,"href":"https:\/\/redsea-dream-tours.net\/fr\/wp-json\/wp\/v2\/media\/9746"}],"wp:attachment":[{"href":"https:\/\/redsea-dream-tours.net\/fr\/wp-json\/wp\/v2\/media?parent=9606"}],"wp:term":[{"taxonomy":"product_brand","embeddable":true,"href":"https:\/\/redsea-dream-tours.net\/fr\/wp-json\/wp\/v2\/product_brand?post=9606"},{"taxonomy":"product_cat","embeddable":true,"href":"https:\/\/redsea-dream-tours.net\/fr\/wp-json\/wp\/v2\/product_cat?post=9606"},{"taxonomy":"product_tag","embeddable":true,"href":"https:\/\/redsea-dream-tours.net\/fr\/wp-json\/wp\/v2\/product_tag?post=9606"}],"curies":[{"name":"wp","href":"https:\/\/api.w.org\/{rel}","templated":true}]}}