{"id":9607,"date":"2026-03-01T20:21:37","date_gmt":"2026-03-01T20:21:37","guid":{"rendered":"https:\/\/redsea-dream-tours.net\/?post_type=product&#038;p=9607"},"modified":"2026-03-01T20:23:06","modified_gmt":"2026-03-01T20:23:06","slug":"airport-transfer-within-hurghada-by-hiace-car","status":"publish","type":"product","link":"https:\/\/redsea-dream-tours.net\/fr\/produit\/airport-transfer-within-hurghada-by-hiace-car\/","title":{"rendered":"Transfert \u00e0 l'a\u00e9roport d'Hurghada en voiture Hiace"},"content":{"rendered":"<h3 data-start=\"115\" data-end=\"169\">\u2708\ufe0f Airport Transfer within Hurghada by Hiace Car<\/h3>\n<p data-start=\"171\" data-end=\"430\">Make your <strong data-start=\"181\" data-end=\"245\">arrival or departure in Hurghada stress-free and comfortable<\/strong> with our reliable <strong data-start=\"264\" data-end=\"305\">Toyota Hiace airport transfer service<\/strong>. Whether you&#8217;re traveling to or from <strong data-start=\"343\" data-end=\"377\">A\u00e9roport international d'Hurghada<\/strong>, nous assurons une <strong data-start=\"391\" data-end=\"427\">safe, smooth, and timely journey<\/strong>.<\/p>\n<h4 data-start=\"432\" data-end=\"472\">\ud83c\udfc1 Prise en charge et d\u00e9p\u00f4t sans souci<\/h4>\n<ul data-start=\"473\" data-end=\"596\">\n<li data-start=\"473\" data-end=\"542\">\n<p data-start=\"475\" data-end=\"542\">\ud83c\udfe8 <strong data-start=\"478\" data-end=\"502\">Service de porte \u00e0 porte<\/strong> \u00e0 partir de votre h\u00f4tel, centre de vill\u00e9giature ou r\u00e9sidence<\/p>\n<\/li>\n<li data-start=\"543\" data-end=\"596\">\n<p data-start=\"545\" data-end=\"596\">\u23f0 <strong data-start=\"547\" data-end=\"568\">Flexible schedule<\/strong> based on your flight time<\/p>\n<\/li>\n<\/ul>\n<h4 data-start=\"598\" data-end=\"638\">\ud83d\ude90 V\u00e9hicule spacieux et confortable<\/h4>\n<p data-start=\"639\" data-end=\"682\">Travel with ease in our modern Hiace van:<\/p>\n<ul data-start=\"683\" data-end=\"886\">\n<li data-start=\"683\" data-end=\"757\">\n<p data-start=\"685\" data-end=\"757\">\ud83e\ude91 <strong data-start=\"688\" data-end=\"723\">Jusqu'\u00e0 10 places assises<\/strong> \u2013 perfect for families &amp; groups<\/p>\n<\/li>\n<li data-start=\"758\" data-end=\"825\">\n<p data-start=\"760\" data-end=\"825\">\u2744\ufe0f <strong data-start=\"763\" data-end=\"794\">Cabine enti\u00e8rement climatis\u00e9e<\/strong> for a cool and pleasant ride<\/p>\n<\/li>\n<li data-start=\"826\" data-end=\"886\">\n<p data-start=\"828\" data-end=\"886\">\ud83d\udcbc <strong data-start=\"831\" data-end=\"854\">Large luggage space<\/strong> for suitcases and travel bags<\/p>\n<\/li>\n<\/ul>\n<h4 data-start=\"888\" data-end=\"930\">\ud83d\udee3\ufe0f Ideal for All Airport Transfers<\/h4>\n<ul data-start=\"931\" data-end=\"1069\">\n<li data-start=\"931\" data-end=\"977\">\n<p data-start=\"933\" data-end=\"977\">\ud83d\udeeb <strong data-start=\"936\" data-end=\"975\">From your hotel to Hurghada Airport<\/strong><\/p>\n<\/li>\n<li data-start=\"978\" data-end=\"1027\">\n<p data-start=\"980\" data-end=\"1027\">\ud83d\udeec <strong data-start=\"983\" data-end=\"1025\">From the airport to your accommodation<\/strong><\/p>\n<\/li>\n<li data-start=\"1028\" data-end=\"1069\">\n<p data-start=\"1030\" data-end=\"1069\">\ud83d\udd04 <strong data-start=\"1033\" data-end=\"1067\">Transferts aller-retour disponibles<\/strong><\/p>\n<\/li>\n<\/ul>\n<h4 data-start=\"1071\" data-end=\"1113\">\ud83e\uddd1\u200d\u2708\ufe0f Professional Transfer Service<\/h4>\n<ul data-start=\"1114\" data-end=\"1218\">\n<li data-start=\"1114\" data-end=\"1160\">\n<p data-start=\"1116\" data-end=\"1160\">\ud83d\udc68\u200d\u2708\ufe0f <strong data-start=\"1122\" data-end=\"1158\">Licensed and experienced drivers<\/strong><\/p>\n<\/li>\n<li data-start=\"1161\" data-end=\"1218\">\n<p data-start=\"1163\" data-end=\"1218\">\ud83d\udee1\ufe0f Safe, punctual, and <strong data-start=\"1187\" data-end=\"1216\">dedicated to your comfort<\/strong><\/p>\n<\/li>\n<\/ul>\n<h4 data-start=\"1220\" data-end=\"1266\">\ud83c\udfc1 Start or End Your Trip the Right Way<\/h4>\n<p data-start=\"1267\" data-end=\"1388\">Relax and enjoy a seamless transfer within Hurghada, so you can <strong data-start=\"1331\" data-end=\"1385\">focus on your holiday, not the hassle of transport<\/strong>.<\/p>\n<h3 data-start=\"2198\" data-end=\"2225\"><strong data-start=\"2205\" data-end=\"2223\">Le paiement en USD ($ \ud83c\uddfa\ud83c\uddf8) au lieu de l'EUR (\u20ac \ud83c\uddea\ud83c\uddfa) est possible en fonction du taux de change bancaire quotidien.<\/strong><\/h3>\n<p><strong>R\u00e9server par WhatsApp :<\/strong><\/p>\n<p><a href=\"https:\/\/wa.me\/201021058859\" target=\"_blank\" rel=\"noopener\">\u00a0<img decoding=\"async\" class=\"alignnone wp-image-2058\" src=\"https:\/\/poehalisnamiegypt.com\/wp-content\/uploads\/2024\/02\/pngwing.com_-300x300.png\" sizes=\"auto, (max-width: 35px) 100vw, 35px\" srcset=\"https:\/\/poehalisnamiegypt.com\/wp-content\/uploads\/2024\/02\/pngwing.com_-300x300.png 300w, https:\/\/poehalisnamiegypt.com\/wp-content\/uploads\/2024\/02\/pngwing.com_-150x150.png 150w, https:\/\/poehalisnamiegypt.com\/wp-content\/uploads\/2024\/02\/pngwing.com_.png 584w\" alt=\"\" width=\"53\" height=\"53\" \/><\/a><\/p>\n<p>&nbsp;<\/p>","protected":false},"excerpt":{"rendered":"<p>\u2708\ufe0f Airport Transfer within Hurghada by Hiace Car Make your arrival or departure in Hurghada stress-free and comfortable with our reliable Toyota Hiace airport transfer service. Whether you&#8217;re traveling to or from Hurghada International Airport, we ensure a safe, smooth, and timely journey. \ud83c\udfc1 Hassle-Free Pick-Up &amp; Drop-Off \ud83c\udfe8 Door-to-door service from your hotel, resort, [&hellip;]<\/p>\n","protected":false},"featured_media":9731,"comment_status":"open","ping_status":"closed","template":"","meta":{"_monsterinsights_skip_tracking":false,"_monsterinsights_sitenote_active":false,"_monsterinsights_sitenote_note":"","_monsterinsights_sitenote_category":0,"_mbp_gutenberg_autopost":false},"product_brand":[],"product_cat":[63],"product_tag":[],"class_list":{"0":"post-9607","1":"product","2":"type-product","3":"status-publish","4":"has-post-thumbnail","6":"product_cat-transfer","8":"first","9":"instock","10":"shipping-taxable","11":"purchasable","12":"product-type-ovabrw_car_rental"},"_links":{"self":[{"href":"https:\/\/redsea-dream-tours.net\/fr\/wp-json\/wp\/v2\/product\/9607","targetHints":{"allow":["GET"]}}],"collection":[{"href":"https:\/\/redsea-dream-tours.net\/fr\/wp-json\/wp\/v2\/product"}],"about":[{"href":"https:\/\/redsea-dream-tours.net\/fr\/wp-json\/wp\/v2\/types\/product"}],"replies":[{"embeddable":true,"href":"https:\/\/redsea-dream-tours.net\/fr\/wp-json\/wp\/v2\/comments?post=9607"}],"wp:featuredmedia":[{"embeddable":true,"href":"https:\/\/redsea-dream-tours.net\/fr\/wp-json\/wp\/v2\/media\/9731"}],"wp:attachment":[{"href":"https:\/\/redsea-dream-tours.net\/fr\/wp-json\/wp\/v2\/media?parent=9607"}],"wp:term":[{"taxonomy":"product_brand","embeddable":true,"href":"https:\/\/redsea-dream-tours.net\/fr\/wp-json\/wp\/v2\/product_brand?post=9607"},{"taxonomy":"product_cat","embeddable":true,"href":"https:\/\/redsea-dream-tours.net\/fr\/wp-json\/wp\/v2\/product_cat?post=9607"},{"taxonomy":"product_tag","embeddable":true,"href":"https:\/\/redsea-dream-tours.net\/fr\/wp-json\/wp\/v2\/product_tag?post=9607"}],"curies":[{"name":"wp","href":"https:\/\/api.w.org\/{rel}","templated":true}]}}