{"id":9643,"date":"2026-03-01T20:22:00","date_gmt":"2026-03-01T20:22:00","guid":{"rendered":"https:\/\/redsea-dream-tours.net\/?post_type=product&#038;p=9643"},"modified":"2026-03-01T20:23:06","modified_gmt":"2026-03-01T20:23:06","slug":"external-airport-transfer-el-gouna-makadi-sahl-hasheesh-by-hiace-car","status":"publish","type":"product","link":"https:\/\/redsea-dream-tours.net\/fr\/produit\/external-airport-transfer-el-gouna-makadi-sahl-hasheesh-by-hiace-car\/","title":{"rendered":"Transfert a\u00e9roport ext\u00e9rieur (El Gouna, Makadi, Sahl Hasheesh) en voiture Hiace"},"content":{"rendered":"<h3 data-start=\"154\" data-end=\"235\">\u2708\ufe0f Transfert externe de l'a\u00e9roport (El Gouna, Makadi, Sahl Hasheesh) en voiture Hiace<\/h3>\n<p data-start=\"237\" data-end=\"529\">Profitez d'un <strong data-start=\"245\" data-end=\"296\">un transfert confortable, fiable et sans stress<\/strong> entre <strong data-start=\"305\" data-end=\"339\">A\u00e9roport international d'Hurghada<\/strong> et les stations baln\u00e9aires les plus populaires des environs : <strong data-start=\"377\" data-end=\"420\">El Gouna, Makadi Bay et Sahl Hasheesh<\/strong>. Notre <strong data-start=\"426\" data-end=\"450\">Toyota Hiace service<\/strong> est le choix id\u00e9al pour les familles, les groupes ou les voyageurs avec des bagages suppl\u00e9mentaires.<\/p>\n<h4 data-start=\"531\" data-end=\"564\">\ud83c\udfc1 Facilit\u00e9 d'enl\u00e8vement et de d\u00e9p\u00f4t<\/h4>\n<ul data-start=\"565\" data-end=\"730\">\n<li data-start=\"565\" data-end=\"622\">\n<p data-start=\"567\" data-end=\"622\">\ud83c\udfe8 <strong data-start=\"570\" data-end=\"594\">Service de porte \u00e0 porte<\/strong> \u00e0 partir de votre lieu de vill\u00e9giature ou de votre h\u00f4tel<\/p>\n<\/li>\n<li data-start=\"623\" data-end=\"674\">\n<p data-start=\"625\" data-end=\"674\">\u2708\ufe0f <strong data-start=\"628\" data-end=\"672\">Transfert direct vers\/depuis l'a\u00e9roport d'Hurghada<\/strong><\/p>\n<\/li>\n<li data-start=\"675\" data-end=\"730\">\n<p data-start=\"677\" data-end=\"730\">\u23f0 <strong data-start=\"679\" data-end=\"698\">Un calendrier flexible<\/strong> en fonction de votre horaire de vol<\/p>\n<\/li>\n<\/ul>\n<h4 data-start=\"732\" data-end=\"770\">Hiace spacieux et confortable<\/h4>\n<ul data-start=\"771\" data-end=\"953\">\n<li data-start=\"771\" data-end=\"831\">\n<p data-start=\"773\" data-end=\"831\">\ud83e\ude91 <strong data-start=\"776\" data-end=\"799\">Jusqu'\u00e0 10 passagers<\/strong> - id\u00e9al pour les familles et les groupes<\/p>\n<\/li>\n<li data-start=\"832\" data-end=\"896\">\n<p data-start=\"834\" data-end=\"896\">\u2744\ufe0f <strong data-start=\"837\" data-end=\"865\">Int\u00e9rieur climatis\u00e9<\/strong> pour un trajet frais et relaxant<\/p>\n<\/li>\n<li data-start=\"897\" data-end=\"953\">\n<p data-start=\"899\" data-end=\"953\">\ud83d\udcbc <strong data-start=\"902\" data-end=\"928\">Espace g\u00e9n\u00e9reux pour les bagages<\/strong> pour les valises et les sacs<\/p>\n<\/li>\n<\/ul>\n<h4 data-start=\"955\" data-end=\"992\">\ud83d\udee3\ufe0f desservant les principales destinations<\/h4>\n<ul data-start=\"993\" data-end=\"1091\">\n<li data-start=\"993\" data-end=\"1023\">\n<p data-start=\"995\" data-end=\"1023\">\ud83c\udfdd\ufe0f <strong data-start=\"999\" data-end=\"1021\">Transferts d'El Gouna<\/strong><\/p>\n<\/li>\n<li data-start=\"1024\" data-end=\"1056\">\n<p data-start=\"1026\" data-end=\"1056\">\ud83c\udfd6\ufe0f <strong data-start=\"1030\" data-end=\"1054\">Transferts de la baie de Makadi<\/strong><\/p>\n<\/li>\n<li data-start=\"1057\" data-end=\"1091\">\n<p data-start=\"1059\" data-end=\"1091\">\ud83c\udf05 <strong data-start=\"1062\" data-end=\"1089\">Transferts Sahl Hasheesh<\/strong><\/p>\n<\/li>\n<\/ul>\n<h4 data-start=\"1093\" data-end=\"1133\">\ud83e\uddd1\u200d\u2708\ufe0f Service professionnel et s\u00fbr<\/h4>\n<ul data-start=\"1134\" data-end=\"1233\">\n<li data-start=\"1134\" data-end=\"1177\">\n<p data-start=\"1136\" data-end=\"1177\">\ud83d\udc68\u200d\u2708\ufe0f <strong data-start=\"1142\" data-end=\"1175\">Conducteurs exp\u00e9riment\u00e9s et titulaires d'un permis de conduire<\/strong><\/p>\n<\/li>\n<li data-start=\"1178\" data-end=\"1233\">\n<p data-start=\"1180\" data-end=\"1233\">\ud83d\udee1\ufe0f Ax\u00e9 sur <strong data-start=\"1195\" data-end=\"1231\">la ponctualit\u00e9, la s\u00e9curit\u00e9 et le confort<\/strong><\/p>\n<\/li>\n<\/ul>\n<h4 data-start=\"1235\" data-end=\"1276\">\ud83c\udfc1 Commencez ou terminez votre voyage en douceur<\/h4>\n<p data-start=\"1277\" data-end=\"1395\">D\u00e9tendez-vous et profitez de vos vacances d\u00e8s le premier instant gr\u00e2ce \u00e0 une <strong data-start=\"1341\" data-end=\"1392\">un transfert sans tracas qui garantit la tranquillit\u00e9 d'esprit<\/strong>.<\/p>\n<h3 data-start=\"2198\" data-end=\"2225\"><strong data-start=\"2205\" data-end=\"2223\">Le paiement en USD ($ \ud83c\uddfa\ud83c\uddf8) au lieu de l'EUR (\u20ac \ud83c\uddea\ud83c\uddfa) est possible en fonction du taux de change bancaire quotidien.<\/strong><\/h3>\n<p><strong>R\u00e9server par WhatsApp :<\/strong><\/p>\n<p><a href=\"https:\/\/wa.me\/201021058859\" target=\"_blank\" rel=\"noopener\">\u00a0<img decoding=\"async\" class=\"alignnone wp-image-2058\" src=\"https:\/\/poehalisnamiegypt.com\/wp-content\/uploads\/2024\/02\/pngwing.com_-300x300.png\" sizes=\"auto, (max-width: 35px) 100vw, 35px\" srcset=\"https:\/\/poehalisnamiegypt.com\/wp-content\/uploads\/2024\/02\/pngwing.com_-300x300.png 300w, https:\/\/poehalisnamiegypt.com\/wp-content\/uploads\/2024\/02\/pngwing.com_-150x150.png 150w, https:\/\/poehalisnamiegypt.com\/wp-content\/uploads\/2024\/02\/pngwing.com_.png 584w\" alt=\"\" width=\"53\" height=\"53\" \/><\/a><\/p>\n<p>&nbsp;<\/p>","protected":false},"excerpt":{"rendered":"<p>\u2708\ufe0f External Airport Transfer (El Gouna, Makadi, Sahl Hasheesh) by Hiace Car Enjoy a comfortable, reliable, and stress-free transfer between Hurghada International Airport and the most popular nearby resorts: El Gouna, Makadi Bay, and Sahl Hasheesh. Our Toyota Hiace service is the perfect choice for families, groups, or travelers with extra luggage. \ud83c\udfc1 Easy Pick-Up [&hellip;]<\/p>\n","protected":false},"featured_media":9730,"comment_status":"open","ping_status":"closed","template":"","meta":{"_monsterinsights_skip_tracking":false,"_monsterinsights_sitenote_active":false,"_monsterinsights_sitenote_note":"","_monsterinsights_sitenote_category":0,"_mbp_gutenberg_autopost":false},"product_brand":[],"product_cat":[63],"product_tag":[],"class_list":{"0":"post-9643","1":"product","2":"type-product","3":"status-publish","4":"has-post-thumbnail","6":"product_cat-transfer","8":"first","9":"instock","10":"shipping-taxable","11":"purchasable","12":"product-type-ovabrw_car_rental"},"_links":{"self":[{"href":"https:\/\/redsea-dream-tours.net\/fr\/wp-json\/wp\/v2\/product\/9643","targetHints":{"allow":["GET"]}}],"collection":[{"href":"https:\/\/redsea-dream-tours.net\/fr\/wp-json\/wp\/v2\/product"}],"about":[{"href":"https:\/\/redsea-dream-tours.net\/fr\/wp-json\/wp\/v2\/types\/product"}],"replies":[{"embeddable":true,"href":"https:\/\/redsea-dream-tours.net\/fr\/wp-json\/wp\/v2\/comments?post=9643"}],"wp:featuredmedia":[{"embeddable":true,"href":"https:\/\/redsea-dream-tours.net\/fr\/wp-json\/wp\/v2\/media\/9730"}],"wp:attachment":[{"href":"https:\/\/redsea-dream-tours.net\/fr\/wp-json\/wp\/v2\/media?parent=9643"}],"wp:term":[{"taxonomy":"product_brand","embeddable":true,"href":"https:\/\/redsea-dream-tours.net\/fr\/wp-json\/wp\/v2\/product_brand?post=9643"},{"taxonomy":"product_cat","embeddable":true,"href":"https:\/\/redsea-dream-tours.net\/fr\/wp-json\/wp\/v2\/product_cat?post=9643"},{"taxonomy":"product_tag","embeddable":true,"href":"https:\/\/redsea-dream-tours.net\/fr\/wp-json\/wp\/v2\/product_tag?post=9643"}],"curies":[{"name":"wp","href":"https:\/\/api.w.org\/{rel}","templated":true}]}}