{"id":9645,"date":"2026-03-01T20:22:00","date_gmt":"2026-03-01T20:22:00","guid":{"rendered":"https:\/\/redsea-dream-tours.net\/?post_type=product&#038;p=9645"},"modified":"2026-03-01T20:23:06","modified_gmt":"2026-03-01T20:23:06","slug":"safaga-airport-transfer-by-hiace-car","status":"publish","type":"product","link":"https:\/\/redsea-dream-tours.net\/fr\/produit\/safaga-airport-transfer-by-hiace-car\/","title":{"rendered":"Transfert de l'a\u00e9roport de Safaga en voiture Hiace"},"content":{"rendered":"<h3 data-start=\"110\" data-end=\"155\">\u2708\ufe0f Transfert de l'a\u00e9roport de Safaga en voiture Hiace<\/h3>\n<p data-start=\"157\" data-end=\"447\">Profitez d'un <strong data-start=\"165\" data-end=\"218\">un service de transfert a\u00e9roportuaire confortable et fiable<\/strong> entre <strong data-start=\"227\" data-end=\"272\">A\u00e9roport international d'Hurghada et Safaga<\/strong> avec notre spacieux <strong data-start=\"291\" data-end=\"311\">Fourgon Toyota Hiace<\/strong>. Parfait pour les familles, les groupes et les voyageurs avec des bagages suppl\u00e9mentaires, ce service garantit un service d'assistance \u00e0 la client\u00e8le de qualit\u00e9. <strong data-start=\"400\" data-end=\"423\">un voyage sans stress<\/strong> du d\u00e9but \u00e0 la fin.<\/p>\n<h4 data-start=\"449\" data-end=\"489\">\ud83c\udfc1 Prise en charge et d\u00e9p\u00f4t sans souci<\/h4>\n<ul data-start=\"490\" data-end=\"700\">\n<li data-start=\"490\" data-end=\"569\">\n<p data-start=\"492\" data-end=\"569\">\ud83c\udfe8 <strong data-start=\"495\" data-end=\"519\">Service de porte \u00e0 porte<\/strong> \u00e0 partir de votre h\u00f4tel, centre de vill\u00e9giature ou r\u00e9sidence \u00e0 Safaga<\/p>\n<\/li>\n<li data-start=\"570\" data-end=\"635\">\n<p data-start=\"572\" data-end=\"635\">\u2708\ufe0f <strong data-start=\"575\" data-end=\"633\">Transfert direct vers\/depuis l'a\u00e9roport international d'Hurghada<\/strong><\/p>\n<\/li>\n<li data-start=\"636\" data-end=\"700\">\n<p data-start=\"638\" data-end=\"700\">\u23f0 <strong data-start=\"640\" data-end=\"668\">Horaires de d\u00e9part flexibles<\/strong> en fonction de votre horaire de vol<\/p>\n<\/li>\n<\/ul>\n<h4 data-start=\"702\" data-end=\"742\">\ud83d\ude90 V\u00e9hicule spacieux et confortable<\/h4>\n<ul data-start=\"743\" data-end=\"926\">\n<li data-start=\"743\" data-end=\"809\">\n<p data-start=\"745\" data-end=\"809\">\ud83e\ude91 <strong data-start=\"748\" data-end=\"777\">Jusqu'\u00e0 10 places assises<\/strong> - id\u00e9al pour les familles et les groupes<\/p>\n<\/li>\n<li data-start=\"810\" data-end=\"871\">\n<p data-start=\"812\" data-end=\"871\">\u2744\ufe0f <strong data-start=\"815\" data-end=\"849\">Int\u00e9rieur enti\u00e8rement climatis\u00e9<\/strong> pour un voyage agr\u00e9able<\/p>\n<\/li>\n<li data-start=\"872\" data-end=\"926\">\n<p data-start=\"874\" data-end=\"926\">\ud83d\udcbc <strong data-start=\"877\" data-end=\"903\">Grande capacit\u00e9 de bagages<\/strong> pour vos sacs de voyage<\/p>\n<\/li>\n<\/ul>\n<h4 data-start=\"928\" data-end=\"967\">\ud83d\udee3\ufe0f Parfait pour tous les besoins de voyage<\/h4>\n<ul data-start=\"968\" data-end=\"1126\">\n<li data-start=\"968\" data-end=\"1022\">\n<p data-start=\"970\" data-end=\"1022\">\ud83d\udeec <strong data-start=\"973\" data-end=\"1020\">Transferts \u00e0 l'arriv\u00e9e avec service d'accueil<\/strong><\/p>\n<\/li>\n<li data-start=\"1023\" data-end=\"1084\">\n<p data-start=\"1025\" data-end=\"1084\">\ud83d\udeeb <strong data-start=\"1028\" data-end=\"1082\">Transferts de d\u00e9part avec garantie d'arriv\u00e9e \u00e0 l'heure<\/strong><\/p>\n<\/li>\n<li data-start=\"1085\" data-end=\"1126\">\n<p data-start=\"1087\" data-end=\"1126\">\ud83d\udd04 <strong data-start=\"1090\" data-end=\"1124\">Transferts aller-retour disponibles<\/strong><\/p>\n<\/li>\n<\/ul>\n<h4 data-start=\"1128\" data-end=\"1168\">\ud83e\uddd1\u200d\u2708\ufe0f Service professionnel et s\u00fbr<\/h4>\n<ul data-start=\"1169\" data-end=\"1271\">\n<li data-start=\"1169\" data-end=\"1215\">\n<p data-start=\"1171\" data-end=\"1215\">\ud83d\udc68\u200d\u2708\ufe0f <strong data-start=\"1177\" data-end=\"1213\">Conducteurs exp\u00e9riment\u00e9s et titulaires d'un permis de conduire<\/strong><\/p>\n<\/li>\n<li data-start=\"1216\" data-end=\"1271\">\n<p data-start=\"1218\" data-end=\"1271\">\ud83d\udee1\ufe0f Ax\u00e9 sur <strong data-start=\"1233\" data-end=\"1269\">la ponctualit\u00e9, le confort et la s\u00e9curit\u00e9<\/strong><\/p>\n<\/li>\n<\/ul>\n<h4 data-start=\"1273\" data-end=\"1317\">\ud83c\udfc1 Commencez ou terminez votre voyage en douceur<\/h4>\n<p data-start=\"1318\" data-end=\"1431\">D\u00e9tendez-vous et profitez de votre voyage \u00e0 destination ou en provenance de Safaga avec un <strong data-start=\"1369\" data-end=\"1428\">un service de transfert a\u00e9roportuaire rapide, fiable et sans souci<\/strong>.<\/p>\n<h3 data-start=\"2198\" data-end=\"2225\"><strong data-start=\"2205\" data-end=\"2223\">Le paiement en USD ($ \ud83c\uddfa\ud83c\uddf8) au lieu de l'EUR (\u20ac \ud83c\uddea\ud83c\uddfa) est possible en fonction du taux de change bancaire quotidien.<\/strong><\/h3>\n<p><strong>R\u00e9server par WhatsApp :<\/strong><\/p>\n<p><a href=\"https:\/\/wa.me\/201021058859\" target=\"_blank\" rel=\"noopener\">\u00a0<img decoding=\"async\" class=\"alignnone wp-image-2058\" src=\"https:\/\/poehalisnamiegypt.com\/wp-content\/uploads\/2024\/02\/pngwing.com_-300x300.png\" sizes=\"auto, (max-width: 35px) 100vw, 35px\" srcset=\"https:\/\/poehalisnamiegypt.com\/wp-content\/uploads\/2024\/02\/pngwing.com_-300x300.png 300w, https:\/\/poehalisnamiegypt.com\/wp-content\/uploads\/2024\/02\/pngwing.com_-150x150.png 150w, https:\/\/poehalisnamiegypt.com\/wp-content\/uploads\/2024\/02\/pngwing.com_.png 584w\" alt=\"\" width=\"53\" height=\"53\" \/><\/a><\/p>\n<p>&nbsp;<\/p>","protected":false},"excerpt":{"rendered":"<p>\u2708\ufe0f Safaga Airport Transfer by Hiace Car Enjoy a comfortable and reliable airport transfer service between Hurghada International Airport and Safaga with our spacious Toyota Hiace van. Perfect for families, groups, and travelers with extra luggage, this service ensures a stress-free journey from start to finish. \ud83c\udfc1 Hassle-Free Pick-Up &amp; Drop-Off \ud83c\udfe8 Door-to-door service from [&hellip;]<\/p>\n","protected":false},"featured_media":9732,"comment_status":"open","ping_status":"closed","template":"","meta":{"_monsterinsights_skip_tracking":false,"_monsterinsights_sitenote_active":false,"_monsterinsights_sitenote_note":"","_monsterinsights_sitenote_category":0,"_mbp_gutenberg_autopost":false},"product_brand":[],"product_cat":[63],"product_tag":[],"class_list":{"0":"post-9645","1":"product","2":"type-product","3":"status-publish","4":"has-post-thumbnail","6":"product_cat-transfer","8":"first","9":"instock","10":"shipping-taxable","11":"purchasable","12":"product-type-ovabrw_car_rental"},"_links":{"self":[{"href":"https:\/\/redsea-dream-tours.net\/fr\/wp-json\/wp\/v2\/product\/9645","targetHints":{"allow":["GET"]}}],"collection":[{"href":"https:\/\/redsea-dream-tours.net\/fr\/wp-json\/wp\/v2\/product"}],"about":[{"href":"https:\/\/redsea-dream-tours.net\/fr\/wp-json\/wp\/v2\/types\/product"}],"replies":[{"embeddable":true,"href":"https:\/\/redsea-dream-tours.net\/fr\/wp-json\/wp\/v2\/comments?post=9645"}],"wp:featuredmedia":[{"embeddable":true,"href":"https:\/\/redsea-dream-tours.net\/fr\/wp-json\/wp\/v2\/media\/9732"}],"wp:attachment":[{"href":"https:\/\/redsea-dream-tours.net\/fr\/wp-json\/wp\/v2\/media?parent=9645"}],"wp:term":[{"taxonomy":"product_brand","embeddable":true,"href":"https:\/\/redsea-dream-tours.net\/fr\/wp-json\/wp\/v2\/product_brand?post=9645"},{"taxonomy":"product_cat","embeddable":true,"href":"https:\/\/redsea-dream-tours.net\/fr\/wp-json\/wp\/v2\/product_cat?post=9645"},{"taxonomy":"product_tag","embeddable":true,"href":"https:\/\/redsea-dream-tours.net\/fr\/wp-json\/wp\/v2\/product_tag?post=9645"}],"curies":[{"name":"wp","href":"https:\/\/api.w.org\/{rel}","templated":true}]}}