{"id":9670,"date":"2026-03-01T20:22:21","date_gmt":"2026-03-01T20:22:21","guid":{"rendered":"https:\/\/redsea-dream-tours.net\/?post_type=product&#038;p=9670"},"modified":"2026-03-09T20:13:53","modified_gmt":"2026-03-09T20:13:53","slug":"abu-dabbab-beach-adventure-a-paradise-in-marsa-alam","status":"publish","type":"product","link":"https:\/\/redsea-dream-tours.net\/fr\/produit\/abu-dabbab-beach-adventure-a-paradise-in-marsa-alam\/","title":{"rendered":"Abu Dabbab Beach Adventure - Un paradis \u00e0 Marsa Alam"},"content":{"rendered":"<p data-start=\"87\" data-end=\"157\">\ud83c\udfd6\ufe0f\u2728 <strong data-start=\"92\" data-end=\"150\">Abu Dabbab Beach Adventure - Un paradis \u00e0 Marsa Alam !<\/strong> \u2728\ud83c\udfd6\ufe0f<\/p>\n<p data-start=\"193\" data-end=\"603\">La plage d'Abu Dabbab est l'un des sites de plong\u00e9e et de snorkeling les plus c\u00e9l\u00e8bres de la mer Rouge, situ\u00e9 pr\u00e8s de Marsa Alam. \ud83c\udf0a Avec son sable blanc et doux et ses eaux turquoise cristallines, c'est un paradis pour les amoureux de l'eau. La plage est connue pour ses prairies sous-marines d'herbes marines, qui attirent les tortues vertes \ud83d\udc22, et parfois vous pourrez m\u00eame apercevoir le rare dugong (vache de mer) nager gracieusement \u00e0 proximit\u00e9. \ud83d\udc0b<\/p>\n<hr data-start=\"605\" data-end=\"608\" \/>\n<p data-start=\"610\" data-end=\"637\"><strong data-start=\"610\" data-end=\"635\">Activit\u00e9s disponibles :<\/strong><\/p>\n<ul data-start=\"639\" data-end=\"1240\">\n<li data-start=\"639\" data-end=\"803\">\n<p data-start=\"641\" data-end=\"803\"><strong data-start=\"641\" data-end=\"659\">Snorkeling \ud83e\udd3f :<\/strong><br data-start=\"659\" data-end=\"662\" \/>Plongez directement depuis la plage dans des eaux peu profondes remplies de poissons color\u00e9s \ud83d\udc20 et de r\u00e9cifs coralliens \u00e0 proximit\u00e9. Parfait pour les d\u00e9butants et les familles !<\/p>\n<\/li>\n<li data-start=\"805\" data-end=\"976\">\n<p data-start=\"807\" data-end=\"976\"><strong data-start=\"807\" data-end=\"821\">Plong\u00e9e \ud83e\udd3f :<\/strong><br data-start=\"821\" data-end=\"824\" \/>Abu Dabbab est un haut lieu de la plong\u00e9e sous-marine pour explorer la vie marine, notamment les dugongs \ud83d\udc0b et les tortues de mer \ud83d\udc22. Les r\u00e9cifs coralliens sont vibrants et pleins de vie.<\/p>\n<\/li>\n<li data-start=\"978\" data-end=\"1106\">\n<p data-start=\"980\" data-end=\"1106\"><strong data-start=\"980\" data-end=\"1009\">Se d\u00e9tendre sur la plage \ud83c\udf1e :<\/strong><br data-start=\"1009\" data-end=\"1012\" \/>Prenez un bain de soleil sur le sable doux, admirez les douces vagues et profitez de la vue imprenable sur la c\u00f4te.<\/p>\n<\/li>\n<li data-start=\"1108\" data-end=\"1240\">\n<p data-start=\"1110\" data-end=\"1240\"><strong data-start=\"1110\" data-end=\"1141\">Excursions en bateau \u00e0 fond de verre \ud83d\udea4 :<\/strong><br data-start=\"1141\" data-end=\"1144\" \/>Pour ceux qui pr\u00e9f\u00e8rent rester au sec, des excursions en bateau \u00e0 fond de verre permettent d'observer la vie marine.<\/p>\n<\/li>\n<\/ul>\n<hr data-start=\"1242\" data-end=\"1245\" \/>\n<p data-start=\"1247\" data-end=\"1270\"><strong data-start=\"1247\" data-end=\"1268\">Comment s'y rendre :<\/strong><\/p>\n<ul data-start=\"1272\" data-end=\"1503\">\n<li data-start=\"1272\" data-end=\"1380\">\n<p data-start=\"1274\" data-end=\"1380\"><strong data-start=\"1274\" data-end=\"1288\">En voiture \ud83d\ude97 :<\/strong><br data-start=\"1288\" data-end=\"1291\" \/>La plage d'Abu Dabbab se trouve \u00e0 environ 30 km au nord de Marsa Alam et est facilement accessible en voiture.<\/p>\n<\/li>\n<li data-start=\"1382\" data-end=\"1503\">\n<p data-start=\"1384\" data-end=\"1503\"><strong data-start=\"1384\" data-end=\"1407\">Visites organis\u00e9es \ud83d\ude8c :<\/strong><br data-start=\"1407\" data-end=\"1410\" \/>De nombreux circuits quotidiens partent de Marsa Alam et comprennent le transport, le d\u00e9jeuner et le mat\u00e9riel de plong\u00e9e avec tuba.<\/p>\n<\/li>\n<\/ul>\n<hr data-start=\"1624\" data-end=\"1627\" \/>\n<p data-start=\"1629\" data-end=\"1651\"><strong data-start=\"1629\" data-end=\"1649\">Conseils et notes \ud83d\udcdd :<\/strong><\/p>\n<ul data-start=\"1653\" data-end=\"1885\">\n<li data-start=\"1653\" data-end=\"1721\">\n<p data-start=\"1655\" data-end=\"1721\">Utilisez de la cr\u00e8me solaire \ud83e\uddf4 et portez des lunettes de soleil \ud83d\ude0e pour vous prot\u00e9ger du soleil.<\/p>\n<\/li>\n<li data-start=\"1722\" data-end=\"1809\">\n<p data-start=\"1724\" data-end=\"1809\">Des chaussures d'eau \ud83d\udc63 sont recommand\u00e9es pour prot\u00e9ger vos pieds des rochers ou des cr\u00e9atures marines.<\/p>\n<\/li>\n<li data-start=\"1810\" data-end=\"1885\">\n<p data-start=\"1812\" data-end=\"1885\">\u00c9vitez de toucher les herbes marines \ud83c\udf3f pour respecter la vie marine et \u00e9viter tout dommage.<\/p>\n<\/li>\n<\/ul>\n<hr data-start=\"1887\" data-end=\"1890\" \/>\n<p data-start=\"1892\" data-end=\"1905\"><strong data-start=\"1892\" data-end=\"1903\">Extras :<\/strong><\/p>\n<ul data-start=\"1907\" data-end=\"2140\">\n<li data-start=\"1907\" data-end=\"2002\">\n<p data-start=\"1909\" data-end=\"2002\"><strong data-start=\"1909\" data-end=\"1947\">M\u00e9t\u00e9o actuelle \u00e0 Marsa Alam \ud83c\udf21\ufe0f :<\/strong><br data-start=\"1947\" data-end=\"1950\" \/>Partiellement nuageux avec une temp\u00e9rature d'environ 32\u00b0C.<\/p>\n<\/li>\n<li data-start=\"2004\" data-end=\"2140\">\n<p data-start=\"2006\" data-end=\"2140\"><strong data-start=\"2006\" data-end=\"2036\">Vie sauvage et marine \ud83d\udc20 :<\/strong><br data-start=\"2036\" data-end=\"2039\" \/>Les tortues vertes, les dugongs et les poissons de r\u00e9cif color\u00e9s font d'Abu Dabbab une exp\u00e9rience magique pour tous les \u00e2ges.<\/p>\n<\/li>\n<\/ul>\n<div class=\"st-highlight\">\n<h2 class=\"st-heading-section\"><strong data-start=\"0\" data-end=\"50\" data-is-only-node=\"\">Options de programme incluses au d\u00e9part des h\u00f4tels d'Hurghada :<\/strong><\/h2>\n<ul>\n<li>D\u00e9part vers 5h30<\/li>\n<li>Retour vers 18h30<\/li>\n<li>Recherche des tortues<\/li>\n<li>Exploration des r\u00e9cifs corallien<\/li>\n<\/ul>\n<h2 class=\"st-heading-section\"><strong data-start=\"0\" data-end=\"50\" data-is-only-node=\"\">Options de programme incluses au d\u00e9part des h\u00f4tels de marsa alam :<\/strong><\/h2>\n<ul>\n<li>D\u00e9part vers 8h30<\/li>\n<li>Retour vers 16h30<\/li>\n<li>Recherche des tortues<\/li>\n<li>Exploration des r\u00e9cifs corallien<\/li>\n<\/ul>\n<\/div>\n<div class=\"st-hr large\">\n<h2 class=\"st-heading-section\">Options incluses<\/h2>\n<\/div>\n<div class=\"accordion-item\">\n<div id=\"collapseInExClude\" class=\"accordion-collapse collapse show\" aria-labelledby=\"headingInExClude\" data-bs-parent=\"#headingInExClude\">\n<div class=\"accordion-body\">\n<div class=\"row\">\n<div class=\"col-lg-6\">\n<ul class=\"include\">\n<li><i class=\"input-icon st-border-radius field-icon fa\"><\/i>D\u00e9jeuner inclus<\/li>\n<li><i class=\"input-icon st-border-radius field-icon fa\"><\/i>Mat\u00e9riel de plong\u00e9e inclus<\/li>\n<li><i class=\"input-icon st-border-radius field-icon fa\"><\/i>Temps libre sur la plage<\/li>\n<\/ul>\n<h5><img decoding=\"async\" class=\"emoji\" role=\"img\" draggable=\"false\" src=\"https:\/\/s.w.org\/images\/core\/emoji\/16.0.1\/svg\/1f4dd.svg\" alt=\"\ud83d\udcdd\" \/>\u00a0Note<\/h5>\n<ul>\n<li>3\u20ac location combinaison<\/li>\n<li>3\u20ac location gilet de sauvetage<\/li>\n<\/ul>\n<p data-start=\"41\" data-end=\"199\">\ud83e\udd11 <strong data-start=\"44\" data-end=\"63\">Prix des activit\u00e9s ( <\/strong><strong data-start=\"28\" data-end=\"70\">Prix pour les clients r\u00e9sidant \u00e0 Hurghada )<\/strong><\/p>\n<p data-start=\"28\" data-end=\"72\">\ud83d\ude4e\ud83c\udffb\u200d\u2642\ufe0f Adultes (12 ans et plus) : 90 \u20ac<br data-start=\"101\" data-end=\"104\" \/>\ud83e\uddcd\ud83c\udffb\u200d\u2640\ufe0f Enfants (jusqu'\u00e0 12 ans) : 50 \u20ac<br data-start=\"156\" data-end=\"159\" \/>\ud83d\udc7c\ud83c\udffc Moins de 5 ans : 20 \u20ac<\/p>\n<p data-start=\"41\" data-end=\"199\">\ud83e\udd11 <strong data-start=\"44\" data-end=\"63\">Prix des activit\u00e9s ( <\/strong><strong data-start=\"28\" data-end=\"70\">Prix pour les clients r\u00e9sidant \u00e0 Marsa Alam )<\/strong><\/p>\n<p data-start=\"28\" data-end=\"72\">\u00a0 \u00a0 \u00a0 \u00a0\ud83d\udc68\ud83c\udffb\u200d\ud83e\uddb1 Adultes (12 ans et plus) : <strong data-start=\"103\" data-end=\"110\">70 \u20ac<\/strong><br data-start=\"110\" data-end=\"113\" \/>\u00a0 \u00a0 \u00a0 \u00a0\ud83e\uddcd\ud83c\udffb\u200d\u2640\ufe0f Enfants (jusqu'\u00e0 12 ans) : <strong data-start=\"148\" data-end=\"155\">40 \u20ac<\/strong><\/p>\n<h3 data-start=\"2198\" data-end=\"2225\"><strong data-start=\"2205\" data-end=\"2223\">Le paiement en USD ($ \ud83c\uddfa\ud83c\uddf8) au lieu de l'EUR (\u20ac \ud83c\uddea\ud83c\uddfa) est possible en fonction du taux de change bancaire quotidien.<\/strong><\/h3>\n<\/div>\n<\/div>\n<\/div>\n<\/div>\n<\/div>\n<ul data-start=\"1907\" data-end=\"2140\">\n<li data-start=\"2004\" data-end=\"2140\"><strong>R\u00e9server par WhatsApp :<\/strong><\/li>\n<li data-start=\"2004\" data-end=\"2140\"><a href=\"https:\/\/wa.me\/201021058859\" target=\"_blank\" rel=\"noopener\"><img decoding=\"async\" class=\"alignnone wp-image-2058\" src=\"https:\/\/poehalisnamiegypt.com\/wp-content\/uploads\/2024\/02\/pngwing.com_-300x300.png\" sizes=\"auto, (max-width: 35px) 100vw, 35px\" srcset=\"https:\/\/poehalisnamiegypt.com\/wp-content\/uploads\/2024\/02\/pngwing.com_-300x300.png 300w, https:\/\/poehalisnamiegypt.com\/wp-content\/uploads\/2024\/02\/pngwing.com_-150x150.png 150w, https:\/\/poehalisnamiegypt.com\/wp-content\/uploads\/2024\/02\/pngwing.com_.png 584w\" alt=\"\" width=\"53\" height=\"53\" \/><\/a><\/li>\n<\/ul>\n<div id=\"gtx-trans\" style=\"position: absolute; left: 517px; top: 1.2px;\">\n<div class=\"gtx-trans-icon\"><\/div>\n<\/div>","protected":false},"excerpt":{"rendered":"<p>\ud83c\udfd6\ufe0f\u2728 Abu Dabbab Beach Adventure \u2013 A Paradise in Marsa Alam! \u2728\ud83c\udfd6\ufe0f Abu Dabbab Beach is one of the most famous snorkeling and diving spots in the Red Sea, located near Marsa Alam. \ud83c\udf0a With its soft white sands and crystal-clear turquoise waters, it\u2019s a paradise for water lovers. The beach is known for its [&hellip;]<\/p>\n","protected":false},"featured_media":9747,"comment_status":"open","ping_status":"closed","template":"","meta":{"_monsterinsights_skip_tracking":false,"_monsterinsights_sitenote_active":false,"_monsterinsights_sitenote_note":"","_monsterinsights_sitenote_category":0,"_mbp_gutenberg_autopost":false},"product_brand":[],"product_cat":[64,78,60],"product_tag":[],"class_list":{"0":"post-9670","1":"product","2":"type-product","3":"status-publish","4":"has-post-thumbnail","6":"product_cat-marsa-alam","7":"product_cat-red","8":"product_cat-sea","10":"first","11":"instock","12":"shipping-taxable","13":"purchasable","14":"product-type-ovabrw_car_rental"},"_links":{"self":[{"href":"https:\/\/redsea-dream-tours.net\/fr\/wp-json\/wp\/v2\/product\/9670","targetHints":{"allow":["GET"]}}],"collection":[{"href":"https:\/\/redsea-dream-tours.net\/fr\/wp-json\/wp\/v2\/product"}],"about":[{"href":"https:\/\/redsea-dream-tours.net\/fr\/wp-json\/wp\/v2\/types\/product"}],"replies":[{"embeddable":true,"href":"https:\/\/redsea-dream-tours.net\/fr\/wp-json\/wp\/v2\/comments?post=9670"}],"wp:featuredmedia":[{"embeddable":true,"href":"https:\/\/redsea-dream-tours.net\/fr\/wp-json\/wp\/v2\/media\/9747"}],"wp:attachment":[{"href":"https:\/\/redsea-dream-tours.net\/fr\/wp-json\/wp\/v2\/media?parent=9670"}],"wp:term":[{"taxonomy":"product_brand","embeddable":true,"href":"https:\/\/redsea-dream-tours.net\/fr\/wp-json\/wp\/v2\/product_brand?post=9670"},{"taxonomy":"product_cat","embeddable":true,"href":"https:\/\/redsea-dream-tours.net\/fr\/wp-json\/wp\/v2\/product_cat?post=9670"},{"taxonomy":"product_tag","embeddable":true,"href":"https:\/\/redsea-dream-tours.net\/fr\/wp-json\/wp\/v2\/product_tag?post=9670"}],"curies":[{"name":"wp","href":"https:\/\/api.w.org\/{rel}","templated":true}]}}