{"id":9671,"date":"2026-03-01T20:22:21","date_gmt":"2026-03-01T20:22:21","guid":{"rendered":"https:\/\/redsea-dream-tours.net\/?post_type=product&#038;p=9671"},"modified":"2026-03-01T20:23:13","modified_gmt":"2026-03-01T20:23:13","slug":"royal-sea-scope-underwater-views","status":"publish","type":"product","link":"https:\/\/redsea-dream-tours.net\/fr\/produit\/royal-sea-scope-underwater-views\/","title":{"rendered":"Royal Sea Scope : Vues sous-marines"},"content":{"rendered":"<p data-start=\"56\" data-end=\"116\">\ud83c\udf0a\u2728 <strong data-start=\"60\" data-end=\"110\">Un voyage inoubliable avec Royal Sea Scope !<\/strong> \u2728\ud83c\udf0a<\/p>\n<p data-start=\"126\" data-end=\"602\">D\u00e9couvrez le monde sous-marin envo\u00fbtant de la mer Rouge sans vous mouiller \u00e0 bord du semi-sous-marin Royal Sea Scope. \ud83c\udf0a<br data-start=\"266\" data-end=\"269\" \/>Ce navire unique est dot\u00e9 d'une cabine climatis\u00e9e et vitr\u00e9e, immerg\u00e9e \u00e0 environ 4 m\u00e8tres de profondeur, offrant une vue panoramique sur des r\u00e9cifs coralliens vibrants \ud83d\udc20 et une vie marine diversifi\u00e9e \ud83d\udc22.<br data-start=\"466\" data-end=\"469\" \/>C'est une aventure id\u00e9ale pour les familles \ud83d\udc68\u200d\ud83d\udc69\u200d\ud83d\udc67\u200d\ud83d\udc66, les non-nageurs et tous ceux qui recherchent une exp\u00e9rience marine \u00e0 la fois confortable et palpitante. \u2693<\/p>\n<hr data-start=\"604\" data-end=\"607\" \/>\n<p data-start=\"609\" data-end=\"628\"><strong data-start=\"609\" data-end=\"626\">Caract\u00e9ristiques principales :<\/strong><\/p>\n<ul data-start=\"630\" data-end=\"1128\">\n<li data-start=\"630\" data-end=\"767\">\n<p data-start=\"632\" data-end=\"767\"><strong data-start=\"632\" data-end=\"658\">Observation sous-marine \ud83e\udd3f :<\/strong><br data-start=\"658\" data-end=\"661\" \/>Profitez de 45 minutes de vues ininterrompues sur les merveilles marines de la mer Rouge depuis le confort de votre si\u00e8ge.<\/p>\n<\/li>\n<li data-start=\"769\" data-end=\"887\">\n<p data-start=\"771\" data-end=\"887\"><strong data-start=\"771\" data-end=\"794\">Familiale \ud83d\udc76 :<\/strong><br data-start=\"794\" data-end=\"797\" \/>Les enfants de moins de 5 ans peuvent s'inscrire gratuitement, tandis que les enfants de 6 \u00e0 11 ans b\u00e9n\u00e9ficient d'une r\u00e9duction 50%.<\/p>\n<\/li>\n<li data-start=\"889\" data-end=\"1002\">\n<p data-start=\"891\" data-end=\"1002\"><strong data-start=\"891\" data-end=\"919\">Voyage confortable \ud83d\udecb\ufe0f :<\/strong><br data-start=\"919\" data-end=\"922\" \/>Les si\u00e8ges climatis\u00e9s et spacieux garantissent un voyage agr\u00e9able et relaxant.<\/p>\n<\/li>\n<li data-start=\"1004\" data-end=\"1128\">\n<p data-start=\"1006\" data-end=\"1128\"><strong data-start=\"1006\" data-end=\"1031\">Exp\u00e9rience guid\u00e9e \ud83d\udc21 :<\/strong><br data-start=\"1031\" data-end=\"1034\" \/>Des guides marins comp\u00e9tents fournissent des commentaires int\u00e9ressants sur l'\u00e9cosyst\u00e8me sous-marin.<\/p>\n<\/li>\n<\/ul>\n<div class=\"st-highlight\">\n<h2 class=\"st-heading-section\">Options du programme<\/h2>\n<ul>\n<li>Dur\u00e9e de la visite : 1h30<\/li>\n<li>Matin ou apr\u00e8s-midi<\/li>\n<\/ul>\n<\/div>\n<div class=\"st-hr large\">\n<h2 class=\"st-heading-section\">Options incluses<\/h2>\n<\/div>\n<div class=\"accordion-item\">\n<div id=\"collapseInExClude\" class=\"accordion-collapse collapse show\" aria-labelledby=\"headingInExClude\" data-bs-parent=\"#headingInExClude\">\n<div class=\"accordion-body\">\n<div class=\"row\">\n<div class=\"col-lg-6\">\n<ul class=\"include\">\n<li><i class=\"input-icon st-border-radius field-icon fa\"><\/i>Transfert aller-retour \u00e0 l'h\u00f4tel<\/li>\n<li><i class=\"input-icon st-border-radius field-icon fa\"><\/i>Billet Seascope<i class=\"input-icon st-border-radius field-icon fa\"><\/i><\/li>\n<\/ul>\n<h5><img decoding=\"async\" class=\"emoji\" role=\"img\" draggable=\"false\" src=\"https:\/\/s.w.org\/images\/core\/emoji\/16.0.1\/svg\/1f4dd.svg\" alt=\"\ud83d\udcdd\" \/>\u00a0Evaluation<\/h5>\n<ul>\n<li><img decoding=\"async\" class=\"emoji\" role=\"img\" draggable=\"false\" src=\"https:\/\/s.w.org\/images\/core\/emoji\/16.0.1\/svg\/26a0.svg\" alt=\"\u26a0\ufe0f\" \/>\u00a0Prix \u00e9tabli \u00e0 partir de Marsa Alam. Un suppl\u00e9ment de transfert est applicable au d\u00e9part d'Hurghada<\/li>\n<\/ul>\n<p data-start=\"41\" data-end=\"199\">\ud83e\udd11 <strong data-start=\"44\" data-end=\"63\">Prix des activit\u00e9s<\/strong><br data-start=\"63\" data-end=\"66\" \/>\ud83d\udc68\ud83c\udffb\u200d\ud83e\uddb1 Adultes (11 ans et plus) : <strong data-start=\"103\" data-end=\"110\">55 \u20ac<\/strong><br data-start=\"110\" data-end=\"113\" \/>\ud83e\uddcd\ud83c\udffb\u200d\u2640\ufe0f Enfants (jusqu'\u00e0 -11 ans) : <strong data-start=\"148\" data-end=\"155\">30\u20ac<\/strong><br data-start=\"155\" data-end=\"158\" \/>\ud83d\udc7c\ud83c\udffc Enfants (jusqu'\u00e0 -5 ans) : <strong data-start=\"189\" data-end=\"197\">Gratuit<\/strong><\/p>\n<h3 data-start=\"2198\" data-end=\"2225\"><strong data-start=\"2205\" data-end=\"2223\">Le paiement en USD ($ \ud83c\uddfa\ud83c\uddf8) au lieu de l'EUR (\u20ac \ud83c\uddea\ud83c\uddfa) est possible en fonction du taux de change bancaire quotidien.<\/strong><\/h3>\n<\/div>\n<\/div>\n<\/div>\n<\/div>\n<\/div>\n<p><strong>R\u00e9server par WhatsApp :<\/strong><\/p>\n<p><a href=\"https:\/\/wa.me\/201021058859\" target=\"_blank\" rel=\"noopener\">\u00a0<img decoding=\"async\" class=\"alignnone wp-image-2058\" src=\"https:\/\/poehalisnamiegypt.com\/wp-content\/uploads\/2024\/02\/pngwing.com_-300x300.png\" sizes=\"auto, (max-width: 35px) 100vw, 35px\" srcset=\"https:\/\/poehalisnamiegypt.com\/wp-content\/uploads\/2024\/02\/pngwing.com_-300x300.png 300w, https:\/\/poehalisnamiegypt.com\/wp-content\/uploads\/2024\/02\/pngwing.com_-150x150.png 150w, https:\/\/poehalisnamiegypt.com\/wp-content\/uploads\/2024\/02\/pngwing.com_.png 584w\" alt=\"\" width=\"53\" height=\"53\" \/><\/a><\/p>\n<div id=\"gtx-trans\" style=\"position: absolute; left: 131px; top: 1.2px;\">\n<div class=\"gtx-trans-icon\"><\/div>\n<\/div>\n<div id=\"gtx-trans\" style=\"position: absolute; left: 131px; top: 1.2px;\">\n<div class=\"gtx-trans-icon\"><\/div>\n<\/div>","protected":false},"excerpt":{"rendered":"<p>\ud83c\udf0a\u2728 An Unforgettable Journey with Royal Sea Scope! \u2728\ud83c\udf0a Experience the mesmerizing underwater world of the Red Sea without getting wet aboard the Royal Sea Scope semi-submarine. \ud83c\udf0aThis unique vessel features an air-conditioned, glass-walled cabin submerged approximately 4 meters below the surface, offering panoramic views of vibrant coral reefs \ud83d\udc20 and diverse marine life \ud83d\udc22.It&#8217;s [&hellip;]<\/p>\n","protected":false},"featured_media":9752,"comment_status":"open","ping_status":"closed","template":"","meta":{"_monsterinsights_skip_tracking":false,"_monsterinsights_sitenote_active":false,"_monsterinsights_sitenote_note":"","_monsterinsights_sitenote_category":0,"_mbp_gutenberg_autopost":false},"product_brand":[],"product_cat":[64],"product_tag":[],"class_list":{"0":"post-9671","1":"product","2":"type-product","3":"status-publish","4":"has-post-thumbnail","6":"product_cat-marsa-alam","8":"first","9":"instock","10":"shipping-taxable","11":"purchasable","12":"product-type-ovabrw_car_rental"},"_links":{"self":[{"href":"https:\/\/redsea-dream-tours.net\/fr\/wp-json\/wp\/v2\/product\/9671","targetHints":{"allow":["GET"]}}],"collection":[{"href":"https:\/\/redsea-dream-tours.net\/fr\/wp-json\/wp\/v2\/product"}],"about":[{"href":"https:\/\/redsea-dream-tours.net\/fr\/wp-json\/wp\/v2\/types\/product"}],"replies":[{"embeddable":true,"href":"https:\/\/redsea-dream-tours.net\/fr\/wp-json\/wp\/v2\/comments?post=9671"}],"wp:featuredmedia":[{"embeddable":true,"href":"https:\/\/redsea-dream-tours.net\/fr\/wp-json\/wp\/v2\/media\/9752"}],"wp:attachment":[{"href":"https:\/\/redsea-dream-tours.net\/fr\/wp-json\/wp\/v2\/media?parent=9671"}],"wp:term":[{"taxonomy":"product_brand","embeddable":true,"href":"https:\/\/redsea-dream-tours.net\/fr\/wp-json\/wp\/v2\/product_brand?post=9671"},{"taxonomy":"product_cat","embeddable":true,"href":"https:\/\/redsea-dream-tours.net\/fr\/wp-json\/wp\/v2\/product_cat?post=9671"},{"taxonomy":"product_tag","embeddable":true,"href":"https:\/\/redsea-dream-tours.net\/fr\/wp-json\/wp\/v2\/product_tag?post=9671"}],"curies":[{"name":"wp","href":"https:\/\/api.w.org\/{rel}","templated":true}]}}