{"id":9672,"date":"2026-03-01T20:22:21","date_gmt":"2026-03-01T20:22:21","guid":{"rendered":"https:\/\/redsea-dream-tours.net\/?post_type=product&#038;p=9672"},"modified":"2026-03-23T23:11:49","modified_gmt":"2026-03-23T23:11:49","slug":"hamata-islands-maldives-trip","status":"publish","type":"product","link":"https:\/\/redsea-dream-tours.net\/fr\/produit\/hamata-islands-maldives-trip\/","title":{"rendered":"\u00celes Hamata : D\u00e9couvrez le secret des Maldives \u00e9gyptiennes 2026"},"content":{"rendered":"<h1 data-path-to-node=\"3\">\ud83c\udfdd\ufe0f Hamata Islands Snorkeling Tour : L'exp\u00e9rience \u00e9gyptienne des Maldives<\/h1>\n<p data-path-to-node=\"4\">D\u00e9couvrez la beaut\u00e9 intacte de la <b data-path-to-node=\"4\" data-index-in-node=\"39\">Hamata (\u00celes)<\/b>, Les Maldives \u00e9gyptiennes sont cach\u00e9es au sud de Marsa Alam. Cette <b data-path-to-node=\"4\" data-index-in-node=\"124\">Hamata (\u00celes)<\/b> L'excursion n'est pas une simple promenade en bateau, c'est un voyage au c\u0153ur de l'Europe. <b data-path-to-node=\"4\" data-index-in-node=\"211\">Parc national de Wadi El Gemal<\/b>, o\u00f9 la nature reste dans sa forme la plus pure. Si vous cherchez le meilleur \ud83d\udcc5 <b data-path-to-node=\"4\" data-index-in-node=\"316\">Excursions \u00e0 Marsa Alam 2026<\/b>, Ce paradis devrait figurer en t\u00eate de votre liste.<\/p>\n<h2 data-path-to-node=\"5\">\u2753 Pourquoi les \u00eeles Hamata sont-elles une visite incontournable \u00e0 Marsa Alam ?<\/h2>\n<p data-path-to-node=\"6\">Situ\u00e9e \u00e0 environ 130 km au sud de Marsa Alam, la <b data-path-to-node=\"6\" data-index-in-node=\"54\">\u00cele de Hamata<\/b> se compose de trois \u00eeles vierges : Siyal, Shawarit et Umm al-Shaykh. Ces \u00eeles sont c\u00e9l\u00e8bres pour leurs plages de sable blanc et leurs \ud83c\udf0a lagons turquoise. Pour les voyageurs europ\u00e9ens \u00e0 la recherche de \ud83d\udcb0 <b data-path-to-node=\"6\" data-index-in-node=\"253\">Tanie wycieczki Egipt<\/b> (Voyages en \u00c9gypte bon march\u00e9) sans compromettre la qualit\u00e9, ce voyage offre le meilleur rapport qualit\u00e9-prix.<\/p>\n<p data-path-to-node=\"7\">La r\u00e9gion est un havre de paix pour \ud83e\udd3f <b data-path-to-node=\"7\" data-index-in-node=\"27\">Plong\u00e9e en apn\u00e9e \u00e0 Marsa Alam<\/b> enthousiastes. Contrairement aux r\u00e9cifs encombr\u00e9s du nord, les <b data-path-to-node=\"7\" data-index-in-node=\"105\">Voyage \u00e0 Hamata<\/b>\u00a0offrent un environnement serein o\u00f9 vous pouvez explorer en toute tranquillit\u00e9 de vibrants jardins de coraux. Que vous soyez \u00e0 la recherche de \ud83d\ude8c <b data-path-to-node=\"7\" data-index-in-node=\"234\">Arriv\u00e9es Hurghada Kairo Bus<\/b> ou des excursions en mer locales, la diversit\u00e9 de la mer Rouge ne cesse d'\u00e9tonner.<\/p>\n<h2 data-path-to-node=\"8\">\ud83d\udc20 L'ultime aventure de plong\u00e9e en apn\u00e9e<\/h2>\n<p data-path-to-node=\"9\">Notre <b data-path-to-node=\"9\" data-index-in-node=\"4\">Hamata\u00a0<\/b> L'excursion commence par un transfert confortable vers le port de Hamata. De l\u00e0, nous naviguons vers le <b data-path-to-node=\"9\" data-index-in-node=\"111\">Inseln de Hamata<\/b> (tel qu'il est connu en Allemagne). Les arr\u00eats de plong\u00e9e avec masque et tuba sont soigneusement s\u00e9lectionn\u00e9s pour vous faire d\u00e9couvrir le meilleur de la biodiversit\u00e9 de la mer Rouge. Vous rencontrerez plus de 450 esp\u00e8ces de coraux et 1 200 esp\u00e8ces de poissons. \ud83d\udc21<\/p>\n<p data-path-to-node=\"10\">Pour nos clients polonais \u00e0 la recherche de \ud83c\udfdb\ufe0f <b data-path-to-node=\"10\" data-index-in-node=\"38\">Wycieczka do Kairu z Hurghady<\/b> alternatives, le <b data-path-to-node=\"10\" data-index-in-node=\"86\">Wyspy Hamata<\/b> offrent un changement de rythme rafra\u00eechissant. Vous pourrez peut-\u00eatre apercevoir \ud83e\udddc\u200d\u2642\ufe0f <b data-path-to-node=\"10\" data-index-in-node=\"157\">Dugongs<\/b> (vaches de mer), \ud83d\udc2c <b data-path-to-node=\"10\" data-index-in-node=\"180\">Dauphins<\/b>, et \ud83d\udc22 <b data-path-to-node=\"10\" data-index-in-node=\"197\">Tortues imbriqu\u00e9es<\/b> broutant les luxuriantes prairies d'herbes marines. Il s'agit d'un v\u00e9ritable <b data-path-to-node=\"10\" data-index-in-node=\"270\">Circuit des pyramides d'\u00c9gypte<\/b> pour les amoureux de la nature, en rempla\u00e7ant la pierre ancienne par des r\u00e9cifs coralliens vivants.<\/p>\n<h2 data-path-to-node=\"11\">\u2600\ufe0f Une journ\u00e9e au paradis : \u00c0 quoi s'attendre<\/h2>\n<p data-path-to-node=\"12\">Le <b data-path-to-node=\"12\" data-index-in-node=\"4\">Hamata (\u00celes)<\/b> ne se limite pas \u00e0 la baignade. Nous accostons sur les \u00eeles, ce qui vous permet de profiter d'une \ud83d\udc63 <b data-path-to-node=\"12\" data-index-in-node=\"115\">Promenade sur la plage<\/b> sur du sable blanc poudreux. C'est un r\u00eave pour les photographes et les ornithologues \ud83e\udd9c. En Italie, les voyageurs recherchent souvent des \ud83d\udc2b <b data-path-to-node=\"12\" data-index-in-node=\"247\">Safari Aladin<\/b> ou <b data-path-to-node=\"12\" data-index-in-node=\"264\">Excursions \u00e0 Marsa Alam<\/b>, Ils trouvent que Hamata offre une sensation unique d\u201c\u201d\u00e9co-aventure\".<\/p>\n<h3 data-path-to-node=\"13\">\u2728 Points forts du voyage :<\/h3>\n<ol start=\"1\" data-path-to-node=\"14\">\n<li>\n<p data-path-to-node=\"14,0,0\">\ud83c\udfdd\ufe0f <b data-path-to-node=\"14,0,0\" data-index-in-node=\"4\">Trois \u00eeles vierges :<\/b> D\u00e9couvrez Siyal, Shawarit et Umm al-Shaykh.<\/p>\n<\/li>\n<li>\n<p data-path-to-node=\"14,1,0\">\ud83d\udc8e <b data-path-to-node=\"14,1,0\" data-index-in-node=\"3\">Des lagons aux eaux cristallines :<\/b> Parfait pour <b data-path-to-node=\"14,1,0\" data-index-in-node=\"38\">Piramidy w Gizie zwiedzanie<\/b> des pauses o\u00f9 l'on a envie de flotter au paradis.<\/p>\n<\/li>\n<li>\n<p data-path-to-node=\"14,2,0\">\ud83d\udc22 <b data-path-to-node=\"14,2,0\" data-index-in-node=\"3\">Vie marine :<\/b> Il abrite des raies, des tortues et des poissons tropicaux rares.<\/p>\n<\/li>\n<li>\n<p data-path-to-node=\"14,3,0\">\ud83c\udf7d\ufe0f <b data-path-to-node=\"14,3,0\" data-index-in-node=\"4\">D\u00e9jeuner \u00e0 bord :<\/b> Un d\u00e9jeuner VIP fra\u00eechement pr\u00e9par\u00e9, servi sur le pont avec une vue imprenable.<\/p>\n<\/li>\n<\/ol>\n<p data-path-to-node=\"15\">Pour nos visiteurs tch\u00e8ques qui pr\u00e9parent leur \ud83c\udde8\ud83c\uddff <b data-path-to-node=\"15\" data-index-in-node=\"43\">V\u00fdlety z Marsa Alam<\/b>, ou des touristes n\u00e9erlandais \u00e0 la recherche de \ud83c\uddf3\ud83c\uddf1 <b data-path-to-node=\"15\" data-index-in-node=\"95\">Marsa Alam Excursies<\/b>, le <b data-path-to-node=\"15\" data-index-in-node=\"121\">Voyage \u00e0 Hamata<\/b> repr\u00e9sentent le summum de la beaut\u00e9 de la mer Rouge. Elle est souvent compar\u00e9e \u00e0 \ud83d\udccd <b data-path-to-node=\"15\" data-index-in-node=\"205\">Les avantages de Kairo Sehensw\u00fcrdigkeiten<\/b> en termes de \u201cmust-see\u201d.<\/p>\n<h2 data-path-to-node=\"16\">\ud83c\udf96\ufe0f Tourisme durable et guides d'experts<\/h2>\n<p data-path-to-node=\"17\">Nous sommes fiers de notre site \ud83c\udde9\ud83c\uddea <b data-path-to-node=\"17\" data-index-in-node=\"26\">Deutsche Reiseleitung Kairo<\/b> et les \u00e9tendent \u00e0 nos voyages en mer. Notre site \ud83c\uddf5\ud83c\uddf1 <b data-path-to-node=\"17\" data-index-in-node=\"107\">Polski przewodnik w Egipcie<\/b> (guide polonais) veille \u00e0 ce que chaque invit\u00e9 comprenne l'importance \u00e9cologique de la r\u00e9gion. <b data-path-to-node=\"17\" data-index-in-node=\"220\">Wadi El Gemal<\/b> zone. Que vous soyez sur \u2708\ufe0f <b data-path-to-node=\"17\" data-index-in-node=\"262\">Wakacje w Egipcie 2026<\/b> ou un voyage de derni\u00e8re minute, notre \u00e9quipe offre un service professionnel en plusieurs langues.<\/p>\n<p data-path-to-node=\"18\">Pour ceux qui s'int\u00e9ressent \u00e0 \ud83d\udcd6 <b data-path-to-node=\"18\" data-index-in-node=\"27\">Egiptologia przewodnik<\/b> (guides d'\u00e9gyptologie) pendant leur s\u00e9jour, en apprenant l'histoire naturelle de l'\u00eele. <b data-path-to-node=\"18\" data-index-in-node=\"131\">Hamata- \u00celes-\u00c9gypte<\/b>\u00a0est tout aussi fascinant. Les prairies marines y abritent la population de dugongs, menac\u00e9e d'extinction. \ud83c\udf0a<\/p>\n<h2 data-path-to-node=\"19\">\ud83d\udcdd Informations pratiques et tarifs<\/h2>\n<p data-path-to-node=\"20\">Planifiez votre \ud83d\uddfa\ufe0f <b data-path-to-node=\"20\" data-index-in-node=\"18\">Hurghada nach Kairo Entfernung<\/b> Les vacances peuvent \u00eatre fatigantes, alors pourquoi ne pas se d\u00e9tendre \u00e0 Hamata ? Nos prix sont transparents avec \ud83d\udcb3 <b data-path-to-node=\"20\" data-index-in-node=\"129\">Pas de pr\u00e9paiement requis<\/b>.<\/p>\n<ul data-path-to-node=\"21\">\n<li>\n<p data-path-to-node=\"21,0,0\">\ud83d\udc68\u200d\ud83d\udc69\u200d\ud83d\udc67\u200d\ud83d\udc66 <b data-path-to-node=\"21,0,0\" data-index-in-node=\"12\">Adultes (12+) :<\/b> 65 \u20ac<\/p>\n<\/li>\n<li>\n<p data-path-to-node=\"21,1,0\">\ud83d\udc66 <b data-path-to-node=\"21,1,0\" data-index-in-node=\"3\">Enfants (5-12) :<\/b> 40 \u20ac<\/p>\n<\/li>\n<li>\n<p data-path-to-node=\"21,2,0\">\ud83d\udc76 <b data-path-to-node=\"21,2,0\" data-index-in-node=\"3\">Enfants (moins de 5 ans) :<\/b> Gratuit<\/p>\n<\/li>\n<\/ul>\n<p data-path-to-node=\"22\"><i data-path-to-node=\"22\" data-index-in-node=\"0\">Note : Un suppl\u00e9ment de transfert s'applique pour les clients venant d'Hurghada. Le paiement en USD ($) est accept\u00e9 au taux bancaire du jour.<\/i> \ud83d\udcb5<\/p>\n<h2 data-path-to-node=\"23\">\ud83c\udfc1 Conclusion : R\u00e9servez votre voyage aux \u00eeles Hamata d\u00e8s aujourd'hui<\/h2>\n<p data-path-to-node=\"24\">Ne manquez pas l'occasion de voir le <b data-path-to-node=\"24\" data-index-in-node=\"33\">Voyage sur l'\u00eele de Hamata<\/b>. De la \ud83c\udffa <b data-path-to-node=\"24\" data-index-in-node=\"61\">\u00c4gyptisches Museum Kairo Sch\u00e4tze<\/b> aux profondeurs de la mer Rouge, l'\u00c9gypte a tout pour plaire. Que vous nous ayez trouv\u00e9s sur \u2b50\ufe0f <b data-path-to-node=\"24\" data-index-in-node=\"174\">Kairo Busreise Erfahrung<\/b> ou \ud83d\udca1 <b data-path-to-node=\"24\" data-index-in-node=\"205\">Urlaub in Hurghada Tipps<\/b>, Nous vous garantissons une exp\u00e9rience de \u201cParadis retrouv\u00e9\u201d.<\/p>\n<p data-path-to-node=\"24\"><img fetchpriority=\"high\" decoding=\"async\" class=\"alignnone size-medium wp-image-9757\" src=\"https:\/\/redsea-dream-tours.net\/wp-content\/uploads\/2026\/03\/WhatsApp-Image-2025-08-26-at-01.40.45_000286d3-300x225.jpg\" alt=\"Hamata Islands: Discover the Secret Egyptian Maldives 2026\" width=\"300\" height=\"225\" srcset=\"https:\/\/redsea-dream-tours.net\/wp-content\/uploads\/2026\/03\/WhatsApp-Image-2025-08-26-at-01.40.45_000286d3-300x225.jpg 300w, https:\/\/redsea-dream-tours.net\/wp-content\/uploads\/2026\/03\/WhatsApp-Image-2025-08-26-at-01.40.45_000286d3-600x450.jpg 600w, https:\/\/redsea-dream-tours.net\/wp-content\/uploads\/2026\/03\/WhatsApp-Image-2025-08-26-at-01.40.45_000286d3-1024x768.jpg 1024w, https:\/\/redsea-dream-tours.net\/wp-content\/uploads\/2026\/03\/WhatsApp-Image-2025-08-26-at-01.40.45_000286d3-768x576.jpg 768w, https:\/\/redsea-dream-tours.net\/wp-content\/uploads\/2026\/03\/WhatsApp-Image-2025-08-26-at-01.40.45_000286d3.jpg 1280w\" sizes=\"(max-width: 300px) 100vw, 300px\" \/><\/p>\n<hr data-path-to-node=\"2\" \/>\n<h2 data-path-to-node=\"3\">\u2753 Questions fr\u00e9quemment pos\u00e9es (FAQ)<\/h2>\n<h3 data-path-to-node=\"4\">1. Les \u00eeles Hamata valent-elles la peine d'\u00eatre visit\u00e9es depuis Marsa Alam ? \ud83c\udfdd\ufe0f<\/h3>\n<blockquote>\n<p data-path-to-node=\"5\"><b data-path-to-node=\"5\" data-index-in-node=\"0\">Oui, absolument !<\/b> Surnomm\u00e9es les \u201cMaldives \u00e9gyptiennes\u201d, les <b data-path-to-node=\"5\" data-index-in-node=\"55\">Hamata (\u00celes)<\/b> offrent les sites de plong\u00e9e avec tuba les plus vierges de la mer Rouge. Contrairement \u00e0 d'autres excursions en bateau bond\u00e9es, cette excursion vous emm\u00e8ne dans des zones vierges de la mer Rouge. <b data-path-to-node=\"5\" data-index-in-node=\"197\">Parc national de Wadi El Gemal<\/b>, L'\u00eele d'Oman est la plus grande \u00eele de l'archipel, o\u00f9 vous pourrez explorer trois \u00eeles vierges aux plages de sable blanc et aux lagons turquoise et cristallins. Il s'agit d'un <b data-path-to-node=\"5\" data-index-in-node=\"349\">Excursion \u00e0 Marsa Alam 2026<\/b>.<\/p>\n<\/blockquote>\n<h3 data-path-to-node=\"6\">2. Que dois-je apporter pour l'excursion de plong\u00e9e en apn\u00e9e aux \u00eeles Hamata ? \ud83c\udf92<\/h3>\n<blockquote>\n<p data-path-to-node=\"7\">Pour profiter de votre <b data-path-to-node=\"7\" data-index-in-node=\"14\">Hamata (\u00celes)<\/b> il est recommand\u00e9 d'apporter :<\/p>\n<ul data-path-to-node=\"8\">\n<li>\n<p data-path-to-node=\"8,0,0\">Un maillot de bain et une serviette.<\/p>\n<\/li>\n<li>\n<p data-path-to-node=\"8,1,0\">Cr\u00e8me solaire \u00e9cologique (pour prot\u00e9ger les r\u00e9cifs coralliens).<\/p>\n<\/li>\n<li>\n<p data-path-to-node=\"8,2,0\">Lunettes de soleil et chapeau.<\/p>\n<\/li>\n<li>\n<p data-path-to-node=\"8,3,0\">Votre appareil photo ou votre GoPro pour de superbes photos sous-marines.<\/p>\n<\/li>\n<li>\n<p data-path-to-node=\"8,4,0\">Votre passeport original (n\u00e9cessaire pour obtenir l'autorisation des garde-c\u00f4tes du bateau).<\/p>\n<\/li>\n<\/ul>\n<\/blockquote>\n<h3 data-path-to-node=\"9\">3. Puis-je voir des dauphins ou des dugongs aux \u00eeles Hamata ? \ud83d\udc2c<\/h3>\n<blockquote>\n<p data-path-to-node=\"10\">Alors que la <b data-path-to-node=\"10\" data-index-in-node=\"10\">Hamata (\u00celes)<\/b> sont c\u00e9l\u00e8bres pour leurs jardins de coraux \u00e9clatants et leurs plus de 1 200 esp\u00e8ces de poissons, mais ils constituent \u00e9galement un habitat naturel pour les esp\u00e8ces de poissons. <b data-path-to-node=\"10\" data-index-in-node=\"136\">Dauphins<\/b>, <b data-path-to-node=\"10\" data-index-in-node=\"146\">Tortues de mer<\/b>, et parfois les rares <b data-path-to-node=\"10\" data-index-in-node=\"185\">Dugong<\/b> (vache de mer). Les prairies d'herbes marines qui entourent les \u00eeles sont le terrain de p\u00e2turage id\u00e9al pour ces magnifiques cr\u00e9atures marines.<\/p>\n<\/blockquote>\n<h3 data-path-to-node=\"11\">4. Le circuit des \u00eeles Hamata est-il adapt\u00e9 aux familles et aux enfants ? \ud83d\udc68\u200d\ud83d\udc69\u200d\ud83d\udc67\u200d\ud83d\udc66<\/h3>\n<blockquote>\n<p data-path-to-node=\"12\"><b data-path-to-node=\"12\" data-index-in-node=\"0\">Oui !<\/b> Cette excursion est id\u00e9ale pour les familles. Les eaux autour des \u00eeles sont peu profondes et calmes, ce qui les rend s\u00fbres pour les enfants et les d\u00e9butants en plong\u00e9e avec tuba. Nous fournissons des gilets de sauvetage de toutes tailles et des guides professionnels de plong\u00e9e avec tuba pour assurer la s\u00e9curit\u00e9 de tous. De plus, les enfants de moins de 5 ans sont inscrits pour <b data-path-to-node=\"12\" data-index-in-node=\"276\">Gratuit !<\/b><\/p>\n<\/blockquote>\n<h3 data-path-to-node=\"13\">5. Dois-je payer \u00e0 l'avance pour la r\u00e9servation ? \ud83d\udcb3<\/h3>\n<blockquote>\n<p data-path-to-node=\"14\"><b data-path-to-node=\"14\" data-index-in-node=\"0\">Aucun pr\u00e9paiement n'est requis !<\/b> Nous croyons en la flexibilit\u00e9 et la confiance. Vous pouvez r\u00e9server votre <b data-path-to-node=\"14\" data-index-in-node=\"82\">Hamata (\u00celes)<\/b> en ligne et payer le jour de l'excursion. Nous acceptons les paiements en euros (\u20ac), en dollars am\u00e9ricains ($) ou en livres sterling (\u00a3) selon le taux de change bancaire du jour.<\/p>\n<\/blockquote>\n<ul data-start=\"465\" data-end=\"1418\">\n<li data-start=\"1204\" data-end=\"1418\"><strong>R\u00e9server par WhatsApp :<\/strong><a href=\"https:\/\/wa.me\/201021058859\" target=\"_blank\" rel=\"noopener\"><img decoding=\"async\" class=\"alignnone wp-image-2058\" src=\"https:\/\/poehalisnamiegypt.com\/wp-content\/uploads\/2024\/02\/pngwing.com_-300x300.png\" sizes=\"auto, (max-width: 35px) 100vw, 35px\" srcset=\"https:\/\/poehalisnamiegypt.com\/wp-content\/uploads\/2024\/02\/pngwing.com_-300x300.png 300w, https:\/\/poehalisnamiegypt.com\/wp-content\/uploads\/2024\/02\/pngwing.com_-150x150.png 150w, https:\/\/poehalisnamiegypt.com\/wp-content\/uploads\/2024\/02\/pngwing.com_.png 584w\" alt=\"\" width=\"53\" height=\"53\" \/><\/a><\/li>\n<\/ul>\n<div id=\"gtx-trans\" style=\"position: absolute; left: 269px; top: 53.7125px;\">\n<div class=\"gtx-trans-icon\"><\/div>\n<\/div>\n<div id=\"gtx-trans\" style=\"position: absolute; left: 269px; top: 53.7125px;\">\n<div class=\"gtx-trans-icon\"><\/div>\n<\/div>","protected":false},"excerpt":{"rendered":"<p>\ud83c\udfdd\ufe0f Hamata Islands Snorkeling Tour: The Egyptian Maldives Experience Experience the untouched beauty of the Hamata Islands, the true &#8220;Egyptian Maldives&#8221; hidden in the south of Marsa Alam. This Hamata Islands excursion is not just a boat trip; it is a journey into the heart of \ud83c\udf3f Wadi El Gemal National Park, where nature remains [&hellip;]<\/p>\n","protected":false},"featured_media":9757,"comment_status":"open","ping_status":"closed","template":"","meta":{"_monsterinsights_skip_tracking":false,"_monsterinsights_sitenote_active":false,"_monsterinsights_sitenote_note":"","_monsterinsights_sitenote_category":0,"_mbp_gutenberg_autopost":false},"product_brand":[149],"product_cat":[64],"product_tag":[],"class_list":{"0":"post-9672","1":"product","2":"type-product","3":"status-publish","4":"has-post-thumbnail","6":"product_brand-red-sea-dtream-tours","7":"product_cat-marsa-alam","9":"first","10":"instock","11":"shipping-taxable","12":"purchasable","13":"product-type-ovabrw_car_rental"},"_links":{"self":[{"href":"https:\/\/redsea-dream-tours.net\/fr\/wp-json\/wp\/v2\/product\/9672","targetHints":{"allow":["GET"]}}],"collection":[{"href":"https:\/\/redsea-dream-tours.net\/fr\/wp-json\/wp\/v2\/product"}],"about":[{"href":"https:\/\/redsea-dream-tours.net\/fr\/wp-json\/wp\/v2\/types\/product"}],"replies":[{"embeddable":true,"href":"https:\/\/redsea-dream-tours.net\/fr\/wp-json\/wp\/v2\/comments?post=9672"}],"wp:featuredmedia":[{"embeddable":true,"href":"https:\/\/redsea-dream-tours.net\/fr\/wp-json\/wp\/v2\/media\/9757"}],"wp:attachment":[{"href":"https:\/\/redsea-dream-tours.net\/fr\/wp-json\/wp\/v2\/media?parent=9672"}],"wp:term":[{"taxonomy":"product_brand","embeddable":true,"href":"https:\/\/redsea-dream-tours.net\/fr\/wp-json\/wp\/v2\/product_brand?post=9672"},{"taxonomy":"product_cat","embeddable":true,"href":"https:\/\/redsea-dream-tours.net\/fr\/wp-json\/wp\/v2\/product_cat?post=9672"},{"taxonomy":"product_tag","embeddable":true,"href":"https:\/\/redsea-dream-tours.net\/fr\/wp-json\/wp\/v2\/product_tag?post=9672"}],"curies":[{"name":"wp","href":"https:\/\/api.w.org\/{rel}","templated":true}]}}