{"id":9673,"date":"2026-03-01T20:22:21","date_gmt":"2026-03-01T20:22:21","guid":{"rendered":"https:\/\/redsea-dream-tours.net\/?post_type=product&#038;p=9673"},"modified":"2026-03-01T20:23:19","modified_gmt":"2026-03-01T20:23:19","slug":"sataya-dolphin-house-snorkel-with-dolphins","status":"publish","type":"product","link":"https:\/\/redsea-dream-tours.net\/fr\/produit\/sataya-dolphin-house-snorkel-with-dolphins\/","title":{"rendered":"Maison des dauphins de Sataya : Plong\u00e9e en apn\u00e9e avec les dauphins"},"content":{"rendered":"<p data-start=\"169\" data-end=\"526\">Experience the magic of swimming alongside playful dolphins at Sataya, famously known as the &#8220;Dolphin House.&#8221; \ud83c\udf0a<br data-start=\"297\" data-end=\"300\" \/>This stunning marine sanctuary is part of the Red Sea\u2019s protected reefs, featuring crystal-clear waters, vibrant coral gardens \ud83d\udc20, and abundant marine life. It\u2019s a dream destination for snorkelers and nature lovers alike. \ud83c\udf34<\/p>\n<hr data-start=\"528\" data-end=\"531\" \/>\n<p data-start=\"533\" data-end=\"562\"><strong data-start=\"533\" data-end=\"560\">Points forts du voyage :<\/strong><\/p>\n<ul data-start=\"564\" data-end=\"1217\">\n<li data-start=\"564\" data-end=\"758\">\n<p data-start=\"566\" data-end=\"758\"><strong data-start=\"566\" data-end=\"598\">Plong\u00e9e en apn\u00e9e avec les dauphins \ud83e\udd3f :<\/strong><br data-start=\"598\" data-end=\"601\" \/>Swim or float near pods of wild spinner dolphins \ud83d\udc2c in their natural habitat. The reef is full of colorful fish, soft corals, and small caves to explore.<\/p>\n<\/li>\n<li data-start=\"760\" data-end=\"900\">\n<p data-start=\"762\" data-end=\"900\"><strong data-start=\"762\" data-end=\"795\">R\u00e9cifs coralliens et vie marine \ud83d\udc20 :<\/strong><br data-start=\"795\" data-end=\"798\" \/>Discover vibrant corals, reef fish, and occasionally turtles \ud83d\udc22 grazing near the seagrass meadows.<\/p>\n<\/li>\n<li data-start=\"902\" data-end=\"1060\">\n<p data-start=\"904\" data-end=\"1060\"><strong data-start=\"904\" data-end=\"928\">Promenade en bateau panoramique \ud83d\udea4 :<\/strong><br data-start=\"928\" data-end=\"931\" \/>Enjoy the ride from Hamata or Marsa Alam, taking in the stunning coastline and spotting other marine creatures along the way.<\/p>\n<\/li>\n<li data-start=\"1062\" data-end=\"1217\">\n<p data-start=\"1064\" data-end=\"1217\"><strong data-start=\"1064\" data-end=\"1096\">Photographie et relaxation \ud83d\udcf8 :<\/strong><br data-start=\"1096\" data-end=\"1099\" \/>Capture unforgettable moments with dolphins and relax on the deck while the boat anchors at calm snorkeling spots.<\/p>\n<\/li>\n<\/ul>\n<hr data-start=\"1219\" data-end=\"1222\" \/>\n<p data-start=\"1224\" data-end=\"1251\"><strong data-start=\"1224\" data-end=\"1249\">Itinerary Suggestion:<\/strong><\/p>\n<ul data-start=\"1253\" data-end=\"1624\">\n<li data-start=\"1253\" data-end=\"1318\">\n<p data-start=\"1255\" data-end=\"1318\"><strong data-start=\"1255\" data-end=\"1276\">Morning Pickup \u23f0:<\/strong> Transfer from your hotel to the marina.<\/p>\n<ul>\n<li>Departure around 5:30 a.m. (approximate)<\/li>\n<li>Return around 4:30 p.m. (approximate)<\/li>\n<\/ul>\n<\/li>\n<li data-start=\"1319\" data-end=\"1381\">\n<p data-start=\"1321\" data-end=\"1381\"><strong data-start=\"1321\" data-end=\"1343\">Boat Departure \ud83d\udea4:<\/strong> Head out to the Dolphin House reef.<\/p>\n<\/li>\n<li data-start=\"1382\" data-end=\"1473\">\n<p data-start=\"1384\" data-end=\"1473\"><strong data-start=\"1384\" data-end=\"1410\">Snorkeling Session \ud83e\udd3f:<\/strong> Swim with dolphins and explore the reef (approx. 2\u20133 hours).<\/p>\n<\/li>\n<li data-start=\"1474\" data-end=\"1558\">\n<p data-start=\"1476\" data-end=\"1558\"><strong data-start=\"1476\" data-end=\"1498\">Lunch on Board \ud83e\udd57:<\/strong> Enjoy a light meal and drinks while soaking in the views.<\/p>\n<\/li>\n<li data-start=\"1559\" data-end=\"1624\">\n<p data-start=\"1561\" data-end=\"1624\"><strong data-start=\"1561\" data-end=\"1575\">Return \ud83d\udea4:<\/strong> Back to the marina and transfer to your hotel.<\/p>\n<\/li>\n<\/ul>\n<hr data-start=\"1626\" data-end=\"1629\" \/>\n<h5><img decoding=\"async\" class=\"emoji\" role=\"img\" draggable=\"false\" src=\"https:\/\/s.w.org\/images\/core\/emoji\/16.0.1\/svg\/1f4dd.svg\" alt=\"\ud83d\udcdd\" \/>\u00a0Evaluation<\/h5>\n<ul>\n<li><img decoding=\"async\" class=\"emoji\" role=\"img\" draggable=\"false\" src=\"https:\/\/s.w.org\/images\/core\/emoji\/16.0.1\/svg\/26a0.svg\" alt=\"\u26a0\ufe0f\" \/>\u00a0Prix \u00e9tabli \u00e0 partir de Marsa Alam. Un suppl\u00e9ment de transfert est applicable au d\u00e9part d'Hurghada<\/li>\n<\/ul>\n<hr data-start=\"1626\" data-end=\"1629\" \/>\n<p data-start=\"1631\" data-end=\"1658\"><strong data-start=\"1631\" data-end=\"1656\">Conseils pour le voyage \ud83d\udcdd :<\/strong><\/p>\n<ul data-start=\"1660\" data-end=\"1907\">\n<li data-start=\"1660\" data-end=\"1716\">\n<p data-start=\"1662\" data-end=\"1716\">Wear sunscreen \ud83e\uddf4 and a hat to protect from the sun.<\/p>\n<\/li>\n<li data-start=\"1717\" data-end=\"1783\">\n<p data-start=\"1719\" data-end=\"1783\">Bring a waterproof camera \ud83d\udcf7 for capturing dolphin encounters.<\/p>\n<\/li>\n<li data-start=\"1784\" data-end=\"1835\">\n<p data-start=\"1786\" data-end=\"1835\">Use reef-safe sunscreen to protect marine life.<\/p>\n<\/li>\n<li data-start=\"1836\" data-end=\"1907\">\n<p data-start=\"1838\" data-end=\"1907\">Always follow the guide\u2019s instructions when swimming near dolphins.<\/p>\n<hr data-start=\"1626\" data-end=\"1629\" \/>\n<h3 data-start=\"54\" data-end=\"78\">Prix de l'excursion<\/h3>\n<ul data-start=\"79\" data-end=\"219\">\n<li data-start=\"79\" data-end=\"126\">\n<p data-start=\"81\" data-end=\"126\">\ud83d\ude4e\ud83c\udffb\u200d\u2642\ufe0f Adultes (12 ans et plus) : <strong data-start=\"117\" data-end=\"124\">70\u20ac<\/strong><\/p>\n<\/li>\n<li data-start=\"127\" data-end=\"177\">\n<p data-start=\"129\" data-end=\"177\">\ud83e\uddcd\ud83c\udffb\u200d\u2640\ufe0f Children (up to 12 years old): 40 <strong data-start=\"168\" data-end=\"175\">\u20ac<\/strong><\/p>\n<\/li>\n<li data-start=\"178\" data-end=\"219\">\n<p data-start=\"180\" data-end=\"219\">\ud83d\udc7c\ud83c\udffc Enfants de moins de 5 ans : <strong data-start=\"209\" data-end=\"217\">Gratuit<\/strong><\/p>\n<\/li>\n<\/ul>\n<\/li>\n<\/ul>\n<h3 data-start=\"2198\" data-end=\"2225\"><strong data-start=\"2205\" data-end=\"2223\">Le paiement en USD ($ \ud83c\uddfa\ud83c\uddf8) au lieu de l'EUR (\u20ac \ud83c\uddea\ud83c\uddfa) est possible en fonction du taux de change bancaire quotidien.<\/strong><\/h3>\n<p><strong>R\u00e9server par WhatsApp :<\/strong><\/p>\n<p><a href=\"https:\/\/wa.me\/201021058859\" target=\"_blank\" rel=\"noopener\"><img decoding=\"async\" class=\"alignnone wp-image-2058\" src=\"https:\/\/poehalisnamiegypt.com\/wp-content\/uploads\/2024\/02\/pngwing.com_-300x300.png\" sizes=\"auto, (max-width: 35px) 100vw, 35px\" srcset=\"https:\/\/poehalisnamiegypt.com\/wp-content\/uploads\/2024\/02\/pngwing.com_-300x300.png 300w, https:\/\/poehalisnamiegypt.com\/wp-content\/uploads\/2024\/02\/pngwing.com_-150x150.png 150w, https:\/\/poehalisnamiegypt.com\/wp-content\/uploads\/2024\/02\/pngwing.com_.png 584w\" alt=\"\" width=\"53\" height=\"53\" \/><\/a><\/p>","protected":false},"excerpt":{"rendered":"<p>Experience the magic of swimming alongside playful dolphins at Sataya, famously known as the &#8220;Dolphin House.&#8221; \ud83c\udf0aThis stunning marine sanctuary is part of the Red Sea\u2019s protected reefs, featuring crystal-clear waters, vibrant coral gardens \ud83d\udc20, and abundant marine life. It\u2019s a dream destination for snorkelers and nature lovers alike. \ud83c\udf34 Highlights of the Trip: Snorkeling [&hellip;]<\/p>\n","protected":false},"featured_media":9762,"comment_status":"open","ping_status":"closed","template":"","meta":{"_monsterinsights_skip_tracking":false,"_monsterinsights_sitenote_active":false,"_monsterinsights_sitenote_note":"","_monsterinsights_sitenote_category":0,"_mbp_gutenberg_autopost":false},"product_brand":[],"product_cat":[64],"product_tag":[],"class_list":{"0":"post-9673","1":"product","2":"type-product","3":"status-publish","4":"has-post-thumbnail","6":"product_cat-marsa-alam","8":"first","9":"instock","10":"shipping-taxable","11":"purchasable","12":"product-type-ovabrw_car_rental"},"_links":{"self":[{"href":"https:\/\/redsea-dream-tours.net\/fr\/wp-json\/wp\/v2\/product\/9673","targetHints":{"allow":["GET"]}}],"collection":[{"href":"https:\/\/redsea-dream-tours.net\/fr\/wp-json\/wp\/v2\/product"}],"about":[{"href":"https:\/\/redsea-dream-tours.net\/fr\/wp-json\/wp\/v2\/types\/product"}],"replies":[{"embeddable":true,"href":"https:\/\/redsea-dream-tours.net\/fr\/wp-json\/wp\/v2\/comments?post=9673"}],"wp:featuredmedia":[{"embeddable":true,"href":"https:\/\/redsea-dream-tours.net\/fr\/wp-json\/wp\/v2\/media\/9762"}],"wp:attachment":[{"href":"https:\/\/redsea-dream-tours.net\/fr\/wp-json\/wp\/v2\/media?parent=9673"}],"wp:term":[{"taxonomy":"product_brand","embeddable":true,"href":"https:\/\/redsea-dream-tours.net\/fr\/wp-json\/wp\/v2\/product_brand?post=9673"},{"taxonomy":"product_cat","embeddable":true,"href":"https:\/\/redsea-dream-tours.net\/fr\/wp-json\/wp\/v2\/product_cat?post=9673"},{"taxonomy":"product_tag","embeddable":true,"href":"https:\/\/redsea-dream-tours.net\/fr\/wp-json\/wp\/v2\/product_tag?post=9673"}],"curies":[{"name":"wp","href":"https:\/\/api.w.org\/{rel}","templated":true}]}}