{"id":9706,"date":"2026-03-01T20:22:44","date_gmt":"2026-03-01T20:22:44","guid":{"rendered":"https:\/\/redsea-dream-tours.net\/?post_type=product&#038;p=9706"},"modified":"2026-03-01T20:23:39","modified_gmt":"2026-03-01T20:23:39","slug":"samadai-dolphin-reef-snorkel-sea-adventure","status":"publish","type":"product","link":"https:\/\/redsea-dream-tours.net\/fr\/produit\/samadai-dolphin-reef-snorkel-sea-adventure\/","title":{"rendered":"R\u00e9cif des dauphins de Samadai : Aventure en mer et plong\u00e9e avec masque et tuba"},"content":{"rendered":"<p data-start=\"52\" data-end=\"88\">\ud83d\udc2c\u2728 <strong data-start=\"56\" data-end=\"82\">Samadai - R\u00e9cif des dauphins<\/strong> \u2728\ud83d\udc2c<\/p>\n<p data-start=\"175\" data-end=\"551\">Vivez l'incroyable aventure de nager avec des dauphins sauvages \u00e0 Samadai, connu sous le nom de Dolphin Reef. \ud83c\udf0a<br data-start=\"304\" data-end=\"307\" \/>Cette zone marine prot\u00e9g\u00e9e abrite des groupes de dauphins tourneurs joueurs \ud83d\udc2c et poss\u00e8de des r\u00e9cifs coralliens vibrants \ud83d\udc20, des eaux cristallines et une vie marine abondante \ud83d\udc22. Il est parfait pour les amateurs de plong\u00e9e avec tuba \u00e0 la recherche d'une rencontre unique avec la nature. \ud83c\udf34<\/p>\n<hr data-start=\"553\" data-end=\"556\" \/>\n<p data-start=\"558\" data-end=\"587\"><strong data-start=\"558\" data-end=\"585\">Points forts du voyage :<\/strong><\/p>\n<ul data-start=\"589\" data-end=\"981\">\n<li data-start=\"589\" data-end=\"688\">\n<p data-start=\"591\" data-end=\"688\"><strong data-start=\"591\" data-end=\"623\">Plong\u00e9e en apn\u00e9e avec les dauphins \ud83e\udd3f :<\/strong> Nagez avec des groupes de dauphins sauvages dans leur habitat naturel.<\/p>\n<\/li>\n<li data-start=\"640\" data-end=\"741\">\n<p data-start=\"642\" data-end=\"741\"><strong data-start=\"642\" data-end=\"658\">Plong\u00e9e \ud83e\udd3f\ud83d\udc20 :<\/strong> D\u00e9couvrez la magie du monde sous-marin et explorez de pr\u00e8s de magnifiques r\u00e9cifs coralliens.<\/p>\n<\/li>\n<li data-start=\"689\" data-end=\"792\">\n<p data-start=\"691\" data-end=\"792\"><strong data-start=\"691\" data-end=\"724\">R\u00e9cifs coralliens et vie marine \ud83d\udc20 :<\/strong> D\u00e9couvrez des coraux color\u00e9s, des poissons tropicaux et parfois des tortues.<\/p>\n<\/li>\n<li data-start=\"793\" data-end=\"877\">\n<p data-start=\"795\" data-end=\"877\"><strong data-start=\"795\" data-end=\"819\">Promenade en bateau panoramique \ud83d\udea4 :<\/strong> Profitez du trajet jusqu'\u00e0 Samadai, qui offre de magnifiques vues sur la mer Rouge.<\/p>\n<\/li>\n<li data-start=\"878\" data-end=\"981\">\n<p data-start=\"880\" data-end=\"981\"><strong data-start=\"880\" data-end=\"912\">Photographie et relaxation \ud83d\udcf8 :<\/strong> Immortalisez des moments inoubliables et d\u00e9tendez-vous sur la terrasse pendant les pauses.<\/p>\n<\/li>\n<\/ul>\n<hr data-start=\"1354\" data-end=\"1357\" \/>\n<p data-start=\"1359\" data-end=\"1386\"><strong data-start=\"1359\" data-end=\"1384\">Conseils pour le voyage \ud83d\udcdd :<\/strong><\/p>\n<ul data-start=\"1388\" data-end=\"1574\">\n<li data-start=\"1388\" data-end=\"1420\">\n<p data-start=\"1390\" data-end=\"1420\">Mettez de la cr\u00e8me solaire \ud83e\uddf4 et portez un chapeau.<\/p>\n<\/li>\n<li data-start=\"1421\" data-end=\"1454\">\n<p data-start=\"1423\" data-end=\"1454\">Apportez un appareil photo \u00e9tanche \ud83d\udcf7.<\/p>\n<\/li>\n<li data-start=\"1455\" data-end=\"1515\">\n<p data-start=\"1457\" data-end=\"1515\">Utilisez une cr\u00e8me solaire sans danger pour les r\u00e9cifs afin de prot\u00e9ger l'\u00e9cosyst\u00e8me marin.<\/p>\n<\/li>\n<li data-start=\"1516\" data-end=\"1574\">\n<p data-start=\"1518\" data-end=\"1574\">Suivez les instructions du guide pour rencontrer les dauphins en toute s\u00e9curit\u00e9.<\/p>\n<\/li>\n<\/ul>\n<p data-start=\"1518\" data-end=\"1574\">\ud83e\udd11 <strong data-start=\"44\" data-end=\"63\">Prix des activit\u00e9s ( Snorkeling )<\/strong><br data-start=\"63\" data-end=\"66\" \/>\ud83d\udc68\ud83c\udffb\u200d\ud83e\uddb1 Adultes (12 ans et plus) : <strong data-start=\"103\" data-end=\"110\">65 \u20ac<\/strong><br data-start=\"110\" data-end=\"113\" \/>\ud83e\uddcd\ud83c\udffb\u200d\u2640\ufe0f Enfants (jusqu'\u00e0 12 ans) : <strong data-start=\"148\" data-end=\"155\">40 \u20ac<\/strong><br data-start=\"155\" data-end=\"158\" \/>\ud83d\udc7c\ud83c\udffc Enfants (jusqu'\u00e0 5 ans) : <strong data-start=\"189\" data-end=\"197\">Gratuit<\/strong><\/p>\n<p data-start=\"1518\" data-end=\"1574\">\ud83e\udd11 <strong data-start=\"44\" data-end=\"63\">Prix de l'activit\u00e9 ( Plong\u00e9e Intro )<\/strong><br data-start=\"63\" data-end=\"66\" \/>\ud83d\udc68\ud83c\udffb\u200d\ud83e\uddb1 Adultes : 8<strong data-start=\"103\" data-end=\"110\">5 \u20ac<\/strong><\/p>\n<p data-start=\"1518\" data-end=\"1574\">\ud83e\udd11 <strong data-start=\"44\" data-end=\"63\">Prix des activit\u00e9s (plong\u00e9e quotidienne)<\/strong><br data-start=\"63\" data-end=\"66\" \/>\ud83d\udc68\ud83c\udffb\u200d\ud83e\uddb1 Adultes : <strong data-start=\"103\" data-end=\"110\">110 \u20ac<\/strong><\/p>\n<h3 data-start=\"2198\" data-end=\"2225\"><strong data-start=\"2205\" data-end=\"2223\">Le paiement en USD ($ \ud83c\uddfa\ud83c\uddf8) au lieu de l'EUR (\u20ac \ud83c\uddea\ud83c\uddfa) est possible en fonction du taux de change bancaire quotidien.<\/strong><\/h3>\n<ul data-start=\"1388\" data-end=\"1574\">\n<li data-start=\"1516\" data-end=\"1574\"><strong>R\u00e9server par WhatsApp :<\/strong><\/li>\n<li data-start=\"1516\" data-end=\"1574\"><a href=\"https:\/\/wa.me\/201021058859\" target=\"_blank\" rel=\"noopener\"><img decoding=\"async\" class=\"alignnone wp-image-2058\" src=\"https:\/\/poehalisnamiegypt.com\/wp-content\/uploads\/2024\/02\/pngwing.com_-300x300.png\" sizes=\"auto, (max-width: 35px) 100vw, 35px\" srcset=\"https:\/\/poehalisnamiegypt.com\/wp-content\/uploads\/2024\/02\/pngwing.com_-300x300.png 300w, https:\/\/poehalisnamiegypt.com\/wp-content\/uploads\/2024\/02\/pngwing.com_-150x150.png 150w, https:\/\/poehalisnamiegypt.com\/wp-content\/uploads\/2024\/02\/pngwing.com_.png 584w\" alt=\"\" width=\"53\" height=\"53\" \/><\/a><\/li>\n<\/ul>\n<div id=\"gtx-trans\" style=\"position: absolute; left: 147px; top: 1.2px;\">\n<div class=\"gtx-trans-icon\"><\/div>\n<\/div>","protected":false},"excerpt":{"rendered":"<p>\ud83d\udc2c\u2728 Samadai \u2013 Dolphin Reef \u2728\ud83d\udc2c Experience the incredible adventure of swimming with wild dolphins at Samadai, famously known as Dolphin Reef. \ud83c\udf0aThis protected marine area is home to pods of playful spinner dolphins \ud83d\udc2c and boasts vibrant coral reefs \ud83d\udc20, crystal-clear waters, and abundant marine life \ud83d\udc22. It\u2019s perfect for snorkelers seeking a once-in-a-lifetime [&hellip;]<\/p>\n","protected":false},"featured_media":9784,"comment_status":"open","ping_status":"closed","template":"","meta":{"_monsterinsights_skip_tracking":false,"_monsterinsights_sitenote_active":false,"_monsterinsights_sitenote_note":"","_monsterinsights_sitenote_category":0,"_mbp_gutenberg_autopost":false},"product_brand":[],"product_cat":[64],"product_tag":[],"class_list":{"0":"post-9706","1":"product","2":"type-product","3":"status-publish","4":"has-post-thumbnail","6":"product_cat-marsa-alam","8":"first","9":"instock","10":"shipping-taxable","11":"purchasable","12":"product-type-ovabrw_car_rental"},"_links":{"self":[{"href":"https:\/\/redsea-dream-tours.net\/fr\/wp-json\/wp\/v2\/product\/9706","targetHints":{"allow":["GET"]}}],"collection":[{"href":"https:\/\/redsea-dream-tours.net\/fr\/wp-json\/wp\/v2\/product"}],"about":[{"href":"https:\/\/redsea-dream-tours.net\/fr\/wp-json\/wp\/v2\/types\/product"}],"replies":[{"embeddable":true,"href":"https:\/\/redsea-dream-tours.net\/fr\/wp-json\/wp\/v2\/comments?post=9706"}],"wp:featuredmedia":[{"embeddable":true,"href":"https:\/\/redsea-dream-tours.net\/fr\/wp-json\/wp\/v2\/media\/9784"}],"wp:attachment":[{"href":"https:\/\/redsea-dream-tours.net\/fr\/wp-json\/wp\/v2\/media?parent=9706"}],"wp:term":[{"taxonomy":"product_brand","embeddable":true,"href":"https:\/\/redsea-dream-tours.net\/fr\/wp-json\/wp\/v2\/product_brand?post=9706"},{"taxonomy":"product_cat","embeddable":true,"href":"https:\/\/redsea-dream-tours.net\/fr\/wp-json\/wp\/v2\/product_cat?post=9706"},{"taxonomy":"product_tag","embeddable":true,"href":"https:\/\/redsea-dream-tours.net\/fr\/wp-json\/wp\/v2\/product_tag?post=9706"}],"curies":[{"name":"wp","href":"https:\/\/api.w.org\/{rel}","templated":true}]}}