{"id":9707,"date":"2026-03-01T20:22:44","date_gmt":"2026-03-01T20:22:44","guid":{"rendered":"https:\/\/redsea-dream-tours.net\/?post_type=product&#038;p=9707"},"modified":"2026-03-01T20:23:43","modified_gmt":"2026-03-01T20:23:43","slug":"sharm-el-luli-beach-trip","status":"publish","type":"product","link":"https:\/\/redsea-dream-tours.net\/fr\/produit\/sharm-el-luli-beach-trip\/","title":{"rendered":"Excursion \u00e0 la plage de Sharm El Luli"},"content":{"rendered":"<p data-start=\"0\" data-end=\"110\"><strong data-start=\"0\" data-end=\"37\">\ud83c\udfd6\ufe0f Voyage \u00e0 Sharm El Luli<\/strong><br data-start=\"37\" data-end=\"40\" \/>\u2728 Profitez de l'une des plus belles plages du monde en <strong data-start=\"93\" data-end=\"107\">Marsa Alam<\/strong>!<\/p>\n<p data-start=\"112\" data-end=\"445\">\ud83c\udf0a Rejoignez-nous pour une excursion inoubliable \u00e0 <strong data-start=\"156\" data-end=\"179\">Plage de Sharm El Luli<\/strong>, vot\u00e9e parmi les \ud83c\udf0d <em data-start=\"200\" data-end=\"237\">les plus belles plages du monde<\/em> pendant trois ann\u00e9es cons\u00e9cutives.<br data-start=\"266\" data-end=\"269\" \/>\ud83d\udc8e Se d\u00e9tendre sur le <strong data-start=\"285\" data-end=\"305\">sables blancs et doux<\/strong>, nager dans le <strong data-start=\"319\" data-end=\"353\">des eaux turquoises cristallines<\/strong>, Le site de Sharm El Luli est un v\u00e9ritable joyau cach\u00e9, d'une beaut\u00e9 naturelle \u00e0 couper le souffle.<\/p>\n<p data-start=\"447\" data-end=\"780\">\ud83d\udccd <strong data-start=\"450\" data-end=\"475\">Localisation et contexte<\/strong><br data-start=\"475\" data-end=\"478\" \/>La plage de Sharm El Luli est situ\u00e9e \u00e0 environ <strong data-start=\"515\" data-end=\"544\">50 km au sud de Marsa Alam<\/strong>, \u00e0 mi-chemin entre <strong data-start=\"562\" data-end=\"587\">Marsa Alam et Hamata<\/strong>, Il s'agit de la plus grande plage de l'Union europ\u00e9enne. <strong data-start=\"625\" data-end=\"656\">Parc national de Wadi El-Gamal<\/strong>.<br data-start=\"657\" data-end=\"660\" \/>\ud83c\udf3f G\u00e9r\u00e9e par les r\u00e9serves naturelles d'\u00c9gypte, cette plage vierge abrite une vie marine color\u00e9e et des r\u00e9cifs coralliens intacts.<\/p>\n<p data-start=\"782\" data-end=\"1216\">\ud83d\udcab <strong data-start=\"785\" data-end=\"823\">Pourquoi choisir l'excursion \u00e0 Sharm El Luli ?<\/strong><br data-start=\"823\" data-end=\"826\" \/>\ud83c\udfdd\ufe0f Sharm El Luli est c\u00e9l\u00e8bre pour ses <strong data-start=\"862\" data-end=\"924\">vaste littoral, sable blanc et doux, r\u00e9cifs coralliens color\u00e9s<\/strong> pleine de vie marine.<br data-start=\"945\" data-end=\"948\" \/>\ud83c\udf05 Le paysage \u00e9poustouflant s'int\u00e8gre parfaitement <strong data-start=\"989\" data-end=\"1007\">mer et d\u00e9sert<\/strong>, La vue magique qui s'en d\u00e9gage captive tous les visiteurs.<br data-start=\"1063\" data-end=\"1066\" \/>\ud83e\udd3f Vous pouvez <strong data-start=\"1077\" data-end=\"1109\">plong\u00e9e avec masque et tuba au milieu de r\u00e9cifs \u00e9blouissants<\/strong>, <strong data-start=\"1111\" data-end=\"1133\">se d\u00e9tendre sur la plage<\/strong>, ou <strong data-start=\"1138\" data-end=\"1162\">faire une promenade paisible<\/strong> avec la famille et les amis dans un cadre calme et naturel.<\/p>\n<p data-start=\"1218\" data-end=\"1239\">\ud83d\udd52 <strong data-start=\"1221\" data-end=\"1237\">D\u00e9tails du voyage<\/strong><\/p>\n<ul data-start=\"1240\" data-end=\"1466\">\n<li data-start=\"1240\" data-end=\"1330\">\n<p data-start=\"1242\" data-end=\"1330\"><strong data-start=\"1242\" data-end=\"1255\">Dur\u00e9e de l'enqu\u00eate :<\/strong> Excursion d'une demi-journ\u00e9e - de 8h30 \u00e0 13h00 (disponible trois fois par semaine)<\/p>\n<\/li>\n<li data-start=\"1331\" data-end=\"1466\">\n<p data-start=\"1333\" data-end=\"1466\"><strong data-start=\"1333\" data-end=\"1346\">Localisation :<\/strong><br data-start=\"1346\" data-end=\"1349\" \/>50 km de Marsa Alam<br data-start=\"1375\" data-end=\"1378\" \/>80 km de l'a\u00e9roport international de Marsa Alam<br data-start=\"1426\" data-end=\"1429\" \/>160 km au nord de la ville d'El Quseir<\/p>\n<\/li>\n<\/ul>\n<p data-start=\"1468\" data-end=\"1705\">\ud83d\udcbc <strong data-start=\"1471\" data-end=\"1499\">Inclus dans le programme :<\/strong><br data-start=\"1499\" data-end=\"1502\" \/>Transferts aller-retour \u00e0 l'h\u00f4tel<br data-start=\"1530\" data-end=\"1533\" \/>Guide certifi\u00e9 de plong\u00e9e en apn\u00e9e<br data-start=\"1561\" data-end=\"1564\" \/>\u2705 \ud83c\udf7d\ufe0f D\u00e9jeuner d\u00e9licieux \u00e0 bord<br data-start=\"1594\" data-end=\"1597\" \/>\u2705 \u2615 Boissons chaudes et froides tout au long de la journ\u00e9e<br data-start=\"1637\" data-end=\"1640\" data-is-only-node=\"\" \/>\u2705 \ud83c\udf9f\ufe0f Droits d'entr\u00e9e dans les parcs nationaux<br data-start=\"1670\" data-end=\"1673\" \/>\u2705 \ud83e\udd3f Equipement complet de plong\u00e9e avec tuba<\/p>\n<p data-start=\"1707\" data-end=\"2009\" data-is-last-node=\"\" data-is-only-node=\"\">\ud83c\udf1e <strong data-start=\"1710\" data-end=\"1772\">Pr\u00e9parez-vous \u00e0 vivre une aventure extraordinaire \u00e0 la plage de Sharm El Luli !<\/strong><br data-start=\"1772\" data-end=\"1775\" \/>Profitez d'une journ\u00e9e pleine de <strong data-start=\"1795\" data-end=\"1829\">d\u00e9tente, plaisir et d\u00e9couverte<\/strong> dans l'un des plus beaux sites naturels de Marsa Alam.<br data-start=\"1881\" data-end=\"1884\" \/>Que vous pr\u00e9f\u00e9riez <strong data-start=\"1903\" data-end=\"1943\">plong\u00e9e avec masque et tuba, bain de soleil ou exploration<\/strong>, Ce voyage promet un v\u00e9ritable <strong data-start=\"1972\" data-end=\"2008\">une exp\u00e9rience sp\u00e9ciale et m\u00e9morable<\/strong>.<\/p>\n<p data-start=\"1556\" data-end=\"1583\"><strong data-start=\"1556\" data-end=\"1581\">Conseils pour le voyage \ud83d\udcdd :<\/strong><\/p>\n<ul data-start=\"1585\" data-end=\"1789\">\n<li data-start=\"1585\" data-end=\"1635\">\n<p data-start=\"1587\" data-end=\"1635\">Apportez de la cr\u00e8me solaire \ud83e\uddf4, des lunettes de soleil \ud83d\udd76\ufe0f et un chapeau.<\/p>\n<\/li>\n<li data-start=\"1636\" data-end=\"1668\">\n<p data-start=\"1638\" data-end=\"1668\">Prenez un appareil photo \u00e9tanche \ud83d\udcf7.<\/p>\n<\/li>\n<li data-start=\"1669\" data-end=\"1726\">\n<p data-start=\"1671\" data-end=\"1726\">Portez des chaussures confortables pour marcher autour de la lagune.<\/p>\n<\/li>\n<li data-start=\"1727\" data-end=\"1789\">\n<p data-start=\"1729\" data-end=\"1789\">Respecter l'environnement naturel, en particulier les mangroves.<\/p>\n<\/li>\n<\/ul>\n<p>\ud83e\udd11 <strong data-start=\"44\" data-end=\"63\">Prix des activit\u00e9s Journ\u00e9e enti\u00e8re\u00a0<\/strong><br data-start=\"63\" data-end=\"66\" \/>\ud83d\udc68\ud83c\udffb\u200d\ud83e\uddb1 Adultes (12 ans et plus) : <strong data-start=\"103\" data-end=\"110\">60 \u20ac<\/strong><br data-start=\"110\" data-end=\"113\" \/>\ud83e\uddcd\ud83c\udffb\u200d\u2640\ufe0f Enfants (jusqu'\u00e0 12 ans) : <strong data-start=\"148\" data-end=\"155\">35 \u20ac<\/strong><br data-start=\"155\" data-end=\"158\" \/>\ud83d\udc7c\ud83c\udffc Enfants (jusqu'\u00e0 5 ans) : <strong data-start=\"189\" data-end=\"197\">Gratuit<\/strong><\/p>\n<p>\ud83e\udd11 <strong data-start=\"44\" data-end=\"63\">Prix des activit\u00e9s Demi-journ\u00e9e\u00a0<\/strong><br data-start=\"63\" data-end=\"66\" \/>\ud83d\udc68\ud83c\udffb\u200d\ud83e\uddb1 Adultes (12 ans et plus) : <strong data-start=\"103\" data-end=\"110\">45 \u20ac<\/strong><br data-start=\"110\" data-end=\"113\" \/>\ud83e\uddcd\ud83c\udffb\u200d\u2640\ufe0f Enfants (jusqu'\u00e0 12 ans) : <strong data-start=\"148\" data-end=\"155\">30 \u20ac<\/strong><br data-start=\"155\" data-end=\"158\" \/>\ud83d\udc7c\ud83c\udffc Enfants (jusqu'\u00e0 5 ans) : <strong data-start=\"189\" data-end=\"197\">Gratuit<\/strong><\/p>\n<div id=\"gtx-trans\" style=\"position: absolute; left: 275px; top: 1.2px;\">\n<div class=\"gtx-trans-icon\"><\/div>\n<\/div>","protected":false},"excerpt":{"rendered":"<p>\ud83c\udfd6\ufe0f Sharm El Luli\u00a0 Trip\u2728 Enjoy one of the world\u2019s most beautiful beaches in Marsa Alam! \ud83c\udf0a Join us on an unforgettable excursion to Sharm El Luli Beach, voted among the \ud83c\udf0d most beautiful beaches in the world for three consecutive years.\ud83d\udc8e Relax on the soft white sands, swim in the crystal-clear turquoise waters, and [&hellip;]<\/p>\n","protected":false},"featured_media":9789,"comment_status":"open","ping_status":"closed","template":"","meta":{"_monsterinsights_skip_tracking":false,"_monsterinsights_sitenote_active":false,"_monsterinsights_sitenote_note":"","_monsterinsights_sitenote_category":0,"_mbp_gutenberg_autopost":false},"product_brand":[],"product_cat":[64],"product_tag":[],"class_list":{"0":"post-9707","1":"product","2":"type-product","3":"status-publish","4":"has-post-thumbnail","6":"product_cat-marsa-alam","8":"first","9":"instock","10":"shipping-taxable","11":"purchasable","12":"product-type-ovabrw_car_rental"},"_links":{"self":[{"href":"https:\/\/redsea-dream-tours.net\/fr\/wp-json\/wp\/v2\/product\/9707","targetHints":{"allow":["GET"]}}],"collection":[{"href":"https:\/\/redsea-dream-tours.net\/fr\/wp-json\/wp\/v2\/product"}],"about":[{"href":"https:\/\/redsea-dream-tours.net\/fr\/wp-json\/wp\/v2\/types\/product"}],"replies":[{"embeddable":true,"href":"https:\/\/redsea-dream-tours.net\/fr\/wp-json\/wp\/v2\/comments?post=9707"}],"wp:featuredmedia":[{"embeddable":true,"href":"https:\/\/redsea-dream-tours.net\/fr\/wp-json\/wp\/v2\/media\/9789"}],"wp:attachment":[{"href":"https:\/\/redsea-dream-tours.net\/fr\/wp-json\/wp\/v2\/media?parent=9707"}],"wp:term":[{"taxonomy":"product_brand","embeddable":true,"href":"https:\/\/redsea-dream-tours.net\/fr\/wp-json\/wp\/v2\/product_brand?post=9707"},{"taxonomy":"product_cat","embeddable":true,"href":"https:\/\/redsea-dream-tours.net\/fr\/wp-json\/wp\/v2\/product_cat?post=9707"},{"taxonomy":"product_tag","embeddable":true,"href":"https:\/\/redsea-dream-tours.net\/fr\/wp-json\/wp\/v2\/product_tag?post=9707"}],"curies":[{"name":"wp","href":"https:\/\/api.w.org\/{rel}","templated":true}]}}