{"id":9743,"date":"2026-03-01T20:23:05","date_gmt":"2026-03-01T20:23:05","guid":{"rendered":"https:\/\/redsea-dream-tours.net\/?post_type=product&#038;p=9743"},"modified":"2026-03-01T20:24:11","modified_gmt":"2026-03-01T20:24:11","slug":"nile-cruise-luxor-aswan-temples-river-magic","status":"publish","type":"product","link":"https:\/\/redsea-dream-tours.net\/fr\/produit\/nile-cruise-luxor-aswan-temples-river-magic\/","title":{"rendered":"Croisi\u00e8re sur le Nil : Temples de Louxor et d'Assouan et magie du fleuve"},"content":{"rendered":"<p data-start=\"122\" data-end=\"224\">\ud83d\udea2\u2728 <strong data-start=\"126\" data-end=\"218\">Croisi\u00e8re sur le Nil entre Assouan et Louxor - Un voyage \u00e0 travers l'histoire et la magie du Nil !<\/strong> \u2728\ud83c\udf05<\/p>\n<p data-start=\"226\" data-end=\"414\">Embarquez pour l'une des exp\u00e9riences les plus enchanteresses de l'\u00c9gypte - un voyage d'\u00e9tude. <strong data-start=\"283\" data-end=\"333\">Voyage luxueux le long du Nil, un fleuve intemporel<\/strong>, L'histoire, la culture et l'\u00e9l\u00e9gance s'y c\u00f4toient en parfaite harmonie. \ud83c\udf0a\ud83c\uddea\ud83c\uddec<\/p>\n<p data-start=\"416\" data-end=\"730\">Montez \u00e0 bord d'un <strong data-start=\"430\" data-end=\"455\">h\u00f4tel flottant de luxe<\/strong> \ud83d\udef3\ufe0f et se r\u00e9veiller chaque matin avec une vue imprenable sur la ville. <strong data-start=\"514\" data-end=\"537\">collines du d\u00e9sert dor\u00e9<\/strong>, <strong data-start=\"539\" data-end=\"558\">palmiers luxuriants<\/strong>, et le <strong data-start=\"568\" data-end=\"597\">les eaux sereines du Nil<\/strong> \ud83c\udf34\u2600\ufe0f.<br data-start=\"603\" data-end=\"606\" \/>Pendant que vous naviguez, admirez les temples et les monuments qui se dressent depuis des mill\u00e9naires, gardiens silencieux du glorieux pass\u00e9 de l'\u00c9gypte. \ud83c\udfdb\ufe0f\u2728<\/p>\n<hr data-start=\"732\" data-end=\"735\" \/>\n<h3 data-start=\"493\" data-end=\"529\">\ud83d\udde3\ufe0f <strong data-start=\"501\" data-end=\"527\">Nous parlons votre langue<\/strong><\/h3>\n<ul data-start=\"530\" data-end=\"594\">\n<li>Polonais<\/li>\n<li>Fran\u00e7ais<\/li>\n<li>Anglais<\/li>\n<li>Allemand<\/li>\n<li>Portugais<\/li>\n<li>Espagnol<\/li>\n<li>...et plus encore !<\/li>\n<\/ul>\n<p data-start=\"596\" data-end=\"678\">D'o\u00f9 que vous veniez, nous assurons une communication fluide et une touche personnalis\u00e9e.<\/p>\n<hr data-start=\"732\" data-end=\"735\" \/>\n<h3 data-start=\"737\" data-end=\"769\">\ud83d\udd50 <strong data-start=\"744\" data-end=\"767\">Itin\u00e9raire sugg\u00e9r\u00e9<\/strong><\/h3>\n<p data-start=\"770\" data-end=\"824\"><em data-start=\"770\" data-end=\"822\">(Enti\u00e8rement personnalisable selon vos pr\u00e9f\u00e9rences)<\/em><\/p>\n<p data-start=\"826\" data-end=\"846\">\ud83d\udd39 <strong data-start=\"829\" data-end=\"841\">\u00c0 Louxor<\/strong> \ud83c\udf07<\/p>\n<ul data-start=\"847\" data-end=\"1574\">\n<li data-start=\"847\" data-end=\"950\">\n<p data-start=\"849\" data-end=\"950\"><strong data-start=\"849\" data-end=\"866\">Temple de Karnak<\/strong> - Le plus grand complexe de temples au monde, un chef-d'\u0153uvre de l'architecture ancienne.<\/p>\n<\/li>\n<li data-start=\"951\" data-end=\"1033\">\n<p data-start=\"953\" data-end=\"1033\"><strong data-start=\"953\" data-end=\"969\">Temple de Louxor<\/strong> - Un monument magnifique magnifiquement illumin\u00e9 la nuit \ud83c\udf19.<\/p>\n<\/li>\n<li data-start=\"1034\" data-end=\"1141\">\n<p data-start=\"1036\" data-end=\"1141\"><strong data-start=\"1036\" data-end=\"1059\">Vall\u00e9e des rois<\/strong> - Lieu de repos \u00e9ternel des plus grands pharaons d'\u00c9gypte, dont Tout\u00e2nkhamon \ud83d\udc51.<\/p>\n<\/li>\n<li data-start=\"1142\" data-end=\"1229\">\n<p data-start=\"1144\" data-end=\"1229\"><strong data-start=\"1144\" data-end=\"1168\">Vall\u00e9e des reines<\/strong> - Explorez les tombes \u00e9l\u00e9gamment d\u00e9cor\u00e9es des femmes royales \ud83d\udcab.<\/p>\n<\/li>\n<li data-start=\"1230\" data-end=\"1361\">\n<p data-start=\"1232\" data-end=\"1361\"><strong data-start=\"1232\" data-end=\"1256\">Temple d'Hatchepsout<\/strong> - Le sanctuaire majestueux de la reine la plus puissante d'\u00c9gypte, taill\u00e9 dans les falaises de Deir el-Bahari \ud83c\udfdc\ufe0f.<\/p>\n<\/li>\n<li data-start=\"1362\" data-end=\"1468\">\n<p data-start=\"1364\" data-end=\"1468\"><strong data-start=\"1364\" data-end=\"1385\">Colosses de Memnon<\/strong> - Les deux sentinelles g\u00e9antes qui gardent la n\u00e9cropole th\u00e9baine depuis des milliers d'ann\u00e9es.<\/p>\n<\/li>\n<li data-start=\"1469\" data-end=\"1574\">\n<p data-start=\"1471\" data-end=\"1574\"><strong data-start=\"1471\" data-end=\"1493\">Atelier d'alb\u00e2tre<\/strong> - Observez les artisans qualifi\u00e9s sculpter cette pierre ancienne comme l'ont fait leurs anc\u00eatres.<\/p>\n<\/li>\n<\/ul>\n<p data-start=\"1576\" data-end=\"1703\">\ud83c\udf88 <strong data-start=\"1579\" data-end=\"1603\">Balade en montgolfi\u00e8re<\/strong> - Envolez-vous au-dessus des temples de Louxor et du Nil au lever du soleil pour une vue magique et unique ! \u2600\ufe0f\ud83c\udf88<\/p>\n<p data-start=\"1705\" data-end=\"1725\">\ud83d\udd39 <strong data-start=\"1708\" data-end=\"1720\">\u00c0 Assouan<\/strong> \ud83c\udf34<\/p>\n<ul data-start=\"1726\" data-end=\"2178\">\n<li data-start=\"1726\" data-end=\"1808\">\n<p data-start=\"1728\" data-end=\"1808\"><strong data-start=\"1728\" data-end=\"1745\">Temple de Philae<\/strong> - Le temple insulaire de l'amour et de la d\u00e9votion \u00e0 la d\u00e9esse Isis \ud83d\udc95.<\/p>\n<\/li>\n<li data-start=\"1809\" data-end=\"1885\">\n<p data-start=\"1811\" data-end=\"1885\"><strong data-start=\"1811\" data-end=\"1823\">Haut barrage<\/strong> - Un symbole de l'\u00c9gypte moderne et un triomphe de l'ing\u00e9nierie \u2699\ufe0f.<\/p>\n<\/li>\n<li data-start=\"1886\" data-end=\"1988\">\n<p data-start=\"1888\" data-end=\"1988\"><strong data-start=\"1888\" data-end=\"1910\">Temples d'Abou Simbel<\/strong> - Le chef-d'\u0153uvre colossal de Rams\u00e8s II, taill\u00e9 dans le flanc de la montagne \ud83c\udfd4\ufe0f\u2728.<\/p>\n<\/li>\n<li data-start=\"1989\" data-end=\"2084\">\n<p data-start=\"1991\" data-end=\"2084\"><strong data-start=\"1991\" data-end=\"2010\">Temple de Kom Ombo<\/strong> - Rare temple double d\u00e9di\u00e9 \u00e0 deux dieux, parfaitement sym\u00e9trique \u2696\ufe0f.<\/p>\n<\/li>\n<li data-start=\"2085\" data-end=\"2178\">\n<p data-start=\"2087\" data-end=\"2178\"><strong data-start=\"2087\" data-end=\"2102\">Temple d'Edfou<\/strong> - Le temple d'Horus, l'un des sanctuaires les mieux conserv\u00e9s d'\u00c9gypte \ud83e\udd85.<\/p>\n<\/li>\n<\/ul>\n<hr data-start=\"2180\" data-end=\"2183\" \/>\n<h3 data-start=\"2185\" data-end=\"2213\">\ud83c\udf1f <strong data-start=\"2192\" data-end=\"2211\">Points forts du voyage<\/strong><\/h3>\n<ul data-start=\"2214\" data-end=\"2639\">\n<li data-start=\"2214\" data-end=\"2302\">\n<p data-start=\"2216\" data-end=\"2302\">\u2728 Enti\u00e8rement <strong data-start=\"2224\" data-end=\"2249\">programmes personnalisables<\/strong> - choisir son itin\u00e9raire (Louxor \u279d Assouan ou vice versa).<\/p>\n<\/li>\n<li data-start=\"2303\" data-end=\"2384\">\n<p data-start=\"2305\" data-end=\"2384\">\ud83d\udcb0 Le prix varie en fonction de <strong data-start=\"2330\" data-end=\"2381\">dur\u00e9e, cat\u00e9gorie de croisi\u00e8re et temples inclus<\/strong>.<\/p>\n<\/li>\n<li data-start=\"2385\" data-end=\"2468\">\n<p data-start=\"2387\" data-end=\"2468\">\ud83e\udded Guid\u00e9 par un <strong data-start=\"2402\" data-end=\"2431\">\u00e9gyptologue professionnel<\/strong>, L'histoire est ainsi rendue vivante.<\/p>\n<\/li>\n<li data-start=\"2469\" data-end=\"2558\">\n<p data-start=\"2471\" data-end=\"2558\">\ud83c\udf7d\ufe0f <strong data-start=\"2475\" data-end=\"2510\">H\u00e9bergement de luxe en pension compl\u00e8te<\/strong>, qui propose des plats internationaux et orientaux.<\/p>\n<\/li>\n<li data-start=\"2559\" data-end=\"2639\">\n<p data-start=\"2561\" data-end=\"2639\">\ud83c\udfb6 <strong data-start=\"2564\" data-end=\"2589\">Divertissements en soir\u00e9e<\/strong> avec de la musique nubienne et des spectacles folkloriques orientaux \ud83d\udc83.<\/p>\n<\/li>\n<\/ul>\n<hr data-start=\"2641\" data-end=\"2644\" \/>\n<p data-start=\"2646\" data-end=\"2916\">\ud83c\udf05 <strong data-start=\"2649\" data-end=\"2690\">La croisi\u00e8re sur le Nil n'est pas un simple voyage...<\/strong><br data-start=\"2690\" data-end=\"2693\" \/>Il s'agit d'un <strong data-start=\"2700\" data-end=\"2736\">voyage entre le pass\u00e9 et le pr\u00e9sent<\/strong>, o\u00f9 chaque lever de soleil fait revivre l'histoire et o\u00f9 chaque coucher de soleil murmure les histoires des pharaons.<br data-start=\"2835\" data-end=\"2838\" \/>\ud83d\udc9b Sentir le rythme du Nil - <strong data-start=\"2871\" data-end=\"2908\">\u00e9ternel, majestueux, inoubliable.<\/strong> \ud83c\uddea\ud83c\uddec\u2728<\/p>\n<hr data-start=\"2641\" data-end=\"2644\" \/>\n<p data-start=\"2646\" data-end=\"2916\"><strong data-start=\"50\" data-end=\"59\">Prix de l'excursion<\/strong><br data-start=\"59\" data-end=\"62\" \/>Le prix d\u00e9pend du programme choisi par l'invit\u00e9, s'il inclut des visites de temples ou le type de cabine sur la croisi\u00e8re.<\/p>\n<hr data-start=\"2641\" data-end=\"2644\" \/>\n<h3 data-start=\"2198\" data-end=\"2225\"><strong data-start=\"2205\" data-end=\"2223\">Le paiement en USD ($ \ud83c\uddfa\ud83c\uddf8) au lieu de l'EUR (\u20ac \ud83c\uddea\ud83c\uddfa) est possible en fonction du taux de change bancaire quotidien.<\/strong><\/h3>\n<div id=\"gtx-trans\" style=\"position: absolute; left: 230px; top: 47.8px;\">\n<div class=\"gtx-trans-icon\"><\/div>\n<\/div>\n<div id=\"gtx-trans\" style=\"position: absolute; left: 230px; top: 47.8px;\">\n<div class=\"gtx-trans-icon\"><\/div>\n<\/div>","protected":false},"excerpt":{"rendered":"<p>\ud83d\udea2\u2728 Nile Cruise between Aswan &amp; Luxor \u2013 A Journey Through History and the Magic of the Nile! \u2728\ud83c\udf05 Embark on one of Egypt\u2019s most enchanting experiences \u2014 a luxurious voyage along the timeless Nile River, where history, culture, and elegance flow together in perfect harmony. \ud83c\udf0a\ud83c\uddea\ud83c\uddec Step aboard a deluxe floating hotel \ud83d\udef3\ufe0f and [&hellip;]<\/p>\n","protected":false},"featured_media":9843,"comment_status":"open","ping_status":"closed","template":"","meta":{"_monsterinsights_skip_tracking":false,"_monsterinsights_sitenote_active":false,"_monsterinsights_sitenote_note":"","_monsterinsights_sitenote_category":0,"_mbp_gutenberg_autopost":false},"product_brand":[],"product_cat":[59],"product_tag":[],"class_list":{"0":"post-9743","1":"product","2":"type-product","3":"status-publish","4":"has-post-thumbnail","6":"product_cat-luxor","8":"first","9":"instock","10":"shipping-taxable","11":"product-type-ovabrw_car_rental"},"_links":{"self":[{"href":"https:\/\/redsea-dream-tours.net\/fr\/wp-json\/wp\/v2\/product\/9743","targetHints":{"allow":["GET"]}}],"collection":[{"href":"https:\/\/redsea-dream-tours.net\/fr\/wp-json\/wp\/v2\/product"}],"about":[{"href":"https:\/\/redsea-dream-tours.net\/fr\/wp-json\/wp\/v2\/types\/product"}],"replies":[{"embeddable":true,"href":"https:\/\/redsea-dream-tours.net\/fr\/wp-json\/wp\/v2\/comments?post=9743"}],"wp:featuredmedia":[{"embeddable":true,"href":"https:\/\/redsea-dream-tours.net\/fr\/wp-json\/wp\/v2\/media\/9843"}],"wp:attachment":[{"href":"https:\/\/redsea-dream-tours.net\/fr\/wp-json\/wp\/v2\/media?parent=9743"}],"wp:term":[{"taxonomy":"product_brand","embeddable":true,"href":"https:\/\/redsea-dream-tours.net\/fr\/wp-json\/wp\/v2\/product_brand?post=9743"},{"taxonomy":"product_cat","embeddable":true,"href":"https:\/\/redsea-dream-tours.net\/fr\/wp-json\/wp\/v2\/product_cat?post=9743"},{"taxonomy":"product_tag","embeddable":true,"href":"https:\/\/redsea-dream-tours.net\/fr\/wp-json\/wp\/v2\/product_tag?post=9743"}],"curies":[{"name":"wp","href":"https:\/\/api.w.org\/{rel}","templated":true}]}}