{"id":9744,"date":"2026-03-01T20:23:05","date_gmt":"2026-03-01T20:23:05","guid":{"rendered":"https:\/\/redsea-dream-tours.net\/?post_type=product&#038;p=9744"},"modified":"2026-03-01T20:24:16","modified_gmt":"2026-03-01T20:24:16","slug":"cairo-gem-van-pyramids-sphinx-museum","status":"publish","type":"product","link":"https:\/\/redsea-dream-tours.net\/fr\/produit\/cairo-gem-van-pyramids-sphinx-museum\/","title":{"rendered":"Cairo Gem Van : Pyramides, Sphinx et Mus\u00e9e"},"content":{"rendered":"<p data-start=\"175\" data-end=\"278\">\ud83c\udfdb\ufe0f\u2728 <strong data-start=\"180\" data-end=\"272\">Le Caire et le Grand Mus\u00e9e \u00e9gyptien - D\u00e9couvrez la magie de l'\u00c9gypte ancienne en une seule journ\u00e9e !<\/strong> \u2728\ud83c\udf05<\/p>\n<p data-start=\"280\" data-end=\"539\">Pr\u00e9parez-vous \u00e0 une journ\u00e9e pleine de merveilles, o\u00f9 la gloire ancienne rencontre l'\u00e9clat moderne.<br data-start=\"362\" data-end=\"365\" \/>Ce voyage inoubliable combine <strong data-start=\"401\" data-end=\"417\">les pyramides<\/strong>, <strong data-start=\"419\" data-end=\"439\">le Grand Sphinx<\/strong>, et <strong data-start=\"445\" data-end=\"474\">le Grand mus\u00e9e \u00e9gyptien<\/strong>, Tout cela en une seule exp\u00e9rience incroyable sur la terre des Pharaons.<\/p>\n<hr data-start=\"541\" data-end=\"544\" \/>\n<p data-start=\"546\" data-end=\"574\">\ud83d\udd50 <strong data-start=\"549\" data-end=\"572\">Itin\u00e9raire d\u00e9taill\u00e9 :<\/strong><\/p>\n<p data-start=\"47\" data-end=\"135\">\ud83d\ude90 <strong data-start=\"50\" data-end=\"131\">Pick-up from your hotel at 1:00 AM in a modern, air-conditioned van to Cairo.<\/strong> \u2728<\/p>\n<p data-start=\"576\" data-end=\"844\">Rencontrez votre <strong data-start=\"681\" data-end=\"716\">guide \u00e9gyptologue professionnel<\/strong> au Caire et pr\u00e9parez-vous \u00e0 vivre une aventure extraordinaire.<br data-start=\"773\" data-end=\"776\" \/>\ud83c\udf06 Arriv\u00e9e au Caire t\u00f4t le matin et d\u00e9but de votre journ\u00e9e unique !<\/p>\n<p data-start=\"846\" data-end=\"1004\">\ud83d\ude90 <strong data-start=\"849\" data-end=\"885\">Retour \u00e0 l'h\u00f4tel avant 23h00<\/strong>, remplie de <strong data-start=\"899\" data-end=\"925\">des souvenirs inoubliables<\/strong>, <strong data-start=\"927\" data-end=\"950\">des photos \u00e0 couper le souffle<\/strong>, et <strong data-start=\"956\" data-end=\"999\">des histoires qui resteront \u00e0 jamais grav\u00e9es dans votre m\u00e9moire<\/strong> \u2764\ufe0f<\/p>\n<hr data-start=\"1006\" data-end=\"1009\" \/>\n<p data-start=\"1011\" data-end=\"1430\">\ud83d\udd39 <strong data-start=\"1014\" data-end=\"1069\">Premi\u00e8re \u00e9tape : les pyramides de Gizeh et le Grand Sphinx<\/strong> \ud83c\udfdc\ufe0f<br data-start=\"1073\" data-end=\"1076\" \/>Commencez votre journ\u00e9e par le site le plus embl\u00e9matique du monde - le <strong data-start=\"1129\" data-end=\"1178\">Grandes pyramides de Khufu, Khafre et Menkaure<\/strong>, Les symboles \u00e9ternels du g\u00e9nie ancien et du myst\u00e8re.<br data-start=\"1226\" data-end=\"1229\" \/>Se tenir face \u00e0 face avec le majestueux <strong data-start=\"1266\" data-end=\"1282\">Grand Sphinx<\/strong>, qui a gard\u00e9 le d\u00e9sert pendant plus de <strong data-start=\"1313\" data-end=\"1328\">4 500 ans<\/strong>! \ud83e\udd81<br data-start=\"1332\" data-end=\"1335\" \/>\ud83d\udcf8 Prenez des photos \u00e9poustouflantes avec les pyramides en toile de fond - un moment que vous n'oublierez jamais.<\/p>\n<p data-start=\"1432\" data-end=\"1591\">\ud83d\udc2a <strong data-start=\"1435\" data-end=\"1460\">Promenade \u00e0 dos de chameau (facultatif)<\/strong> - non inclus dans la visite principale, mais disponible pour les clients qui souhaitent profiter d'une exp\u00e9rience antique authentique autour des pyramides.<\/p>\n<hr data-start=\"1593\" data-end=\"1596\" \/>\n<p data-start=\"1598\" data-end=\"2099\">\ud83d\udd39 <strong data-start=\"1601\" data-end=\"1649\">Deuxi\u00e8me \u00e9tape : le Grand mus\u00e9e \u00e9gyptien (GEM)<\/strong> \ud83c\udfdb\ufe0f<br data-start=\"1653\" data-end=\"1656\" \/>Se rendre \u00e0 la <strong data-start=\"1668\" data-end=\"1720\">le plus r\u00e9cent et le plus grand mus\u00e9e arch\u00e9ologique du monde<\/strong>, situ\u00e9 sur le plateau de Gizeh.<br data-start=\"1750\" data-end=\"1753\" \/>S'\u00e9merveiller devant plus de <strong data-start=\"1768\" data-end=\"1797\">100 000 objets anciens<\/strong> affich\u00e9e avec <strong data-start=\"1813\" data-end=\"1840\">technologie de pointe<\/strong> et la narration d'histoires.<br data-start=\"1858\" data-end=\"1861\" \/>D\u00e9couvrez les <strong data-start=\"1874\" data-end=\"1911\">les tr\u00e9sors complets de Tout\u00e2nkhamon<\/strong>, pr\u00e9sent\u00e9s ensemble pour la premi\u00e8re fois dans l'histoire !<br data-start=\"1962\" data-end=\"1965\" \/>Ne manquez pas la <strong data-start=\"1980\" data-end=\"2009\">statue g\u00e9ante de Rams\u00e8s II<\/strong> qui accueille les visiteurs dans le hall principal - une introduction \u00e9poustouflante \u00e0 la gloire de l'\u00c9gypte \ud83d\udc51<\/p>\n<hr data-start=\"2101\" data-end=\"2104\" \/>\n<p data-start=\"2106\" data-end=\"2346\">\ud83c\udf74 <strong data-start=\"2109\" data-end=\"2133\">D\u00e9jeuner VIP<\/strong><br data-start=\"2133\" data-end=\"2136\" \/>Apr\u00e8s une matin\u00e9e pleine d'histoire, profitez d'un <strong data-start=\"2180\" data-end=\"2203\">d\u00e9licieux d\u00e9jeuner VIP<\/strong> \u00e0 l'un des <strong data-start=\"2214\" data-end=\"2247\">Les meilleurs restaurants du Caire<\/strong>.<br data-start=\"2248\" data-end=\"2251\" \/>Savourer <strong data-start=\"2257\" data-end=\"2287\">Cuisine \u00e9gyptienne authentique<\/strong> avec un service de qualit\u00e9 et une atmosph\u00e8re chaleureuse et confortable.<\/p>\n<hr data-start=\"2348\" data-end=\"2351\" \/>\n<p data-start=\"2353\" data-end=\"2615\">\ud83d\udecd\ufe0f <strong data-start=\"2357\" data-end=\"2396\">Shopping exclusif et arr\u00eats culturels<\/strong><br data-start=\"2396\" data-end=\"2399\" \/>Visite s\u00e9lectionn\u00e9e <strong data-start=\"2414\" data-end=\"2431\">bazars locaux<\/strong>, <strong data-start=\"2433\" data-end=\"2455\">instituts du papyrus<\/strong>, et <strong data-start=\"2461\" data-end=\"2491\">galeries de parfums orientaux<\/strong> \ud83d\udecd\ufe0f \u00e0 votre rythme.<br data-start=\"2513\" data-end=\"2516\" \/>Appr\u00e9ciez <strong data-start=\"2522\" data-end=\"2554\">des recommandations personnalis\u00e9es<\/strong> de votre guide et un <strong data-start=\"2577\" data-end=\"2612\">une exp\u00e9rience d'achat sans stress<\/strong>.<\/p>\n<hr data-start=\"2617\" data-end=\"2620\" \/>\n<p data-start=\"2622\" data-end=\"2906\">\ud83d\udde3\ufe0f <strong data-start=\"2626\" data-end=\"2653\">Nous parlons votre langue !<\/strong><br data-start=\"2653\" data-end=\"2656\" \/>Que vous parliez <strong data-start=\"2674\" data-end=\"2689\">Polonais \ud83c\uddf5\ud83c\uddf1<\/strong>, <strong data-start=\"2691\" data-end=\"2706\">Fran\u00e7ais \ud83c\uddeb\ud83c\uddf7<\/strong>, <strong data-start=\"2708\" data-end=\"2724\">Anglais \ud83c\uddec\ud83c\udde7<\/strong>, <strong data-start=\"2726\" data-end=\"2741\">Allemand \ud83c\udde9\ud83c\uddea<\/strong>, <strong data-start=\"2743\" data-end=\"2762\">Portugais \ud83c\uddf5\ud83c\uddf9<\/strong>, <strong data-start=\"2764\" data-end=\"2780\">Espagnol \ud83c\uddea\ud83c\uddf8<\/strong>, ou autres -<br data-start=\"2793\" data-end=\"2796\" \/>notre <strong data-start=\"2800\" data-end=\"2821\">\u00e9quipe multilingue<\/strong> garantit une communication fluide et une exp\u00e9rience personnalis\u00e9e, quelle que soit votre origine \ud83c\udf0d<\/p>\n<hr data-start=\"2908\" data-end=\"2911\" \/>\n<p data-start=\"2913\" data-end=\"2938\">\ud83c\udf1f <strong data-start=\"2916\" data-end=\"2936\">Points forts de la visite :<\/strong><\/p>\n<p data-start=\"2940\" data-end=\"3295\">\u2705 Transferts aller-retour dans un centre de soins de longue dur\u00e9e <strong data-start=\"2968\" data-end=\"3003\">v\u00e9hicule moderne et climatis\u00e9<\/strong><br data-start=\"3003\" data-end=\"3006\" \/>\u2705 <strong data-start=\"3008\" data-end=\"3043\">Guide \u00e9gyptologue professionnel<\/strong> au Caire<br data-start=\"3052\" data-end=\"3055\" \/>\u2705 <strong data-start=\"3057\" data-end=\"3074\">Billets d'entr\u00e9e<\/strong> aux Pyramides et au Grand Mus\u00e9e \u00e9gyptien<br data-start=\"3114\" data-end=\"3117\" \/>\u2705 <strong data-start=\"3119\" data-end=\"3143\">D\u00e9jeuner VIP<\/strong> \ud83c\udf7d\ufe0f<br data-start=\"3147\" data-end=\"3150\" \/>\u2705 <strong data-start=\"3152\" data-end=\"3180\">Arr\u00eats shopping exclusifs<\/strong> \ud83d\udecd\ufe0f<br data-start=\"3184\" data-end=\"3187\" \/>\u2705 <strong data-start=\"3189\" data-end=\"3212\">Activit\u00e9s facultatives<\/strong> disponible sur demande<br data-start=\"3235\" data-end=\"3238\" \/>\u2705 <strong data-start=\"3240\" data-end=\"3264\">Itin\u00e9raires flexibles<\/strong> adapt\u00e9s \u00e0 vos pr\u00e9f\u00e9rences<\/p>\n<hr data-start=\"3297\" data-end=\"3300\" \/>\n<p data-start=\"3302\" data-end=\"3506\">\ud83d\udd4a\ufe0f <strong data-start=\"3306\" data-end=\"3348\">Visite du Caire et du Grand Mus\u00e9e \u00e9gyptien<\/strong> est plus qu'un voyage -<br data-start=\"3370\" data-end=\"3373\" \/>c'est un <strong data-start=\"3380\" data-end=\"3411\">rencontre avec l'histoire elle-m\u00eame<\/strong>, en m\u00e9langeant les <strong data-start=\"3426\" data-end=\"3452\">la magie de l'\u00c9gypte ancienne<\/strong> avec le <strong data-start=\"3462\" data-end=\"3496\">L'esprit vibrant du Caire moderne<\/strong>. \ud83c\uddea\ud83c\uddec\u2764\ufe0f<\/p>\n<hr data-start=\"3297\" data-end=\"3300\" \/>\n<h3 data-start=\"2198\" data-end=\"2225\"><strong data-start=\"2205\" data-end=\"2223\">\ud83e\udd11 Prix de l'excursion<\/strong><\/h3>\n<p data-start=\"2228\" data-end=\"2260\"><strong data-start=\"2233\" data-end=\"2258\">\u00a0 \u00a0<img decoding=\"async\" class=\"emoji\" role=\"img\" draggable=\"false\" src=\"https:\/\/s.w.org\/images\/core\/emoji\/16.0.1\/svg\/1f64e-1f3fb-200d-2642-fe0f.svg\" alt=\"\ud83d\ude4e\ud83c\udffb\u200d\u2642\ufe0f\" \/> 11 years and over\u00a0 95 \u20ac<\/strong><\/p>\n<p data-start=\"2228\" data-end=\"2260\"><strong data-start=\"2263\" data-end=\"2280\">\u00a0 \u00a0<img decoding=\"async\" class=\"emoji\" role=\"img\" draggable=\"false\" src=\"https:\/\/s.w.org\/images\/core\/emoji\/16.0.1\/svg\/1f9cd-1f3fb-200d-2640-fe0f.svg\" alt=\"\ud83e\uddcd\ud83c\udffb\u200d\u2640\ufe0f\" \/> 5\/10 years old\u00a0 \u00a0 \u00a0 \u00a0 50 \u20ac<\/strong><\/p>\n<p data-start=\"2228\" data-end=\"2260\"><strong data-start=\"2327\" data-end=\"2355\">\u00a0 \u00a0<img decoding=\"async\" class=\"emoji\" role=\"img\" draggable=\"false\" src=\"https:\/\/s.w.org\/images\/core\/emoji\/16.0.1\/svg\/1f47c-1f3fc.svg\" alt=\"\ud83d\udc7c\ud83c\udffc\" \/> - 5 ans 20 \u20ac<\/strong><\/p>\n<h3 data-start=\"2198\" data-end=\"2225\"><strong data-start=\"2205\" data-end=\"2223\">Le paiement en USD ($ \ud83c\uddfa\ud83c\uddf8) au lieu de l'EUR (\u20ac \ud83c\uddea\ud83c\uddfa) est possible en fonction du taux de change bancaire quotidien.<\/strong><\/h3>\n<div id=\"gtx-trans\" style=\"position: absolute; left: 229px; top: 47.8px;\">\n<div class=\"gtx-trans-icon\"><\/div>\n<\/div>\n<div id=\"gtx-trans\" style=\"position: absolute; left: 232px; top: 47.8px;\">\n<div class=\"gtx-trans-icon\"><\/div>\n<\/div>\n<div id=\"gtx-trans\" style=\"position: absolute; left: 232px; top: 47.8px;\">\n<div class=\"gtx-trans-icon\"><\/div>\n<\/div>","protected":false},"excerpt":{"rendered":"<p>\ud83c\udfdb\ufe0f\u2728 Cairo &amp; the Grand Egyptian Museum \u2013 Discover the Magic of Ancient Egypt in Just One Day! \u2728\ud83c\udf05 Get ready for a day full of wonders \u2014 where ancient glory meets modern brilliance.This unforgettable journey combines the Pyramids, the Great Sphinx, and the Grand Egyptian Museum, all in one incredible experience on the land [&hellip;]<\/p>\n","protected":false},"featured_media":9862,"comment_status":"open","ping_status":"closed","template":"","meta":{"_monsterinsights_skip_tracking":false,"_monsterinsights_sitenote_active":false,"_monsterinsights_sitenote_note":"","_monsterinsights_sitenote_category":0,"_mbp_gutenberg_autopost":false},"product_brand":[],"product_cat":[58],"product_tag":[],"class_list":{"0":"post-9744","1":"product","2":"type-product","3":"status-publish","4":"has-post-thumbnail","6":"product_cat-cairo","8":"first","9":"instock","10":"shipping-taxable","11":"purchasable","12":"product-type-ovabrw_car_rental"},"_links":{"self":[{"href":"https:\/\/redsea-dream-tours.net\/fr\/wp-json\/wp\/v2\/product\/9744","targetHints":{"allow":["GET"]}}],"collection":[{"href":"https:\/\/redsea-dream-tours.net\/fr\/wp-json\/wp\/v2\/product"}],"about":[{"href":"https:\/\/redsea-dream-tours.net\/fr\/wp-json\/wp\/v2\/types\/product"}],"replies":[{"embeddable":true,"href":"https:\/\/redsea-dream-tours.net\/fr\/wp-json\/wp\/v2\/comments?post=9744"}],"wp:featuredmedia":[{"embeddable":true,"href":"https:\/\/redsea-dream-tours.net\/fr\/wp-json\/wp\/v2\/media\/9862"}],"wp:attachment":[{"href":"https:\/\/redsea-dream-tours.net\/fr\/wp-json\/wp\/v2\/media?parent=9744"}],"wp:term":[{"taxonomy":"product_brand","embeddable":true,"href":"https:\/\/redsea-dream-tours.net\/fr\/wp-json\/wp\/v2\/product_brand?post=9744"},{"taxonomy":"product_cat","embeddable":true,"href":"https:\/\/redsea-dream-tours.net\/fr\/wp-json\/wp\/v2\/product_cat?post=9744"},{"taxonomy":"product_tag","embeddable":true,"href":"https:\/\/redsea-dream-tours.net\/fr\/wp-json\/wp\/v2\/product_tag?post=9744"}],"curies":[{"name":"wp","href":"https:\/\/api.w.org\/{rel}","templated":true}]}}