{"id":9777,"date":"2026-03-01T20:23:26","date_gmt":"2026-03-01T20:23:26","guid":{"rendered":"https:\/\/redsea-dream-tours.net\/?post_type=product&#038;p=9777"},"modified":"2026-03-11T02:21:04","modified_gmt":"2026-03-11T02:21:04","slug":"nefertari-trip-hurghada-makadibay","status":"publish","type":"product","link":"https:\/\/redsea-dream-tours.net\/fr\/produit\/nefertari-trip-hurghada-makadibay\/","title":{"rendered":"Excursion \u00e0 Nefertari - La meilleure excursion en bateau de luxe \u00e0 Hurghada et dans la baie de Makadi"},"content":{"rendered":"<h1 data-path-to-node=\"3\" data-rm-block-id=\"block-1\"><b data-path-to-node=\"3\" data-index-in-node=\"0\">Excursion \u00e0 Nefertari - La meilleure excursion en bateau de luxe \u00e0 Hurghada et dans la baie de Makadi<\/b> \ud83d\udee5\ufe0f\ud83c\udf0a<\/h1>\n<p data-path-to-node=\"4\" data-rm-block-id=\"block-2\">Faites l'exp\u00e9rience de l'ultime <b data-path-to-node=\"4\" data-index-in-node=\"24\">Excursions en mer Rouge<\/b> avec le c\u00e9l\u00e8bre <b data-path-to-node=\"4\" data-index-in-node=\"59\">Voyage \u00e0 N\u00e9fertari<\/b>. Que vous s\u00e9journiez \u00e0 <b data-path-to-node=\"4\" data-index-in-node=\"102\">Baie de Makadi<\/b> ou <b data-path-to-node=\"4\" data-index-in-node=\"116\">Hurghada<\/b>, Cette croisi\u00e8re unique offre un m\u00e9lange de luxe et d'aventure deux fois par jour :<\/p>\n<ul data-path-to-node=\"5\">\n<li>\n<p data-path-to-node=\"5,0,0\" data-rm-block-id=\"block-3\"><b data-path-to-node=\"5,0,0\" data-index-in-node=\"0\">Excursion matinale :<\/b> 9:00 AM - 1:30 PM \ud83c\udf05<\/p>\n<\/li>\n<li>\n<p data-path-to-node=\"5,1,0\" data-rm-block-id=\"block-4\"><b data-path-to-node=\"5,1,0\" data-index-in-node=\"0\">Excursion de l'apr\u00e8s-midi :<\/b> 14:00 - 18:00 \ud83c\udf07<\/p>\n<\/li>\n<\/ul>\n<h2 data-path-to-node=\"6\" data-rm-block-id=\"block-5\"><b data-path-to-node=\"6\" data-index-in-node=\"0\">Pourquoi choisir l'exp\u00e9rience du yacht Nefertari ?<\/b> \u2728<\/h2>\n<h3 data-path-to-node=\"7\" data-rm-block-id=\"block-6\"><b data-path-to-node=\"7\" data-index-in-node=\"0\">1\ufe0f\u20e3 Naviguer vers le premier point (30 min)<\/b><\/h3>\n<p data-path-to-node=\"7\" data-rm-block-id=\"block-6\">Commencez votre voyage depuis le port de plaisance et profitez d'une navigation en douceur sur les bateaux les plus populaires du monde. <b data-path-to-node=\"7\" data-index-in-node=\"110\">yacht de luxe<\/b> de la r\u00e9gion. D\u00e9tendez-vous et profitez de la vue imprenable sur l'oc\u00e9an Atlantique. <b data-path-to-node=\"7\" data-index-in-node=\"185\">Mer Rouge<\/b> le littoral.<\/p>\n<h3 data-path-to-node=\"8\" data-rm-block-id=\"block-7\"><b data-path-to-node=\"8\" data-index-in-node=\"0\">2\ufe0f\u20e3 Exp\u00e9rience semi-sous-marine (45 min)<\/b><\/h3>\n<p data-path-to-node=\"8\" data-rm-block-id=\"block-7\">Explorez le monde sous-marin sans vous mouiller ! Notre <b data-path-to-node=\"8\" data-index-in-node=\"93\">visite du sous-marin<\/b> vous permet de voir des <b data-path-to-node=\"8\" data-index-in-node=\"134\">r\u00e9cifs coralliens<\/b> et la vie marine exotique \u00e0 travers de grandes fen\u00eatres panoramiques. C'est l'un des meilleurs <b data-path-to-node=\"8\" data-index-in-node=\"222\">choses \u00e0 faire \u00e0 Hurghada<\/b> pour les familles.<\/p>\n<h3 data-path-to-node=\"9\" data-rm-block-id=\"block-8\"><b data-path-to-node=\"9\" data-index-in-node=\"0\">3\ufe0f\u20e3 Costumes pharaoniques et s\u00e9ance photo (45 min)<\/b><\/h3>\n<p data-path-to-node=\"9\" data-rm-block-id=\"block-8\">Entrez dans notre salon de bord, enfilez une authentique robe de mari\u00e9e. <b data-path-to-node=\"9\" data-index-in-node=\"94\">Costumes pharaoniques<\/b>, et de profiter d'une s\u00e9ance de photos inoubliable. Cette exp\u00e9rience royale en fait un \u00e9v\u00e9nement unique. <b data-path-to-node=\"9\" data-index-in-node=\"200\">sortie en mer<\/b> en \u00c9gypte.<\/p>\n<h3 data-path-to-node=\"10\" data-rm-block-id=\"block-9\"><b data-path-to-node=\"10\" data-index-in-node=\"0\">4\ufe0f\u20e3 Plong\u00e9e en apn\u00e9e dans la mer Rouge (45 min)<\/b><\/h3>\n<p data-path-to-node=\"10\" data-rm-block-id=\"block-9\">Nous vous emmenons \u00e0 la <b data-path-to-node=\"10\" data-index-in-node=\"58\">les meilleurs sites de plong\u00e9e avec tuba<\/b> pr\u00e8s d'Hurghada. Plongez dans des eaux cristallines pour nager parmi des poissons color\u00e9s et explorer la beaut\u00e9 de l'\u00eele. <b data-path-to-node=\"10\" data-index-in-node=\"184\">Mer Rouge<\/b> de premi\u00e8re main. \ud83e\udd3f\ud83d\udc1f<\/p>\n<h3 data-path-to-node=\"11\" data-rm-block-id=\"block-10\"><b data-path-to-node=\"11\" data-index-in-node=\"0\">5\ufe0f\u20e3 D\u00e9jeuner ou d\u00eener gastronomique de fruits de mer<\/b><\/h3>\n<p data-path-to-node=\"11\" data-rm-block-id=\"block-10\">Savourez un d\u00e9licieux menu fixe servi frais \u00e0 bord. Vous avez le choix entre :<\/p>\n<ul data-path-to-node=\"12\">\n<li>\n<p data-path-to-node=\"12,0,0\" data-rm-block-id=\"block-11\">\ud83c\udf64 <b data-path-to-node=\"12,0,0\" data-index-in-node=\"3\">Fruits de mer frais<\/b> (Hautement recommand\u00e9 !)<\/p>\n<\/li>\n<li>\n<p data-path-to-node=\"12,1,0\" data-rm-block-id=\"block-12\">\ud83c\udf57 Poulet grill\u00e9 Un repas satisfaisant est la marque de fabrique de notre <b data-path-to-node=\"12,1,0\" data-index-in-node=\"60\">excursions en bateau de luxe<\/b>.<\/p>\n<\/li>\n<\/ul>\n<h3 data-path-to-node=\"13\" data-rm-block-id=\"block-13\"><b data-path-to-node=\"13\" data-index-in-node=\"0\">6\ufe0f\u20e3 Navigation relaxante jusqu'\u00e0 la marina<\/b><\/h3>\n<p data-path-to-node=\"13\" data-rm-block-id=\"block-13\">Terminez votre <b data-path-to-node=\"13\" data-index-in-node=\"46\">excursion d'une journ\u00e9e<\/b> avec un retour paisible \u00e0 la voile, en profitant de la brise marine et de l'atmosph\u00e8re parfaites. \ud83c\udf24\ufe0f\ud83d\udee5\ufe0f<\/p>\n<hr data-path-to-node=\"14\" data-rm-block-id=\"block-14\" \/>\n<h3 data-path-to-node=\"15\" data-rm-block-id=\"block-15\"><b data-path-to-node=\"15\" data-index-in-node=\"0\">\ud83e\udd11 Prix et r\u00e9servation de l'excursion<\/b><\/h3>\n<p data-path-to-node=\"16\" data-rm-block-id=\"block-16\">Si vous \u00eates \u00e0 la recherche du meilleur <b data-path-to-node=\"16\" data-index-in-node=\"32\">Offres de voyages en \u00c9gypte<\/b>, L'excursion \u00e0 Nefertari offre un excellent rapport qualit\u00e9-prix :<\/p>\n<ul data-path-to-node=\"17\">\n<li>\n<p data-path-to-node=\"17,0,0\" data-rm-block-id=\"block-17\"><b data-path-to-node=\"17,0,0\" data-index-in-node=\"0\">Adultes (11 ans et plus) :<\/b> 75 \u20ac<\/p>\n<\/li>\n<li>\n<p data-path-to-node=\"17,1,0\" data-rm-block-id=\"block-18\"><b data-path-to-node=\"17,1,0\" data-index-in-node=\"0\">Enfants (5-11 ans) :<\/b> 40 \u20ac<\/p>\n<\/li>\n<li>\n<p data-path-to-node=\"17,2,0\" data-rm-block-id=\"block-19\"><b data-path-to-node=\"17,2,0\" data-index-in-node=\"0\">Enfants en bas \u00e2ge (moins de 5 ans) :<\/b> <b data-path-to-node=\"17,2,0\" data-index-in-node=\"19\">Gratuit<\/b><\/p>\n<\/li>\n<\/ul>\n<p data-path-to-node=\"18\" data-rm-block-id=\"block-20\"><i data-path-to-node=\"18\" data-index-in-node=\"0\">\u2728 Note : La location de masques et de palmes est disponible pour un suppl\u00e9ment de 5 \u20ac par personne pour votre aventure sous-marine !<\/i><\/p>\n<p data-path-to-node=\"19\" data-rm-block-id=\"block-21\"><i data-path-to-node=\"19\" data-index-in-node=\"0\">Le paiement peut \u00eatre effectu\u00e9 en USD ($ \ud83c\uddfa\ud83c\uddf8) ou en EUR (\u20ac \ud83c\uddea\ud83c\uddfa) selon le taux de change bancaire du jour.<\/i><\/p>\n<p data-path-to-node=\"19\" data-rm-block-id=\"block-21\"><img fetchpriority=\"high\" decoding=\"async\" class=\"alignnone size-medium wp-image-11263\" src=\"https:\/\/lightpink-capybara-966688.hostingersite.com\/wp-content\/uploads\/2025\/11\/ae-300x200.jpg\" alt=\"Nefertari luxury pharaonic yacht in Hurghada Red Sea\" width=\"300\" height=\"200\" \/><\/p>","protected":false},"excerpt":{"rendered":"<p>Book the Nefertari trip Hurghada &amp; Makadi! Enjoy a luxury yacht cruise with a submarine experience, Pharaonic photoshoot, snorkeling &amp; fresh seafood lunch<\/p>","protected":false},"featured_media":9882,"comment_status":"open","ping_status":"closed","template":"","meta":{"_monsterinsights_skip_tracking":false,"_monsterinsights_sitenote_active":false,"_monsterinsights_sitenote_note":"","_monsterinsights_sitenote_category":0,"_mbp_gutenberg_autopost":false},"product_brand":[],"product_cat":[60],"product_tag":[],"class_list":{"0":"post-9777","1":"product","2":"type-product","3":"status-publish","4":"has-post-thumbnail","6":"product_cat-sea","8":"first","9":"instock","10":"shipping-taxable","11":"purchasable","12":"product-type-ovabrw_car_rental"},"_links":{"self":[{"href":"https:\/\/redsea-dream-tours.net\/fr\/wp-json\/wp\/v2\/product\/9777","targetHints":{"allow":["GET"]}}],"collection":[{"href":"https:\/\/redsea-dream-tours.net\/fr\/wp-json\/wp\/v2\/product"}],"about":[{"href":"https:\/\/redsea-dream-tours.net\/fr\/wp-json\/wp\/v2\/types\/product"}],"replies":[{"embeddable":true,"href":"https:\/\/redsea-dream-tours.net\/fr\/wp-json\/wp\/v2\/comments?post=9777"}],"wp:featuredmedia":[{"embeddable":true,"href":"https:\/\/redsea-dream-tours.net\/fr\/wp-json\/wp\/v2\/media\/9882"}],"wp:attachment":[{"href":"https:\/\/redsea-dream-tours.net\/fr\/wp-json\/wp\/v2\/media?parent=9777"}],"wp:term":[{"taxonomy":"product_brand","embeddable":true,"href":"https:\/\/redsea-dream-tours.net\/fr\/wp-json\/wp\/v2\/product_brand?post=9777"},{"taxonomy":"product_cat","embeddable":true,"href":"https:\/\/redsea-dream-tours.net\/fr\/wp-json\/wp\/v2\/product_cat?post=9777"},{"taxonomy":"product_tag","embeddable":true,"href":"https:\/\/redsea-dream-tours.net\/fr\/wp-json\/wp\/v2\/product_tag?post=9777"}],"curies":[{"name":"wp","href":"https:\/\/api.w.org\/{rel}","templated":true}]}}