{"id":10303,"date":"2026-03-05T18:13:08","date_gmt":"2026-03-05T18:13:08","guid":{"rendered":"https:\/\/redsea-dream-tours.net\/?page_id=10303"},"modified":"2026-03-17T05:25:24","modified_gmt":"2026-03-17T05:25:24","slug":"about-us-2","status":"publish","type":"page","link":"https:\/\/redsea-dream-tours.net\/pl\/about-us-2\/","title":{"rendered":"O nas"},"content":{"rendered":"<div data-elementor-type=\"wp-page\" data-elementor-id=\"10303\" class=\"elementor elementor-10303\" data-elementor-post-type=\"page\">\n\t\t\t\t\t\t<section class=\"elementor-section elementor-top-section elementor-element elementor-element-4d2ae82 elementor-section-boxed elementor-section-height-default elementor-section-height-default\" data-id=\"4d2ae82\" data-element_type=\"section\" data-e-type=\"section\" data-settings=\"{&quot;ekit_has_onepagescroll_dot&quot;:&quot;yes&quot;}\">\n\t\t\t\t\t\t<div class=\"elementor-container elementor-column-gap-default\">\n\t\t\t\t\t<div class=\"elementor-column elementor-col-50 elementor-top-column elementor-element elementor-element-a725ada\" data-id=\"a725ada\" data-element_type=\"column\" data-e-type=\"column\">\n\t\t\t<div class=\"elementor-widget-wrap elementor-element-populated\">\n\t\t\t\t<div class=\"elementor-element elementor-element-be4646f e-con-full e-flex e-con e-child\" data-id=\"be4646f\" data-element_type=\"container\" data-e-type=\"container\" data-settings=\"{&quot;ekit_has_onepagescroll_dot&quot;:&quot;yes&quot;}\">\n\t\t\t\t<div class=\"elementor-element elementor-element-8175ba6 elementor-widget elementor-widget-elementskit-heading\" data-id=\"8175ba6\" data-element_type=\"widget\" data-e-type=\"widget\" data-settings=\"{&quot;ekit_we_effect_on&quot;:&quot;none&quot;}\" data-widget_type=\"elementskit-heading.default\">\n\t\t\t\t\t<div class=\"ekit-wid-con\" ><div class=\"ekit-heading elementskit-section-title-wraper text_left   ekit_heading_tablet-   ekit_heading_mobile-text_center\"><h2 class=\"elementskit-section-subtitle\">\n\t\t\t\t\t\t Informacje o Red Sea Dream\n\t\t\t\t\t<\/h2><h3 class=\"ekit-heading--title elementskit-section-title\">Odkryj Egipt z niezapomnianymi wra\u017ceniami z podr\u00f3\u017cy<\/h3>\t\t\t\t<div class='ekit-heading__description'>\n\t\t\t\t\t<p>Tworzymy niezapomniane wra\u017cenia z podr\u00f3\u017cy po Egipcie.<br \/>Od staro\u017cytnych piramid w Kairze po pi\u0119kne rafy koralowe Morza Czerwonego.<\/p>\n\t\t\t\t<\/div>\n\t\t\t<\/div><\/div>\t\t\t\t<\/div>\n\t\t\t\t<div class=\"elementor-element elementor-element-7c8c5e8 elementor-align--mobilecenter elementor-widget elementor-widget-elementskit-button\" data-id=\"7c8c5e8\" data-element_type=\"widget\" data-e-type=\"widget\" data-settings=\"{&quot;ekit_we_effect_on&quot;:&quot;none&quot;}\" data-widget_type=\"elementskit-button.default\">\n\t\t\t\t\t<div class=\"ekit-wid-con\" >\t\t<div class=\"ekit-btn-wraper\">\n\t\t\t\t\t\t\t<a href=\"https:\/\/redsea-dream-tours.net\/pl\/red-sea-tours-excursions\/\" class=\"elementskit-btn  whitespace--normal\" id=\"\">\n\t\t\t\t\tDiscover Tours\t\t\t\t<\/a>\n\t\t\t\t\t<\/div>\n        <\/div>\t\t\t\t<\/div>\n\t\t\t\t<\/div>\n\t\t\t\t\t<\/div>\n\t\t<\/div>\n\t\t\t\t<div class=\"elementor-column elementor-col-50 elementor-top-column elementor-element elementor-element-496b054\" data-id=\"496b054\" data-element_type=\"column\" data-e-type=\"column\">\n\t\t\t<div class=\"elementor-widget-wrap elementor-element-populated\">\n\t\t\t\t\t\t<div class=\"elementor-element elementor-element-b4d0cfb elementor-widget__width-auto elementor-widget elementor-widget-image\" data-id=\"b4d0cfb\" data-element_type=\"widget\" data-e-type=\"widget\" data-settings=\"{&quot;ekit_we_effect_on&quot;:&quot;none&quot;}\" data-widget_type=\"image.default\">\n\t\t\t\t\t\t\t\t\t\t\t\t\t\t\t<img decoding=\"async\" src=\"https:\/\/redsea-dream-tours.net\/wp-content\/uploads\/elementor\/thumbs\/IMG_20250928_192914_923-rjz59inu98uvqi9u1v9a6bvbu5a0cijil88adf7k7c.jpg\" title=\"IMG_20250928_192914_923.jpg\" alt=\"IMG_20250928_192914_923.jpg\" loading=\"lazy\" \/>\t\t\t\t\t\t\t\t\t\t\t\t\t\t\t<\/div>\n\t\t\t\t<div class=\"elementor-element elementor-element-48f29ca elementor-widget__width-auto elementor-absolute elementor-hidden-mobile elementor-widget elementor-widget-image\" data-id=\"48f29ca\" data-element_type=\"widget\" data-e-type=\"widget\" data-settings=\"{&quot;_position&quot;:&quot;absolute&quot;,&quot;ekit_we_effect_on&quot;:&quot;none&quot;}\" data-widget_type=\"image.default\">\n\t\t\t\t\t\t\t\t\t\t\t\t\t\t\t<img decoding=\"async\" src=\"https:\/\/redsea-dream-tours.net\/wp-content\/uploads\/elementor\/thumbs\/3-rjz590suxk2qzejuqn8rorwdh5u4kngav4jk9ns4dc.png\" title=\"3.png\" alt=\"3.png\" loading=\"lazy\" \/>\t\t\t\t\t\t\t\t\t\t\t\t\t\t\t<\/div>\n\t\t\t\t\t<\/div>\n\t\t<\/div>\n\t\t\t\t\t<\/div>\n\t\t<\/section>\n\t\t<div class=\"elementor-element elementor-element-2ef43b8 e-flex e-con-boxed e-con e-parent\" data-id=\"2ef43b8\" data-element_type=\"container\" data-e-type=\"container\" data-settings=\"{&quot;ekit_has_onepagescroll_dot&quot;:&quot;yes&quot;}\">\n\t\t\t\t\t<div class=\"e-con-inner\">\n\t\t\t\t<div class=\"elementor-element elementor-element-5f2dac1 elementor-widget elementor-widget-html\" data-id=\"5f2dac1\" data-element_type=\"widget\" data-e-type=\"widget\" data-settings=\"{&quot;ekit_we_effect_on&quot;:&quot;none&quot;}\" data-widget_type=\"html.default\">\n\t\t\t\t\t<!DOCTYPE html>\r\n<html lang=\"en\">\r\n<head>\r\n<meta charset=\"UTF-8\">\r\n<meta name=\"viewport\" content=\"width=device-width, initial-scale=1.0\">\r\n<title>About Us<\/title>\r\n\r\n<link href=\"https:\/\/fonts.googleapis.com\/css2?family=Poppins:wght@300;400;500;600;700&display=swap\" rel=\"stylesheet\">\r\n\r\n<style>\r\n\r\n\/* ================= GLOBAL ================= *\/\r\n\r\n*{\r\nmargin:0;\r\npadding:0;\r\nbox-sizing:border-box;\r\n}\r\n\r\nbody{\r\nfont-family:'Poppins',sans-serif;\r\nbackground:#f8fafc;\r\ncolor:#1e293b;\r\n}\r\n\r\n.container{\r\nwidth:90%;\r\nmax-width:1200px;\r\nmargin:auto;\r\n}\r\n\r\n\/* \u062a\u0642\u0644\u064a\u0644 \u0627\u0644\u0645\u0633\u0627\u0641\u0627\u062a \u0628\u064a\u0646 \u0627\u0644\u0633\u0643\u0627\u0634\u0646 *\/\r\n\r\nsection{\r\npadding:70px 0;\r\n}\r\n\r\n\/* ================= TITLE ================= *\/\r\n\r\n.section-title{\r\ntext-align:center;\r\nmargin-bottom:40px;\r\n}\r\n\r\n.section-title h2{\r\nfont-size:32px;\r\nfont-weight:700;\r\n}\r\n\r\n.section-title span{\r\ncolor:#f97316;\r\n}\r\n\r\n.section-title p{\r\ncolor:#64748b;\r\nmargin-top:10px;\r\nfont-size:15px;\r\n}\r\n\r\n\/* ================= SERVICES ================= *\/\r\n\r\n.services-section{\r\nbackground:#f1f5f9;\r\n}\r\n\r\n.services-grid{\r\ndisplay:grid;\r\ngrid-template-columns:repeat(auto-fit,minmax(250px,1fr));\r\ngap:25px;\r\n}\r\n\r\n.service-card{\r\nbackground:#fff;\r\npadding:30px 25px;\r\nborder-radius:16px;\r\ntext-align:center;\r\nbox-shadow:0 10px 25px rgba(0,0,0,.05);\r\ntransition:.35s;\r\nposition:relative;\r\noverflow:hidden;\r\n}\r\n\r\n.service-card::before{\r\ncontent:\"\";\r\nposition:absolute;\r\ntop:0;\r\nleft:0;\r\nwidth:100%;\r\nheight:4px;\r\nbackground:linear-gradient(to right,#f97316,#10b981);\r\n}\r\n\r\n.service-card:hover{\r\ntransform:translateY(-6px);\r\nbox-shadow:0 18px 40px rgba(0,0,0,.08);\r\n}\r\n\r\n.service-icon{\r\nfont-size:30px;\r\nmargin-bottom:15px;\r\ncolor:#f97316;\r\n}\r\n\r\n.service-card h4{\r\nmargin-bottom:10px;\r\nfont-weight:600;\r\nfont-size:18px;\r\n}\r\n\r\n.service-card p{\r\ncolor:#64748b;\r\nfont-size:14px;\r\nline-height:1.6;\r\n}\r\n\r\n\/* ================= FAQ ================= *\/\r\n\r\n.faq-section{\r\nbackground:#ffffff;\r\n}\r\n\r\n.faq-wrapper{\r\nmax-width:750px;\r\nmargin:auto;\r\n}\r\n\r\n.faq-item{\r\nborder-radius:12px;\r\nmargin-bottom:15px;\r\noverflow:hidden;\r\nbackground:#f8fafc;\r\ntransition:.3s;\r\nborder:1px solid #e2e8f0;\r\n}\r\n\r\n.faq-question{\r\npadding:18px 22px;\r\ncursor:pointer;\r\nfont-weight:600;\r\ndisplay:flex;\r\njustify-content:space-between;\r\nalign-items:center;\r\nfont-size:15px;\r\n}\r\n\r\n.faq-question span{\r\nfont-size:20px;\r\ntransition:.3s;\r\n}\r\n\r\n.faq-answer{\r\npadding:0 22px;\r\nmax-height:0;\r\noverflow:hidden;\r\ntransition:max-height .4s ease;\r\ncolor:#64748b;\r\nfont-size:14px;\r\nline-height:1.6;\r\n}\r\n\r\n.faq-item.active{\r\nbackground:#f1f5f9;\r\n}\r\n\r\n.faq-item.active .faq-answer{\r\npadding:15px 22px 20px;\r\nmax-height:300px;\r\n}\r\n\r\n.faq-item.active .faq-question span{\r\ntransform:rotate(45deg);\r\n}\r\n\r\n\/* ================= RESPONSIVE ================= *\/\r\n\r\n@media(max-width:992px){\r\n\r\n.section-title h2{\r\nfont-size:28px;\r\n}\r\n\r\n}\r\n\r\n@media(max-width:600px){\r\n\r\nsection{\r\npadding:55px 0;\r\n}\r\n\r\n.section-title h2{\r\nfont-size:24px;\r\n}\r\n\r\n}\r\n\r\n<\/style>\r\n<\/head>\r\n<body>\r\n\r\n\r\n<!-- WHY CHOOSE US -->\r\n<section class=\"services-section\">\r\n  <div class=\"container\">\r\n\r\n    <div class=\"section-title\">\r\n      <h2>Dlaczego <span>Wybra\u0107 nas?<\/span><\/h2>\r\n    <\/div>\r\n\r\n    <div class=\"services-grid\">\r\n\r\n      <div class=\"service-card\">\r\n        <div class=\"service-icon\">\ud83d\uddfa\ufe0f<\/div>\r\n        <h4>Planowanie eksperckie<\/h4>\r\n        <p>Inteligentne projektowanie podr\u00f3\u017cy od pocz\u0105tku do ko\u0144ca, zapewniaj\u0105ce doskona\u0142\u0105 organizacj\u0119 ka\u017cdej podr\u00f3\u017cy.<\/p>\r\n      <\/div>\r\n\r\n      <div class=\"service-card\">\r\n        <div class=\"service-icon\">\ud83d\udd12<\/div>\r\n        <h4>Bezpiecze\u0144stwo i ochrona<\/h4>\r\n        <p>Zaufane us\u0142ugi i ca\u0142kowity spok\u00f3j podczas podr\u00f3\u017cy.<\/p>\r\n      <\/div>\r\n\r\n      <div class=\"service-card\">\r\n        <div class=\"service-icon\">\ud83d\ude80<\/div>\r\n        <h4>Szybko\u015b\u0107 i niezawodno\u015b\u0107<\/h4>\r\n        <p>Szybkie odpowiedzi i sprawna organizacja sprawiaj\u0105, \u017ce podr\u00f3\u017c jest bezproblemowa.<\/p>\r\n      <\/div>\r\n\r\n      \r\n\r\n    <\/div>\r\n\r\n  <\/div>\r\n<\/section>\r\n\r\n\r\n\r\n<\/div>\r\n\r\n<\/div>\r\n<\/section>\r\n\r\n\r\n<!-- FAQ -->\r\n<section class=\"faq-section\">\r\n<div class=\"container\">\r\n\r\n<div class=\"section-title\">\r\n<h2>Cz\u0119sto <span>Zadawane pytania<\/span><\/h2>\r\n<p>Wszystko, co musisz wiedzie\u0107 przed dokonaniem rezerwacji<\/p>\r\n<\/div>\r\n\r\n<div class=\"faq-wrapper\">\r\n\r\n<div class=\"faq-item\">\r\n<div class=\"faq-question\">\r\nCo obejmuje wycieczka?\r\n<span>+<\/span>\r\n<\/div>\r\n<div class=\"faq-answer\">\r\nNasze wycieczki obejmuj\u0105 transfery do hoteli, profesjonalnych przewodnik\u00f3w,\r\nklimatyzowane pojazdy i bilety wst\u0119pu do atrakcji.\r\n<\/div>\r\n<\/div>\r\n\r\n<div class=\"faq-item\">\r\n<div class=\"faq-question\">\r\nJak mog\u0119 dokona\u0107 rezerwacji?\r\n<span>+<\/span>\r\n<\/div>\r\n<div class=\"faq-answer\">\r\nMo\u017cesz \u0142atwo dokona\u0107 rezerwacji za po\u015brednictwem naszej strony internetowej lub skontaktowa\u0107 si\u0119 z nami bezpo\u015brednio przez WhatsApp.\r\n<\/div>\r\n<\/div>\r\n\r\n<div class=\"faq-item\">\r\n<div class=\"faq-question\">\r\nCzy wycieczki s\u0105 bezpieczne?\r\n<span>+<\/span>\r\n<\/div>\r\n<div class=\"faq-answer\">\r\nTak. Przestrzegamy wszystkich standard\u00f3w bezpiecze\u0144stwa i wsp\u00f3\u0142pracujemy z licencjonowanymi przewodnikami i kierowcami.\r\n<\/div>\r\n<\/div>\r\n\r\n<\/div>\r\n\r\n<\/div>\r\n<\/section>\r\n\r\n\r\n<script>\r\n\r\ndocument.querySelectorAll(\".faq-question\").forEach(btn=>{\r\n\r\nbtn.addEventListener(\"click\",()=>{\r\n\r\nlet item = btn.parentElement\r\n\r\ndocument.querySelectorAll(\".faq-item\").forEach(el=>{\r\nif(el !== item){\r\nel.classList.remove(\"active\")\r\n}\r\n})\r\n\r\nitem.classList.toggle(\"active\")\r\n\r\n})\r\n\r\n})\r\n\r\n<\/script>\r\n\r\n<\/body>\r\n<\/html>\t\t\t\t<\/div>\n\t\t\t\t\t<\/div>\n\t\t\t\t<\/div>\n\t\t\t\t<\/div>","protected":false},"excerpt":{"rendered":"<p>About Red Sea Dream Discover Egypt with unforgettable travel experiences We create unforgettable travel experiences across Egypt.From the ancient pyramids of Cairo to the beautiful coral reefs of the Red Sea. Discover Tours About Us Why Choose Us? \ud83d\uddfa\ufe0f Expert Planning Smart travel design from start to finish, ensuring every trip is perfectly organized. \ud83d\udd12 [&hellip;]<\/p>\n","protected":false},"author":1,"featured_media":0,"parent":0,"menu_order":0,"comment_status":"closed","ping_status":"closed","template":"elementor_header_footer","meta":{"_monsterinsights_skip_tracking":false,"_monsterinsights_sitenote_active":false,"_monsterinsights_sitenote_note":"","_monsterinsights_sitenote_category":0,"_mbp_gutenberg_autopost":false,"footnotes":""},"class_list":["post-10303","page","type-page","status-publish","hentry"],"_hostinger_reach_plugin_has_subscription_block":false,"_hostinger_reach_plugin_is_elementor":false,"_links":{"self":[{"href":"https:\/\/redsea-dream-tours.net\/pl\/wp-json\/wp\/v2\/pages\/10303","targetHints":{"allow":["GET"]}}],"collection":[{"href":"https:\/\/redsea-dream-tours.net\/pl\/wp-json\/wp\/v2\/pages"}],"about":[{"href":"https:\/\/redsea-dream-tours.net\/pl\/wp-json\/wp\/v2\/types\/page"}],"author":[{"embeddable":true,"href":"https:\/\/redsea-dream-tours.net\/pl\/wp-json\/wp\/v2\/users\/1"}],"replies":[{"embeddable":true,"href":"https:\/\/redsea-dream-tours.net\/pl\/wp-json\/wp\/v2\/comments?post=10303"}],"version-history":[{"count":17,"href":"https:\/\/redsea-dream-tours.net\/pl\/wp-json\/wp\/v2\/pages\/10303\/revisions"}],"predecessor-version":[{"id":10733,"href":"https:\/\/redsea-dream-tours.net\/pl\/wp-json\/wp\/v2\/pages\/10303\/revisions\/10733"}],"wp:attachment":[{"href":"https:\/\/redsea-dream-tours.net\/pl\/wp-json\/wp\/v2\/media?parent=10303"}],"curies":[{"name":"wp","href":"https:\/\/api.w.org\/{rel}","templated":true}]}}