{"id":10449,"date":"2026-03-07T05:37:40","date_gmt":"2026-03-07T05:37:40","guid":{"rendered":"https:\/\/redsea-dream-tours.net\/?post_type=product&#038;p=10449"},"modified":"2026-03-07T05:37:45","modified_gmt":"2026-03-07T05:37:45","slug":"grand-aquarium-marine-life-ocean-wonders","status":"publish","type":"product","link":"https:\/\/redsea-dream-tours.net\/pl\/produkt\/grand-aquarium-marine-life-ocean-wonders\/","title":{"rendered":"Grand Aquarium: \u017bycie morskie i cuda oceanu"},"content":{"rendered":"<p data-start=\"78\" data-end=\"136\"><strong data-start=\"78\" data-end=\"134\">Zanurz si\u0119 w cudach Wielkiego Akwarium w Hurghadzie!<\/strong><\/p>\n<p data-start=\"138\" data-end=\"483\">Wejd\u017a do <strong data-start=\"151\" data-end=\"188\">Podwodny \u015bwiat jak \u017caden inny \ud83c\udf0a<\/strong>, gdzie mo\u017cna odkry\u0107 niesamowite pi\u0119kno i tajemnic\u0119 Morza Czerwonego i nie tylko. W ofercie m.in. <strong data-start=\"277\" data-end=\"304\">Hurghada Grand Aquarium<\/strong> jest domem dla <strong data-start=\"316\" data-end=\"348\">ponad 500 zwierz\u0105t morskich \ud83d\udc22\ud83d\udc1f<\/strong>, reprezentuj\u0105cy <strong data-start=\"363\" data-end=\"388\">ponad 200 gatunk\u00f3w<\/strong> w poprzek <strong data-start=\"396\" data-end=\"428\">22 zapieraj\u0105ce dech w piersiach eksponaty \ud83c\udfdd\ufe0f<\/strong> - Ka\u017cda z nich oferuje nowe i fascynuj\u0105ce odkrycie.<\/p>\n<p data-start=\"485\" data-end=\"516\"><strong data-start=\"485\" data-end=\"514\">Co czeka na ciebie w \u015brodku?<\/strong><\/p>\n<ul data-start=\"517\" data-end=\"854\">\n<li data-start=\"517\" data-end=\"612\">\n<p data-start=\"519\" data-end=\"612\"><strong data-start=\"519\" data-end=\"546\">Hipnotyzuj\u0105ce \u017cycie morskie<\/strong> - od kolorowych ryb rafy koralowej po majestatyczne p\u0142aszczki i rekiny \ud83e\udd88.<\/p>\n<\/li>\n<li data-start=\"613\" data-end=\"686\">\n<p data-start=\"615\" data-end=\"686\"><strong data-start=\"615\" data-end=\"637\">Wci\u0105gaj\u0105ce eksponaty<\/strong> kt\u00f3re pozwalaj\u0105 przej\u015b\u0107 przez cuda oceanu.<\/p>\n<\/li>\n<li data-start=\"687\" data-end=\"768\">\n<p data-start=\"689\" data-end=\"768\"><strong data-start=\"689\" data-end=\"728\">Hodowla i programy ochrony \ud83c\udf31<\/strong> ochrona zagro\u017conych gatunk\u00f3w morskich.<\/p>\n<\/li>\n<li data-start=\"769\" data-end=\"854\">\n<p data-start=\"771\" data-end=\"854\"><strong data-start=\"771\" data-end=\"801\">Do\u015bwiadczenia edukacyjne \ud83c\udf93<\/strong> inspirowa\u0107 mi\u0142o\u015b\u0107 do oceanu i jego stworze\u0144.<\/p>\n<\/li>\n<\/ul>\n<p data-start=\"179\" data-end=\"193\"><strong data-start=\"179\" data-end=\"191\">Program:<\/strong><\/p>\n<ul data-start=\"194\" data-end=\"414\">\n<li data-start=\"194\" data-end=\"247\">\n<p data-start=\"196\" data-end=\"247\">Wyjazd oko\u0142o 10:00, powr\u00f3t oko\u0142o 12:00<\/p>\n<\/li>\n<li data-start=\"248\" data-end=\"275\">\n<p data-start=\"250\" data-end=\"275\">Ca\u0142kowity czas trwania: 2 godziny<\/p>\n<\/li>\n<li data-start=\"276\" data-end=\"312\">\n<p data-start=\"278\" data-end=\"312\">Pokaz rekin\u00f3w przez 1 godzin\u0119 (opcjonalnie)<\/p>\n<\/li>\n<li data-start=\"313\" data-end=\"369\">\n<p data-start=\"315\" data-end=\"369\">Czas wolny na zwiedzanie okolicy i podziwianie eksponat\u00f3w.<\/p>\n<\/li>\n<li data-start=\"370\" data-end=\"414\">\n<p data-start=\"372\" data-end=\"414\">Transfer powrotny przed akwarium<\/p>\n<\/li>\n<\/ul>\n<p data-start=\"416\" data-end=\"439\"><strong data-start=\"416\" data-end=\"437\">Do\u0142\u0105czone opcje:<\/strong><\/p>\n<ul data-start=\"440\" data-end=\"495\">\n<li data-start=\"440\" data-end=\"469\">\n<p data-start=\"442\" data-end=\"469\">Transfer hotelowy w obie strony<\/p>\n<\/li>\n<li data-start=\"470\" data-end=\"495\">\n<p data-start=\"472\" data-end=\"495\">Bilet wst\u0119pu do akwarium<\/p>\n<\/li>\n<\/ul>\n<p data-start=\"856\" data-end=\"1070\">Niezale\u017cnie od tego, czy jeste\u015b <strong data-start=\"873\" data-end=\"905\">rodzina z dzie\u0107mi \ud83d\udc68\u200d\ud83d\udc69\u200d\ud83d\udc67\u200d\ud83d\udc66<\/strong>, entuzjast\u0105 \u017cycia morskiego lub po prostu szukasz <strong data-start=\"955\" data-end=\"982\">Zabawny i edukacyjny dzie\u0144<\/strong>, Wielkie Akwarium w Hurghadzie obiecuje <strong data-start=\"1021\" data-end=\"1067\">Niezapomniana podr\u00f3\u017c pod falami<\/strong>.<\/p>\n<p data-start=\"71\" data-end=\"95\">\ud83e\udd11 <strong data-start=\"74\" data-end=\"93\">Cena aktywno\u015bci:<\/strong><\/p>\n<ul data-start=\"96\" data-end=\"177\">\n<li data-start=\"96\" data-end=\"122\">\n<p data-start=\"98\" data-end=\"122\">Wiek od 10 lat: 45 \u20ac<\/p>\n<\/li>\n<li data-start=\"123\" data-end=\"143\">\n<p data-start=\"125\" data-end=\"143\">Wiek od 4 do 9 lat: 25 \u20ac<\/p>\n<\/li>\n<li data-start=\"144\" data-end=\"177\">\n<p data-start=\"146\" data-end=\"177\">Poni\u017cej 4 lat: Niedozwolone \ud83d\udeab<\/p>\n<\/li>\n<\/ul>\n<h3 data-start=\"2198\" data-end=\"2225\"><strong data-start=\"2205\" data-end=\"2223\">P\u0142atno\u015b\u0107 w USD ($ \ud83c\uddfa\ud83c\uddf8) zamiast EUR (\u20ac \ud83c\uddea\ud83c\uddfa) jest dost\u0119pna zgodnie z dziennym kursem wymiany banku.<\/strong><\/h3>\n<p><strong>Ksi\u0105\u017cka przez WhatsApp:<\/strong><\/p>\n<p><a href=\"https:\/\/wa.me\/201021058859\" target=\"_blank\" rel=\"noopener\">\u00a0<img decoding=\"async\" class=\"alignnone wp-image-2058\" src=\"https:\/\/poehalisnamiegypt.com\/wp-content\/uploads\/2024\/02\/pngwing.com_-300x300.png\" sizes=\"auto, (max-width: 35px) 100vw, 35px\" srcset=\"https:\/\/poehalisnamiegypt.com\/wp-content\/uploads\/2024\/02\/pngwing.com_-300x300.png 300w, https:\/\/poehalisnamiegypt.com\/wp-content\/uploads\/2024\/02\/pngwing.com_-150x150.png 150w, https:\/\/poehalisnamiegypt.com\/wp-content\/uploads\/2024\/02\/pngwing.com_.png 584w\" alt=\"\" width=\"53\" height=\"53\" \/><\/a><\/p>\n<p>&nbsp;<\/p>\n<div id=\"gtx-trans\" style=\"position: absolute; left: 290px; top: 1.2px;\">\n<div class=\"gtx-trans-icon\"><\/div>\n<\/div>","protected":false},"excerpt":{"rendered":"<p>\ud83d\udc20 Dive into the Wonders of Hurghada Grand Aquarium! Step into an underwater world like no other \ud83c\udf0a, where you can explore the incredible beauty and mystery of the Red Sea and beyond. The Hurghada Grand Aquarium is home to over 500 marine animals \ud83d\udc22\ud83d\udc1f, representing more than 200 species across 22 breathtaking exhibits \ud83c\udfdd\ufe0f [&hellip;]<\/p>\n","protected":false},"featured_media":10450,"comment_status":"open","ping_status":"closed","template":"","meta":{"_monsterinsights_skip_tracking":false,"_monsterinsights_sitenote_active":false,"_monsterinsights_sitenote_note":"","_monsterinsights_sitenote_category":0,"_mbp_gutenberg_autopost":false},"product_brand":[],"product_cat":[61],"product_tag":[],"class_list":{"0":"post-10449","1":"product","2":"type-product","3":"status-publish","4":"has-post-thumbnail","6":"product_cat-entertaining","8":"first","9":"instock","10":"shipping-taxable","11":"purchasable","12":"product-type-ovabrw_car_rental"},"_links":{"self":[{"href":"https:\/\/redsea-dream-tours.net\/pl\/wp-json\/wp\/v2\/product\/10449","targetHints":{"allow":["GET"]}}],"collection":[{"href":"https:\/\/redsea-dream-tours.net\/pl\/wp-json\/wp\/v2\/product"}],"about":[{"href":"https:\/\/redsea-dream-tours.net\/pl\/wp-json\/wp\/v2\/types\/product"}],"replies":[{"embeddable":true,"href":"https:\/\/redsea-dream-tours.net\/pl\/wp-json\/wp\/v2\/comments?post=10449"}],"wp:featuredmedia":[{"embeddable":true,"href":"https:\/\/redsea-dream-tours.net\/pl\/wp-json\/wp\/v2\/media\/10450"}],"wp:attachment":[{"href":"https:\/\/redsea-dream-tours.net\/pl\/wp-json\/wp\/v2\/media?parent=10449"}],"wp:term":[{"taxonomy":"product_brand","embeddable":true,"href":"https:\/\/redsea-dream-tours.net\/pl\/wp-json\/wp\/v2\/product_brand?post=10449"},{"taxonomy":"product_cat","embeddable":true,"href":"https:\/\/redsea-dream-tours.net\/pl\/wp-json\/wp\/v2\/product_cat?post=10449"},{"taxonomy":"product_tag","embeddable":true,"href":"https:\/\/redsea-dream-tours.net\/pl\/wp-json\/wp\/v2\/product_tag?post=10449"}],"curies":[{"name":"wp","href":"https:\/\/api.w.org\/{rel}","templated":true}]}}