{"id":9425,"date":"2026-03-01T20:19:58","date_gmt":"2026-03-01T20:19:58","guid":{"rendered":"https:\/\/redsea-dream-tours.net\/?post_type=product&#038;p=9425"},"modified":"2026-03-01T20:20:31","modified_gmt":"2026-03-01T20:20:31","slug":"luxor-balloon-ride-sunrise-views-west-bank-tour","status":"publish","type":"product","link":"https:\/\/redsea-dream-tours.net\/pl\/produkt\/luxor-balloon-ride-sunrise-views-west-bank-tour\/","title":{"rendered":"Lot balonem do Luksoru: widoki o wschodzie s\u0142o\u0144ca i wycieczka po Zachodnim Brzegu Jordanu"},"content":{"rendered":"<h3 data-start=\"212\" data-end=\"291\">\ud83c\udf88 <strong data-start=\"219\" data-end=\"289\">Luxor Hot Air Balloon Ride \u2013 A Magical Journey Above Ancient Egypt<\/strong><\/h3>\n<p data-start=\"293\" data-end=\"599\">Experience the <strong data-start=\"308\" data-end=\"341\">ultimate adventure at sunrise<\/strong> with a breathtaking <strong data-start=\"362\" data-end=\"397\">hot air balloon ride over Luxor<\/strong>, the world\u2019s largest open-air museum. Float silently above the timeless landscapes where the mighty pharaohs once ruled, and witness the <strong data-start=\"535\" data-end=\"596\">Nile, temples, and valleys bathed in golden morning light<\/strong>.<\/p>\n<hr data-start=\"601\" data-end=\"604\" \/>\n<h3 data-start=\"606\" data-end=\"659\"><strong data-start=\"610\" data-end=\"657\">Early Morning Start \u2013 The Perfect Beginning<\/strong><\/h3>\n<ul data-start=\"660\" data-end=\"959\">\n<li data-start=\"660\" data-end=\"773\">\n<p data-start=\"662\" data-end=\"773\"><strong data-start=\"662\" data-end=\"681\">Pick-up Service<\/strong> \ud83d\ude90: Begin your day with an early morning pick-up from your hotel or cruise ship in Luxor.<\/p>\n<\/li>\n<li data-start=\"774\" data-end=\"853\">\n<p data-start=\"776\" data-end=\"853\"><strong data-start=\"776\" data-end=\"798\">Light Refreshments<\/strong> \u2615: Enjoy tea or coffee before your adventure begins.<\/p>\n<\/li>\n<li data-start=\"854\" data-end=\"959\">\n<p data-start=\"856\" data-end=\"959\"><strong data-start=\"856\" data-end=\"878\">Nile Boat Transfer<\/strong> \u26f4\ufe0f: Cross the peaceful Nile River to the West Bank, where your balloon awaits.<\/p>\n<\/li>\n<\/ul>\n<hr data-start=\"961\" data-end=\"964\" \/>\n<h3 data-start=\"966\" data-end=\"997\"><strong data-start=\"970\" data-end=\"995\">The Flight Experience<\/strong><\/h3>\n<ul data-start=\"998\" data-end=\"1430\">\n<li data-start=\"998\" data-end=\"1132\">\n<p data-start=\"1000\" data-end=\"1132\"><strong data-start=\"1000\" data-end=\"1023\">Take-off at Sunrise<\/strong> \ud83c\udf05: As the first rays of sunlight illuminate the horizon, your balloon begins to rise gently into the sky.<\/p>\n<\/li>\n<li data-start=\"1133\" data-end=\"1295\">\n<p data-start=\"1135\" data-end=\"1295\"><strong data-start=\"1135\" data-end=\"1157\">Breathtaking Views<\/strong> \ud83c\udfdc\ufe0f: Glide over iconic landmarks such as the <strong data-start=\"1203\" data-end=\"1226\">Dolina Kr\u00f3l\u00f3w<\/strong>, <strong data-start=\"1228\" data-end=\"1249\">\u015awi\u0105tynia Hatszepsut<\/strong>, and the lush farmlands of the Nile Valley.<\/p>\n<\/li>\n<li data-start=\"1296\" data-end=\"1430\">\n<p data-start=\"1298\" data-end=\"1430\"><strong data-start=\"1298\" data-end=\"1324\">Expert Pilots &amp; Safety<\/strong> \ud83e\uddd1\u200d\u2708\ufe0f: Fly with experienced, licensed pilots ensuring both your safety and an unforgettable experience.<\/p>\n<\/li>\n<\/ul>\n<hr data-start=\"1432\" data-end=\"1435\" \/>\n<h3 data-start=\"1437\" data-end=\"1466\"><strong data-start=\"1441\" data-end=\"1464\">Duration &amp; Memories<\/strong><\/h3>\n<ul data-start=\"1467\" data-end=\"1798\">\n<li data-start=\"1467\" data-end=\"1571\">\n<p data-start=\"1469\" data-end=\"1571\"><strong data-start=\"1469\" data-end=\"1484\">Flight Time<\/strong> \u23f1\ufe0f: The ride lasts approximately 45 minutes to 1 hour, depending on wind conditions.<\/p>\n<\/li>\n<li data-start=\"1572\" data-end=\"1707\">\n<p data-start=\"1574\" data-end=\"1707\"><strong data-start=\"1574\" data-end=\"1596\">Photography Heaven<\/strong> \ud83d\udcf8: Capture once-in-a-lifetime views of ancient temples, the Nile\u2019s winding path, and Luxor\u2019s golden desert.<\/p>\n<\/li>\n<li data-start=\"1708\" data-end=\"1798\">\n<p data-start=\"1710\" data-end=\"1798\"><strong data-start=\"1710\" data-end=\"1730\">Landing Ceremony<\/strong> \ud83c\udf89: Celebrate your flight with a traditional landing certificate.<\/p>\n<\/li>\n<\/ul>\n<hr data-start=\"1800\" data-end=\"1803\" \/>\n<h3 data-start=\"902\" data-end=\"950\">\ud83c\udfdc\ufe0f <strong data-start=\"910\" data-end=\"948\">Explore Luxor\u2019s Timeless West Bank After Your Balloon Ride\u00a0 \u00a0\u00a0<\/strong><\/h3>\n<p data-start=\"951\" data-end=\"1049\">Your private Egyptologist guide will lead you to the most iconic treasures of the <strong data-start=\"1033\" data-end=\"1046\">West Bank<\/strong>:<\/p>\n<ul data-start=\"1050\" data-end=\"1384\">\n<li data-start=\"1050\" data-end=\"1151\">\n<p data-start=\"1052\" data-end=\"1151\"><strong data-start=\"1052\" data-end=\"1075\">Dolina Kr\u00f3l\u00f3w<\/strong> \ud83c\udfdb\ufe0f \u2013 Explore the ancient burial grounds of Egypt\u2019s most famous pharaohs.<\/p>\n<\/li>\n<li data-start=\"1152\" data-end=\"1263\">\n<p data-start=\"1154\" data-end=\"1263\"><strong data-start=\"1154\" data-end=\"1175\">\u015awi\u0105tynia Hatszepsut<\/strong> \u26e9\ufe0f \u2013 Marvel at the elegant architecture of the only female pharaoh\u2019s mortuary temple.<\/p>\n<\/li>\n<li data-start=\"1264\" data-end=\"1384\">\n<p data-start=\"1266\" data-end=\"1384\"><strong data-start=\"1266\" data-end=\"1287\">Kolosy Memnona<\/strong> \ud83d\uddff \u2013 Capture unforgettable photos beside these colossal statues that have stood for millennia.<\/p>\n<\/li>\n<\/ul>\n<hr data-start=\"1386\" data-end=\"1389\" \/>\n<h3 data-start=\"1391\" data-end=\"1433\">\ud83c\udffa <strong data-start=\"1398\" data-end=\"1431\">East Bank Highlights in Style<\/strong><\/h3>\n<ul data-start=\"1434\" data-end=\"1664\">\n<li data-start=\"1434\" data-end=\"1539\">\n<p data-start=\"1436\" data-end=\"1539\">Visit the magnificent <strong data-start=\"1458\" data-end=\"1483\">Kompleks \u015bwi\u0105tynny Karnak<\/strong> \u2013 one of the largest religious structures ever built.<\/p>\n<\/li>\n<li data-start=\"1540\" data-end=\"1664\">\n<p data-start=\"1542\" data-end=\"1664\">Stroll through ancient avenues of sphinxes and towering pillars while your guide shares fascinating secrets of the past.<\/p>\n<\/li>\n<\/ul>\n<hr data-start=\"1386\" data-end=\"1389\" \/>\n<h3 data-start=\"1805\" data-end=\"1831\"><strong data-start=\"1809\" data-end=\"1829\">After the Flight<\/strong><\/h3>\n<ul data-start=\"1832\" data-end=\"2012\">\n<li data-start=\"1832\" data-end=\"1915\">\n<p data-start=\"1834\" data-end=\"1915\"><strong data-start=\"1834\" data-end=\"1853\">Return Transfer<\/strong> \ud83d\ude90: Relax as we take you back to your hotel or cruise ship.<\/p>\n<\/li>\n<li data-start=\"1916\" data-end=\"2012\">\n<p data-start=\"1918\" data-end=\"2012\"><strong data-start=\"1918\" data-end=\"1940\">Optional Breakfast<\/strong> \ud83c\udf74: Add a hearty Egyptian breakfast to complete your magical morning.<\/p>\n<\/li>\n<\/ul>\n<hr data-start=\"2014\" data-end=\"2017\" \/>\n<h3 data-start=\"2019\" data-end=\"2072\"><strong data-start=\"2023\" data-end=\"2070\">Why Choose a Hot Air Balloon Ride in Luxor?<\/strong><\/h3>\n<ul data-start=\"2073\" data-end=\"2354\">\n<li data-start=\"2073\" data-end=\"2146\">\n<p data-start=\"2075\" data-end=\"2146\">\ud83c\udf88 Unique aerial view of the world\u2019s most famous archaeological sites<\/p>\n<\/li>\n<li data-start=\"2147\" data-end=\"2194\">\n<p data-start=\"2149\" data-end=\"2194\">\ud83c\udf05 Spectacular sunrise over the Nile Valley<\/p>\n<\/li>\n<li data-start=\"2195\" data-end=\"2249\">\n<p data-start=\"2197\" data-end=\"2249\">\ud83e\uddd1\u200d\u2708\ufe0f Professional pilots and top safety standards<\/p>\n<\/li>\n<li data-start=\"2250\" data-end=\"2309\">\n<p data-start=\"2252\" data-end=\"2309\">\ud83d\udcf8 Perfect for photography lovers and special occasions<\/p>\n<\/li>\n<li data-start=\"2310\" data-end=\"2354\">\n<p data-start=\"2312\" data-end=\"2354\">\ud83d\ude90 Convenient hotel pick-up and drop-off<\/p>\n<\/li>\n<\/ul>\n<hr data-start=\"2014\" data-end=\"2017\" \/>\n<h3 data-start=\"493\" data-end=\"529\">\ud83d\udde3\ufe0f <strong data-start=\"501\" data-end=\"527\">M\u00f3wimy w Twoim j\u0119zyku<\/strong><\/h3>\n<ul data-start=\"530\" data-end=\"594\">\n<li>Polski<\/li>\n<li>Francuski<\/li>\n<li>Angielski<\/li>\n<li>Niemiecki<\/li>\n<li>Portugalski<\/li>\n<li>Hiszpa\u0144ski<\/li>\n<li>...i nie tylko!<\/li>\n<\/ul>\n<p data-start=\"596\" data-end=\"678\">Niezale\u017cnie od tego, sk\u0105d pochodzisz, zapewniamy p\u0142ynn\u0105 komunikacj\u0119 i spersonalizowane podej\u015bcie.<\/p>\n<hr data-start=\"2014\" data-end=\"2017\" \/>\n<h3 data-start=\"2198\" data-end=\"2225\"><strong data-start=\"2205\" data-end=\"2223\">Cena wycieczki<\/strong><\/h3>\n<table style=\"height: 189px;\" width=\"596\">\n<tbody>\n<tr>\n<td width=\"64\"><strong>pax<\/strong><\/td>\n<td width=\"66\"><strong><img decoding=\"async\" class=\"emoji\" role=\"img\" draggable=\"false\" src=\"https:\/\/s.w.org\/images\/core\/emoji\/16.0.1\/svg\/1f64e-1f3fb-200d-2642-fe0f.svg\" alt=\"\ud83d\ude4e\ud83c\udffb\u200d\u2642\ufe0f\" \/> 12 years and over<\/strong><\/td>\n<td width=\"80\"><strong><img decoding=\"async\" class=\"emoji\" role=\"img\" draggable=\"false\" src=\"https:\/\/s.w.org\/images\/core\/emoji\/16.0.1\/svg\/1f9cd-1f3fb-200d-2640-fe0f.svg\" alt=\"\ud83e\uddcd\ud83c\udffb\u200d\u2640\ufe0f\" \/> 6\/11 years old<\/strong><\/td>\n<\/tr>\n<tr>\n<td style=\"text-align: center;\"><strong>2<\/strong><\/td>\n<td style=\"text-align: center;\"><strong>\u00a0\u20ac\u00a0\u00a0 230.00<\/strong><\/td>\n<td style=\"text-align: center;\"><strong>\u00a0\u20ac\u00a0\u00a0\u00a0\u00a0\u00a0\u00a0\u00a0\u00a0\u00a0\u00a0\u00a0\u00a0 130<\/strong><\/td>\n<\/tr>\n<tr>\n<td style=\"text-align: center;\"><strong>3<\/strong><\/td>\n<td style=\"text-align: center;\"><strong>\u00a0\u20ac\u00a0\u00a0 210.00<\/strong><\/td>\n<td style=\"text-align: center;\"><strong>\u00a0\u20ac\u00a0\u00a0\u00a0\u00a0\u00a0\u00a0\u00a0\u00a0\u00a0\u00a0\u00a0\u00a0 130<\/strong><\/td>\n<\/tr>\n<tr>\n<td style=\"text-align: center;\"><strong>4<\/strong><\/td>\n<td style=\"text-align: center;\"><strong>\u00a0\u20ac\u00a0\u00a0 185.00<\/strong><\/td>\n<td style=\"text-align: center;\"><strong>\u00a0\u20ac\u00a0\u00a0\u00a0\u00a0\u00a0\u00a0\u00a0\u00a0\u00a0\u00a0\u00a0\u00a0 130<\/strong><\/td>\n<\/tr>\n<tr>\n<td style=\"text-align: center;\"><strong>5<\/strong><\/td>\n<td style=\"text-align: center;\"><strong>\u00a0\u20ac\u00a0\u00a0 175.00<\/strong><\/td>\n<td style=\"text-align: center;\"><strong>\u00a0\u20ac\u00a0\u00a0\u00a0\u00a0\u00a0\u00a0\u00a0\u00a0\u00a0\u00a0\u00a0\u00a0 130<\/strong><\/td>\n<\/tr>\n<tr>\n<td style=\"text-align: center;\"><strong>6<\/strong><\/td>\n<td style=\"text-align: center;\"><strong>\u00a0\u20ac\u00a0\u00a0 165.00<\/strong><\/td>\n<td style=\"text-align: center;\"><strong>\u00a0\u20ac\u00a0\u00a0\u00a0\u00a0\u00a0\u00a0\u00a0\u00a0\u00a0\u00a0\u00a0\u00a0 130<\/strong><\/td>\n<\/tr>\n<\/tbody>\n<\/table>\n<p data-start=\"2228\" data-end=\"2260\"><strong data-start=\"2327\" data-end=\"2355\"> \u00a0<img decoding=\"async\" class=\"emoji\" role=\"img\" draggable=\"false\" src=\"https:\/\/s.w.org\/images\/core\/emoji\/16.0.1\/svg\/1f47c-1f3fc.svg\" alt=\"\ud83d\udc7c\ud83c\udffc\" \/> -5 years old\u00a0 \u00a0 \u00a0\u00a0 Forbidden<\/strong><\/p>\n<h3 data-start=\"2198\" data-end=\"2225\"><strong data-start=\"2205\" data-end=\"2223\">P\u0142atno\u015b\u0107 w USD ($ \ud83c\uddfa\ud83c\uddf8) zamiast EUR (\u20ac \ud83c\uddea\ud83c\uddfa) jest dost\u0119pna zgodnie z dziennym kursem wymiany banku.<\/strong><\/h3>\n<p><strong>Ksi\u0105\u017cka przez WhatsApp:<\/strong><\/p>\n<p><a href=\"https:\/\/api.whatsapp.com\/send\/?phone=01021058859\" target=\"_blank\" rel=\"noopener\">\u00a0<img decoding=\"async\" class=\"alignnone wp-image-2058\" src=\"https:\/\/poehalisnamiegypt.com\/wp-content\/uploads\/2024\/02\/pngwing.com_-300x300.png\" sizes=\"auto, (max-width: 35px) 100vw, 35px\" srcset=\"https:\/\/poehalisnamiegypt.com\/wp-content\/uploads\/2024\/02\/pngwing.com_-300x300.png 300w, https:\/\/poehalisnamiegypt.com\/wp-content\/uploads\/2024\/02\/pngwing.com_-150x150.png 150w, https:\/\/poehalisnamiegypt.com\/wp-content\/uploads\/2024\/02\/pngwing.com_.png 584w\" alt=\"\" width=\"53\" height=\"53\" \/><\/a><\/p>\n<div id=\"gtx-trans\" style=\"position: absolute; left: 297px; top: 3.375px;\">\n<div class=\"gtx-trans-icon\"><\/div>\n<\/div>","protected":false},"excerpt":{"rendered":"<p>\ud83c\udf88 Luxor Hot Air Balloon Ride \u2013 A Magical Journey Above Ancient Egypt Experience the ultimate adventure at sunrise with a breathtaking hot air balloon ride over Luxor, the world\u2019s largest open-air museum. Float silently above the timeless landscapes where the mighty pharaohs once ruled, and witness the Nile, temples, and valleys bathed in golden [&hellip;]<\/p>\n","protected":false},"featured_media":9492,"comment_status":"open","ping_status":"closed","template":"","meta":{"_monsterinsights_skip_tracking":false,"_monsterinsights_sitenote_active":false,"_monsterinsights_sitenote_note":"","_monsterinsights_sitenote_category":0,"_mbp_gutenberg_autopost":false},"product_brand":[],"product_cat":[59],"product_tag":[],"class_list":{"0":"post-9425","1":"product","2":"type-product","3":"status-publish","4":"has-post-thumbnail","6":"product_cat-luxor","8":"first","9":"instock","10":"shipping-taxable","11":"purchasable","12":"product-type-ovabrw_car_rental"},"_links":{"self":[{"href":"https:\/\/redsea-dream-tours.net\/pl\/wp-json\/wp\/v2\/product\/9425","targetHints":{"allow":["GET"]}}],"collection":[{"href":"https:\/\/redsea-dream-tours.net\/pl\/wp-json\/wp\/v2\/product"}],"about":[{"href":"https:\/\/redsea-dream-tours.net\/pl\/wp-json\/wp\/v2\/types\/product"}],"replies":[{"embeddable":true,"href":"https:\/\/redsea-dream-tours.net\/pl\/wp-json\/wp\/v2\/comments?post=9425"}],"wp:featuredmedia":[{"embeddable":true,"href":"https:\/\/redsea-dream-tours.net\/pl\/wp-json\/wp\/v2\/media\/9492"}],"wp:attachment":[{"href":"https:\/\/redsea-dream-tours.net\/pl\/wp-json\/wp\/v2\/media?parent=9425"}],"wp:term":[{"taxonomy":"product_brand","embeddable":true,"href":"https:\/\/redsea-dream-tours.net\/pl\/wp-json\/wp\/v2\/product_brand?post=9425"},{"taxonomy":"product_cat","embeddable":true,"href":"https:\/\/redsea-dream-tours.net\/pl\/wp-json\/wp\/v2\/product_cat?post=9425"},{"taxonomy":"product_tag","embeddable":true,"href":"https:\/\/redsea-dream-tours.net\/pl\/wp-json\/wp\/v2\/product_tag?post=9425"}],"curies":[{"name":"wp","href":"https:\/\/api.w.org\/{rel}","templated":true}]}}