{"id":9433,"date":"2026-03-01T20:19:58","date_gmt":"2026-03-01T20:19:58","guid":{"rendered":"https:\/\/redsea-dream-tours.net\/?post_type=product&#038;p=9433"},"modified":"2026-03-22T18:43:00","modified_gmt":"2026-03-22T18:43:00","slug":"dolphin-house-snorkeling-dolphins-sea-fun","status":"publish","type":"product","link":"https:\/\/redsea-dream-tours.net\/pl\/produkt\/dolphin-house-snorkeling-dolphins-sea-fun\/","title":{"rendered":"Dolphin House: Snorkeling, delfiny i morska zabawa"},"content":{"rendered":"<h3 data-start=\"89\" data-end=\"172\"><strong data-start=\"93\" data-end=\"170\">Wycieczka \u0142odzi\u0105 Dolphin House Hurghada - p\u0142ywaj, nurkuj i ciesz si\u0119 dniem na morzu!<\/strong><\/h3>\n<p data-start=\"174\" data-end=\"428\">Ucieknij od rutyny i wyrusz w podr\u00f3\u017c <strong data-start=\"209\" data-end=\"248\">relaksuj\u0105cy i pe\u0142en przyg\u00f3d dzie\u0144 na morzu<\/strong> ze s\u0142ynnym <strong data-start=\"265\" data-end=\"297\">Wycieczka do Dolphin House Hurghada!<\/strong> Rejs wzd\u0142u\u017c l\u015bni\u0105cego Morza Czerwonego, rozkoszowanie si\u0119 s\u0142o\u0144cem i prze\u017cywanie niezapomnianych chwil z delfinami i t\u0119tni\u0105cym \u017cyciem \u017cyciem morskim.<\/p>\n<h4 data-start=\"430\" data-end=\"460\"><strong data-start=\"435\" data-end=\"458\">Najwa\u017cniejsze wydarzenia z podr\u00f3\u017cy:<\/strong><\/h4>\n<ul data-start=\"461\" data-end=\"1260\">\n<li data-start=\"461\" data-end=\"642\">\n<p data-start=\"463\" data-end=\"642\"><strong data-start=\"463\" data-end=\"491\">Przygoda ze snorkelingiem:<\/strong> Odkryj osza\u0142amiaj\u0105ce <strong data-start=\"513\" data-end=\"535\">Rafa Dolphin House<\/strong> z <strong data-start=\"541\" data-end=\"566\">zapewniony sprz\u0119t do nurkowania<\/strong>, P\u0142ywaj w\u015br\u00f3d kolorowych ogrod\u00f3w koralowych i odkryj szereg egzotycznych ryb.<\/p>\n<\/li>\n<li data-start=\"643\" data-end=\"774\">\n<p data-start=\"645\" data-end=\"774\"><strong data-start=\"645\" data-end=\"669\">Obserwowanie delfin\u00f3w:<\/strong> Wskocz na orze\u017awiaj\u0105c\u0105 k\u0105piel i wypatruj figlarnych delfin\u00f3w w ich naturalnym \u015brodowisku.<\/p>\n<\/li>\n<li data-start=\"775\" data-end=\"885\">\n<p data-start=\"777\" data-end=\"885\"><strong data-start=\"777\" data-end=\"799\">Cruise &amp; Chill:<\/strong> Ciesz si\u0119 muzyk\u0105 i swobodn\u0105 atmosfer\u0105 podczas rejsu z jednego malowniczego miejsca do drugiego.<\/p>\n<\/li>\n<li data-start=\"886\" data-end=\"1043\">\n<p data-start=\"888\" data-end=\"1043\"><strong data-start=\"888\" data-end=\"919\">Pyszny lunch na pok\u0142adzie:<\/strong> Uczta na <strong data-start=\"931\" data-end=\"1011\">\u015bwie\u017co przygotowane danie z wo\u0142owiny, kalmar\u00f3w, ry\u017cu z krewetkami i chrupi\u0105cych sa\u0142atek<\/strong>, wszystkie serwowane na pok\u0142adzie w po\u0142owie podr\u00f3\u017cy.<\/p>\n<\/li>\n<li data-start=\"1044\" data-end=\"1150\">\n<p data-start=\"1046\" data-end=\"1150\"><strong data-start=\"1046\" data-end=\"1075\">Pocz\u0119stunek wliczony w cen\u0119:<\/strong> Pozosta\u0144 nawodniony dzi\u0119ki <strong data-start=\"1095\" data-end=\"1148\">bezp\u0142atne napoje bezalkoholowe podczas ca\u0142ej podr\u00f3\u017cy.<\/strong><\/p>\n<\/li>\n<li data-start=\"1151\" data-end=\"1260\">\n<p data-start=\"1153\" data-end=\"1260\"><strong data-start=\"1153\" data-end=\"1177\">Zabawne sporty wodne:<\/strong> Napompuj swoj\u0105 adrenalin\u0119 dzi\u0119ki <strong data-start=\"1211\" data-end=\"1258\">przeja\u017cd\u017cki \u0142odzi\u0105 bananow\u0105 i ekscytuj\u0105ce gry wodne!<\/strong><\/p>\n<\/li>\n<\/ul>\n<h4 data-start=\"1262\" data-end=\"1309\"><strong data-start=\"1267\" data-end=\"1307\">Dlaczego warto wybra\u0107 wycieczk\u0119 do Dolphin House?<\/strong><\/h4>\n<ul data-start=\"1310\" data-end=\"1555\">\n<li data-start=\"1310\" data-end=\"1382\">\n<p data-start=\"1312\" data-end=\"1382\">Doskona\u0142e po\u0142\u0105czenie <strong data-start=\"1329\" data-end=\"1379\">Relaks, przygoda i spotkania z dzik\u0105 przyrod\u0105<\/strong>.<\/p>\n<\/li>\n<li data-start=\"1383\" data-end=\"1474\">\n<p data-start=\"1385\" data-end=\"1474\">Idealny dla rodzin, par i grup poszukuj\u0105cych <strong data-start=\"1439\" data-end=\"1471\">niezapomniana ca\u0142odniowa wycieczka<\/strong>.<\/p>\n<\/li>\n<li data-start=\"1475\" data-end=\"1555\">\n<p data-start=\"1477\" data-end=\"1555\">Wszystko jest zorganizowane dla Ciebie - po prostu we\u017a ze sob\u0105 str\u00f3j k\u0105pielowy i ciesz si\u0119 jazd\u0105!<\/p>\n<\/li>\n<\/ul>\n<p data-start=\"1557\" data-end=\"1655\"><strong data-start=\"1557\" data-end=\"1653\">Pop\u0142y\u0144 do Dolphin House Hurghada i stw\u00f3rz magiczne wspomnienia w sercu Morza Czerwonego!<\/strong><\/p>\n<h3 data-start=\"2198\" data-end=\"2225\"><strong data-start=\"2205\" data-end=\"2223\">Cena wycieczki<\/strong><\/h3>\n<p data-start=\"2228\" data-end=\"2260\"><strong data-start=\"2233\" data-end=\"2258\">\u00a0 \u00a0<img decoding=\"async\" class=\"emoji\" role=\"img\" draggable=\"false\" src=\"https:\/\/s.w.org\/images\/core\/emoji\/16.0.1\/svg\/1f64e-1f3fb-200d-2642-fe0f.svg\" alt=\"\ud83d\ude4e\ud83c\udffb\u200d\u2642\ufe0f\" \/> 11 lat i wi\u0119cej 25 \u20ac<\/strong><\/p>\n<p data-start=\"2228\" data-end=\"2260\"><strong data-start=\"2263\" data-end=\"2280\">\u00a0 \u00a0<img decoding=\"async\" class=\"emoji\" role=\"img\" draggable=\"false\" src=\"https:\/\/s.w.org\/images\/core\/emoji\/16.0.1\/svg\/1f9cd-1f3fb-200d-2640-fe0f.svg\" alt=\"\ud83e\uddcd\ud83c\udffb\u200d\u2640\ufe0f\" \/> 6\/10 lat 15 \u20ac<\/strong><\/p>\n<p data-start=\"2228\" data-end=\"2260\"><strong data-start=\"2327\" data-end=\"2355\">\u00a0 \u00a0<img decoding=\"async\" class=\"emoji\" role=\"img\" draggable=\"false\" src=\"https:\/\/s.w.org\/images\/core\/emoji\/16.0.1\/svg\/1f47c-1f3fc.svg\" alt=\"\ud83d\udc7c\ud83c\udffc\" \/> -6 lat Bezp\u0142atnie<\/strong><\/p>\n<p><strong>Ksi\u0105\u017cka przez WhatsApp:<\/strong><\/p>\n<p><a href=\"https:\/\/api.whatsapp.com\/send\/?phone=01021058859\" target=\"_blank\" rel=\"noopener\">\u00a0<img decoding=\"async\" class=\"alignnone wp-image-2058\" src=\"https:\/\/poehalisnamiegypt.com\/wp-content\/uploads\/2024\/02\/pngwing.com_-300x300.png\" sizes=\"auto, (max-width: 35px) 100vw, 35px\" srcset=\"https:\/\/poehalisnamiegypt.com\/wp-content\/uploads\/2024\/02\/pngwing.com_-300x300.png 300w, https:\/\/poehalisnamiegypt.com\/wp-content\/uploads\/2024\/02\/pngwing.com_-150x150.png 150w, https:\/\/poehalisnamiegypt.com\/wp-content\/uploads\/2024\/02\/pngwing.com_.png 584w\" alt=\"\" width=\"53\" height=\"53\" \/><\/a><\/p>","protected":false},"excerpt":{"rendered":"<p>\ud83d\udc2c Dolphin House Hurghada Boat Trip \u2013 Swim, Snorkel &amp; Enjoy a Day at Sea! Escape the routine and embark on a relaxing and adventurous day at sea with the famous Dolphin House Hurghada trip! Cruise along the sparkling Red Sea, soak up the sun, and experience unforgettable moments with dolphins and vibrant marine life. [&hellip;]<\/p>\n","protected":false},"featured_media":9553,"comment_status":"open","ping_status":"closed","template":"","meta":{"_monsterinsights_skip_tracking":false,"_monsterinsights_sitenote_active":false,"_monsterinsights_sitenote_note":"","_monsterinsights_sitenote_category":0,"_mbp_gutenberg_autopost":false},"product_brand":[],"product_cat":[78,60],"product_tag":[],"class_list":{"0":"post-9433","1":"product","2":"type-product","3":"status-publish","4":"has-post-thumbnail","6":"product_cat-red","7":"product_cat-sea","9":"first","10":"instock","11":"shipping-taxable","12":"purchasable","13":"product-type-ovabrw_car_rental"},"_links":{"self":[{"href":"https:\/\/redsea-dream-tours.net\/pl\/wp-json\/wp\/v2\/product\/9433","targetHints":{"allow":["GET"]}}],"collection":[{"href":"https:\/\/redsea-dream-tours.net\/pl\/wp-json\/wp\/v2\/product"}],"about":[{"href":"https:\/\/redsea-dream-tours.net\/pl\/wp-json\/wp\/v2\/types\/product"}],"replies":[{"embeddable":true,"href":"https:\/\/redsea-dream-tours.net\/pl\/wp-json\/wp\/v2\/comments?post=9433"}],"wp:featuredmedia":[{"embeddable":true,"href":"https:\/\/redsea-dream-tours.net\/pl\/wp-json\/wp\/v2\/media\/9553"}],"wp:attachment":[{"href":"https:\/\/redsea-dream-tours.net\/pl\/wp-json\/wp\/v2\/media?parent=9433"}],"wp:term":[{"taxonomy":"product_brand","embeddable":true,"href":"https:\/\/redsea-dream-tours.net\/pl\/wp-json\/wp\/v2\/product_brand?post=9433"},{"taxonomy":"product_cat","embeddable":true,"href":"https:\/\/redsea-dream-tours.net\/pl\/wp-json\/wp\/v2\/product_cat?post=9433"},{"taxonomy":"product_tag","embeddable":true,"href":"https:\/\/redsea-dream-tours.net\/pl\/wp-json\/wp\/v2\/product_tag?post=9433"}],"curies":[{"name":"wp","href":"https:\/\/api.w.org\/{rel}","templated":true}]}}