{"id":9438,"date":"2026-03-01T20:19:58","date_gmt":"2026-03-01T20:19:58","guid":{"rendered":"https:\/\/redsea-dream-tours.net\/?post_type=product&#038;p=9438"},"modified":"2026-03-01T20:21:29","modified_gmt":"2026-03-01T20:21:29","slug":"royal-sea-scope-underwater-views-marine-life","status":"publish","type":"product","link":"https:\/\/redsea-dream-tours.net\/pl\/produkt\/royal-sea-scope-underwater-views-marine-life\/","title":{"rendered":"Royal Sea Scope: Underwater Views &#038; Marine Life"},"content":{"rendered":"<p data-start=\"78\" data-end=\"144\"><strong data-start=\"78\" data-end=\"142\">\ud83c\udf0a Discover the Wonders of the Red Sea with Royal Sea Scope!<\/strong><\/p>\n<p data-start=\"146\" data-end=\"493\">Step aboard the <strong data-start=\"162\" data-end=\"199\">Royal Sea Scope semi-submarine \ud83d\udea2<\/strong>, featuring a <strong data-start=\"213\" data-end=\"252\">panoramic underwater glass cabin \ud83e\ude9f<\/strong>, and get ready for an unforgettable journey beneath the waves! Marvel at the <strong data-start=\"330\" data-end=\"411\">vibrant coral reefs \ud83e\udeb8, colorful fish \ud83d\udc20, and fascinating marine creatures \ud83d\udc22<\/strong> that make the Red Sea one of the world\u2019s most spectacular underwater treasures.<\/p>\n<p data-start=\"495\" data-end=\"530\"><strong data-start=\"495\" data-end=\"528\">\u2728 Why Choose Royal Sea Scope?<\/strong><\/p>\n<ul data-start=\"531\" data-end=\"842\">\n<li data-start=\"531\" data-end=\"616\">\n<p data-start=\"533\" data-end=\"616\"><strong data-start=\"533\" data-end=\"578\">Underwater viewing without getting wet \ud83d\udca6<\/strong> \u2013 stay comfortable while exploring.<\/p>\n<\/li>\n<li data-start=\"617\" data-end=\"693\">\n<p data-start=\"619\" data-end=\"693\"><strong data-start=\"619\" data-end=\"657\">Crystal-clear panoramic windows \ud83c\udf10<\/strong> for the best view of marine life.<\/p>\n<\/li>\n<li data-start=\"694\" data-end=\"765\">\n<p data-start=\"696\" data-end=\"765\"><strong data-start=\"696\" data-end=\"725\">Fully equipped and safe \u2693<\/strong> for a relaxing, worry-free adventure.<\/p>\n<\/li>\n<li data-start=\"766\" data-end=\"842\">\n<p data-start=\"768\" data-end=\"842\"><strong data-start=\"768\" data-end=\"840\">Perfect for families \ud83d\udc68\u200d\ud83d\udc69\u200d\ud83d\udc67\u200d\ud83d\udc66, couples \u2764\ufe0f, and groups of friends!<\/strong><\/p>\n<\/li>\n<\/ul>\n<p data-start=\"844\" data-end=\"1083\">This is not just a trip \u2013 it\u2019s a <strong data-start=\"877\" data-end=\"910\">once-in-a-lifetime experience<\/strong> to witness the magic of the Red Sea like never before. Sit back, relax, and let the <strong data-start=\"995\" data-end=\"1014\">Royal Sea Scope<\/strong> take you on a journey through <strong data-start=\"1045\" data-end=\"1080\">nature\u2019s underwater paradise \ud83c\udf05<\/strong>.<\/p>\n<p data-start=\"41\" data-end=\"65\">\ud83e\udd11 <strong data-start=\"44\" data-end=\"63\">Cena aktywno\u015bci:<\/strong><\/p>\n<ul data-start=\"66\" data-end=\"137\" data-is-only-node=\"\">\n<li data-start=\"66\" data-end=\"81\">\n<p data-start=\"68\" data-end=\"81\">Adults:\u00a0 \u00a0 \u00a0 \u00a0 \u00a0 \u00a0 \u00a0 \u00a0 \u00a018 \u20ac<\/p>\n<\/li>\n<li data-start=\"82\" data-end=\"103\">\n<p data-start=\"84\" data-end=\"103\">Ages 5 to 11:\u00a0 \u00a0 \u00a0 \u00a0 10 \u20ac<\/p>\n<\/li>\n<li data-start=\"104\" data-end=\"137\">\n<p data-start=\"106\" data-end=\"137\">Under 5 years: Free<\/p>\n<\/li>\n<\/ul>\n<h3 data-start=\"2198\" data-end=\"2225\"><strong data-start=\"2205\" data-end=\"2223\">P\u0142atno\u015b\u0107 w USD ($ \ud83c\uddfa\ud83c\uddf8) zamiast EUR (\u20ac \ud83c\uddea\ud83c\uddfa) jest dost\u0119pna zgodnie z dziennym kursem wymiany banku.<\/strong><\/h3>\n<p><strong>Ksi\u0105\u017cka przez WhatsApp:<\/strong><\/p>\n<p><a href=\"https:\/\/wa.me\/201021058859\" target=\"_blank\" rel=\"noopener\">\u00a0<img decoding=\"async\" class=\"alignnone wp-image-2058\" src=\"https:\/\/poehalisnamiegypt.com\/wp-content\/uploads\/2024\/02\/pngwing.com_-300x300.png\" sizes=\"auto, (max-width: 35px) 100vw, 35px\" srcset=\"https:\/\/poehalisnamiegypt.com\/wp-content\/uploads\/2024\/02\/pngwing.com_-300x300.png 300w, https:\/\/poehalisnamiegypt.com\/wp-content\/uploads\/2024\/02\/pngwing.com_-150x150.png 150w, https:\/\/poehalisnamiegypt.com\/wp-content\/uploads\/2024\/02\/pngwing.com_.png 584w\" alt=\"\" width=\"53\" height=\"53\" \/><\/a><\/p>\n<p>&nbsp;<\/p>\n<div id=\"gtx-trans\" style=\"position: absolute; left: 279px; top: 1.2px;\">\n<div class=\"gtx-trans-icon\"><\/div>\n<\/div>\n<div id=\"gtx-trans\" style=\"position: absolute; left: 279px; top: 1.2px;\">\n<div class=\"gtx-trans-icon\"><\/div>\n<\/div>","protected":false},"excerpt":{"rendered":"<p>\ud83c\udf0a Discover the Wonders of the Red Sea with Royal Sea Scope! Step aboard the Royal Sea Scope semi-submarine \ud83d\udea2, featuring a panoramic underwater glass cabin \ud83e\ude9f, and get ready for an unforgettable journey beneath the waves! Marvel at the vibrant coral reefs \ud83e\udeb8, colorful fish \ud83d\udc20, and fascinating marine creatures \ud83d\udc22 that make the [&hellip;]<\/p>\n","protected":false},"featured_media":9593,"comment_status":"open","ping_status":"closed","template":"","meta":{"_monsterinsights_skip_tracking":false,"_monsterinsights_sitenote_active":false,"_monsterinsights_sitenote_note":"","_monsterinsights_sitenote_category":0,"_mbp_gutenberg_autopost":false},"product_brand":[],"product_cat":[61],"product_tag":[],"class_list":{"0":"post-9438","1":"product","2":"type-product","3":"status-publish","4":"has-post-thumbnail","6":"product_cat-entertaining","8":"first","9":"instock","10":"shipping-taxable","11":"purchasable","12":"product-type-ovabrw_car_rental"},"_links":{"self":[{"href":"https:\/\/redsea-dream-tours.net\/pl\/wp-json\/wp\/v2\/product\/9438","targetHints":{"allow":["GET"]}}],"collection":[{"href":"https:\/\/redsea-dream-tours.net\/pl\/wp-json\/wp\/v2\/product"}],"about":[{"href":"https:\/\/redsea-dream-tours.net\/pl\/wp-json\/wp\/v2\/types\/product"}],"replies":[{"embeddable":true,"href":"https:\/\/redsea-dream-tours.net\/pl\/wp-json\/wp\/v2\/comments?post=9438"}],"wp:featuredmedia":[{"embeddable":true,"href":"https:\/\/redsea-dream-tours.net\/pl\/wp-json\/wp\/v2\/media\/9593"}],"wp:attachment":[{"href":"https:\/\/redsea-dream-tours.net\/pl\/wp-json\/wp\/v2\/media?parent=9438"}],"wp:term":[{"taxonomy":"product_brand","embeddable":true,"href":"https:\/\/redsea-dream-tours.net\/pl\/wp-json\/wp\/v2\/product_brand?post=9438"},{"taxonomy":"product_cat","embeddable":true,"href":"https:\/\/redsea-dream-tours.net\/pl\/wp-json\/wp\/v2\/product_cat?post=9438"},{"taxonomy":"product_tag","embeddable":true,"href":"https:\/\/redsea-dream-tours.net\/pl\/wp-json\/wp\/v2\/product_tag?post=9438"}],"curies":[{"name":"wp","href":"https:\/\/api.w.org\/{rel}","templated":true}]}}