{"id":9441,"date":"2026-03-01T20:19:58","date_gmt":"2026-03-01T20:19:58","guid":{"rendered":"https:\/\/redsea-dream-tours.net\/?post_type=product&#038;p=9441"},"modified":"2026-03-01T20:21:48","modified_gmt":"2026-03-01T20:21:48","slug":"makadi-water-world-slides-fun-family-adventure","status":"publish","type":"product","link":"https:\/\/redsea-dream-tours.net\/pl\/produkt\/makadi-water-world-slides-fun-family-adventure\/","title":{"rendered":"Wodny \u015bwiat Makadi: Zje\u017cd\u017calnie, zabawa i rodzinna przygoda"},"content":{"rendered":"<p data-start=\"78\" data-end=\"131\"><strong data-start=\"78\" data-end=\"129\">\ud83d\udca6 Dive into Endless Fun at Makadi Water World!<\/strong><\/p>\n<p data-start=\"133\" data-end=\"397\">Welcome to <strong data-start=\"144\" data-end=\"176\">Egypt\u2019s largest aqua park \ud83c\udf34<\/strong>, where adventure and excitement await the whole family! <strong data-start=\"233\" data-end=\"255\">Makadi Water World<\/strong> is a true paradise for water lovers, featuring an incredible <strong data-start=\"317\" data-end=\"343\">50 thrilling slides \ud83c\udfa2<\/strong> designed to keep everyone entertained all day long.<\/p>\n<p data-start=\"399\" data-end=\"440\"><strong data-start=\"399\" data-end=\"438\">\u2728 Highlights of Makadi Water World:<\/strong><\/p>\n<ul data-start=\"441\" data-end=\"686\">\n<li data-start=\"441\" data-end=\"537\">\n<p data-start=\"443\" data-end=\"537\"><strong data-start=\"443\" data-end=\"482\">25 exciting slides for adults \ud83c\udfc4\u200d\u2642\ufe0f<\/strong> \u2013 from high-speed rides to adrenaline-packed twists!<\/p>\n<\/li>\n<li data-start=\"538\" data-end=\"619\">\n<p data-start=\"540\" data-end=\"619\"><strong data-start=\"540\" data-end=\"582\">25 fun-filled slides for children \ud83d\udc67\ud83e\uddd2<\/strong> \u2013 safe, colorful, and full of joy!<\/p>\n<\/li>\n<li data-start=\"620\" data-end=\"686\">\n<p data-start=\"622\" data-end=\"686\">Doskona\u0142e po\u0142\u0105czenie <strong data-start=\"639\" data-end=\"683\">family fun, relaxation, and adventure \ud83c\udf1e<\/strong>.<\/p>\n<\/li>\n<\/ul>\n<div class=\"st-highlight\">\n<h2 class=\"st-heading-section\">Program<\/h2>\n<ul>\n<li><img decoding=\"async\" class=\"emoji\" role=\"img\" draggable=\"false\" src=\"https:\/\/s.w.org\/images\/core\/emoji\/16.0.1\/svg\/1f559.svg\" alt=\"\ud83d\udd59\" \/>\u00a0D\u00e9part : vers 10h00 (approximatif)<\/li>\n<li><img decoding=\"async\" class=\"emoji\" role=\"img\" draggable=\"false\" src=\"https:\/\/s.w.org\/images\/core\/emoji\/16.0.1\/svg\/1f55f.svg\" alt=\"\ud83d\udd5f\" \/>\u00a0Retour : vers 16h30 (approximatif)<\/li>\n<\/ul>\n<\/div>\n<div class=\"accordion-item\">\n<h2 class=\"st-heading-section\">Dost\u0119pne opcje<\/h2>\n<div id=\"collapseInExClude\" class=\"accordion-collapse collapse show\" aria-labelledby=\"headingInExClude\" data-bs-parent=\"#headingInExClude\">\n<div class=\"accordion-body\">\n<div class=\"row\">\n<div class=\"col-lg-6\">\n<ul class=\"include\">\n<li><i class=\"input-icon st-border-radius field-icon fa\"><\/i>Acc\u00e8s illimit\u00e9 \u00e0 tous les toboggans &amp; zones du parc<\/li>\n<li><i class=\"input-icon st-border-radius field-icon fa\"><\/i>D\u00e9jeuner snack\u00a0<img decoding=\"async\" class=\"emoji\" role=\"img\" draggable=\"false\" src=\"https:\/\/s.w.org\/images\/core\/emoji\/16.0.1\/svg\/1f354.svg\" alt=\"\ud83c\udf54\" \/><\/li>\n<li><i class=\"input-icon st-border-radius field-icon fa\"><\/i>Boissons soft\u00a0<img decoding=\"async\" class=\"emoji\" role=\"img\" draggable=\"false\" src=\"https:\/\/s.w.org\/images\/core\/emoji\/16.0.1\/svg\/1f964.svg\" alt=\"\ud83e\udd64\" \/><\/li>\n<li><i class=\"input-icon st-border-radius field-icon fa\"><\/i>Transfert h\u00f4tel aller-retour\u00a0<img decoding=\"async\" class=\"emoji\" role=\"img\" draggable=\"false\" src=\"https:\/\/s.w.org\/images\/core\/emoji\/16.0.1\/svg\/1f690.svg\" alt=\"\ud83d\ude90\" \/><\/li>\n<\/ul>\n<\/div>\n<\/div>\n<\/div>\n<\/div>\n<\/div>\n<p data-start=\"688\" data-end=\"889\">Whether you\u2019re looking for <strong data-start=\"715\" data-end=\"741\">heart-pounding thrills<\/strong>, <strong data-start=\"743\" data-end=\"772\">gentle rides for the kids<\/strong>, or a <strong data-start=\"779\" data-end=\"814\">sun-soaked day by the pools \ud83c\udfd6\ufe0f<\/strong>, Makadi Water World guarantees an unforgettable experience for everyone!<\/p>\n<h3 data-start=\"2198\" data-end=\"2225\"><strong data-start=\"2205\" data-end=\"2223\">Cena wycieczki<\/strong><\/h3>\n<p data-start=\"2228\" data-end=\"2260\"><strong data-start=\"2233\" data-end=\"2258\">\u00a0 \u00a0<img decoding=\"async\" class=\"emoji\" role=\"img\" draggable=\"false\" src=\"https:\/\/s.w.org\/images\/core\/emoji\/16.0.1\/svg\/1f64e-1f3fb-200d-2642-fe0f.svg\" alt=\"\ud83d\ude4e\ud83c\udffb\u200d\u2642\ufe0f\" \/> 12 years and over\u00a0 65 \u20ac<\/strong><\/p>\n<p data-start=\"2228\" data-end=\"2260\"><strong data-start=\"2263\" data-end=\"2280\">\u00a0 \u00a0<img decoding=\"async\" class=\"emoji\" role=\"img\" draggable=\"false\" src=\"https:\/\/s.w.org\/images\/core\/emoji\/16.0.1\/svg\/1f9cd-1f3fb-200d-2640-fe0f.svg\" alt=\"\ud83e\uddcd\ud83c\udffb\u200d\u2640\ufe0f\" \/> 5\/11 years old\u00a0 \u00a0 \u00a0 \u00a0 \u00a035 \u20ac<\/strong><\/p>\n<p data-start=\"2228\" data-end=\"2260\"><strong data-start=\"2327\" data-end=\"2355\">\u00a0 \u00a0<img decoding=\"async\" class=\"emoji\" role=\"img\" draggable=\"false\" src=\"https:\/\/s.w.org\/images\/core\/emoji\/16.0.1\/svg\/1f47c-1f3fc.svg\" alt=\"\ud83d\udc7c\ud83c\udffc\" \/> -5 years old\u00a0 \u00a0 \u00a0 \u00a0 \u00a0 \u00a0 \u00a0Free<\/strong><\/p>\n<h3 data-start=\"2198\" data-end=\"2225\"><strong data-start=\"2205\" data-end=\"2223\">P\u0142atno\u015b\u0107 w USD ($ \ud83c\uddfa\ud83c\uddf8) zamiast EUR (\u20ac \ud83c\uddea\ud83c\uddfa) jest dost\u0119pna zgodnie z dziennym kursem wymiany banku.<\/strong><\/h3>\n<p><strong>Ksi\u0105\u017cka przez WhatsApp:<\/strong><\/p>\n<p><a href=\"https:\/\/wa.me\/201021058859\" target=\"_blank\" rel=\"noopener\">\u00a0<img decoding=\"async\" class=\"alignnone wp-image-2058\" src=\"https:\/\/poehalisnamiegypt.com\/wp-content\/uploads\/2024\/02\/pngwing.com_-300x300.png\" sizes=\"auto, (max-width: 35px) 100vw, 35px\" srcset=\"https:\/\/poehalisnamiegypt.com\/wp-content\/uploads\/2024\/02\/pngwing.com_-300x300.png 300w, https:\/\/poehalisnamiegypt.com\/wp-content\/uploads\/2024\/02\/pngwing.com_-150x150.png 150w, https:\/\/poehalisnamiegypt.com\/wp-content\/uploads\/2024\/02\/pngwing.com_.png 584w\" alt=\"\" width=\"53\" height=\"53\" \/><\/a><\/p>\n<p>&nbsp;<\/p>\n<div id=\"gtx-trans\" style=\"position: absolute; left: 251px; top: 1.2px;\">\n<div class=\"gtx-trans-icon\"><\/div>\n<\/div>","protected":false},"excerpt":{"rendered":"<p>\ud83d\udca6 Dive into Endless Fun at Makadi Water World! Welcome to Egypt\u2019s largest aqua park \ud83c\udf34, where adventure and excitement await the whole family! Makadi Water World is a true paradise for water lovers, featuring an incredible 50 thrilling slides \ud83c\udfa2 designed to keep everyone entertained all day long. \u2728 Highlights of Makadi Water World: [&hellip;]<\/p>\n","protected":false},"featured_media":9618,"comment_status":"open","ping_status":"closed","template":"","meta":{"_monsterinsights_skip_tracking":false,"_monsterinsights_sitenote_active":false,"_monsterinsights_sitenote_note":"","_monsterinsights_sitenote_category":0,"_mbp_gutenberg_autopost":false},"product_brand":[],"product_cat":[61],"product_tag":[],"class_list":{"0":"post-9441","1":"product","2":"type-product","3":"status-publish","4":"has-post-thumbnail","6":"product_cat-entertaining","8":"first","9":"instock","10":"shipping-taxable","11":"purchasable","12":"product-type-ovabrw_car_rental"},"_links":{"self":[{"href":"https:\/\/redsea-dream-tours.net\/pl\/wp-json\/wp\/v2\/product\/9441","targetHints":{"allow":["GET"]}}],"collection":[{"href":"https:\/\/redsea-dream-tours.net\/pl\/wp-json\/wp\/v2\/product"}],"about":[{"href":"https:\/\/redsea-dream-tours.net\/pl\/wp-json\/wp\/v2\/types\/product"}],"replies":[{"embeddable":true,"href":"https:\/\/redsea-dream-tours.net\/pl\/wp-json\/wp\/v2\/comments?post=9441"}],"wp:featuredmedia":[{"embeddable":true,"href":"https:\/\/redsea-dream-tours.net\/pl\/wp-json\/wp\/v2\/media\/9618"}],"wp:attachment":[{"href":"https:\/\/redsea-dream-tours.net\/pl\/wp-json\/wp\/v2\/media?parent=9441"}],"wp:term":[{"taxonomy":"product_brand","embeddable":true,"href":"https:\/\/redsea-dream-tours.net\/pl\/wp-json\/wp\/v2\/product_brand?post=9441"},{"taxonomy":"product_cat","embeddable":true,"href":"https:\/\/redsea-dream-tours.net\/pl\/wp-json\/wp\/v2\/product_cat?post=9441"},{"taxonomy":"product_tag","embeddable":true,"href":"https:\/\/redsea-dream-tours.net\/pl\/wp-json\/wp\/v2\/product_tag?post=9441"}],"curies":[{"name":"wp","href":"https:\/\/api.w.org\/{rel}","templated":true}]}}