{"id":9445,"date":"2026-03-01T20:19:59","date_gmt":"2026-03-01T20:19:59","guid":{"rendered":"https:\/\/redsea-dream-tours.net\/?post_type=product&#038;p=9445"},"modified":"2026-03-01T20:22:09","modified_gmt":"2026-03-01T20:22:09","slug":"spa-red-sea-relaxation-wellness-luxury","status":"publish","type":"product","link":"https:\/\/redsea-dream-tours.net\/pl\/produkt\/spa-red-sea-relaxation-wellness-luxury\/","title":{"rendered":"Spa Red Sea: Relaks, wellness i luksus"},"content":{"rendered":"<p data-start=\"94\" data-end=\"149\"><strong data-start=\"94\" data-end=\"147\">\ud83d\udc86\u200d\u2640\ufe0f Relaks, od\u015bwie\u017cenie i odm\u0142odzenie w Spa Red Sea!<\/strong><\/p>\n<p data-start=\"151\" data-end=\"472\">Ucieczka do \u015bwiata <strong data-start=\"174\" data-end=\"203\">spok\u00f3j i luksus \ud83c\udf34<\/strong> z naszym ekskluzywnym <strong data-start=\"223\" data-end=\"249\">Spa nad Morzem Czerwonym<\/strong> - idealne miejsce na relaks dla cia\u0142a, umys\u0142u i duszy. Po\u0142o\u017cony wzd\u0142u\u017c pi\u0119knej <strong data-start=\"336\" data-end=\"356\">Wybrze\u017ce Morza Czerwonego \ud83c\udf0a<\/strong>, To spa \u0142\u0105czy koj\u0105c\u0105 moc natury z profesjonalnymi zabiegami, aby zapewni\u0107 Ci najlepsz\u0105 podr\u00f3\u017c wellness.<\/p>\n<p data-start=\"474\" data-end=\"513\"><strong data-start=\"474\" data-end=\"511\">\u2728 Co czeka na Ciebie w Spa Red Sea?<\/strong><\/p>\n<ul data-start=\"514\" data-end=\"892\">\n<li data-start=\"514\" data-end=\"588\">\n<p data-start=\"516\" data-end=\"588\"><strong data-start=\"516\" data-end=\"541\">Masa\u017ce ca\u0142ego cia\u0142a \ud83d\udc50<\/strong> - od g\u0142\u0119bokiego masa\u017cu tkanek po relaksuj\u0105c\u0105 aromaterapi\u0119.<\/p>\n<\/li>\n<li data-start=\"589\" data-end=\"652\">\n<p data-start=\"591\" data-end=\"652\"><strong data-start=\"591\" data-end=\"618\">Rewitalizuj\u0105ce zabiegi na twarz \ud83c\udf38<\/strong> - aby przywr\u00f3ci\u0107 naturalny blask.<\/p>\n<\/li>\n<li data-start=\"653\" data-end=\"723\">\n<p data-start=\"655\" data-end=\"723\"><strong data-start=\"655\" data-end=\"682\">\u0141a\u017anie parowe i sauny \u2668\ufe0f<\/strong> - detoksykacja i relaks w czystym komforcie.<\/p>\n<\/li>\n<li data-start=\"724\" data-end=\"804\">\n<p data-start=\"726\" data-end=\"804\"><strong data-start=\"726\" data-end=\"756\">Luksusowe wanny z hydromasa\u017cem i baseny \ud83d\udec1<\/strong> - Rozpu\u015b\u0107 stres, zanurzaj\u0105c si\u0119 w spokoju.<\/p>\n<\/li>\n<li data-start=\"805\" data-end=\"892\">\n<p data-start=\"807\" data-end=\"892\"><strong data-start=\"807\" data-end=\"850\">Pakiety dla par i rodzinne \u2764\ufe0f\ud83d\udc68\u200d\ud83d\udc69\u200d\ud83d\udc67\u200d\ud83d\udc66<\/strong> - Idealny na wsp\u00f3ln\u0105 ucieczk\u0119 wellness.<\/p>\n<\/li>\n<\/ul>\n<p data-start=\"894\" data-end=\"926\"><strong data-start=\"894\" data-end=\"924\">Dlaczego warto wybra\u0107 Spa Red Sea?<\/strong><\/p>\n<ul data-start=\"927\" data-end=\"1143\">\n<li data-start=\"927\" data-end=\"977\">\n<p data-start=\"929\" data-end=\"977\">Do\u015bwiadczeni terapeuci z profesjonaln\u0105 opiek\u0105 \ud83e\uddd6\u200d\u2640\ufe0f<\/p>\n<\/li>\n<li data-start=\"978\" data-end=\"1016\">\n<p data-start=\"980\" data-end=\"1016\">Najwy\u017cszej jako\u015bci naturalne oleje i produkty \ud83c\udf3f<\/p>\n<\/li>\n<li data-start=\"1017\" data-end=\"1067\">\n<p data-start=\"1019\" data-end=\"1067\">Uspokajaj\u0105ca atmosfera przeznaczona do relaksu \ud83d\udd6f\ufe0f<\/p>\n<\/li>\n<li data-start=\"1068\" data-end=\"1143\">\n<p data-start=\"1070\" data-end=\"1143\">Zabiegi dostosowane do ka\u017cdej potrzeby - od \u0142agodzenia stresu po odnow\u0119 sk\u00f3ry<\/p>\n<\/li>\n<\/ul>\n<p data-start=\"1145\" data-end=\"1231\"><strong data-start=\"1145\" data-end=\"1168\">Dost\u0119pne codziennie:<\/strong> Od rana do wieczora - wybierz czas, kt\u00f3ry odpowiada Twojemu rytmowi!<\/p>\n<p data-start=\"1233\" data-end=\"1339\">Zanurz si\u0119 w <strong data-start=\"1248\" data-end=\"1280\">uzdrawiaj\u0105cy dotyk Morza Czerwonego<\/strong> i pozostawi\u0107 uczucie <strong data-start=\"1299\" data-end=\"1336\">na\u0142adowany, promienny i odnowiony \u2728<\/strong>.<\/p>\n<p data-start=\"1233\" data-end=\"1339\"><strong data-start=\"1253\" data-end=\"1276\">Ceny aktywno\u015bci:<\/strong><\/p>\n<p data-start=\"1233\" data-end=\"1339\"><strong data-start=\"1253\" data-end=\"1276\">\u00a0 .\u00a0 \u00a0 \u00a0 \u00a0 \u00a0 \u00a0 \u00a0 23 \u20ac\u00a0<\/strong><\/p>\n<h3 data-start=\"2198\" data-end=\"2225\"><strong data-start=\"2205\" data-end=\"2223\">P\u0142atno\u015b\u0107 w USD ($ \ud83c\uddfa\ud83c\uddf8) zamiast EUR (\u20ac \ud83c\uddea\ud83c\uddfa) jest dost\u0119pna zgodnie z dziennym kursem wymiany banku.<\/strong><\/h3>\n<p><strong>Ksi\u0105\u017cka przez WhatsApp:<\/strong><\/p>\n<p><a href=\"https:\/\/wa.me\/201021058859\" target=\"_blank\" rel=\"noopener\">\u00a0<img decoding=\"async\" class=\"alignnone wp-image-2058\" src=\"https:\/\/poehalisnamiegypt.com\/wp-content\/uploads\/2024\/02\/pngwing.com_-300x300.png\" sizes=\"auto, (max-width: 35px) 100vw, 35px\" srcset=\"https:\/\/poehalisnamiegypt.com\/wp-content\/uploads\/2024\/02\/pngwing.com_-300x300.png 300w, https:\/\/poehalisnamiegypt.com\/wp-content\/uploads\/2024\/02\/pngwing.com_-150x150.png 150w, https:\/\/poehalisnamiegypt.com\/wp-content\/uploads\/2024\/02\/pngwing.com_.png 584w\" alt=\"\" width=\"53\" height=\"53\" \/><\/a><\/p>\n<p>&nbsp;<\/p>","protected":false},"excerpt":{"rendered":"<p>\ud83d\udc86\u200d\u2640\ufe0f Relax, Refresh &amp; Rejuvenate at Spa Red Sea! Escape into a world of tranquility and luxury \ud83c\udf34 with our exclusive Spa Red Sea experience \u2013 the perfect retreat to relax your body, mind, and soul. Nestled along the beautiful Red Sea coast \ud83c\udf0a, this spa combines the soothing power of nature with expert treatments [&hellip;]<\/p>\n","protected":false},"featured_media":9647,"comment_status":"open","ping_status":"closed","template":"","meta":{"_monsterinsights_skip_tracking":false,"_monsterinsights_sitenote_active":false,"_monsterinsights_sitenote_note":"","_monsterinsights_sitenote_category":0,"_mbp_gutenberg_autopost":false},"product_brand":[],"product_cat":[61],"product_tag":[],"class_list":{"0":"post-9445","1":"product","2":"type-product","3":"status-publish","4":"has-post-thumbnail","6":"product_cat-entertaining","8":"first","9":"instock","10":"shipping-taxable","11":"purchasable","12":"product-type-ovabrw_car_rental"},"_links":{"self":[{"href":"https:\/\/redsea-dream-tours.net\/pl\/wp-json\/wp\/v2\/product\/9445","targetHints":{"allow":["GET"]}}],"collection":[{"href":"https:\/\/redsea-dream-tours.net\/pl\/wp-json\/wp\/v2\/product"}],"about":[{"href":"https:\/\/redsea-dream-tours.net\/pl\/wp-json\/wp\/v2\/types\/product"}],"replies":[{"embeddable":true,"href":"https:\/\/redsea-dream-tours.net\/pl\/wp-json\/wp\/v2\/comments?post=9445"}],"wp:featuredmedia":[{"embeddable":true,"href":"https:\/\/redsea-dream-tours.net\/pl\/wp-json\/wp\/v2\/media\/9647"}],"wp:attachment":[{"href":"https:\/\/redsea-dream-tours.net\/pl\/wp-json\/wp\/v2\/media?parent=9445"}],"wp:term":[{"taxonomy":"product_brand","embeddable":true,"href":"https:\/\/redsea-dream-tours.net\/pl\/wp-json\/wp\/v2\/product_brand?post=9445"},{"taxonomy":"product_cat","embeddable":true,"href":"https:\/\/redsea-dream-tours.net\/pl\/wp-json\/wp\/v2\/product_cat?post=9445"},{"taxonomy":"product_tag","embeddable":true,"href":"https:\/\/redsea-dream-tours.net\/pl\/wp-json\/wp\/v2\/product_tag?post=9445"}],"curies":[{"name":"wp","href":"https:\/\/api.w.org\/{rel}","templated":true}]}}