{"id":9525,"date":"2026-03-01T20:20:44","date_gmt":"2026-03-01T20:20:44","guid":{"rendered":"https:\/\/redsea-dream-tours.net\/?post_type=product&#038;p=9525"},"modified":"2026-03-01T20:23:00","modified_gmt":"2026-03-01T20:23:00","slug":"luxor-to-aswan-transfer-hiace-car","status":"publish","type":"product","link":"https:\/\/redsea-dream-tours.net\/pl\/produkt\/luxor-to-aswan-transfer-hiace-car\/","title":{"rendered":"Transfer z Luksoru do Asuanu samochodem Hiace"},"content":{"rendered":"<h3 data-start=\"138\" data-end=\"196\">Transfer z Luksoru do Asuanu samochodem Hiace<\/h3>\n<p data-start=\"198\" data-end=\"487\">Ciesz si\u0119 <strong data-start=\"206\" data-end=\"252\">wygodna, bezpieczna i bezproblemowa podr\u00f3\u017c<\/strong> z <strong data-start=\"258\" data-end=\"276\">Z Luksoru do Asuanu<\/strong> z naszym prywatnym <strong data-start=\"294\" data-end=\"331\">Us\u0142uga transferu samochodu Toyota Hiace<\/strong>. Niezale\u017cnie od tego, czy kontynuujesz <strong data-start=\"364\" data-end=\"389\">Przygoda podczas rejsu po Nilu<\/strong>, odkrywanie <strong data-start=\"401\" data-end=\"415\">Abu Simbel<\/strong>, lub udaj\u0105c si\u0119 do hotelu, sprawimy, \u017ce podr\u00f3\u017c b\u0119dzie bezproblemowa i relaksuj\u0105ca.<\/p>\n<h4 data-start=\"489\" data-end=\"511\">\u0141atwy odbi\u00f3r<\/h4>\n<ul data-start=\"512\" data-end=\"663\">\n<li data-start=\"512\" data-end=\"608\">\n<p data-start=\"514\" data-end=\"608\">\ud83c\udfe8 <strong data-start=\"517\" data-end=\"541\">Us\u0142uga \"od drzwi do drzwi<\/strong> - odbi\u00f3r z hotelu, statku wycieczkowego lub dowolnej lokalizacji w Luksorze<\/p>\n<\/li>\n<li data-start=\"609\" data-end=\"663\">\n<p data-start=\"611\" data-end=\"663\">\u23f0 <strong data-start=\"613\" data-end=\"641\">Elastyczne godziny odlot\u00f3w<\/strong> aby dopasowa\u0107 si\u0119 do Twoich plan\u00f3w<\/p>\n<\/li>\n<\/ul>\n<h4 data-start=\"665\" data-end=\"700\">Wygodna i nowoczesna jazda<\/h4>\n<p data-start=\"701\" data-end=\"763\">Nasz wysokiej klasy van Hiace zosta\u0142 zaprojektowany z my\u015bl\u0105 o komforcie na d\u0142ugich dystansach:<\/p>\n<ul data-start=\"764\" data-end=\"921\">\n<li data-start=\"764\" data-end=\"815\">\n<p data-start=\"766\" data-end=\"815\">\ud83e\ude91 <strong data-start=\"769\" data-end=\"813\">Przestronne siedzenia dla maksymalnie 10 pasa\u017cer\u00f3w<\/strong><\/p>\n<\/li>\n<li data-start=\"816\" data-end=\"872\">\n<p data-start=\"818\" data-end=\"872\">\u2744\ufe0f <strong data-start=\"821\" data-end=\"870\">Klimatyzacja zapewniaj\u0105ca ch\u0142odn\u0105 i przyjemn\u0105 jazd\u0119<\/strong><\/p>\n<\/li>\n<li data-start=\"873\" data-end=\"921\">\n<p data-start=\"875\" data-end=\"921\">Du\u017cy <strong data-start=\"884\" data-end=\"901\">przestrze\u0144 baga\u017cowa<\/strong> dla wszystkich toreb<\/p>\n<\/li>\n<\/ul>\n<h4 data-start=\"923\" data-end=\"957\">\ud83d\udee3\ufe0f Scenic Route Experience<\/h4>\n<p data-start=\"958\" data-end=\"1035\">Podr\u00f3\u017c przez <strong data-start=\"977\" data-end=\"1014\">Dolina Nilu i pustynne krajobrazy<\/strong>, z opcjami dla:<\/p>\n<ul data-start=\"1036\" data-end=\"1116\">\n<li data-start=\"1036\" data-end=\"1069\">\n<p data-start=\"1038\" data-end=\"1069\">Przystanki na napoje i przek\u0105ski<\/p>\n<\/li>\n<li data-start=\"1070\" data-end=\"1116\">\n<p data-start=\"1072\" data-end=\"1116\">Kr\u00f3tkie okazje do zrobienia zdj\u0119\u0107 po drodze<\/p>\n<\/li>\n<\/ul>\n<h4 data-start=\"1118\" data-end=\"1162\">\ud83e\uddd1\u200d\u2708\ufe0f Niezawodna i profesjonalna obs\u0142uga<\/h4>\n<ul data-start=\"1163\" data-end=\"1265\">\n<li data-start=\"1163\" data-end=\"1221\">\n<p data-start=\"1165\" data-end=\"1221\">\ud83d\udc68\u200d\u2708\ufe0f Do\u015bwiadczony, uprzejmy i <strong data-start=\"1199\" data-end=\"1219\">licencjonowani kierowcy<\/strong><\/p>\n<\/li>\n<li data-start=\"1222\" data-end=\"1265\">\n<p data-start=\"1224\" data-end=\"1265\">\ud83d\udee1\ufe0f Skup si\u0119 na <strong data-start=\"1237\" data-end=\"1263\">bezpiecze\u0144stwo i punktualno\u015b\u0107<\/strong><\/p>\n<\/li>\n<\/ul>\n<h4 data-start=\"1267\" data-end=\"1292\">P\u0142ynny spadek wydajno\u015bci<\/h4>\n<p data-start=\"1293\" data-end=\"1431\">Przyjazd bezpo\u015brednio do <strong data-start=\"1317\" data-end=\"1374\">hotel, port wycieczkowy lub preferowane miejsce docelowe w Asuanie<\/strong> - zrelaksowany i gotowy na kolejn\u0105 cz\u0119\u015b\u0107 podr\u00f3\u017cy.<\/p>\n<h3 data-start=\"2198\" data-end=\"2225\"><strong data-start=\"2205\" data-end=\"2223\">P\u0142atno\u015b\u0107 w USD ($ \ud83c\uddfa\ud83c\uddf8) zamiast EUR (\u20ac \ud83c\uddea\ud83c\uddfa) jest dost\u0119pna zgodnie z dziennym kursem wymiany banku.<\/strong><\/h3>\n<p><strong>Ksi\u0105\u017cka przez WhatsApp:<\/strong><\/p>\n<p><a href=\"https:\/\/wa.me\/201021058859\" target=\"_blank\" rel=\"noopener\">\u00a0<img decoding=\"async\" class=\"alignnone wp-image-2058\" src=\"https:\/\/poehalisnamiegypt.com\/wp-content\/uploads\/2024\/02\/pngwing.com_-300x300.png\" sizes=\"auto, (max-width: 35px) 100vw, 35px\" srcset=\"https:\/\/poehalisnamiegypt.com\/wp-content\/uploads\/2024\/02\/pngwing.com_-300x300.png 300w, https:\/\/poehalisnamiegypt.com\/wp-content\/uploads\/2024\/02\/pngwing.com_-150x150.png 150w, https:\/\/poehalisnamiegypt.com\/wp-content\/uploads\/2024\/02\/pngwing.com_.png 584w\" alt=\"\" width=\"53\" height=\"53\" \/><\/a><\/p>\n<p>&nbsp;<\/p>","protected":false},"excerpt":{"rendered":"<p>\ud83d\ude90 Transfer from Luxor to Aswan by Hiace Car Enjoy a comfortable, safe, and hassle-free journey from Luxor to Aswan with our private Toyota Hiace car transfer service. Whether you\u2019re continuing your Nile cruise adventure, exploring Abu Simbel, or heading to your hotel, we make your travel seamless and relaxing. \ud83c\udfc1 Easy Pick-Up \ud83c\udfe8 Door-to-door [&hellip;]<\/p>\n","protected":false},"featured_media":9730,"comment_status":"open","ping_status":"closed","template":"","meta":{"_monsterinsights_skip_tracking":false,"_monsterinsights_sitenote_active":false,"_monsterinsights_sitenote_note":"","_monsterinsights_sitenote_category":0,"_mbp_gutenberg_autopost":false},"product_brand":[],"product_cat":[63],"product_tag":[],"class_list":{"0":"post-9525","1":"product","2":"type-product","3":"status-publish","4":"has-post-thumbnail","6":"product_cat-transfer","8":"first","9":"instock","10":"shipping-taxable","11":"purchasable","12":"product-type-ovabrw_car_rental"},"_links":{"self":[{"href":"https:\/\/redsea-dream-tours.net\/pl\/wp-json\/wp\/v2\/product\/9525","targetHints":{"allow":["GET"]}}],"collection":[{"href":"https:\/\/redsea-dream-tours.net\/pl\/wp-json\/wp\/v2\/product"}],"about":[{"href":"https:\/\/redsea-dream-tours.net\/pl\/wp-json\/wp\/v2\/types\/product"}],"replies":[{"embeddable":true,"href":"https:\/\/redsea-dream-tours.net\/pl\/wp-json\/wp\/v2\/comments?post=9525"}],"wp:featuredmedia":[{"embeddable":true,"href":"https:\/\/redsea-dream-tours.net\/pl\/wp-json\/wp\/v2\/media\/9730"}],"wp:attachment":[{"href":"https:\/\/redsea-dream-tours.net\/pl\/wp-json\/wp\/v2\/media?parent=9525"}],"wp:term":[{"taxonomy":"product_brand","embeddable":true,"href":"https:\/\/redsea-dream-tours.net\/pl\/wp-json\/wp\/v2\/product_brand?post=9525"},{"taxonomy":"product_cat","embeddable":true,"href":"https:\/\/redsea-dream-tours.net\/pl\/wp-json\/wp\/v2\/product_cat?post=9525"},{"taxonomy":"product_tag","embeddable":true,"href":"https:\/\/redsea-dream-tours.net\/pl\/wp-json\/wp\/v2\/product_tag?post=9525"}],"curies":[{"name":"wp","href":"https:\/\/api.w.org\/{rel}","templated":true}]}}