{"id":9569,"date":"2026-03-01T20:21:13","date_gmt":"2026-03-01T20:21:13","guid":{"rendered":"https:\/\/redsea-dream-tours.net\/?post_type=product&#038;p=9569"},"modified":"2026-03-22T18:43:00","modified_gmt":"2026-03-22T18:43:00","slug":"cairo-to-sharm-el-sheikh-transfer-hiace-car","status":"publish","type":"product","link":"https:\/\/redsea-dream-tours.net\/pl\/produkt\/cairo-to-sharm-el-sheikh-transfer-hiace-car\/","title":{"rendered":"Cairo to Sharm El Sheikh transfer Hiace car"},"content":{"rendered":"<h3 data-start=\"144\" data-end=\"212\">\ud83d\ude90 Private Transfer from Cairo to Sharm El Sheikh by Hiace Car<\/h3>\n<p data-start=\"214\" data-end=\"511\">Enjoy a <strong data-start=\"222\" data-end=\"264\">safe, comfortable, and private journey<\/strong> from <strong data-start=\"270\" data-end=\"298\">Cairo to Sharm El Sheikh<\/strong> with our modern <strong data-start=\"315\" data-end=\"348\">Toyota Hiace transfer service<\/strong>. Perfect for families, groups, or business travelers, this service ensures a <strong data-start=\"426\" data-end=\"472\">smooth ride across Egypt\u2019s scenic highways<\/strong> to the heart of the Red Sea Riviera.<\/p>\n<h4 data-start=\"513\" data-end=\"541\">\ud83c\udfc1 Convenient Pick-Up<\/h4>\n<ul data-start=\"542\" data-end=\"679\">\n<li data-start=\"542\" data-end=\"621\">\n<p data-start=\"544\" data-end=\"621\">\ud83c\udfe8 <strong data-start=\"547\" data-end=\"571\">Door-to-door service<\/strong> from your hotel, airport, or residence in Cairo<\/p>\n<\/li>\n<li data-start=\"622\" data-end=\"679\">\n<p data-start=\"624\" data-end=\"679\">\u23f0 <strong data-start=\"626\" data-end=\"654\">Flexible departure times<\/strong> to match your schedule<\/p>\n<\/li>\n<\/ul>\n<h4 data-start=\"681\" data-end=\"718\">\ud83d\ude98 Spacious &amp; Comfortable Ride<\/h4>\n<p data-start=\"719\" data-end=\"773\">Travel in comfort with our fully equipped Hiace van:<\/p>\n<ul data-start=\"774\" data-end=\"951\">\n<li data-start=\"774\" data-end=\"825\">\n<p data-start=\"776\" data-end=\"825\">\ud83e\ude91 <strong data-start=\"779\" data-end=\"823\">Spacious seating for up to 10 passengers<\/strong><\/p>\n<\/li>\n<li data-start=\"826\" data-end=\"893\">\n<p data-start=\"828\" data-end=\"893\">\u2744\ufe0f <strong data-start=\"831\" data-end=\"859\">Air-conditioned interior<\/strong> for a cool and pleasant journey<\/p>\n<\/li>\n<li data-start=\"894\" data-end=\"951\">\n<p data-start=\"896\" data-end=\"951\">\ud83d\udcbc <strong data-start=\"899\" data-end=\"925\">Generous luggage space<\/strong> for all your belongings<\/p>\n<\/li>\n<\/ul>\n<h4 data-start=\"953\" data-end=\"989\">\ud83d\udee3\ufe0f Scenic &amp; Relaxing Journey<\/h4>\n<p data-start=\"990\" data-end=\"1069\">Travel through <strong data-start=\"1005\" data-end=\"1041\">Egypt\u2019s desert and coastal roads<\/strong>, with optional stops for:<\/p>\n<ul data-start=\"1070\" data-end=\"1145\">\n<li data-start=\"1070\" data-end=\"1104\">\n<p data-start=\"1072\" data-end=\"1104\">\u2615 Refreshments and rest breaks<\/p>\n<\/li>\n<li data-start=\"1105\" data-end=\"1145\">\n<p data-start=\"1107\" data-end=\"1145\">\ud83d\udcf8 Photo opportunities along the way<\/p>\n<\/li>\n<\/ul>\n<h4 data-start=\"1147\" data-end=\"1191\">\ud83e\uddd1\u200d\u2708\ufe0f Professional &amp; Reliable Service<\/h4>\n<ul data-start=\"1192\" data-end=\"1344\">\n<li data-start=\"1192\" data-end=\"1267\">\n<p data-start=\"1194\" data-end=\"1267\">\ud83d\udc68\u200d\u2708\ufe0f <strong data-start=\"1200\" data-end=\"1233\">Licensed, experienced drivers<\/strong> ensuring safety and punctuality<\/p>\n<\/li>\n<li data-start=\"1268\" data-end=\"1344\">\n<p data-start=\"1270\" data-end=\"1344\">\ud83d\udee1\ufe0f Comfortable long-distance travel with <strong data-start=\"1312\" data-end=\"1342\">dedicated customer support<\/strong><\/p>\n<\/li>\n<\/ul>\n<h4 data-start=\"1346\" data-end=\"1389\">\ud83c\udfc1 Smooth Arrival in Sharm El Sheikh<\/h4>\n<p data-start=\"1390\" data-end=\"1520\">Arrive directly at your <strong data-start=\"1414\" data-end=\"1462\">hotel, resort, or airport in Sharm El Sheikh<\/strong>, ready to enjoy your vacation or continue your journey.<\/p>\n<h3 data-start=\"2198\" data-end=\"2225\"><strong data-start=\"2205\" data-end=\"2223\">P\u0142atno\u015b\u0107 w USD ($ \ud83c\uddfa\ud83c\uddf8) zamiast EUR (\u20ac \ud83c\uddea\ud83c\uddfa) jest dost\u0119pna zgodnie z dziennym kursem wymiany banku.<\/strong><\/h3>\n<p><strong>Ksi\u0105\u017cka przez WhatsApp:<\/strong><\/p>\n<p><a href=\"https:\/\/wa.me\/201021058859\" target=\"_blank\" rel=\"noopener\">\u00a0<img decoding=\"async\" class=\"alignnone wp-image-2058\" src=\"https:\/\/poehalisnamiegypt.com\/wp-content\/uploads\/2024\/02\/pngwing.com_-300x300.png\" sizes=\"auto, (max-width: 35px) 100vw, 35px\" srcset=\"https:\/\/poehalisnamiegypt.com\/wp-content\/uploads\/2024\/02\/pngwing.com_-300x300.png 300w, https:\/\/poehalisnamiegypt.com\/wp-content\/uploads\/2024\/02\/pngwing.com_-150x150.png 150w, https:\/\/poehalisnamiegypt.com\/wp-content\/uploads\/2024\/02\/pngwing.com_.png 584w\" alt=\"\" width=\"53\" height=\"53\" \/><\/a><\/p>\n<p>&nbsp;<\/p>","protected":false},"excerpt":{"rendered":"<p>\ud83d\ude90 Private Transfer from Cairo to Sharm El Sheikh by Hiace Car Enjoy a safe, comfortable, and private journey from Cairo to Sharm El Sheikh with our modern Toyota Hiace transfer service. Perfect for families, groups, or business travelers, this service ensures a smooth ride across Egypt\u2019s scenic highways to the heart of the Red [&hellip;]<\/p>\n","protected":false},"featured_media":9732,"comment_status":"open","ping_status":"closed","template":"","meta":{"_monsterinsights_skip_tracking":false,"_monsterinsights_sitenote_active":false,"_monsterinsights_sitenote_note":"","_monsterinsights_sitenote_category":0,"_mbp_gutenberg_autopost":false},"product_brand":[],"product_cat":[63],"product_tag":[],"class_list":{"0":"post-9569","1":"product","2":"type-product","3":"status-publish","4":"has-post-thumbnail","6":"product_cat-transfer","8":"first","9":"instock","10":"shipping-taxable","11":"purchasable","12":"product-type-ovabrw_car_rental"},"_links":{"self":[{"href":"https:\/\/redsea-dream-tours.net\/pl\/wp-json\/wp\/v2\/product\/9569","targetHints":{"allow":["GET"]}}],"collection":[{"href":"https:\/\/redsea-dream-tours.net\/pl\/wp-json\/wp\/v2\/product"}],"about":[{"href":"https:\/\/redsea-dream-tours.net\/pl\/wp-json\/wp\/v2\/types\/product"}],"replies":[{"embeddable":true,"href":"https:\/\/redsea-dream-tours.net\/pl\/wp-json\/wp\/v2\/comments?post=9569"}],"wp:featuredmedia":[{"embeddable":true,"href":"https:\/\/redsea-dream-tours.net\/pl\/wp-json\/wp\/v2\/media\/9732"}],"wp:attachment":[{"href":"https:\/\/redsea-dream-tours.net\/pl\/wp-json\/wp\/v2\/media?parent=9569"}],"wp:term":[{"taxonomy":"product_brand","embeddable":true,"href":"https:\/\/redsea-dream-tours.net\/pl\/wp-json\/wp\/v2\/product_brand?post=9569"},{"taxonomy":"product_cat","embeddable":true,"href":"https:\/\/redsea-dream-tours.net\/pl\/wp-json\/wp\/v2\/product_cat?post=9569"},{"taxonomy":"product_tag","embeddable":true,"href":"https:\/\/redsea-dream-tours.net\/pl\/wp-json\/wp\/v2\/product_tag?post=9569"}],"curies":[{"name":"wp","href":"https:\/\/api.w.org\/{rel}","templated":true}]}}