{"id":9570,"date":"2026-03-01T20:21:13","date_gmt":"2026-03-01T20:21:13","guid":{"rendered":"https:\/\/redsea-dream-tours.net\/?post_type=product&#038;p=9570"},"modified":"2026-03-01T20:23:03","modified_gmt":"2026-03-01T20:23:03","slug":"transfer-to-hurghada-luxor-hiace-car","status":"publish","type":"product","link":"https:\/\/redsea-dream-tours.net\/pl\/produkt\/transfer-to-hurghada-luxor-hiace-car\/","title":{"rendered":"Transfer to Hurghada Luxor Hiace car"},"content":{"rendered":"<h3 data-start=\"151\" data-end=\"212\">\ud83d\ude90 Private Transfer from Hurghada to Luxor by Hiace Car<\/h3>\n<p data-start=\"214\" data-end=\"518\">Travel in <strong data-start=\"224\" data-end=\"260\">comfort, safety, and convenience<\/strong> from <strong data-start=\"266\" data-end=\"287\">Hurghada to Luxor<\/strong> with our private <strong data-start=\"305\" data-end=\"338\">Toyota Hiace transfer service<\/strong>. Whether you\u2019re heading to explore the <strong data-start=\"378\" data-end=\"401\">Dolina Kr\u00f3l\u00f3w<\/strong>, embark on a <strong data-start=\"415\" data-end=\"430\">Nile cruise<\/strong>, or visit Luxor\u2019s world-famous temples, we ensure a <strong data-start=\"483\" data-end=\"515\">smooth and enjoyable journey<\/strong>.<\/p>\n<h4 data-start=\"520\" data-end=\"553\">\ud83c\udfc1 Easy &amp; Flexible Pick-Up<\/h4>\n<ul data-start=\"554\" data-end=\"701\">\n<li data-start=\"554\" data-end=\"635\">\n<p data-start=\"556\" data-end=\"635\">\ud83c\udfe8 <strong data-start=\"559\" data-end=\"583\">Door-to-door service<\/strong> from your hotel, resort, or residence in Hurghada<\/p>\n<\/li>\n<li data-start=\"636\" data-end=\"701\">\n<p data-start=\"638\" data-end=\"701\">\u23f0 <strong data-start=\"640\" data-end=\"668\">Flexible departure times<\/strong> according to your travel plans<\/p>\n<\/li>\n<\/ul>\n<h4 data-start=\"703\" data-end=\"740\">\ud83d\ude98 Comfortable &amp; Spacious Ride<\/h4>\n<p data-start=\"741\" data-end=\"807\">Our Hiace van is perfect for families, groups, or small parties:<\/p>\n<ul data-start=\"808\" data-end=\"978\">\n<li data-start=\"808\" data-end=\"859\">\n<p data-start=\"810\" data-end=\"859\">\ud83e\ude91 <strong data-start=\"813\" data-end=\"857\">Spacious seating for up to 10 passengers<\/strong><\/p>\n<\/li>\n<li data-start=\"860\" data-end=\"924\">\n<p data-start=\"862\" data-end=\"924\">\u2744\ufe0f <strong data-start=\"865\" data-end=\"893\">Air-conditioned interior<\/strong> for a cool and pleasant trip<\/p>\n<\/li>\n<li data-start=\"925\" data-end=\"978\">\n<p data-start=\"927\" data-end=\"978\">\ud83d\udcbc <strong data-start=\"930\" data-end=\"956\">Large luggage capacity<\/strong> for your belongings<\/p>\n<\/li>\n<\/ul>\n<h4 data-start=\"980\" data-end=\"1018\">\ud83d\udee3\ufe0f Scenic Road Trip Experience<\/h4>\n<p data-start=\"1019\" data-end=\"1119\">Travel through <strong data-start=\"1034\" data-end=\"1087\">Egypt\u2019s Eastern Desert and Nile Valley landscapes<\/strong>, with the option to stop for:<\/p>\n<ul data-start=\"1120\" data-end=\"1205\">\n<li data-start=\"1120\" data-end=\"1155\">\n<p data-start=\"1122\" data-end=\"1155\">\u2615 Refreshments and short breaks<\/p>\n<\/li>\n<li data-start=\"1156\" data-end=\"1205\">\n<p data-start=\"1158\" data-end=\"1205\">\ud83d\udcf8 Scenic photo opportunities along the route<\/p>\n<\/li>\n<\/ul>\n<h4 data-start=\"1207\" data-end=\"1251\">\ud83e\uddd1\u200d\u2708\ufe0f Reliable &amp; Professional Service<\/h4>\n<ul data-start=\"1252\" data-end=\"1369\">\n<li data-start=\"1252\" data-end=\"1316\">\n<p data-start=\"1254\" data-end=\"1316\">\ud83d\udc68\u200d\u2708\ufe0f <strong data-start=\"1260\" data-end=\"1293\">Licensed, experienced drivers<\/strong> ensuring safe travel<\/p>\n<\/li>\n<li data-start=\"1317\" data-end=\"1369\">\n<p data-start=\"1319\" data-end=\"1369\">\ud83d\udee1\ufe0f Punctual, private, and hassle-free transfers<\/p>\n<\/li>\n<\/ul>\n<h4 data-start=\"1371\" data-end=\"1404\">\ud83c\udfc1 Smooth Arrival in Luxor<\/h4>\n<p data-start=\"1405\" data-end=\"1529\">Arrive directly at your <strong data-start=\"1429\" data-end=\"1486\">hotel, cruise ship, or preferred destination in Luxor<\/strong>, relaxed and ready for your exploration.<\/p>\n<h3 data-start=\"2198\" data-end=\"2225\"><strong data-start=\"2205\" data-end=\"2223\">P\u0142atno\u015b\u0107 w USD ($ \ud83c\uddfa\ud83c\uddf8) zamiast EUR (\u20ac \ud83c\uddea\ud83c\uddfa) jest dost\u0119pna zgodnie z dziennym kursem wymiany banku.<\/strong><\/h3>\n<p><strong>Ksi\u0105\u017cka przez WhatsApp:<\/strong><\/p>\n<p><a href=\"https:\/\/wa.me\/201021058859\" target=\"_blank\" rel=\"noopener\">\u00a0<img decoding=\"async\" class=\"alignnone wp-image-2058\" src=\"https:\/\/poehalisnamiegypt.com\/wp-content\/uploads\/2024\/02\/pngwing.com_-300x300.png\" sizes=\"auto, (max-width: 35px) 100vw, 35px\" srcset=\"https:\/\/poehalisnamiegypt.com\/wp-content\/uploads\/2024\/02\/pngwing.com_-300x300.png 300w, https:\/\/poehalisnamiegypt.com\/wp-content\/uploads\/2024\/02\/pngwing.com_-150x150.png 150w, https:\/\/poehalisnamiegypt.com\/wp-content\/uploads\/2024\/02\/pngwing.com_.png 584w\" alt=\"\" width=\"53\" height=\"53\" \/><\/a><\/p>\n<p>&nbsp;<\/p>","protected":false},"excerpt":{"rendered":"<p>\ud83d\ude90 Private Transfer from Hurghada to Luxor by Hiace Car Travel in comfort, safety, and convenience from Hurghada to Luxor with our private Toyota Hiace transfer service. Whether you\u2019re heading to explore the Valley of the Kings, embark on a Nile cruise, or visit Luxor\u2019s world-famous temples, we ensure a smooth and enjoyable journey. \ud83c\udfc1 [&hellip;]<\/p>\n","protected":false},"featured_media":9733,"comment_status":"open","ping_status":"closed","template":"","meta":{"_monsterinsights_skip_tracking":false,"_monsterinsights_sitenote_active":false,"_monsterinsights_sitenote_note":"","_monsterinsights_sitenote_category":0,"_mbp_gutenberg_autopost":false},"product_brand":[],"product_cat":[63],"product_tag":[],"class_list":{"0":"post-9570","1":"product","2":"type-product","3":"status-publish","4":"has-post-thumbnail","6":"product_cat-transfer","8":"first","9":"instock","10":"shipping-taxable","11":"purchasable","12":"product-type-ovabrw_car_rental"},"_links":{"self":[{"href":"https:\/\/redsea-dream-tours.net\/pl\/wp-json\/wp\/v2\/product\/9570","targetHints":{"allow":["GET"]}}],"collection":[{"href":"https:\/\/redsea-dream-tours.net\/pl\/wp-json\/wp\/v2\/product"}],"about":[{"href":"https:\/\/redsea-dream-tours.net\/pl\/wp-json\/wp\/v2\/types\/product"}],"replies":[{"embeddable":true,"href":"https:\/\/redsea-dream-tours.net\/pl\/wp-json\/wp\/v2\/comments?post=9570"}],"wp:featuredmedia":[{"embeddable":true,"href":"https:\/\/redsea-dream-tours.net\/pl\/wp-json\/wp\/v2\/media\/9733"}],"wp:attachment":[{"href":"https:\/\/redsea-dream-tours.net\/pl\/wp-json\/wp\/v2\/media?parent=9570"}],"wp:term":[{"taxonomy":"product_brand","embeddable":true,"href":"https:\/\/redsea-dream-tours.net\/pl\/wp-json\/wp\/v2\/product_brand?post=9570"},{"taxonomy":"product_cat","embeddable":true,"href":"https:\/\/redsea-dream-tours.net\/pl\/wp-json\/wp\/v2\/product_cat?post=9570"},{"taxonomy":"product_tag","embeddable":true,"href":"https:\/\/redsea-dream-tours.net\/pl\/wp-json\/wp\/v2\/product_tag?post=9570"}],"curies":[{"name":"wp","href":"https:\/\/api.w.org\/{rel}","templated":true}]}}