{"id":9705,"date":"2026-03-01T20:22:44","date_gmt":"2026-03-01T20:22:44","guid":{"rendered":"https:\/\/redsea-dream-tours.net\/?post_type=product&#038;p=9705"},"modified":"2026-03-01T20:23:35","modified_gmt":"2026-03-01T20:23:35","slug":"marsa-mubarak-adventure-red-sea-paradise-marsa-alam","status":"publish","type":"product","link":"https:\/\/redsea-dream-tours.net\/pl\/produkt\/marsa-mubarak-adventure-red-sea-paradise-marsa-alam\/","title":{"rendered":"Marsa Mubarak Adventure - raj nad Morzem Czerwonym (Marsa Alam)"},"content":{"rendered":"<p data-start=\"168\" data-end=\"454\">\ud83d\udc1f\u2728 Marsa Mubarak Adventure \u2013 Red Sea Paradise \u2728\ud83d\udc1f<\/p>\n<p data-start=\"168\" data-end=\"454\">Escape to the tranquil waters of Marsa Mubarak, one of the most beautiful snorkeling spots in the Red Sea. \ud83c\udf0a<br data-start=\"293\" data-end=\"296\" \/>Known for its calm turquoise waters and rich marine life \ud83d\udc22, Marsa Mubarak is perfect for beginners and families seeking a peaceful snorkeling adventure. \ud83c\udf34<\/p>\n<hr data-start=\"456\" data-end=\"459\" \/>\n<p data-start=\"461\" data-end=\"490\"><strong data-start=\"461\" data-end=\"488\">Highlights of the Trip:<\/strong><\/p>\n<ul data-start=\"492\" data-end=\"884\">\n<li data-start=\"492\" data-end=\"593\">\n<p data-start=\"494\" data-end=\"593\"><strong data-start=\"494\" data-end=\"522\">Snorkeling Adventure \ud83e\udd3f:<\/strong> Swim among colorful reef fish and explore the shallow coral gardens.<\/p>\n<\/li>\n<li data-start=\"594\" data-end=\"694\">\n<p data-start=\"596\" data-end=\"694\"><strong data-start=\"596\" data-end=\"619\">Turtle Spotting \ud83d\udc22:<\/strong> Keep an eye out for green sea turtles grazing near the seagrass meadows.<\/p>\n<\/li>\n<li data-start=\"695\" data-end=\"789\">\n<p data-start=\"697\" data-end=\"789\"><strong data-start=\"697\" data-end=\"722\">Relaxing Beaches \ud83c\udfd6\ufe0f:<\/strong> Enjoy the pristine white sandy beaches and clear shallow waters.<\/p>\n<\/li>\n<li data-start=\"790\" data-end=\"884\">\n<p data-start=\"792\" data-end=\"884\"><strong data-start=\"792\" data-end=\"816\">Scenic Boat Ride \ud83d\udea4:<\/strong> Travel to the bay while enjoying the beautiful Red Sea coastline.<\/p>\n<\/li>\n<\/ul>\n<hr data-start=\"1232\" data-end=\"1235\" \/>\n<div class=\"st-highlight\">\n<h2 class=\"st-heading-section\">Program<\/h2>\n<ul>\n<li>Departure around 8:00 a.m., return around 4:00 p.m.<\/li>\n<li>2 snorkeling sessions<\/li>\n<li>Swimming with turtles and dugongs<\/li>\n<\/ul>\n<\/div>\n<div class=\"st-hr large\">\n<h2 class=\"st-heading-section\">Options included<\/h2>\n<div class=\"accordion-item\">\n<div id=\"collapseInExClude\" class=\"accordion-collapse collapse show\" aria-labelledby=\"headingInExClude\" data-bs-parent=\"#headingInExClude\">\n<div class=\"accordion-body\">\n<div class=\"row\">\n<div class=\"col-lg-6\">\n<ul class=\"include\">\n<li>Hotel transfer &#8211; activity<\/li>\n<li><i class=\"input-icon st-border-radius field-icon fa\"><\/i>Snorkeling\/diving equipment<\/li>\n<li><i class=\"input-icon st-border-radius field-icon fa\"><\/i>Lunch + soft drink<\/li>\n<\/ul>\n<\/div>\n<\/div>\n<\/div>\n<\/div>\n<\/div>\n<h5><img decoding=\"async\" class=\"emoji\" role=\"img\" draggable=\"false\" src=\"https:\/\/s.w.org\/images\/core\/emoji\/16.0.1\/svg\/1f4dd.svg\" alt=\"\ud83d\udcdd\" \/>\u00a0Rating<\/h5>\n<ul>\n<li><img decoding=\"async\" class=\"emoji\" role=\"img\" draggable=\"false\" src=\"https:\/\/s.w.org\/images\/core\/emoji\/16.0.1\/svg\/26a0.svg\" alt=\"\u26a0\ufe0f\" \/>\u00a0Price established from Marsa Alam. A transfer supplement is applicable from Hurghada<\/li>\n<\/ul>\n<\/div>\n<p data-start=\"1237\" data-end=\"1264\"><strong data-start=\"1237\" data-end=\"1262\">Tips for the Trip \ud83d\udcdd:<\/strong><\/p>\n<ul data-start=\"1266\" data-end=\"1465\">\n<li data-start=\"1266\" data-end=\"1304\">\n<p data-start=\"1268\" data-end=\"1304\">Apply sunscreen \ud83e\uddf4 and wear a hat.<\/p>\n<\/li>\n<li data-start=\"1305\" data-end=\"1338\">\n<p data-start=\"1307\" data-end=\"1338\">Bring a waterproof camera \ud83d\udcf7.<\/p>\n<\/li>\n<li data-start=\"1339\" data-end=\"1401\">\n<p data-start=\"1341\" data-end=\"1401\">Use reef-safe sunscreen to protect the marine environment.<\/p>\n<\/li>\n<li data-start=\"1402\" data-end=\"1465\">\n<p data-start=\"1404\" data-end=\"1465\">Follow guide instructions for a safe snorkeling experience.<\/p>\n<\/li>\n<\/ul>\n<h3 data-start=\"76\" data-end=\"101\">\ud83e\udd11 Excursion Prices<\/h3>\n<p data-start=\"1518\" data-end=\"1574\">\ud83e\udd11 <strong data-start=\"44\" data-end=\"63\">Activity Prices ( Snorkeling )<\/strong><br data-start=\"63\" data-end=\"66\" \/>\ud83d\udc68\ud83c\udffb\u200d\ud83e\uddb1 Adults (12 years and above): <strong data-start=\"103\" data-end=\"110\">50 \u20ac<\/strong><br data-start=\"110\" data-end=\"113\" \/>\ud83e\uddcd\ud83c\udffb\u200d\u2640\ufe0f Children (up to 12 years): <strong data-start=\"148\" data-end=\"155\">25 \u20ac<\/strong><\/p>\n<p data-start=\"1518\" data-end=\"1574\">\ud83e\udd11 <strong data-start=\"44\" data-end=\"63\">Activity Prices ( Diving Intro )<\/strong><br data-start=\"63\" data-end=\"66\" \/>\ud83d\udc68\ud83c\udffb\u200d\ud83e\uddb1 Adults : <strong data-start=\"103\" data-end=\"110\">70 \u20ac<\/strong><\/p>\n<p data-start=\"1518\" data-end=\"1574\">\ud83e\udd11 <strong data-start=\"44\" data-end=\"63\">Activity Prices ( Diving Daily )<\/strong><br data-start=\"63\" data-end=\"66\" \/>\ud83d\udc68\ud83c\udffb\u200d\ud83e\uddb1 Adults : <strong data-start=\"103\" data-end=\"110\">95 \u20ac<\/strong><\/p>\n<h3 data-start=\"2198\" data-end=\"2225\"><strong data-start=\"2205\" data-end=\"2223\">P\u0142atno\u015b\u0107 w USD ($ \ud83c\uddfa\ud83c\uddf8) zamiast EUR (\u20ac \ud83c\uddea\ud83c\uddfa) jest dost\u0119pna zgodnie z dziennym kursem wymiany banku.<\/strong><\/h3>\n<ul data-start=\"1266\" data-end=\"1465\">\n<li data-start=\"1402\" data-end=\"1465\"><strong>Ksi\u0105\u017cka przez WhatsApp:<\/strong><\/li>\n<li data-start=\"1402\" data-end=\"1465\"><a href=\"https:\/\/wa.me\/201021058859\" target=\"_blank\" rel=\"noopener\">\u00a0<img decoding=\"async\" class=\"alignnone wp-image-2058\" src=\"https:\/\/poehalisnamiegypt.com\/wp-content\/uploads\/2024\/02\/pngwing.com_-300x300.png\" sizes=\"auto, (max-width: 35px) 100vw, 35px\" srcset=\"https:\/\/poehalisnamiegypt.com\/wp-content\/uploads\/2024\/02\/pngwing.com_-300x300.png 300w, https:\/\/poehalisnamiegypt.com\/wp-content\/uploads\/2024\/02\/pngwing.com_-150x150.png 150w, https:\/\/poehalisnamiegypt.com\/wp-content\/uploads\/2024\/02\/pngwing.com_.png 584w\" alt=\"\" width=\"53\" height=\"53\" \/><\/a><\/li>\n<\/ul>\n<div id=\"gtx-trans\" style=\"position: absolute; left: 376px; top: 1.2px;\">\n<div class=\"gtx-trans-icon\"><\/div>\n<\/div>","protected":false},"excerpt":{"rendered":"<p>\ud83d\udc1f\u2728 Marsa Mubarak Adventure \u2013 Red Sea Paradise \u2728\ud83d\udc1f Escape to the tranquil waters of Marsa Mubarak, one of the most beautiful snorkeling spots in the Red Sea. \ud83c\udf0aKnown for its calm turquoise waters and rich marine life \ud83d\udc22, Marsa Mubarak is perfect for beginners and families seeking a peaceful snorkeling adventure. \ud83c\udf34 Highlights of [&hellip;]<\/p>\n","protected":false},"featured_media":9778,"comment_status":"open","ping_status":"closed","template":"","meta":{"_monsterinsights_skip_tracking":false,"_monsterinsights_sitenote_active":false,"_monsterinsights_sitenote_note":"","_monsterinsights_sitenote_category":0,"_mbp_gutenberg_autopost":false},"product_brand":[],"product_cat":[64,60],"product_tag":[],"class_list":{"0":"post-9705","1":"product","2":"type-product","3":"status-publish","4":"has-post-thumbnail","6":"product_cat-marsa-alam","7":"product_cat-sea","9":"first","10":"instock","11":"shipping-taxable","12":"purchasable","13":"product-type-ovabrw_car_rental"},"_links":{"self":[{"href":"https:\/\/redsea-dream-tours.net\/pl\/wp-json\/wp\/v2\/product\/9705","targetHints":{"allow":["GET"]}}],"collection":[{"href":"https:\/\/redsea-dream-tours.net\/pl\/wp-json\/wp\/v2\/product"}],"about":[{"href":"https:\/\/redsea-dream-tours.net\/pl\/wp-json\/wp\/v2\/types\/product"}],"replies":[{"embeddable":true,"href":"https:\/\/redsea-dream-tours.net\/pl\/wp-json\/wp\/v2\/comments?post=9705"}],"wp:featuredmedia":[{"embeddable":true,"href":"https:\/\/redsea-dream-tours.net\/pl\/wp-json\/wp\/v2\/media\/9778"}],"wp:attachment":[{"href":"https:\/\/redsea-dream-tours.net\/pl\/wp-json\/wp\/v2\/media?parent=9705"}],"wp:term":[{"taxonomy":"product_brand","embeddable":true,"href":"https:\/\/redsea-dream-tours.net\/pl\/wp-json\/wp\/v2\/product_brand?post=9705"},{"taxonomy":"product_cat","embeddable":true,"href":"https:\/\/redsea-dream-tours.net\/pl\/wp-json\/wp\/v2\/product_cat?post=9705"},{"taxonomy":"product_tag","embeddable":true,"href":"https:\/\/redsea-dream-tours.net\/pl\/wp-json\/wp\/v2\/product_tag?post=9705"}],"curies":[{"name":"wp","href":"https:\/\/api.w.org\/{rel}","templated":true}]}}