{"id":9742,"date":"2026-03-01T20:23:05","date_gmt":"2026-03-01T20:23:05","guid":{"rendered":"https:\/\/redsea-dream-tours.net\/?post_type=product&#038;p=9742"},"modified":"2026-03-01T20:23:58","modified_gmt":"2026-03-01T20:23:58","slug":"family-buggy-safari-desert-fun-bedouin-life","status":"publish","type":"product","link":"https:\/\/redsea-dream-tours.net\/pl\/produkt\/family-buggy-safari-desert-fun-bedouin-life\/","title":{"rendered":"Rodzinne Buggy Safari: Pustynna zabawa i \u017cycie Beduin\u00f3w"},"content":{"rendered":"<h3 data-start=\"100\" data-end=\"164\">\ud83c\udfdc\ufe0f Buggy Desert Adventure - zabawa, kultura i wspomnienia<\/h3>\n<p data-start=\"159\" data-end=\"398\">Szukasz idealnej aktywno\u015bci rodzinnej, kt\u00f3ra \u0142\u0105czy <strong data-start=\"213\" data-end=\"266\">Przygoda, kultura i zapieraj\u0105ce dech w piersiach pustynne widoki<\/strong>? A <strong data-start=\"270\" data-end=\"291\">rodzinna wycieczka buggy<\/strong> to najlepszy spos\u00f3b na odkrywanie z\u0142otych piask\u00f3w i do\u015bwiadczanie tradycyjnego \u017cycia Beduin\u00f3w.<\/p>\n<h4 data-start=\"400\" data-end=\"441\">\u0141atwy start dla ca\u0142ej rodziny<\/h4>\n<p data-start=\"442\" data-end=\"588\">Rozpocznij od <strong data-start=\"455\" data-end=\"484\">wygodny odbi\u00f3r z hotelu<\/strong>, po kt\u00f3rym nast\u0105pi ciep\u0142e powitanie i szybkie wprowadzenie do <strong data-start=\"546\" data-end=\"585\">bezpieczny i \u0142atwy w prowadzeniu w\u00f3zek rodzinny<\/strong>.<\/p>\n<ul data-start=\"589\" data-end=\"691\">\n<li data-start=\"589\" data-end=\"646\">\n<p data-start=\"591\" data-end=\"646\">\ud83e\uddd1\u200d\ud83c\udfeb <strong data-start=\"597\" data-end=\"619\">Kr\u00f3tkie instrukcje<\/strong> od profesjonalnych przewodnik\u00f3w<\/p>\n<\/li>\n<li data-start=\"647\" data-end=\"691\">\n<p data-start=\"649\" data-end=\"691\">\ud83e\uddba <strong data-start=\"652\" data-end=\"676\">Zapewniony sprz\u0119t ochronny<\/strong> dla ka\u017cdego<\/p>\n<\/li>\n<\/ul>\n<h4 data-start=\"693\" data-end=\"730\">Odkryj pi\u0119kno pustyni<\/h4>\n<p data-start=\"731\" data-end=\"769\">Wyrusz na ekscytuj\u0105c\u0105 przeja\u017cd\u017ck\u0119:<\/p>\n<ul data-start=\"770\" data-end=\"926\">\n<li data-start=\"770\" data-end=\"811\">\n<p data-start=\"772\" data-end=\"811\">\ud83c\udfdc\ufe0f <strong data-start=\"776\" data-end=\"809\">Z\u0142ote wydmy i skaliste szlaki<\/strong><\/p>\n<\/li>\n<li data-start=\"812\" data-end=\"869\">\n<p data-start=\"814\" data-end=\"869\">Osza\u0142amiaj\u0105ce panoramiczne widoki idealne do zdj\u0119\u0107 rodzinnych<\/p>\n<\/li>\n<li data-start=\"870\" data-end=\"926\">\n<p data-start=\"872\" data-end=\"926\">Ukryte pustynne \u015bcie\u017cki, kt\u00f3re niewielu podr\u00f3\u017cnik\u00f3w mo\u017ce zobaczy\u0107<\/p>\n<\/li>\n<\/ul>\n<h4 data-start=\"928\" data-end=\"963\">\ud83c\udfd5\ufe0f Odkryj kultur\u0119 Beduin\u00f3w<\/h4>\n<p data-start=\"964\" data-end=\"1041\">Twoja podr\u00f3\u017c zabierze Ci\u0119 do tradycyjnego <strong data-start=\"1004\" data-end=\"1023\">Wioska Beduin\u00f3w<\/strong>, gdzie mo\u017cna:<\/p>\n<ul data-start=\"1042\" data-end=\"1195\">\n<li data-start=\"1042\" data-end=\"1102\">\n<p data-start=\"1044\" data-end=\"1102\">Spotkaj si\u0119 z mieszka\u0144cami i dowiedz si\u0119 o ich <strong data-start=\"1085\" data-end=\"1100\">spos\u00f3b \u017cycia<\/strong><\/p>\n<\/li>\n<li data-start=\"1103\" data-end=\"1141\">\n<p data-start=\"1105\" data-end=\"1141\">\ud83c\udf75 Delektuj si\u0119 autentyczno\u015bci\u0105 <strong data-start=\"1124\" data-end=\"1139\">Herbata bedui\u0144ska<\/strong><\/p>\n<\/li>\n<li data-start=\"1142\" data-end=\"1195\">\n<p data-start=\"1144\" data-end=\"1195\">\ud83c\udfda\ufe0f Poznaj ich zwyczaje, rzemios\u0142o i tradycje<\/p>\n<\/li>\n<\/ul>\n<h4 data-start=\"1197\" data-end=\"1233\">\ud83d\udc68\u200d\ud83d\udc69\u200d\ud83d\udc67 Idealny dla rodzin<\/h4>\n<p data-start=\"1234\" data-end=\"1273\">Ta p\u00f3\u0142dniowa wycieczka zosta\u0142a zaprojektowana w taki spos\u00f3b:<\/p>\n<ul data-start=\"1274\" data-end=\"1422\">\n<li data-start=\"1274\" data-end=\"1306\">\n<p data-start=\"1276\" data-end=\"1306\">\ud83d\udeb8 <strong data-start=\"1279\" data-end=\"1304\">Bezpieczna i zabawna dla dzieci<\/strong><\/p>\n<\/li>\n<li data-start=\"1307\" data-end=\"1360\">\n<p data-start=\"1309\" data-end=\"1360\">Do\u015bwiadczenie edukacyjne dla ca\u0142ej rodziny<\/p>\n<\/li>\n<li data-start=\"1361\" data-end=\"1422\">\n<p data-start=\"1363\" data-end=\"1422\">\ud83d\udcf8 Szansa na tworzenie <strong data-start=\"1385\" data-end=\"1420\">niezapomniane wspomnienia razem<\/strong><\/p>\n<\/li>\n<\/ul>\n<p data-start=\"61\" data-end=\"95\">\ud83d\udcdd <strong data-start=\"64\" data-end=\"93\">Ocena \/ wymagania wiekowe<\/strong><\/p>\n<ul data-start=\"97\" data-end=\"197\">\n<li data-start=\"97\" data-end=\"146\">\n<p data-start=\"99\" data-end=\"146\">\ud83d\ude97 <strong data-start=\"102\" data-end=\"113\">Jazda<\/strong>: Dozwolone od <strong data-start=\"128\" data-end=\"144\">16 lat<\/strong><\/p>\n<\/li>\n<li data-start=\"147\" data-end=\"197\">\n<p data-start=\"149\" data-end=\"197\">\ud83d\udc64 <strong data-start=\"152\" data-end=\"165\">Pasa\u017cer<\/strong>: Dozwolone od <strong data-start=\"180\" data-end=\"195\">6 lat<\/strong><\/p>\n<\/li>\n<\/ul>\n<p data-start=\"58\" data-end=\"88\">\ud83e\udd11 <strong data-start=\"61\" data-end=\"86\">Cena aktywno\u015bci<\/strong><\/p>\n<p data-start=\"90\" data-end=\"110\"><strong data-start=\"90\" data-end=\"108\">Poranne Safari<\/strong><\/p>\n<ul data-start=\"111\" data-end=\"156\">\n<li data-start=\"111\" data-end=\"133\">\n<p data-start=\"113\" data-end=\"133\">120 \u20ac (1-4 os\u00f3b)<\/p>\n<\/li>\n<\/ul>\n<p data-start=\"158\" data-end=\"187\"><strong data-start=\"158\" data-end=\"185\">Popo\u0142udniowe safari + pokaz + kolacja\u00a0<\/strong><\/p>\n<ul data-start=\"188\" data-end=\"233\">\n<li data-start=\"188\" data-end=\"210\">\n<p data-start=\"190\" data-end=\"210\">140 \u20ac (1-4 os\u00f3b)<\/p>\n<\/li>\n<\/ul>\n<h3 data-start=\"2198\" data-end=\"2225\"><strong data-start=\"2205\" data-end=\"2223\">P\u0142atno\u015b\u0107 w USD ($ \ud83c\uddfa\ud83c\uddf8) zamiast EUR (\u20ac \ud83c\uddea\ud83c\uddfa) jest dost\u0119pna zgodnie z dziennym kursem wymiany banku.<\/strong><\/h3>\n<div id=\"gtx-trans\" style=\"position: absolute; left: 340px; top: 3.9125px;\">\n<div class=\"gtx-trans-icon\"><\/div>\n<\/div>\n<div id=\"gtx-trans\" style=\"position: absolute; left: 340px; top: 3.9125px;\">\n<div class=\"gtx-trans-icon\"><\/div>\n<\/div>","protected":false},"excerpt":{"rendered":"<p>\ud83c\udfdc\ufe0f Buggy\u00a0 Desert Adventure \u2013 Fun, Culture &amp; Memories Looking for the perfect family activity that combines adventure, culture, and breathtaking desert views? A family buggy trip is the ultimate way to explore the golden sands while experiencing the traditional life of the Bedouins. \ud83d\ude90 Easy Start for the Whole Family Begin with a comfortable [&hellip;]<\/p>\n","protected":false},"featured_media":9839,"comment_status":"open","ping_status":"closed","template":"","meta":{"_monsterinsights_skip_tracking":false,"_monsterinsights_sitenote_active":false,"_monsterinsights_sitenote_note":"","_monsterinsights_sitenote_category":0,"_mbp_gutenberg_autopost":false},"product_brand":[],"product_cat":[64],"product_tag":[],"class_list":{"0":"post-9742","1":"product","2":"type-product","3":"status-publish","4":"has-post-thumbnail","6":"product_cat-marsa-alam","8":"first","9":"instock","10":"shipping-taxable","11":"purchasable","12":"product-type-ovabrw_car_rental"},"_links":{"self":[{"href":"https:\/\/redsea-dream-tours.net\/pl\/wp-json\/wp\/v2\/product\/9742","targetHints":{"allow":["GET"]}}],"collection":[{"href":"https:\/\/redsea-dream-tours.net\/pl\/wp-json\/wp\/v2\/product"}],"about":[{"href":"https:\/\/redsea-dream-tours.net\/pl\/wp-json\/wp\/v2\/types\/product"}],"replies":[{"embeddable":true,"href":"https:\/\/redsea-dream-tours.net\/pl\/wp-json\/wp\/v2\/comments?post=9742"}],"wp:featuredmedia":[{"embeddable":true,"href":"https:\/\/redsea-dream-tours.net\/pl\/wp-json\/wp\/v2\/media\/9839"}],"wp:attachment":[{"href":"https:\/\/redsea-dream-tours.net\/pl\/wp-json\/wp\/v2\/media?parent=9742"}],"wp:term":[{"taxonomy":"product_brand","embeddable":true,"href":"https:\/\/redsea-dream-tours.net\/pl\/wp-json\/wp\/v2\/product_brand?post=9742"},{"taxonomy":"product_cat","embeddable":true,"href":"https:\/\/redsea-dream-tours.net\/pl\/wp-json\/wp\/v2\/product_cat?post=9742"},{"taxonomy":"product_tag","embeddable":true,"href":"https:\/\/redsea-dream-tours.net\/pl\/wp-json\/wp\/v2\/product_tag?post=9742"}],"curies":[{"name":"wp","href":"https:\/\/api.w.org\/{rel}","templated":true}]}}