{"id":9744,"date":"2026-03-01T20:23:05","date_gmt":"2026-03-01T20:23:05","guid":{"rendered":"https:\/\/redsea-dream-tours.net\/?post_type=product&#038;p=9744"},"modified":"2026-03-01T20:24:16","modified_gmt":"2026-03-01T20:24:16","slug":"cairo-gem-van-pyramids-sphinx-museum","status":"publish","type":"product","link":"https:\/\/redsea-dream-tours.net\/pl\/produkt\/cairo-gem-van-pyramids-sphinx-museum\/","title":{"rendered":"Cairo Gem Van: Piramidy, Sfinks i muzeum"},"content":{"rendered":"<p data-start=\"175\" data-end=\"278\">\ud83c\udfdb\ufe0f\u2728 <strong data-start=\"180\" data-end=\"272\">Kair i Wielkie Muzeum Egipskie - odkryj magi\u0119 staro\u017cytnego Egiptu w zaledwie jeden dzie\u0144!<\/strong> \u2728\ud83c\udf05<\/p>\n<p data-start=\"280\" data-end=\"539\">Przygotuj si\u0119 na dzie\u0144 pe\u0142en cud\u00f3w - gdzie staro\u017cytna chwa\u0142a spotyka si\u0119 z nowoczesnym blaskiem.<br data-start=\"362\" data-end=\"365\" \/>Ta niezapomniana podr\u00f3\u017c \u0142\u0105czy w sobie <strong data-start=\"401\" data-end=\"417\">Piramidy<\/strong>, <strong data-start=\"419\" data-end=\"439\">Wielki Sfinks<\/strong>, oraz <strong data-start=\"445\" data-end=\"474\">Wielkie Muzeum Egipskie<\/strong>, Wszystko to w jednym niesamowitym do\u015bwiadczeniu na ziemi faraon\u00f3w.<\/p>\n<hr data-start=\"541\" data-end=\"544\" \/>\n<p data-start=\"546\" data-end=\"574\">\ud83d\udd50 <strong data-start=\"549\" data-end=\"572\">Szczeg\u00f3\u0142owy plan podr\u00f3\u017cy:<\/strong><\/p>\n<p data-start=\"47\" data-end=\"135\">\ud83d\ude90 <strong data-start=\"50\" data-end=\"131\">Pick-up from your hotel at 1:00 AM in a modern, air-conditioned van to Cairo.<\/strong> \u2728<\/p>\n<p data-start=\"576\" data-end=\"844\">Poznaj swoje <strong data-start=\"681\" data-end=\"716\">profesjonalny przewodnik egiptolog<\/strong> w Kairze i przygotuj si\u0119 na niezwyk\u0142\u0105 przygod\u0119.<br data-start=\"773\" data-end=\"776\" \/>Przyjazd do Kairu wcze\u015bnie rano i rozpocz\u0119cie wyj\u0105tkowego dnia!<\/p>\n<p data-start=\"846\" data-end=\"1004\">\ud83d\ude90 <strong data-start=\"849\" data-end=\"885\">Powr\u00f3t do hotelu przed godzin\u0105 23:00<\/strong>, wype\u0142niony <strong data-start=\"899\" data-end=\"925\">niezapomniane wspomnienia<\/strong>, <strong data-start=\"927\" data-end=\"950\">zapieraj\u0105ce dech w piersiach zdj\u0119cia<\/strong>, oraz <strong data-start=\"956\" data-end=\"999\">historie, kt\u00f3re zostan\u0105 z tob\u0105 na zawsze<\/strong> \u2764\ufe0f<\/p>\n<hr data-start=\"1006\" data-end=\"1009\" \/>\n<p data-start=\"1011\" data-end=\"1430\">\ud83d\udd39 <strong data-start=\"1014\" data-end=\"1069\">Pierwszy przystanek: piramidy w Gizie i Wielki Sfinks<\/strong> \ud83c\udfdc\ufe0f<br data-start=\"1073\" data-end=\"1076\" \/>Rozpocznij dzie\u0144 w najbardziej kultowym miejscu na \u015bwiecie - na <strong data-start=\"1129\" data-end=\"1178\">Wielkie piramidy Khufu, Khafre i Menkaure<\/strong>, odwieczne symbole staro\u017cytnego geniuszu i tajemnicy.<br data-start=\"1226\" data-end=\"1229\" \/>Sta\u0144 twarz\u0105 w twarz z majestatycznym <strong data-start=\"1266\" data-end=\"1282\">Wielki Sfinks<\/strong>, strzeg\u0105c pustyni przez ponad <strong data-start=\"1313\" data-end=\"1328\">4 500 lat<\/strong>! \ud83e\udd81<br data-start=\"1332\" data-end=\"1335\" \/>R\u00f3b wspania\u0142e zdj\u0119cia na tle piramid - to moment, kt\u00f3rego nigdy nie zapomnisz.<\/p>\n<p data-start=\"1432\" data-end=\"1591\">\ud83d\udc2a <strong data-start=\"1435\" data-end=\"1460\">Przeja\u017cd\u017cka na wielb\u0142\u0105dzie (opcjonalnie)<\/strong> - nie jest obj\u0119ta g\u0142\u00f3wn\u0105 wycieczk\u0105, ale jest dost\u0119pna dla go\u015bci, kt\u00f3rzy chc\u0105 cieszy\u0107 si\u0119 autentycznym staro\u017cytnym do\u015bwiadczeniem wok\u00f3\u0142 piramid.<\/p>\n<hr data-start=\"1593\" data-end=\"1596\" \/>\n<p data-start=\"1598\" data-end=\"2099\">\ud83d\udd39 <strong data-start=\"1601\" data-end=\"1649\">Drugi przystanek: Wielkie Muzeum Egipskie (GEM)<\/strong> \ud83c\udfdb\ufe0f<br data-start=\"1653\" data-end=\"1656\" \/>Udaj si\u0119 do <strong data-start=\"1668\" data-end=\"1720\">najnowsze i najwi\u0119ksze muzeum archeologiczne na \u015bwiecie<\/strong>, po\u0142o\u017cony na p\u0142askowy\u017cu Giza.<br data-start=\"1750\" data-end=\"1753\" \/>Podziwiaj ponad <strong data-start=\"1768\" data-end=\"1797\">100 000 staro\u017cytnych artefakt\u00f3w<\/strong> wy\u015bwietlany z <strong data-start=\"1813\" data-end=\"1840\">najnowocze\u015bniejsza technologia<\/strong> i opowiadanie historii.<br data-start=\"1858\" data-end=\"1861\" \/>Odkryj <strong data-start=\"1874\" data-end=\"1911\">kompletne skarby Tutenchamona<\/strong>, zaprezentowane razem po raz pierwszy w historii!<br data-start=\"1962\" data-end=\"1965\" \/>Nie przegap <strong data-start=\"1980\" data-end=\"2009\">gigantyczny pos\u0105g Ramzesa II<\/strong> kt\u00f3ry wita odwiedzaj\u0105cych w g\u0142\u00f3wnym holu - zapieraj\u0105ce dech w piersiach wprowadzenie do chwa\u0142y Egiptu \ud83d\udc51<\/p>\n<hr data-start=\"2101\" data-end=\"2104\" \/>\n<p data-start=\"2106\" data-end=\"2346\">\ud83c\udf74 <strong data-start=\"2109\" data-end=\"2133\">VIP Lunch Experience<\/strong><br data-start=\"2133\" data-end=\"2136\" \/>Po poranku pe\u0142nym historii, ciesz si\u0119 <strong data-start=\"2180\" data-end=\"2203\">pyszny lunch VIP<\/strong> w jednym z <strong data-start=\"2214\" data-end=\"2247\">Najwy\u017cej oceniane restauracje w Kairze<\/strong>.<br data-start=\"2248\" data-end=\"2251\" \/>Delektuj si\u0119 <strong data-start=\"2257\" data-end=\"2287\">autentyczna kuchnia egipska<\/strong> z najwy\u017cszej jako\u015bci obs\u0142ug\u0105 i ciep\u0142\u0105, komfortow\u0105 atmosfer\u0105.<\/p>\n<hr data-start=\"2348\" data-end=\"2351\" \/>\n<p data-start=\"2353\" data-end=\"2615\">\ud83d\udecd\ufe0f <strong data-start=\"2357\" data-end=\"2396\">Ekskluzywne zakupy i przystanki kulturalne<\/strong><br data-start=\"2396\" data-end=\"2399\" \/>Odwied\u017a wybrane <strong data-start=\"2414\" data-end=\"2431\">lokalne bazary<\/strong>, <strong data-start=\"2433\" data-end=\"2455\">instytuty papirusu<\/strong>, oraz <strong data-start=\"2461\" data-end=\"2491\">galerie perfum orientalnych<\/strong> \ud83d\udecd\ufe0f we w\u0142asnym tempie.<br data-start=\"2513\" data-end=\"2516\" \/>Ciesz si\u0119 <strong data-start=\"2522\" data-end=\"2554\">spersonalizowane rekomendacje<\/strong> od przewodnika i <strong data-start=\"2577\" data-end=\"2612\">Bezstresowe zakupy<\/strong>.<\/p>\n<hr data-start=\"2617\" data-end=\"2620\" \/>\n<p data-start=\"2622\" data-end=\"2906\">\ud83d\udde3\ufe0f <strong data-start=\"2626\" data-end=\"2653\">M\u00f3wimy w Twoim j\u0119zyku!<\/strong><br data-start=\"2653\" data-end=\"2656\" \/>Niezale\u017cnie od tego, czy m\u00f3wisz <strong data-start=\"2674\" data-end=\"2689\">Polski \ud83c\uddf5\ud83c\uddf1<\/strong>, <strong data-start=\"2691\" data-end=\"2706\">Francuski \ud83c\uddeb\ud83c\uddf7<\/strong>, <strong data-start=\"2708\" data-end=\"2724\">Angielski \ud83c\uddec\ud83c\udde7<\/strong>, <strong data-start=\"2726\" data-end=\"2741\">Niemiecki \ud83c\udde9\ud83c\uddea<\/strong>, <strong data-start=\"2743\" data-end=\"2762\">Portugalski \ud83c\uddf5\ud83c\uddf9<\/strong>, <strong data-start=\"2764\" data-end=\"2780\">Hiszpa\u0144ski \ud83c\uddea\ud83c\uddf8<\/strong>, lub inne -<br data-start=\"2793\" data-end=\"2796\" \/>nasz <strong data-start=\"2800\" data-end=\"2821\">wieloj\u0119zyczny zesp\u00f3\u0142<\/strong> zapewnia p\u0142ynn\u0105 komunikacj\u0119 i spersonalizowane do\u015bwiadczenie niezale\u017cnie od tego, sk\u0105d jeste\u015b \ud83c\udf0d<\/p>\n<hr data-start=\"2908\" data-end=\"2911\" \/>\n<p data-start=\"2913\" data-end=\"2938\">\ud83c\udf1f <strong data-start=\"2916\" data-end=\"2936\">Najwa\u017cniejsze atrakcje wycieczki:<\/strong><\/p>\n<p data-start=\"2940\" data-end=\"3295\">\u2705 Transfery w obie strony w <strong data-start=\"2968\" data-end=\"3003\">nowoczesny, klimatyzowany pojazd<\/strong><br data-start=\"3003\" data-end=\"3006\" \/>\u2705 <strong data-start=\"3008\" data-end=\"3043\">Profesjonalny przewodnik egiptolog<\/strong> w Kairze<br data-start=\"3052\" data-end=\"3055\" \/>\u2705 <strong data-start=\"3057\" data-end=\"3074\">Bilety wst\u0119pu<\/strong> do piramid i Wielkiego Muzeum Egipskiego<br data-start=\"3114\" data-end=\"3117\" \/>\u2705 <strong data-start=\"3119\" data-end=\"3143\">Lunch dla VIP-\u00f3w<\/strong> \ud83c\udf7d\ufe0f<br data-start=\"3147\" data-end=\"3150\" \/>\u2705 <strong data-start=\"3152\" data-end=\"3180\">Ekskluzywne przystanki na zakupy<\/strong> \ud83d\udecd\ufe0f<br data-start=\"3184\" data-end=\"3187\" \/>\u2705 <strong data-start=\"3189\" data-end=\"3212\">Dzia\u0142ania opcjonalne<\/strong> dost\u0119pne na \u017cyczenie<br data-start=\"3235\" data-end=\"3238\" \/>\u2705 <strong data-start=\"3240\" data-end=\"3264\">Elastyczne trasy<\/strong> dostosowane do preferencji u\u017cytkownika<\/p>\n<hr data-start=\"3297\" data-end=\"3300\" \/>\n<p data-start=\"3302\" data-end=\"3506\">\ud83d\udd4a\ufe0f <strong data-start=\"3306\" data-end=\"3348\">Wycieczka po Kairze i Wielkim Muzeum Egipskim<\/strong> to wi\u0119cej ni\u017c podr\u00f3\u017c -<br data-start=\"3370\" data-end=\"3373\" \/>to <strong data-start=\"3380\" data-end=\"3411\">spotkanie z sam\u0105 histori\u0105<\/strong>, \u0142\u0105cz\u0105c <strong data-start=\"3426\" data-end=\"3452\">magia staro\u017cytnego Egiptu<\/strong> z <strong data-start=\"3462\" data-end=\"3496\">T\u0119tni\u0105cy \u017cyciem duch wsp\u00f3\u0142czesnego Kairu<\/strong>. \ud83c\uddea\ud83c\uddec\u2764\ufe0f<\/p>\n<hr data-start=\"3297\" data-end=\"3300\" \/>\n<h3 data-start=\"2198\" data-end=\"2225\"><strong data-start=\"2205\" data-end=\"2223\">Cena wycieczki<\/strong><\/h3>\n<p data-start=\"2228\" data-end=\"2260\"><strong data-start=\"2233\" data-end=\"2258\">\u00a0 \u00a0<img decoding=\"async\" class=\"emoji\" role=\"img\" draggable=\"false\" src=\"https:\/\/s.w.org\/images\/core\/emoji\/16.0.1\/svg\/1f64e-1f3fb-200d-2642-fe0f.svg\" alt=\"\ud83d\ude4e\ud83c\udffb\u200d\u2642\ufe0f\" \/> 11 years and over\u00a0 95 \u20ac<\/strong><\/p>\n<p data-start=\"2228\" data-end=\"2260\"><strong data-start=\"2263\" data-end=\"2280\">\u00a0 \u00a0<img decoding=\"async\" class=\"emoji\" role=\"img\" draggable=\"false\" src=\"https:\/\/s.w.org\/images\/core\/emoji\/16.0.1\/svg\/1f9cd-1f3fb-200d-2640-fe0f.svg\" alt=\"\ud83e\uddcd\ud83c\udffb\u200d\u2640\ufe0f\" \/> 5\/10 years old\u00a0 \u00a0 \u00a0 \u00a0 50 \u20ac<\/strong><\/p>\n<p data-start=\"2228\" data-end=\"2260\"><strong data-start=\"2327\" data-end=\"2355\">\u00a0 \u00a0<img decoding=\"async\" class=\"emoji\" role=\"img\" draggable=\"false\" src=\"https:\/\/s.w.org\/images\/core\/emoji\/16.0.1\/svg\/1f47c-1f3fc.svg\" alt=\"\ud83d\udc7c\ud83c\udffc\" \/> - 5 lat 20 \u20ac<\/strong><\/p>\n<h3 data-start=\"2198\" data-end=\"2225\"><strong data-start=\"2205\" data-end=\"2223\">P\u0142atno\u015b\u0107 w USD ($ \ud83c\uddfa\ud83c\uddf8) zamiast EUR (\u20ac \ud83c\uddea\ud83c\uddfa) jest dost\u0119pna zgodnie z dziennym kursem wymiany banku.<\/strong><\/h3>\n<div id=\"gtx-trans\" style=\"position: absolute; left: 229px; top: 47.8px;\">\n<div class=\"gtx-trans-icon\"><\/div>\n<\/div>\n<div id=\"gtx-trans\" style=\"position: absolute; left: 232px; top: 47.8px;\">\n<div class=\"gtx-trans-icon\"><\/div>\n<\/div>\n<div id=\"gtx-trans\" style=\"position: absolute; left: 232px; top: 47.8px;\">\n<div class=\"gtx-trans-icon\"><\/div>\n<\/div>","protected":false},"excerpt":{"rendered":"<p>\ud83c\udfdb\ufe0f\u2728 Cairo &amp; the Grand Egyptian Museum \u2013 Discover the Magic of Ancient Egypt in Just One Day! \u2728\ud83c\udf05 Get ready for a day full of wonders \u2014 where ancient glory meets modern brilliance.This unforgettable journey combines the Pyramids, the Great Sphinx, and the Grand Egyptian Museum, all in one incredible experience on the land [&hellip;]<\/p>\n","protected":false},"featured_media":9862,"comment_status":"open","ping_status":"closed","template":"","meta":{"_monsterinsights_skip_tracking":false,"_monsterinsights_sitenote_active":false,"_monsterinsights_sitenote_note":"","_monsterinsights_sitenote_category":0,"_mbp_gutenberg_autopost":false},"product_brand":[],"product_cat":[58],"product_tag":[],"class_list":{"0":"post-9744","1":"product","2":"type-product","3":"status-publish","4":"has-post-thumbnail","6":"product_cat-cairo","8":"first","9":"instock","10":"shipping-taxable","11":"purchasable","12":"product-type-ovabrw_car_rental"},"_links":{"self":[{"href":"https:\/\/redsea-dream-tours.net\/pl\/wp-json\/wp\/v2\/product\/9744","targetHints":{"allow":["GET"]}}],"collection":[{"href":"https:\/\/redsea-dream-tours.net\/pl\/wp-json\/wp\/v2\/product"}],"about":[{"href":"https:\/\/redsea-dream-tours.net\/pl\/wp-json\/wp\/v2\/types\/product"}],"replies":[{"embeddable":true,"href":"https:\/\/redsea-dream-tours.net\/pl\/wp-json\/wp\/v2\/comments?post=9744"}],"wp:featuredmedia":[{"embeddable":true,"href":"https:\/\/redsea-dream-tours.net\/pl\/wp-json\/wp\/v2\/media\/9862"}],"wp:attachment":[{"href":"https:\/\/redsea-dream-tours.net\/pl\/wp-json\/wp\/v2\/media?parent=9744"}],"wp:term":[{"taxonomy":"product_brand","embeddable":true,"href":"https:\/\/redsea-dream-tours.net\/pl\/wp-json\/wp\/v2\/product_brand?post=9744"},{"taxonomy":"product_cat","embeddable":true,"href":"https:\/\/redsea-dream-tours.net\/pl\/wp-json\/wp\/v2\/product_cat?post=9744"},{"taxonomy":"product_tag","embeddable":true,"href":"https:\/\/redsea-dream-tours.net\/pl\/wp-json\/wp\/v2\/product_tag?post=9744"}],"curies":[{"name":"wp","href":"https:\/\/api.w.org\/{rel}","templated":true}]}}