{"id":9776,"date":"2026-03-01T20:23:26","date_gmt":"2026-03-01T20:23:26","guid":{"rendered":"https:\/\/redsea-dream-tours.net\/?post_type=product&#038;p=9776"},"modified":"2026-03-01T20:24:20","modified_gmt":"2026-03-01T20:24:20","slug":"luxor-bus-tour-temples-nile-crossing-ancient-wonders","status":"publish","type":"product","link":"https:\/\/redsea-dream-tours.net\/pl\/produkt\/luxor-bus-tour-temples-nile-crossing-ancient-wonders\/","title":{"rendered":"Wycieczka autobusowa do Luksoru: \u015awi\u0105tynie, przeprawa przez Nil i staro\u017cytne cuda"},"content":{"rendered":"<h3 data-start=\"177\" data-end=\"251\">\ud83d\ude8c <strong data-start=\"184\" data-end=\"249\">Jednodniowa wycieczka do Luksoru - podr\u00f3\u017c do serca staro\u017cytnego Egiptu<\/strong><\/h3>\n<p data-start=\"253\" data-end=\"576\">Udaj si\u0119 w niezapomnian\u0105 podr\u00f3\u017c do ponadczasowej krainy faraon\u00f3w. <strong data-start=\"360\" data-end=\"369\">Luxor<\/strong>, Miasto, w kt\u00f3rym znajduje si\u0119 prawie jedna trzecia staro\u017cytnych zabytk\u00f3w na \u015bwiecie. Ta starannie zaplanowana wycieczka autobusowa oferuje <strong data-start=\"481\" data-end=\"574\">Komfortowa jazda, wskaz\u00f3wki ekspert\u00f3w i dzie\u0144 wype\u0142niony histori\u0105, kultur\u0105 i przygod\u0105.<\/strong><\/p>\n<hr data-start=\"578\" data-end=\"581\" \/>\n<h3 data-start=\"583\" data-end=\"619\">\ud83c\udf05 <strong data-start=\"590\" data-end=\"617\">Wczesny poranny odlot<\/strong><\/h3>\n<p data-start=\"620\" data-end=\"838\">Twoja przygoda zaczyna si\u0119 od <strong data-start=\"650\" data-end=\"675\">Odbi\u00f3r wcze\u015bnie rano<\/strong> z hotelu nowoczesnym, klimatyzowanym autobusem. Usi\u0105d\u017a wygodnie, zrelaksuj si\u0119 i ciesz si\u0119 malownicz\u0105 jazd\u0105 po pustynnych drogach, gdy s\u0142o\u0144ce wschodzi nad z\u0142otymi piaskami Egiptu.<\/p>\n<hr data-start=\"840\" data-end=\"843\" \/>\n<h3 data-start=\"845\" data-end=\"892\">\ud83c\udfdc\ufe0f <strong data-start=\"853\" data-end=\"890\">Poznaj zachodni brzeg Nilu<\/strong><\/h3>\n<p data-start=\"893\" data-end=\"1079\">Przenie\u015b si\u0119 do \u015bwiata staro\u017cytnych kr\u00f3l\u00f3w i kr\u00f3lowych, odwiedzaj\u0105c <strong data-start=\"958\" data-end=\"981\">Dolina Kr\u00f3l\u00f3w<\/strong> \ud83c\udfdb\ufe0f - miejsce spoczynku legendarnych egipskich faraon\u00f3w, w tym grobowiec Tutenchamona.<\/p>\n<ul data-start=\"1080\" data-end=\"1292\">\n<li data-start=\"1080\" data-end=\"1189\">\n<p data-start=\"1082\" data-end=\"1189\">Odwied\u017a <strong data-start=\"1088\" data-end=\"1109\">\u015awi\u0105tynia Hatszepsut<\/strong> - architektoniczne arcydzie\u0142o po\u015bwi\u0119cone jedynej kobiecie-faraonowi Egiptu.<\/p>\n<\/li>\n<li data-start=\"1190\" data-end=\"1292\">\n<p data-start=\"1192\" data-end=\"1292\">Zatrzymaj si\u0119 przy <strong data-start=\"1204\" data-end=\"1225\">Kolosy Memnona<\/strong> - dwa masywne kamienne pos\u0105gi stoj\u0105ce na stra\u017cy przez ponad 3000 lat.<\/p>\n<\/li>\n<\/ul>\n<hr data-start=\"1294\" data-end=\"1297\" \/>\n<h3 data-start=\"1299\" data-end=\"1342\">\ud83c\udffa <strong data-start=\"1306\" data-end=\"1340\">Odkryj cuda wschodniego wybrze\u017ca<\/strong><\/h3>\n<p data-start=\"1343\" data-end=\"1489\">Przekrocz majestatyczn\u0105 rzek\u0119 Nil i odkryj <strong data-start=\"1388\" data-end=\"1413\">Kompleks \u015bwi\u0105tynny Karnak<\/strong> \u26e9\ufe0f - jedno z najwi\u0119kszych i najbardziej imponuj\u0105cych miejsc kultu religijnego na \u015bwiecie.<\/p>\n<ul data-start=\"1490\" data-end=\"1612\">\n<li data-start=\"1490\" data-end=\"1541\">\n<p data-start=\"1492\" data-end=\"1541\">Spacer w\u015br\u00f3d wysokich kolumn i \u015bwi\u0119tych jezior.<\/p>\n<\/li>\n<li data-start=\"1542\" data-end=\"1612\">\n<p data-start=\"1544\" data-end=\"1612\">Poznaj historie kryj\u0105ce si\u0119 za staro\u017cytnymi inskrypcjami i hieroglifami.<\/p>\n<\/li>\n<\/ul>\n<hr data-start=\"1614\" data-end=\"1617\" \/>\n<h3 data-start=\"1619\" data-end=\"1649\">\ud83c\udf74 <strong data-start=\"1626\" data-end=\"1647\">Lunch z widokiem<\/strong><\/h3>\n<p data-start=\"1650\" data-end=\"1801\">Ciesz si\u0119 pysznym <strong data-start=\"1668\" data-end=\"1686\">Egipski lunch<\/strong> \ud83c\udf7d\ufe0f w lokalnej restauracji z widokiem na Nil, gdzie mo\u017cna si\u0119 zrelaksowa\u0107 i zanurzy\u0107 w magicznej atmosferze Luksoru.<\/p>\n<hr data-start=\"1803\" data-end=\"1806\" \/>\n<h3 data-start=\"1808\" data-end=\"1842\">\ud83d\udecd\ufe0f <strong data-start=\"1816\" data-end=\"1840\">Zakupy i pami\u0105tki<\/strong><\/h3>\n<p data-start=\"1843\" data-end=\"1998\">Zatrzymaj si\u0119 na tradycyjnym bazarze \ud83d\udecd\ufe0f, gdzie mo\u017cesz przegl\u0105da\u0107 unikalne pami\u0105tki, r\u0119cznie robione r\u0119kodzie\u0142o i autentyczne egipskie produkty, aby zapami\u0119ta\u0107 swoj\u0105 podr\u00f3\u017c.<\/p>\n<hr data-start=\"2000\" data-end=\"2003\" \/>\n<h3 data-start=\"2005\" data-end=\"2032\">\ud83c\udf07 <strong data-start=\"2012\" data-end=\"2030\">Podr\u00f3\u017c powrotna<\/strong><\/h3>\n<p data-start=\"2033\" data-end=\"2214\">Gdy dzie\u0144 dobiegnie ko\u0144ca, wsi\u0105dziesz do autobusu i wr\u00f3cisz do hotelu, nios\u0105c niezapomniane wspomnienia z <strong data-start=\"2149\" data-end=\"2211\">staro\u017cytne cuda, t\u0119tni\u0105ca \u017cyciem kultura i zapieraj\u0105ce dech w piersiach krajobrazy<\/strong>.<\/p>\n<hr data-start=\"2216\" data-end=\"2219\" \/>\n<h3 data-start=\"2221\" data-end=\"2247\"><strong data-start=\"2225\" data-end=\"2245\">Najwa\u017cniejsze atrakcje wycieczki:<\/strong><\/h3>\n<ul data-start=\"2248\" data-end=\"2500\">\n<li data-start=\"2248\" data-end=\"2309\">\n<p data-start=\"2250\" data-end=\"2309\">Wygodny transfer w obie strony klimatyzowanym autobusem<\/p>\n<\/li>\n<li data-start=\"2310\" data-end=\"2389\">\n<p data-start=\"2312\" data-end=\"2389\">\ud83c\udfdb\ufe0f Zwiedzanie z przewodnikiem Doliny Kr\u00f3l\u00f3w lub Doliny Kr\u00f3lowych, \u015bwi\u0105tyni Hatszepsut i \u015bwi\u0105tyni w Karnaku<\/p>\n<\/li>\n<li data-start=\"2390\" data-end=\"2425\">\n<p data-start=\"2392\" data-end=\"2425\">\ud83c\udf7d\ufe0f Lunch w lokalnej restauracji<\/p>\n<\/li>\n<li data-start=\"2426\" data-end=\"2461\">\n<p data-start=\"2428\" data-end=\"2461\">\u26f4\ufe0f Przeprawa przez rzek\u0119 Nil w cenie<\/p>\n<\/li>\n<li data-start=\"2462\" data-end=\"2500\">\n<p data-start=\"2464\" data-end=\"2500\">Profesjonalny przewodnik egiptologiczny<\/p>\n<\/li>\n<\/ul>\n<hr data-start=\"2216\" data-end=\"2219\" \/>\n<h3 data-start=\"493\" data-end=\"529\">\ud83d\udde3\ufe0f <strong data-start=\"501\" data-end=\"527\">M\u00f3wimy w Twoim j\u0119zyku<\/strong><\/h3>\n<ul data-start=\"530\" data-end=\"594\">\n<li>Polski<\/li>\n<li>Francuski<\/li>\n<li>Angielski<\/li>\n<li>Niemiecki<\/li>\n<li>Portugalski<\/li>\n<li>Hiszpa\u0144ski<\/li>\n<li>...i nie tylko!<\/li>\n<\/ul>\n<p data-start=\"596\" data-end=\"678\">Niezale\u017cnie od tego, sk\u0105d pochodzisz, zapewniamy p\u0142ynn\u0105 komunikacj\u0119 i spersonalizowane podej\u015bcie.<\/p>\n<hr data-start=\"2216\" data-end=\"2219\" \/>\n<p data-start=\"54\" data-end=\"117\">\ud83d\udccc <strong data-start=\"57\" data-end=\"73\">Uwaga specjalna<\/strong><br data-start=\"73\" data-end=\"76\" \/>Poznaj magi\u0119 Luksoru podr\u00f3\u017cuj\u0105c autobusem!<\/p>\n<ul data-start=\"118\" data-end=\"278\">\n<li data-start=\"118\" data-end=\"193\">\n<p data-start=\"120\" data-end=\"193\">Tylko <strong data-start=\"125\" data-end=\"132\">\u20ac 100<\/strong>\u00a0- Odkryj fascynuj\u0105ce <strong data-start=\"160\" data-end=\"191\">\u015awi\u0105tynia Doliny Kr\u00f3lowych<\/strong><\/p>\n<\/li>\n<li data-start=\"194\" data-end=\"278\">\n<p data-start=\"196\" data-end=\"278\">Po prostu <strong data-start=\"201\" data-end=\"208\">\u20ac 110<\/strong>\u00a0- Przejd\u017a do historii w legendarnym <strong data-start=\"246\" data-end=\"276\">\u015awi\u0105tynia w Dolinie Kr\u00f3l\u00f3w<\/strong><\/p>\n<\/li>\n<\/ul>\n<hr data-start=\"2216\" data-end=\"2219\" \/>\n<h3 data-start=\"2198\" data-end=\"2225\"><strong data-start=\"2205\" data-end=\"2223\">Cena wycieczki<\/strong><\/h3>\n<p data-start=\"2228\" data-end=\"2260\"><strong data-start=\"2233\" data-end=\"2258\">\u00a0 \u00a0<img decoding=\"async\" class=\"emoji\" role=\"img\" draggable=\"false\" src=\"https:\/\/s.w.org\/images\/core\/emoji\/16.0.1\/svg\/1f64e-1f3fb-200d-2642-fe0f.svg\" alt=\"\ud83d\ude4e\ud83c\udffb\u200d\u2642\ufe0f\" \/> 12 lat i ponad 100 \u20ac<\/strong><\/p>\n<p data-start=\"2228\" data-end=\"2260\"><strong data-start=\"2263\" data-end=\"2280\">\u00a0 \u00a0<img decoding=\"async\" class=\"emoji\" role=\"img\" draggable=\"false\" src=\"https:\/\/s.w.org\/images\/core\/emoji\/16.0.1\/svg\/1f9cd-1f3fb-200d-2640-fe0f.svg\" alt=\"\ud83e\uddcd\ud83c\udffb\u200d\u2640\ufe0f\" \/> 6\/11 lat 55 \u20ac<\/strong><\/p>\n<p data-start=\"2228\" data-end=\"2260\"><strong data-start=\"2327\" data-end=\"2355\">\u00a0 \u00a0<img decoding=\"async\" class=\"emoji\" role=\"img\" draggable=\"false\" src=\"https:\/\/s.w.org\/images\/core\/emoji\/16.0.1\/svg\/1f47c-1f3fc.svg\" alt=\"\ud83d\udc7c\ud83c\udffc\" \/> -6 lat 20 \u20ac<\/strong><\/p>\n<h3 data-start=\"2198\" data-end=\"2225\"><strong data-start=\"2205\" data-end=\"2223\">P\u0142atno\u015b\u0107 w USD ($ \ud83c\uddfa\ud83c\uddf8) zamiast EUR (\u20ac \ud83c\uddea\ud83c\uddfa) jest dost\u0119pna zgodnie z dziennym kursem wymiany banku.<\/strong><\/h3>","protected":false},"excerpt":{"rendered":"<p>\ud83d\ude8c Luxor Day Trip \u2013 Journey to the Heart of Ancient Egypt Embark on an unforgettable journey\u00a0the timeless land of the pharaohs \u2013 Luxor, a city that holds nearly one-third of the world\u2019s ancient monuments. This carefully planned bus tour offers a comfortable ride, expert guidance, and a day filled with history, culture, and adventure. [&hellip;]<\/p>\n","protected":false},"featured_media":9877,"comment_status":"open","ping_status":"closed","template":"","meta":{"_monsterinsights_skip_tracking":false,"_monsterinsights_sitenote_active":false,"_monsterinsights_sitenote_note":"","_monsterinsights_sitenote_category":0,"_mbp_gutenberg_autopost":false},"product_brand":[],"product_cat":[64],"product_tag":[],"class_list":{"0":"post-9776","1":"product","2":"type-product","3":"status-publish","4":"has-post-thumbnail","6":"product_cat-marsa-alam","8":"first","9":"instock","10":"shipping-taxable","11":"purchasable","12":"product-type-ovabrw_car_rental"},"_links":{"self":[{"href":"https:\/\/redsea-dream-tours.net\/pl\/wp-json\/wp\/v2\/product\/9776","targetHints":{"allow":["GET"]}}],"collection":[{"href":"https:\/\/redsea-dream-tours.net\/pl\/wp-json\/wp\/v2\/product"}],"about":[{"href":"https:\/\/redsea-dream-tours.net\/pl\/wp-json\/wp\/v2\/types\/product"}],"replies":[{"embeddable":true,"href":"https:\/\/redsea-dream-tours.net\/pl\/wp-json\/wp\/v2\/comments?post=9776"}],"wp:featuredmedia":[{"embeddable":true,"href":"https:\/\/redsea-dream-tours.net\/pl\/wp-json\/wp\/v2\/media\/9877"}],"wp:attachment":[{"href":"https:\/\/redsea-dream-tours.net\/pl\/wp-json\/wp\/v2\/media?parent=9776"}],"wp:term":[{"taxonomy":"product_brand","embeddable":true,"href":"https:\/\/redsea-dream-tours.net\/pl\/wp-json\/wp\/v2\/product_brand?post=9776"},{"taxonomy":"product_cat","embeddable":true,"href":"https:\/\/redsea-dream-tours.net\/pl\/wp-json\/wp\/v2\/product_cat?post=9776"},{"taxonomy":"product_tag","embeddable":true,"href":"https:\/\/redsea-dream-tours.net\/pl\/wp-json\/wp\/v2\/product_tag?post=9776"}],"curies":[{"name":"wp","href":"https:\/\/api.w.org\/{rel}","templated":true}]}}