{"id":9777,"date":"2026-03-01T20:23:26","date_gmt":"2026-03-01T20:23:26","guid":{"rendered":"https:\/\/redsea-dream-tours.net\/?post_type=product&#038;p=9777"},"modified":"2026-03-11T02:21:04","modified_gmt":"2026-03-11T02:21:04","slug":"nefertari-trip-hurghada-makadibay","status":"publish","type":"product","link":"https:\/\/redsea-dream-tours.net\/pl\/produkt\/nefertari-trip-hurghada-makadibay\/","title":{"rendered":"Wycieczka Nefertari - najlepsza luksusowa wycieczka \u0142odzi\u0105 w Hurghadzie i zatoce Makadi"},"content":{"rendered":"<h1 data-path-to-node=\"3\" data-rm-block-id=\"block-1\"><b data-path-to-node=\"3\" data-index-in-node=\"0\">Wycieczka Nefertari - najlepsza luksusowa wycieczka \u0142odzi\u0105 w Hurghadzie i zatoce Makadi<\/b> \ud83d\udee5\ufe0f\ud83c\udf0a<\/h1>\n<p data-path-to-node=\"4\" data-rm-block-id=\"block-2\">Do\u015bwiadczenie najwy\u017cszej jako\u015bci <b data-path-to-node=\"4\" data-index-in-node=\"24\">Wycieczki po Morzu Czerwonym<\/b> ze s\u0142ynnym <b data-path-to-node=\"4\" data-index-in-node=\"59\">Wycieczka Nefertari<\/b>. Niezale\u017cnie od tego, czy przebywasz w <b data-path-to-node=\"4\" data-index-in-node=\"102\">Zatoka Makadi<\/b> lub <b data-path-to-node=\"4\" data-index-in-node=\"116\">Hurghada<\/b>, Ten wyj\u0105tkowy rejs oferuje po\u0142\u0105czenie luksusu i przygody dwa razy dziennie:<\/p>\n<ul data-path-to-node=\"5\">\n<li>\n<p data-path-to-node=\"5,0,0\" data-rm-block-id=\"block-3\"><b data-path-to-node=\"5,0,0\" data-index-in-node=\"0\">Poranna wycieczka:<\/b> 9:00 - 13:30 \ud83c\udf05<\/p>\n<\/li>\n<li>\n<p data-path-to-node=\"5,1,0\" data-rm-block-id=\"block-4\"><b data-path-to-node=\"5,1,0\" data-index-in-node=\"0\">Popo\u0142udniowa wycieczka:<\/b> 14:00 - 18:00 \ud83c\udf07<\/p>\n<\/li>\n<\/ul>\n<h2 data-path-to-node=\"6\" data-rm-block-id=\"block-5\"><b data-path-to-node=\"6\" data-index-in-node=\"0\">Dlaczego warto wybra\u0107 Nefertari Yacht Experience?<\/b> \u2728<\/h2>\n<h3 data-path-to-node=\"7\" data-rm-block-id=\"block-6\"><b data-path-to-node=\"7\" data-index-in-node=\"0\">1\ufe0f\u20e3 \u017beglowanie do pierwszego miejsca (30 min)<\/b><\/h3>\n<p data-path-to-node=\"7\" data-rm-block-id=\"block-6\">Rozpocznij swoj\u0105 podr\u00f3\u017c z przystani i ciesz si\u0119 p\u0142ynn\u0105 \u017ceglug\u0105 na najbardziej <b data-path-to-node=\"7\" data-index-in-node=\"110\">luksusowy jacht<\/b> w regionie. Zrelaksuj si\u0119 i podziwiaj wspania\u0142e widoki na <b data-path-to-node=\"7\" data-index-in-node=\"185\">Morze Czerwone<\/b> linia brzegowa.<\/p>\n<h3 data-path-to-node=\"8\" data-rm-block-id=\"block-7\"><b data-path-to-node=\"8\" data-index-in-node=\"0\">2\ufe0f\u20e3 Semi-Submarine Experience (45 min)<\/b><\/h3>\n<p data-path-to-node=\"8\" data-rm-block-id=\"block-7\">Odkrywaj podwodny \u015bwiat bez moczenia si\u0119! Nasz <b data-path-to-node=\"8\" data-index-in-node=\"93\">wycieczka \u0142odzi\u0105 podwodn\u0105<\/b> pozwala zobaczy\u0107 \u017cywe <b data-path-to-node=\"8\" data-index-in-node=\"134\">rafy koralowe<\/b> i egzotyczne \u017cycie morskie przez du\u017ce panoramiczne okna. Jest to jeden z najlepszych <b data-path-to-node=\"8\" data-index-in-node=\"222\">rzeczy do zrobienia w Hurghadzie<\/b> dla rodzin.<\/p>\n<h3 data-path-to-node=\"9\" data-rm-block-id=\"block-8\"><b data-path-to-node=\"9\" data-index-in-node=\"0\">3\ufe0f\u20e3 Kostiumy farao\u0144skie i sesja zdj\u0119ciowa (45 min)<\/b><\/h3>\n<p data-path-to-node=\"9\" data-rm-block-id=\"block-8\">Wejd\u017a do naszego salonu na pok\u0142adzie, za\u0142\u00f3\u017c autentyczne <b data-path-to-node=\"9\" data-index-in-node=\"94\">Stroje farao\u0144skie<\/b>, i ciesz si\u0119 niezapomnian\u0105 sesj\u0105 zdj\u0119ciow\u0105. To kr\u00f3lewskie do\u015bwiadczenie czyni go najbardziej wyj\u0105tkowym <b data-path-to-node=\"9\" data-index-in-node=\"200\">podr\u00f3\u017c morska<\/b> w Egipcie.<\/p>\n<h3 data-path-to-node=\"10\" data-rm-block-id=\"block-9\"><b data-path-to-node=\"10\" data-index-in-node=\"0\">4\ufe0f\u20e3 Snorkeling w Morzu Czerwonym (45 min)<\/b><\/h3>\n<p data-path-to-node=\"10\" data-rm-block-id=\"block-9\">Zabierzemy Ci\u0119 do <b data-path-to-node=\"10\" data-index-in-node=\"58\">najlepsze miejsca do nurkowania<\/b> w pobli\u017cu Hurghady. Zanurz si\u0119 w krystalicznie czystych wodach, aby p\u0142ywa\u0107 w\u015br\u00f3d kolorowych ryb i odkrywa\u0107 pi\u0119kno <b data-path-to-node=\"10\" data-index-in-node=\"184\">Morze Czerwone<\/b> z pierwszej r\u0119ki. \ud83e\udd3f\ud83d\udc1f<\/p>\n<h3 data-path-to-node=\"11\" data-rm-block-id=\"block-10\"><b data-path-to-node=\"11\" data-index-in-node=\"0\">5\ufe0f\u20e3 Lunch lub kolacja z owocami morza dla smakoszy<\/b><\/h3>\n<p data-path-to-node=\"11\" data-rm-block-id=\"block-10\">Ciesz si\u0119 pysznym menu serwowanym na pok\u0142adzie. Do wyboru:<\/p>\n<ul data-path-to-node=\"12\">\n<li>\n<p data-path-to-node=\"12,0,0\" data-rm-block-id=\"block-11\">\ud83c\udf64 <b data-path-to-node=\"12,0,0\" data-index-in-node=\"3\">\u015awie\u017ce owoce morza<\/b> (Gor\u0105co polecam!)<\/p>\n<\/li>\n<li>\n<p data-path-to-node=\"12,1,0\" data-rm-block-id=\"block-12\">Grillowany kurczak Syc\u0105cy posi\u0142ek to znak rozpoznawczy naszej kuchni. <b data-path-to-node=\"12,1,0\" data-index-in-node=\"60\">rejsy luksusowymi \u0142odziami<\/b>.<\/p>\n<\/li>\n<\/ul>\n<h3 data-path-to-node=\"13\" data-rm-block-id=\"block-13\"><b data-path-to-node=\"13\" data-index-in-node=\"0\">6\ufe0f\u20e3 Relaksuj\u0105cy rejs z powrotem do przystani<\/b><\/h3>\n<p data-path-to-node=\"13\" data-rm-block-id=\"block-13\">Zako\u0144cz <b data-path-to-node=\"13\" data-index-in-node=\"46\">wycieczka jednodniowa<\/b> ze spokojnym rejsem powrotnym, ciesz\u0105c si\u0119 idealn\u0105 morsk\u0105 bryz\u0105 i atmosfer\u0105. \ud83c\udf24\ufe0f\ud83d\udee5\ufe0f<\/p>\n<hr data-path-to-node=\"14\" data-rm-block-id=\"block-14\" \/>\n<h3 data-path-to-node=\"15\" data-rm-block-id=\"block-15\"><b data-path-to-node=\"15\" data-index-in-node=\"0\">Cena i rezerwacja wycieczki<\/b><\/h3>\n<p data-path-to-node=\"16\" data-rm-block-id=\"block-16\">Je\u015bli szukasz najlepszych <b data-path-to-node=\"16\" data-index-in-node=\"32\">Oferty wycieczek do Egiptu<\/b>, Wycieczka Nefertari oferuje najwy\u017csz\u0105 warto\u015b\u0107:<\/p>\n<ul data-path-to-node=\"17\">\n<li>\n<p data-path-to-node=\"17,0,0\" data-rm-block-id=\"block-17\"><b data-path-to-node=\"17,0,0\" data-index-in-node=\"0\">Doro\u015bli (powy\u017cej 11 lat):<\/b> 75 \u20ac<\/p>\n<\/li>\n<li>\n<p data-path-to-node=\"17,1,0\" data-rm-block-id=\"block-18\"><b data-path-to-node=\"17,1,0\" data-index-in-node=\"0\">Dzieci (5-11 lat):<\/b> 40 \u20ac<\/p>\n<\/li>\n<li>\n<p data-path-to-node=\"17,2,0\" data-rm-block-id=\"block-19\"><b data-path-to-node=\"17,2,0\" data-index-in-node=\"0\">Niemowl\u0119ta (poni\u017cej 5 lat):<\/b> <b data-path-to-node=\"17,2,0\" data-index-in-node=\"19\">Darmowy<\/b><\/p>\n<\/li>\n<\/ul>\n<p data-path-to-node=\"18\" data-rm-block-id=\"block-20\"><i data-path-to-node=\"18\" data-index-in-node=\"0\">Uwaga: wypo\u017cyczenie maski i p\u0142etw jest dost\u0119pne za dodatkowe 5 \u20ac za sztuk\u0119 na podwodn\u0105 przygod\u0119!<\/i><\/p>\n<p data-path-to-node=\"19\" data-rm-block-id=\"block-21\"><i data-path-to-node=\"19\" data-index-in-node=\"0\">P\u0142atno\u015b\u0107 jest dost\u0119pna w USD ($ \ud83c\uddfa\ud83c\uddf8) lub EUR (\u20ac \ud83c\uddea\ud83c\uddfa) zgodnie z dziennym kursem wymiany banku.<\/i><\/p>\n<p data-path-to-node=\"19\" data-rm-block-id=\"block-21\"><img fetchpriority=\"high\" decoding=\"async\" class=\"alignnone size-medium wp-image-11263\" src=\"https:\/\/lightpink-capybara-966688.hostingersite.com\/wp-content\/uploads\/2025\/11\/ae-300x200.jpg\" alt=\"Nefertari luxury pharaonic yacht in Hurghada Red Sea\" width=\"300\" height=\"200\" \/><\/p>","protected":false},"excerpt":{"rendered":"<p>Book the Nefertari trip Hurghada &amp; Makadi! Enjoy a luxury yacht cruise with a submarine experience, Pharaonic photoshoot, snorkeling &amp; fresh seafood lunch<\/p>","protected":false},"featured_media":9882,"comment_status":"open","ping_status":"closed","template":"","meta":{"_monsterinsights_skip_tracking":false,"_monsterinsights_sitenote_active":false,"_monsterinsights_sitenote_note":"","_monsterinsights_sitenote_category":0,"_mbp_gutenberg_autopost":false},"product_brand":[],"product_cat":[60],"product_tag":[],"class_list":{"0":"post-9777","1":"product","2":"type-product","3":"status-publish","4":"has-post-thumbnail","6":"product_cat-sea","8":"first","9":"instock","10":"shipping-taxable","11":"purchasable","12":"product-type-ovabrw_car_rental"},"_links":{"self":[{"href":"https:\/\/redsea-dream-tours.net\/pl\/wp-json\/wp\/v2\/product\/9777","targetHints":{"allow":["GET"]}}],"collection":[{"href":"https:\/\/redsea-dream-tours.net\/pl\/wp-json\/wp\/v2\/product"}],"about":[{"href":"https:\/\/redsea-dream-tours.net\/pl\/wp-json\/wp\/v2\/types\/product"}],"replies":[{"embeddable":true,"href":"https:\/\/redsea-dream-tours.net\/pl\/wp-json\/wp\/v2\/comments?post=9777"}],"wp:featuredmedia":[{"embeddable":true,"href":"https:\/\/redsea-dream-tours.net\/pl\/wp-json\/wp\/v2\/media\/9882"}],"wp:attachment":[{"href":"https:\/\/redsea-dream-tours.net\/pl\/wp-json\/wp\/v2\/media?parent=9777"}],"wp:term":[{"taxonomy":"product_brand","embeddable":true,"href":"https:\/\/redsea-dream-tours.net\/pl\/wp-json\/wp\/v2\/product_brand?post=9777"},{"taxonomy":"product_cat","embeddable":true,"href":"https:\/\/redsea-dream-tours.net\/pl\/wp-json\/wp\/v2\/product_cat?post=9777"},{"taxonomy":"product_tag","embeddable":true,"href":"https:\/\/redsea-dream-tours.net\/pl\/wp-json\/wp\/v2\/product_tag?post=9777"}],"curies":[{"name":"wp","href":"https:\/\/api.w.org\/{rel}","templated":true}]}}